{"id":644,"date":"2025-05-05T13:40:33","date_gmt":"2025-05-05T16:40:33","guid":{"rendered":"https:\/\/portal.uern.br\/propeg\/posensino\/?page_id=644"},"modified":"2025-09-05T09:18:02","modified_gmt":"2025-09-05T12:18:02","slug":"solicitacao-de-auxilios","status":"publish","type":"page","link":"https:\/\/portal.uern.br\/propeg\/posensino\/solicitacao-de-auxilios\/","title":{"rendered":"Solicita\u00e7\u00e3o de Aux\u00edlios"},"content":{"rendered":"<p style=\"font-family: calibri\" align=\"justify\">Para solicita\u00e7\u00e3o de di\u00e1rias ou passagens para participa\u00e7\u00e3o em evento, os docentes devem preencher o formul\u00e1rio dispon\u00edvel\u00a0<span style=\"text-decoration: underline\"><a href=\"https:\/\/docs.google.com\/forms\/d\/e\/1FAIpQLSfu4DTxI3eGUKEwAjlmQ87faJ7mpDWseLLvNRmCLYEhXO0vtw\/viewform?usp=sf_link\">aqui<\/a><\/span>, no prazo m\u00ednimo de<strong>\u00a010 dias \u00fateis de anteced\u00eancia ao evento<\/strong>, anexando os seguintes documentos:<\/p>\n<p>&nbsp;<\/p>\n<ul>\n<li style=\"list-style-type: none\">\n<ul>\n<li style=\"font-family: calibri\">Requerimento, modelo dispon\u00edvel\u00a0<a href=\"https:\/\/sigaa.uern.br\/sigaa\/verProducao?idProducao=2218834&amp;key=a3553afaf85742e173072ecf77b060f4\"><span style=\"text-decoration: underline\">aqui<\/span><\/a>;<\/li>\n<li style=\"font-family: calibri\">Carta de aceite do trabalho ou carta-convite;<\/li>\n<li style=\"font-family: calibri\">Resumo do trabalho aprovado;<\/li>\n<li style=\"font-family: calibri\">Comprovante de inscri\u00e7\u00e3o no evento;<\/li>\n<li style=\"font-family: calibri\">Programa\u00e7\u00e3o do evento;<\/li>\n<\/ul>\n<\/li>\n<\/ul>\n<p>&nbsp;<\/p>\n<hr \/>\n<p style=\"font-family: calibri\" align=\"justify\"><strong>Professores visitantes<\/strong>, convidados para participa\u00e7\u00e3o em bancas, ministrar aula em disciplinas ou outras atividades, devem preencher o formul\u00e1rio de solicita\u00e7\u00e3o de aux\u00edlio dispon\u00edvel\u00a0<span style=\"text-decoration: underline\"><a href=\"https:\/\/docs.google.com\/forms\/d\/e\/1FAIpQLSfu4DTxI3eGUKEwAjlmQ87faJ7mpDWseLLvNRmCLYEhXO0vtw\/viewform?usp=sf_link\">aqui<\/a><\/span>, no prazo m\u00ednimo de<strong>\u00a010 dias \u00fateis de anteced\u00eancia ao evento<\/strong>, anexando o requerimento de modelo dispon\u00edvel\u00a0<span style=\"text-decoration: underline\"><a href=\"https:\/\/sigaa.uern.br\/sigaa\/verProducao?idProducao=2218836&amp;key=4255a02062989e077eddce3bc4291d46\">aqui<\/a><\/span>. Caso seja a primeira vez do professor no PosEnsino, a solicita\u00e7\u00e3o deve ser realizada no formul\u00e1rio de cadastro de professor visitante dispon\u00edvel\u00a0<span style=\"text-decoration: underline\"><a href=\"https:\/\/docs.google.com\/forms\/d\/e\/1FAIpQLSeivzaK9OpcUyn6ZDkWYRgNE-5Nav2OAq_QrqCoGuI9MbECZw\/viewform?usp=sf_link\">aqui<\/a><\/span>.<\/p>\n<hr \/>\n<p><span style=\"font-size: 0.7em;letter-spacing: 0px\">\u00a0<\/span><\/p>\n<p style=\"font-family: calibri\" align=\"justify\">Todos os docentes devem enviar para a secretaria da Coordena\u00e7\u00e3o Geral, tr\u00eas dias \u00fateis ap\u00f3s o retorno, o relat\u00f3rio de viagem com anexos.<\/p>\n<p style=\"font-family: calibri\" align=\"justify\"><span style=\"text-decoration: underline\"><a href=\"https:\/\/sigaa.uern.br\/sigaa\/verProducao?idProducao=2206610&amp;key=1fbe63ed04a104a80e15ce31d514f91b\">Modelo do Relat\u00f3rio de Viagem<\/a><\/span><\/p>\n","protected":false},"excerpt":{"rendered":"<p>Para solicita\u00e7\u00e3o de di\u00e1rias ou passagens para participa\u00e7\u00e3o em evento, os docentes devem preencher o formul\u00e1rio dispon\u00edvel\u00a0aqui, no prazo m\u00ednimo de\u00a010 dias \u00fateis de anteced\u00eancia ao evento, anexando os seguintes documentos: &nbsp; Requerimento, modelo dispon\u00edvel\u00a0aqui; Carta de aceite do trabalho ou carta-convite; Resumo do trabalho aprovado; Comprovante de inscri\u00e7\u00e3o no evento; Programa\u00e7\u00e3o do evento; &nbsp; [&hellip;]<\/p>\n","protected":false},"author":22,"featured_media":0,"parent":0,"menu_order":0,"comment_status":"closed","ping_status":"closed","template":"","meta":{"footnotes":""},"class_list":["post-644","page","type-page","status-publish","hentry"],"_links":{"self":[{"href":"https:\/\/portal.uern.br\/propeg\/posensino\/wp-json\/wp\/v2\/pages\/644","targetHints":{"allow":["GET"]}}],"collection":[{"href":"https:\/\/portal.uern.br\/propeg\/posensino\/wp-json\/wp\/v2\/pages"}],"about":[{"href":"https:\/\/portal.uern.br\/propeg\/posensino\/wp-json\/wp\/v2\/types\/page"}],"author":[{"embeddable":true,"href":"https:\/\/portal.uern.br\/propeg\/posensino\/wp-json\/wp\/v2\/users\/22"}],"replies":[{"embeddable":true,"href":"https:\/\/portal.uern.br\/propeg\/posensino\/wp-json\/wp\/v2\/comments?post=644"}],"version-history":[{"count":8,"href":"https:\/\/portal.uern.br\/propeg\/posensino\/wp-json\/wp\/v2\/pages\/644\/revisions"}],"predecessor-version":[{"id":1001,"href":"https:\/\/portal.uern.br\/propeg\/posensino\/wp-json\/wp\/v2\/pages\/644\/revisions\/1001"}],"wp:attachment":[{"href":"https:\/\/portal.uern.br\/propeg\/posensino\/wp-json\/wp\/v2\/media?parent=644"}],"curies":[{"name":"wp","href":"https:\/\/api.w.org\/{rel}","templated":true}]}}