{"id":636,"date":"2025-04-30T15:02:45","date_gmt":"2025-04-30T18:02:45","guid":{"rendered":"https:\/\/portal.uern.br\/propeg\/posensino\/?page_id=636"},"modified":"2026-03-09T12:33:06","modified_gmt":"2026-03-09T15:33:06","slug":"editais-2025","status":"publish","type":"page","link":"https:\/\/portal.uern.br\/propeg\/posensino\/editais-2025\/","title":{"rendered":"Editais 2025"},"content":{"rendered":"<h4 style=\"font-family: calibri\" align=\"justify\">Sele\u00e7\u00e3o de Alunos Regulares para os cursos de Mestrado e Doutorado, Turmas 2026<\/h4>\n<p style=\"font-family: calibri\" align=\"justify\"><a href=\"http:\/\/portal.uern.br\/propeg\/posensino\/wp-content\/uploads\/sites\/13\/2025\/12\/Edital-n-014-2025-RETIFICADO-POSENSINO-Selecao-de-alunos-regulares-2026.pdf\"><strong>Edital N\u00b0 014\/2025-POSENSINO RETIFICADO <\/strong><\/a> &#8211; Abre sele\u00e7\u00e3o de alunos regulares, Turmas 2026<\/p>\n<p style=\"font-family: calibri\" align=\"justify\"><a href=\"http:\/\/portal.uern.br\/propeg\/posensino\/wp-content\/uploads\/sites\/13\/2025\/12\/Anexo-I-Quadro-de-Vagas.pdf\"><span style=\"text-decoration: underline\">Anexo I<\/span><\/a>\u00a0&#8211; Quadro de Vagas<\/p>\n<p style=\"font-family: calibri\" align=\"justify\"><a href=\"http:\/\/portal.uern.br\/propeg\/posensino\/wp-content\/uploads\/sites\/13\/2025\/12\/Anexo-II-Modelo-para-projeto-de-pesquisa.pdf\"><span style=\"text-decoration: underline\">Anexo II<\/span><\/a>\u00a0&#8211; Modelo para projeto de pesquisa<\/p>\n<p style=\"font-family: calibri\" align=\"justify\"><a href=\"http:\/\/portal.uern.br\/propeg\/posensino\/wp-content\/uploads\/sites\/13\/2025\/12\/Anexo-III-Tabela-pontuacao-de-titulo-selecao-2026.pdf\"><span style=\"text-decoration: underline\">Anexo III<\/span><\/a>\u00a0&#8211; Tabela de pontua\u00e7\u00e3o de T\u00edtulos<\/p>\n<p style=\"font-family: calibri\" align=\"justify\"><a href=\"http:\/\/portal.uern.br\/propeg\/posensino\/wp-content\/uploads\/sites\/13\/2025\/12\/Anexo-IV-Formulario-de-Autodeclaracao.pdf\"><span style=\"text-decoration: underline\">Anexo IV<\/span><\/a>\u00a0&#8211; Formul\u00e1rio de autodeclara\u00e7\u00e3o<\/p>\n<p style=\"font-family: calibri\" align=\"justify\"><a href=\"http:\/\/portal.uern.br\/propeg\/posensino\/wp-content\/uploads\/sites\/13\/2025\/12\/ANEXO-V-Termo-de-Compromisso-pra-capacitacao.pdf\"><span style=\"text-decoration: underline\">Anexo V<\/span><\/a>\u00a0&#8211; Termo de Compromisso para capacita\u00e7\u00e3o (Servidores da UERN)<\/p>\n<p style=\"font-family: calibri\" align=\"justify\"><a href=\"http:\/\/portal.uern.br\/propeg\/posensino\/wp-content\/uploads\/sites\/13\/2025\/12\/Anexo-VI-Formulario-para-Assistencia-e-condicoes-especiais.pdf\"><span style=\"text-decoration: underline\">Anexo VI<\/span><\/a>\u00a0&#8211; Formul\u00e1rio para assist\u00eancia e Condi\u00e7\u00f5es especiais<\/p>\n<p style=\"font-family: calibri\" align=\"justify\"><a href=\"http:\/\/portal.uern.br\/propeg\/posensino\/wp-content\/uploads\/sites\/13\/2025\/12\/ANEXO-VII-impugnacao-ou-recurso.pdf\"><span style=\"text-decoration: underline\">Anexo VII<\/span><\/a>\u00a0&#8211; Formul\u00e1rio para impugna\u00e7\u00e3o de edital ou interposi\u00e7\u00e3o de recurso<\/p>\n<p style=\"font-family: calibri\" align=\"justify\"><a href=\"http:\/\/portal.uern.br\/propeg\/posensino\/wp-content\/uploads\/sites\/13\/2025\/12\/Anexo-VIII-Referencias-indicadas-selecao-2026.pdf\"><span style=\"text-decoration: underline\">Anexo VIII<\/span><\/a>\u00a0&#8211; Refer\u00eancias bibliogr\u00e1ficas para prova escrita<\/p>\n<p style=\"font-family: calibri\" align=\"justify\"><a href=\"http:\/\/portal.uern.br\/propeg\/posensino\/wp-content\/uploads\/sites\/13\/2025\/12\/Retificacao-I-ao-Edital-014-2025-POSENSINO.pdf\">Retifica\u00e7\u00e3o I ao\u00a0Edital N\u00b0 014\/2025-POSENSINO<\/a><\/p>\n<p style=\"font-family: calibri\" align=\"justify\"><a href=\"http:\/\/portal.uern.br\/propeg\/posensino\/wp-content\/uploads\/sites\/13\/2025\/12\/Retificacao-II-ao-Edital-014-2025-POSENSINO.pdf\">Retifica\u00e7\u00e3o II ao Edital N\u00b0 014\/2025-POSENSINO<\/a><\/p>\n<p style=\"font-family: calibri\" align=\"justify\"><a href=\"https:\/\/sigaa.uern.br\/sigaa\/verProducao?idProducao=2383238&amp;key=fda62a001b1b4ecf9fbdc9f7a2225180\"><strong>Edital N\u00b0 015\/2025-POSENSINO<\/strong><\/a> &#8211; Homologa\u00e7\u00e3o das inscri\u00e7\u00f5es<\/p>\n<p style=\"font-family: calibri\" align=\"justify\"><a href=\"https:\/\/sigaa.uern.br\/sigaa\/verProducao?idProducao=2383890&amp;key=f7df7a7e7a5bc2430b291afeed23271a\"><strong>Edital N\u00b0 016\/2025-POSENSINO<\/strong><\/a> &#8211; Resultado da an\u00e1lise de recursos \u00e0 homologa\u00e7\u00e3o das inscri\u00e7\u00f5es<\/p>\n<p style=\"font-family: calibri\" align=\"justify\"><a href=\"https:\/\/sigaa.uern.br\/sigaa\/verProducao?idProducao=2385512&amp;key=8707f61a3fd6972d0c023e1cc649aabe\">Locais da Prova Escrita para Sele\u00e7\u00e3o de alunos Regulares do Mestrado 2026<\/a><\/p>\n<p style=\"font-family: calibri\" align=\"justify\"><a href=\"https:\/\/sigaa.uern.br\/sigaa\/verProducao?idProducao=2385513&amp;key=dde3b5c655c3609382cceafe9b36f574\">Locais da Prova Escrita para Sele\u00e7\u00e3o de alunos Regulares do Doutorado 2026<\/a><\/p>\n<p style=\"font-family: calibri\" align=\"justify\"><a href=\"http:\/\/portal.uern.br\/propeg\/posensino\/wp-content\/uploads\/sites\/13\/2025\/12\/Edital-017-2025-resultado-da-prova-escrita-2025.pdf\"><strong>Edital N\u00b0 017\/2025-POSENSINO<\/strong><\/a> &#8211; Resultado da etapa de prova escrita<\/p>\n<p style=\"font-family: calibri\" align=\"justify\"><a href=\"http:\/\/portal.uern.br\/propeg\/posensino\/wp-content\/uploads\/sites\/13\/2025\/12\/Edital-018-2025-resultado-do-recurso-a-prova-escrita-selecao-2026.pdf\"><strong>Edital N\u00b0 018\/2025-POSENSINO<\/strong><\/a>\u00a0&#8211; Resultado da an\u00e1lise de recursos \u00e0 etapa de prova escrita<\/p>\n<p style=\"font-family: calibri\" align=\"justify\"><strong><a href=\"http:\/\/portal.uern.br\/propeg\/posensino\/wp-content\/uploads\/sites\/13\/2025\/11\/Edital-019-2025-homologa-resultado-projetos-selecao-2026.pdf\">Edital N\u00b0 019\/2025-POSENSINO<\/a><\/strong> &#8211; Resultado da an\u00e1lise dos projetos de pesquisa<\/p>\n<p style=\"font-family: calibri\" align=\"justify\"><span style=\"text-decoration: underline\"><a href=\"http:\/\/portal.uern.br\/propeg\/posensino\/wp-content\/uploads\/sites\/13\/2025\/11\/Retificacao-I-ao-Edital-019-2025-POSENSINO.pdf\">Retifica\u00e7\u00e3o I ao Edital N\u00b0 019\/2025-POSENSINO<\/a><\/span><\/p>\n<p style=\"font-family: calibri\" align=\"justify\"><a href=\"http:\/\/portal.uern.br\/propeg\/posensino\/wp-content\/uploads\/sites\/13\/2025\/11\/Edital_020_2025_resultado_do_recurso_aos_projetos_selecao_2026.pdf\"><strong>Edital N\u00b0 020\/2025-POSENSINO<\/strong><\/a> &#8211; Resultado da an\u00e1lise dos recursos \u00e0 etapa dos projetos de pesquisa<\/p>\n<p style=\"font-family: calibri\" align=\"justify\"><a href=\"http:\/\/portal.uern.br\/propeg\/posensino\/wp-content\/uploads\/sites\/13\/2025\/12\/Edital-021-2025-homologa-resultado-de-entrevista-e-titulos-selecao-2026.pdf\"><strong>Edital n\u00ba 021\/2025-POSENSINO<\/strong> <\/a>&#8211; Resultado das etapas de entrevistas e an\u00e1lise de t\u00edtulos<\/p>\n<p style=\"font-family: calibri\" align=\"justify\"><strong><a href=\"http:\/\/portal.uern.br\/propeg\/posensino\/wp-content\/uploads\/sites\/13\/2025\/12\/Edital-022-2025-resultado-de-recursos-entrevistas-e-titulos-selecao-2026.pdf\">Edital n\u00ba 022\/2025-POSENSINO<\/a><\/strong> &#8211; Resultado da an\u00e1lise de recursos \u00e0s etapas de entrevistas e t\u00edtulos<\/p>\n<p style=\"font-family: calibri\" align=\"justify\"><a href=\"http:\/\/portal.uern.br\/propeg\/posensino\/wp-content\/uploads\/sites\/13\/2025\/12\/Edital-023-2025-resultado-preliminar-selecao-2026.pdf\"><strong>Edital n\u00b0 023\/2025-POSENSINO<\/strong><\/a> &#8211; Resultado preliminar da sele\u00e7\u00e3o de alunos regulares, Turmas 2026<\/p>\n<p style=\"font-family: calibri\" align=\"justify\"><a href=\"http:\/\/portal.uern.br\/propeg\/posensino\/wp-content\/uploads\/sites\/13\/2025\/12\/Edital-n-024-2025-Convoca-para-banca-de-heteroidentificacao-POSENSINO.pdf\"><strong>Edital n\u00b0 024\/2025-POSENSINO<\/strong><\/a> &#8211; Convoca\u00e7\u00e3o para banca de heteroidentifica\u00e7\u00e3o<\/p>\n<p style=\"font-family: calibri\" align=\"justify\"><a href=\"http:\/\/portal.uern.br\/propeg\/posensino\/wp-content\/uploads\/sites\/13\/2025\/12\/Edital-n\u00b0-025.-2025-Resultado-da-banca-de-heteroidentificacao-POSENSINO.pdf\"><strong>Edital n\u00b0 025\/2025-POSENSINO<\/strong><\/a> &#8211; Resultado da banca de heteroidentifica\u00e7\u00e3o<\/p>\n<p style=\"font-family: calibri\" align=\"justify\"><strong><a href=\"https:\/\/sigaa.uern.br\/sigaa\/downloadArquivoPublico?idProducao=2409806&amp;key=89f095b27dad7bd49eef4c82570b2796\">Edital N\u00b0 026\/2025-POSENSINO<\/a><\/strong>\u00a0&#8211; Resultado da an\u00e1lise de recursos ao resultado preliminar<\/p>\n<p style=\"font-family: calibri\" align=\"justify\"><a href=\"https:\/\/sigaa.uern.br\/sigaa\/downloadArquivoPublico?idProducao=2409971&amp;key=bdbf3a274a1195fd1bb802f0c823b540\"><strong>Edital N\u00b0 027\/2025-POSENSINO<\/strong><\/a>\u00a0&#8211; Resultado final da sele\u00e7\u00e3o de alunos regulares<\/p>\n<p align=\"justify\"><a href=\"https:\/\/sigaa.uern.br\/sigaa\/downloadArquivoPublico?idProducao=2436771&amp;key=7e7f543491d728ce1e868fe0aef7dbe0\">ADITIVO I ao Edital N\u00b0 014\/2025-POSENSINO<\/a><\/p>\n<p align=\"justify\">\n<hr \/>\n<h4 style=\"font-family: calibri\" align=\"justify\">Sele\u00e7\u00e3o de Alunos Especiais 2025.2<\/h4>\n<p style=\"font-family: calibri\" align=\"justify\"><a href=\"https:\/\/sigaa.uern.br\/sigaa\/verProducao?idProducao=2339078&amp;key=b3c10b11a36a03697694f2bfb68c1b82\"><strong>Edital n\u00b0 012\/2025-POSENSINO<\/strong><\/a>\u00a0&#8211; Abre sele\u00e7\u00e3o de alunos especiais para o semestre 2025.2<\/p>\n<p style=\"font-family: calibri\" align=\"justify\"><a href=\"https:\/\/sigaa.uern.br\/sigaa\/verProducao?idProducao=2357168&amp;key=3ff59af0c93839234dc02a4b1dbdf25e\"><strong>Edital n\u00b0 013\/2025-POSENSINO<\/strong><\/a> &#8211; Resultado da sele\u00e7\u00e3o de alunos especiais para o semestre 2025.2<\/p>\n<p>&nbsp;<\/p>\n<hr \/>\n<h4 style=\"font-family: calibri\" align=\"justify\">Sele\u00e7\u00e3o de Bolsistas CNPq-PROPI\/IFRN<\/h4>\n<p style=\"font-family: calibri\" align=\"justify\"><a href=\"https:\/\/portal.ifrn.edu.br\/documents\/22073\/Edital_22_2025_PROPI.pdf\"><strong>Edital N\u00ba 022\/2025-PROPI\/IFRN<\/strong><\/a>\u00a0&#8211; Abre sele\u00e7\u00e3o de do Programa de Bolsas para Vagas Remanescentes\u00a0&#8211; Mestrado<\/p>\n<p style=\"font-family: calibri\" align=\"justify\"><a href=\"https:\/\/sigaa.uern.br\/sigaa\/verProducao?idProducao=2345347&amp;key=092058c607bf51e0afbf46d076e32b4c\">Homologa\u00e7\u00e3o das Inscri\u00e7\u00f5es<\/a><\/p>\n<p align=\"justify\"><a href=\"https:\/\/sigaa.uern.br\/sigaa\/verProducao?idProducao=2349247&amp;key=796ea6f831da49fab0d8b74bab5d0296\">Resultado Parcial<\/a><\/p>\n<p align=\"justify\"><a href=\"https:\/\/sigaa.uern.br\/sigaa\/verProducao?idProducao=2353160&amp;key=4026802e7eab80fb1b89d7b614d2e090\">Resultado Final<\/a><\/p>\n<p style=\"font-family: calibri\" align=\"justify\"><a href=\"https:\/\/sigaa.uern.br\/sigaa\/verProducao?idProducao=2327686&amp;key=b560ac3311087ba27c6e3764314b46e8\"><strong>Edital n\u00b0 016\/2025-PROPI\/IFRN<\/strong><\/a>\u00a0&#8211; Abre sele\u00e7\u00e3o do\u00a0Programa de Bolsas &#8211; Mestrado e Doutorado<\/p>\n<p style=\"font-family: calibri\" align=\"justify\"><a href=\"https:\/\/sigaa.uern.br\/sigaa\/verProducao?idProducao=2332915&amp;key=ccf88c404549e4da86883eeaa9eccdf8\">Homologa\u00e7\u00e3o das Inscri\u00e7\u00f5es<\/a><\/p>\n<p style=\"font-family: calibri\" align=\"justify\"><a href=\"https:\/\/sigaa.uern.br\/sigaa\/verProducao?idProducao=2334710&amp;key=29a3f44875bce6296af71df09b0e483c\"><span style=\"font-size: 1em;letter-spacing: 0px\">Resultado Parcial<\/span><\/a><\/p>\n<p style=\"font-family: calibri\" align=\"justify\"><a href=\"https:\/\/sigaa.uern.br\/sigaa\/verProducao?idProducao=2336566&amp;key=825fbb6a8e4317a8e53329247d371dfa\">Resultado Final<\/a><\/p>\n<p>&nbsp;<\/p>\n<hr \/>\n<h4 style=\"font-family: calibri\" align=\"justify\">Sele\u00e7\u00e3o de Bolsistas de Mestrado e Doutorado Sandu\u00edche do Programa Abdias Nascimento<\/h4>\n<p style=\"font-family: calibri\" align=\"justify\"><a href=\"https:\/\/sigaa.uern.br\/sigaa\/verProducao?idProducao=2324887&amp;key=9d9bad8a5857f6e538adbe55156ff839\"><strong>Edital n\u00b0 007\/2025-POSENSINO<\/strong><\/a>\u00a0&#8211; Abertura da sele\u00e7\u00e3o<\/p>\n<p style=\"font-family: calibri\" align=\"justify\"><a href=\"https:\/\/sigaa.uern.br\/sigaa\/verProducao?idProducao=2328981&amp;key=d12ace079692695c30988bac59528b79\"><strong>Edital n\u00b0 010\/2025-POSENSINO<\/strong><\/a>\u00a0&#8211; Homologa\u00e7\u00e3o das inscri\u00e7\u00f5es e cronograma das entrevistas<\/p>\n<p style=\"font-family: calibri\" align=\"justify\"><a href=\"https:\/\/sigaa.uern.br\/sigaa\/verProducao?idProducao=2329270&amp;key=49e3b48f9b2e5afd542cb008a27eb7e7\">Retifica\u00e7\u00e3o I ao Edital n\u00b0 010\/2025<\/a><\/p>\n<p style=\"font-family: calibri\" align=\"justify\"><a href=\"https:\/\/sigaa.uern.br\/sigaa\/verProducao?idProducao=2331992&amp;key=07800766ada3f9d7f8343d4f57e430c3\"><strong>Edital N\u00b0 011\/2025-POSENSINO<\/strong><\/a><strong>\u00a0<\/strong>&#8211; Resultado da Sele\u00e7\u00e3o de Bolsistas para o Programa Abdias Nascimento<\/p>\n<p>&nbsp;<\/p>\n<hr \/>\n<h4 style=\"font-family: calibri\" align=\"justify\">Elei\u00e7\u00e3o de Vice-coordenador Geral do posensino<\/h4>\n<p style=\"font-family: calibri\" align=\"justify\"><a href=\"https:\/\/sigaa.uern.br\/sigaa\/verProducao?idProducao=2327671&amp;key=cbffc22f7446da8be2c30bbe7c2c18d5\"><strong>Edital N\u00b0 001\/2025-Comiss\u00e3o de Elei\u00e7\u00e3o\/POSENSINO<\/strong><\/a>\u00a0&#8211; Divulga elei\u00e7\u00e3o, normas e cronograma para o processo<\/p>\n<p style=\"font-family: calibri\" align=\"justify\"><a href=\"https:\/\/sigaa.uern.br\/sigaa\/verProducao?idProducao=2329239&amp;key=69dd134cb47725f367c05475c1439b84\"><strong>Candidatos inscritos para elei\u00e7\u00e3o de vice-coordenador geral do POSENSINO<\/strong><\/a><\/p>\n<p style=\"font-family: calibri\" align=\"justify\"><a href=\"https:\/\/sigaa.uern.br\/sigaa\/verProducao?idProducao=2330986&amp;key=604db19b8cd33ccbe5963f35618fbf18\"><strong>Resultado da Elei\u00e7\u00e3o para Vice-coordenador Geral do Posensino<\/strong><\/a><\/p>\n<p>&nbsp;<\/p>\n<hr \/>\n<h4 style=\"font-family: calibri\" align=\"justify\">Sele\u00e7\u00e3o de Bolsistas PDPG A\u00e7\u00f5es Afirmativas<\/h4>\n<p style=\"font-family: calibri\" align=\"justify\"><a href=\"https:\/\/sigaa.uern.br\/sigaa\/verProducao?idProducao=2312358&amp;key=13e2ea368e2848f7edddad11db73cb7a\"><strong>Edital n\u00b0 004\/2025-Comiss\u00e3o de Bolsas\/POSENSINO<\/strong><\/a>\u00a0&#8211; Abre sele\u00e7\u00e3o de bolsistas do\u00a0Programa de Desenvolvimento da P\u00f3s-Gradua\u00e7\u00e3o (PDPG) \u2013 Pol\u00edticas Afirmativas e Diversidade, Projeto \u201cEduca\u00e7\u00e3o e Interculturalidade: caminhos para a efetiva\u00e7\u00e3o das Leis 10.639 e 11.645 e para a inclus\u00e3o escolar dos ind\u00edgenas Warao\u201d<\/p>\n<p style=\"font-family: calibri\" align=\"justify\"><a href=\"https:\/\/sigaa.uern.br\/sigaa\/verProducao?idProducao=2312774&amp;key=a96d261ce13969e59cd19e32de8c5140\"><strong>Anexos em formato edit\u00e1vel<\/strong><\/a><\/p>\n<p style=\"font-family: calibri\" align=\"justify\"><a href=\"https:\/\/sigaa.uern.br\/sigaa\/verProducao?idProducao=2315334&amp;key=4744dd7dd7d7536d64d829378c9699af\"><strong>Edital n\u00b0 005\/2025-Comiss\u00e3o de Bolsas\/POSENSINO<\/strong><\/a>\u00a0&#8211; Resultado Prelminar da sele\u00e7\u00e3o de bolsistas PDPG<\/p>\n<p style=\"font-family: calibri\" align=\"justify\"><a href=\"https:\/\/sigaa.uern.br\/sigaa\/verProducao?idProducao=2316277&amp;key=d231fdbfd3d294baa44d8002769cb02e\"><strong>Edital n\u00b0 006\/2025-Comiss\u00e3o de Bolsas\/POSENSINO<\/strong><\/a>\u00a0&#8211; Resultado Final da sele\u00e7\u00e3o de bolsistas PDPG<\/p>\n<p style=\"font-family: calibri\" align=\"justify\"><a href=\"https:\/\/sigaa.uern.br\/sigaa\/verProducao?idProducao=2316652&amp;key=c79394816c744a1b9551b017794eb511\"><strong>Edital n\u00b0 007\/2025-Comiss\u00e3o de Bolsas\/POSENSINO<\/strong><\/a>\u00a0&#8211; Reabre sele\u00e7\u00e3o para bolsa remanescente<\/p>\n<p style=\"font-family: calibri\" align=\"justify\"><a href=\"https:\/\/sigaa.uern.br\/sigaa\/verProducao?idProducao=2317616&amp;key=fbfa9e19612cab3726e52b76d4a5a596\"><strong>Edital N\u00b0 008\/2025-Comiss\u00e3o de Bolsas\/POSENSINO<\/strong><\/a>\u00a0&#8211; Resultado preliminar da sele\u00e7\u00e3o para bolsa remanescente<\/p>\n<p style=\"font-family: calibri\" align=\"justify\"><a href=\"https:\/\/sigaa.uern.br\/sigaa\/verProducao?idProducao=2318045&amp;key=efb0fa342cf19fef957dd7cb4ec02be8\"><strong>Edital N\u00b0 009\/2025-Comiss\u00e3o de Bolsas\/POSENSINO<\/strong><\/a>\u00a0&#8211; Resultado final da sele\u00e7ao para bolsa remanescente<\/p>\n<p>&nbsp;<\/p>\n<hr \/>\n<h4 style=\"font-family: calibri\" align=\"justify\">\u00a0<span style=\"font-size: 1em;letter-spacing: 0px\">Sele\u00e7\u00e3o do Programa de Bolsas de Extens\u00e3o \u2013 PROSOL\/PROEXT-PG\/CAPES<\/span><\/h4>\n<p style=\"font-family: calibri\" align=\"justify\"><strong><a href=\"https:\/\/drive.google.com\/file\/d\/1EkqamgQkxJa2i2c2LHPWd2O48hC2TNfs\/view?usp=sharing\">EDITAL N\u00b0 01\/2025 \u2013 PROSOL\/PROEXT-PG\/CAPES e UERN<\/a><\/strong>&#8211; Abertura da sele\u00e7\u00e3o<\/p>\n<p style=\"font-family: calibri\" align=\"justify\"><strong><a href=\"https:\/\/drive.google.com\/file\/d\/1QcuE9oFQfUEcyrz_u16suxaia6Zxjx33\/view\">Resultado Parcial da Sele\u00e7\u00e3o<\/a><\/strong><\/p>\n<p>&nbsp;<\/p>\n<hr \/>\n<h4 style=\"font-family: calibri\" align=\"justify\">Sele\u00e7\u00e3o de bolsistas DS\/CAPES 2025<\/h4>\n<p style=\"font-family: calibri\" align=\"justify\"><a href=\"https:\/\/sigaa.uern.br\/sigaa\/verProducao?idProducao=2301927&amp;key=195bcc79114fdfc4a2b8968a1ada7e6b\"><strong>Edital N\u00ba 001\/2025-COMISS\u00c3O DE BOLSAS\/POSENSINO<\/strong><\/a>\u00a0&#8211; Abre sele\u00e7\u00e3o para concess\u00e3o de bolsas DS\/CAPES do POSENSINO em 2025<\/p>\n<p style=\"font-family: calibri\" align=\"justify\"><a href=\"https:\/\/sigaa.uern.br\/sigaa\/verProducao?idProducao=2306155&amp;key=e95b0b01528fd608b3472a9fb7cf9835\"><strong>Edital N\u00b0 002\/2025-COMISS\u00c3O DE BOLSAS\/POSENSINO<\/strong><\/a>\u00a0&#8211; Publica o resultado da sele\u00e7\u00e3o de bolsistas DS\/CAPES do POSENSINO em 2025<\/p>\n<p style=\"font-family: calibri\" align=\"justify\"><a href=\"https:\/\/sigaa.uern.br\/sigaa\/verProducao?idProducao=2307977&amp;key=52e7071e4dfae4020483dfd7fdaf8a06\"><strong>Edital N\u00b0 003\/2025-COMISS\u00c3O DE BOLSAS\/POSENSINO<\/strong><\/a>\u00a0&#8211;\u00a0Publica o resultado final da sele\u00e7\u00e3o de bolsistas DS\/CAPES do POSENSINO em 2025<\/p>\n<p>&nbsp;<\/p>\n<hr \/>\n<h4 style=\"font-family: calibri\" align=\"justify\">Sele\u00e7\u00e3o de Alunos Regulares 2025<\/h4>\n<p style=\"font-family: calibri\" align=\"justify\"><a href=\"https:\/\/sigaa.uern.br\/sigaa\/verProducao?idProducao=2302884&amp;key=9bfbaeee8872daad7ba8b31f72db71b0\"><strong>Edital N\u00b0 009\/2025-POSENSINO<\/strong><\/a>\u00a0&#8211; Convoca suplente da sele\u00e7\u00e3o de aluno regular para o Doutorado, Turma 2025<\/p>\n<p>&nbsp;<\/p>\n<hr \/>\n<h4 style=\"font-family: calibri\" align=\"justify\">Sele\u00e7\u00e3o de alunos especiais 2025.1<\/h4>\n<p style=\"font-family: calibri\" align=\"justify\"><a href=\"https:\/\/sigaa.uern.br\/sigaa\/verProducao?idProducao=2284194&amp;key=7e424392cd35e320fded9ffd86e5f33e\"><strong>Edital n\u00b0 001\/2025-POSENSINO<\/strong><\/a>\u00a0&#8211; Abre sele\u00e7\u00e3o de alunos especiais para o semestre 2025.1<\/p>\n<p style=\"font-family: calibri\" align=\"justify\"><a href=\"https:\/\/sigaa.uern.br\/sigaa\/verProducao?idProducao=2299614&amp;key=c469a89f16f5ff1cc218098af466f4c5\"><strong>Edital N\u00b0 006\/2025-POSENSINO<\/strong><\/a>\u00a0&#8211; Resultado da sele\u00e7\u00e3o de alunos especiais para o semestre 2025.1<\/p>\n<p>&nbsp;<\/p>\n<hr \/>\n<h4 style=\"font-family: calibri\" align=\"justify\">Sele\u00e7\u00e3o suplementar de aluno regular servidor do IFRN para o curso de doutorado em Ensino, turma 2025<\/h4>\n<p style=\"font-family: calibri\" align=\"justify\"><strong><a href=\"https:\/\/sigaa.uern.br\/sigaa\/verProducao?idProducao=2284335&amp;key=52908a5ac9a08842f93aa477fd732537\">Edital N\u00b0 002\/2025-POSENSINO<\/a>\u00a0&#8211;\u00a0<\/strong>Homologa\u00e7\u00e3o das inscri\u00e7\u00f5es para a sele\u00e7\u00e3o<\/p>\n<p style=\"font-family: calibri\" align=\"justify\"><a href=\"https:\/\/sigaa.uern.br\/sigaa\/verProducao?idProducao=2287329&amp;key=584e914aad49b257ea5eb408e1ff1561\"><strong>Edital N\u00b0 003\/2025-POSENSINO<\/strong><\/a>\u00a0&#8211; Resultado da prova escrita da sele\u00e7\u00e3o de conv\u00eanio IFRN<\/p>\n<p style=\"font-family: calibri\" align=\"justify\"><a href=\"https:\/\/sigaa.uern.br\/sigaa\/verProducao?idProducao=2294209&amp;key=48cd871ef01f58414b88ba6338df0afa\"><strong>Edital N\u00b0 004\/2025-POSENSINO<\/strong><\/a>\u00a0&#8211; Resultado da an\u00e1lise dos projetos de pesquisa da sele\u00e7\u00e3o de conv\u00eanio IFRN<\/p>\n<p style=\"font-family: calibri\" align=\"justify\"><a href=\"https:\/\/sigaa.uern.br\/sigaa\/verProducao?idProducao=2296041&amp;key=67b15ba4b910e0d8dda110b1d308f2f6\"><strong>Retifica\u00e7\u00e3o I do Edital N\u00b0 004\/2025<\/strong><\/a>\u00a0-POSENSINO<\/p>\n<p style=\"font-family: calibri\" align=\"justify\"><a href=\"https:\/\/sigaa.uern.br\/sigaa\/verProducao?idProducao=2298180&amp;key=3a8f0ddb56cf06824118dd252cf136a7\"><strong>Edital N\u00b0 005\/2025-POSENSINO<\/strong><\/a>\u00a0&#8211; Homologa\u00e7\u00e3o do resultado das etapas de entrevista e t\u00edtulos<\/p>\n<p style=\"font-family: calibri\" align=\"justify\"><a href=\"https:\/\/sigaa.uern.br\/sigaa\/verProducao?idProducao=2300923&amp;key=25dcb621c3b83bc6e32f9f1f8a623097\"><strong>Edital N\u00b0 007\/2025-POSENSINO<\/strong><\/a>\u00a0&#8211; Resultado preliminar da sele\u00e7\u00e3o<\/p>\n<p style=\"font-family: calibri\" align=\"justify\"><a href=\"https:\/\/sigaa.uern.br\/sigaa\/verProducao?idProducao=2301380&amp;key=95f5f8e2647d772e07242c5713f530b0\"><strong>Edital N\u00ba 008\/2025-POSENSINO<\/strong><\/a>\u00a0&#8211; Resultado final da sele\u00e7\u00e3o<\/p>\n<p>&nbsp;<\/p>\n<p style=\"font-family: calibri\" align=\"justify\"><a href=\"https:\/\/sigaa.uern.br\/sigaa\/public\/programa\/secao_extra.jsf?lc=pt&amp;id=1049&amp;extra=12811430\"><strong>Editais anteriores<\/strong><\/a><\/p>\n","protected":false},"excerpt":{"rendered":"<p>Sele\u00e7\u00e3o de Alunos Regulares para os cursos de Mestrado e Doutorado, Turmas 2026 Edital N\u00b0 014\/2025-POSENSINO RETIFICADO &#8211; Abre sele\u00e7\u00e3o de alunos regulares, Turmas 2026 Anexo I\u00a0&#8211; Quadro de Vagas Anexo II\u00a0&#8211; Modelo para projeto de pesquisa Anexo III\u00a0&#8211; Tabela de pontua\u00e7\u00e3o de T\u00edtulos Anexo IV\u00a0&#8211; Formul\u00e1rio de autodeclara\u00e7\u00e3o Anexo V\u00a0&#8211; Termo de Compromisso para [&hellip;]<\/p>\n","protected":false},"author":22,"featured_media":0,"parent":0,"menu_order":0,"comment_status":"closed","ping_status":"closed","template":"","meta":{"footnotes":""},"class_list":["post-636","page","type-page","status-publish","hentry"],"_links":{"self":[{"href":"https:\/\/portal.uern.br\/propeg\/posensino\/wp-json\/wp\/v2\/pages\/636","targetHints":{"allow":["GET"]}}],"collection":[{"href":"https:\/\/portal.uern.br\/propeg\/posensino\/wp-json\/wp\/v2\/pages"}],"about":[{"href":"https:\/\/portal.uern.br\/propeg\/posensino\/wp-json\/wp\/v2\/types\/page"}],"author":[{"embeddable":true,"href":"https:\/\/portal.uern.br\/propeg\/posensino\/wp-json\/wp\/v2\/users\/22"}],"replies":[{"embeddable":true,"href":"https:\/\/portal.uern.br\/propeg\/posensino\/wp-json\/wp\/v2\/comments?post=636"}],"version-history":[{"count":65,"href":"https:\/\/portal.uern.br\/propeg\/posensino\/wp-json\/wp\/v2\/pages\/636\/revisions"}],"predecessor-version":[{"id":1098,"href":"https:\/\/portal.uern.br\/propeg\/posensino\/wp-json\/wp\/v2\/pages\/636\/revisions\/1098"}],"wp:attachment":[{"href":"https:\/\/portal.uern.br\/propeg\/posensino\/wp-json\/wp\/v2\/media?parent=636"}],"curies":[{"name":"wp","href":"https:\/\/api.w.org\/{rel}","templated":true}]}}