{"id":619,"date":"2025-04-30T14:09:35","date_gmt":"2025-04-30T17:09:35","guid":{"rendered":"https:\/\/portal.uern.br\/propeg\/posensino\/?page_id=619"},"modified":"2026-04-07T09:48:02","modified_gmt":"2026-04-07T12:48:02","slug":"procedimentos-pos-defesa","status":"publish","type":"page","link":"https:\/\/portal.uern.br\/propeg\/posensino\/procedimentos-pos-defesa\/","title":{"rendered":"Procedimentos P\u00f3s-Defesa"},"content":{"rendered":"<h4 style=\"font-family: calibri\" align=\"justify\"><strong>Procedimentos a serem realizados\u00a0<\/strong><strong>ap\u00f3s a defesa<\/strong><strong>\u00a0para solicita\u00e7\u00e3o de expedi\u00e7\u00e3o do Diploma<\/strong><\/h4>\n<p style=\"font-family: calibri\" align=\"justify\">&#8211; Prazo para realiza\u00e7\u00e3o dos procedimentos: o discente tem at\u00e9<strong>\u00a090 (noventa) dias\u00a0<\/strong>ap\u00f3s a defesa.<\/p>\n<p style=\"font-family: calibri\" align=\"justify\">&#8211; Ap\u00f3s os ajustes e poss\u00edveis corre\u00e7\u00f5es sugeridas pela banca todos os discentes dever\u00e3o, obrigatoriamente, fazer a normaliza\u00e7\u00e3o do seu trabalho seguindo as orienta\u00e7\u00f5es da Biblioteca do IFRN, para corre\u00e7\u00e3o da ABNT e emiss\u00e3o de ficha catalogr\u00e1fica. A vers\u00e3o normatizada de acordo com a Biblioteca do IFRN ser\u00e1 aceita nas demais IES que comp\u00f5em a associa\u00e7\u00e3o do POSENSINO.<\/p>\n<ul>\n<li>\n<p style=\"font-family: calibri\" align=\"justify\">Para organiza\u00e7\u00e3o do trabalho \u00e9 indicado seguir as orienta\u00e7\u00f5es abaixo:<\/p>\n<\/li>\n<\/ul>\n<ol>\n<li style=\"font-family: calibri\">\n<p style=\"font-family: calibri\" align=\"justify\">Consulte o Guia de Normaliza\u00e7\u00e3o da Biblioteca do IFRN dispon\u00edvel\u00a0<a href=\"https:\/\/sigaa.uern.br\/sigaa\/verProducao?idProducao=2353084&amp;key=6568e47e4c42e2ad6cad253fa4fa8410\">aqui<\/a>.<\/p>\n<\/li>\n<li style=\"font-family: calibri\">\n<p style=\"font-family: calibri\" align=\"justify\">Como elemento opcional, o aluno poder\u00e1 fazer uma revis\u00e3o final do trabalho utilizando o check list, dispon\u00edvel em:\u00a0<a href=\"https:\/\/drive.google.com\/file\/d\/1HVXkrhL6coyhTCHFYz8icASI3zx6XWN3\/view?usp=sharing\" target=\"_blank\" rel=\"noopener\">https:\/\/drive.google.com\/file\/d\/1HVXkrhL6coyhTCHFYz8icASI3zx6XWN3\/view?usp=sharing<\/a><\/p>\n<\/li>\n<li style=\"font-family: calibri\">\n<p style=\"font-family: calibri\" align=\"justify\">Buscar orienta\u00e7\u00f5es junto \u00e0 Biblioteca do IFRN, quando achar necess\u00e1rio, sobre a utiliza\u00e7\u00e3o dos Guias de Normaliza\u00e7\u00e3o e outras d\u00favidas pertinentes a normaliza\u00e7\u00e3o;<\/p>\n<\/li>\n<li style=\"font-family: calibri\">\n<p style=\"font-family: calibri\" align=\"justify\">A ficha catalogr\u00e1fica pode ser emitida por qualquer IES da associa\u00e7\u00e3o do PosEnsino. Para solicita\u00e7\u00e3o da ficha catalogr\u00e1fica no IFRN, o aluno dever\u00e1 enviar o trabalho completo, j\u00e1 normalizado, em formato word para o e-mail:\u00a0<a href=\"mailto:cobib.mo@ifrn.edu.br\" target=\"_blank\" rel=\"noopener\">cobib.mo@ifrn.edu.br<\/a>\u00a0e no prazo de 48 horas \u00fateis receber o referido documento. Na UERN, devem ser seguidas as orienta\u00e7\u00f5es da Biblioteca, dispon\u00edveis\u00a0<a href=\"https:\/\/www.uern.br\/biblioteca\/default.asp?item=biblioteca-ficha-catalografica\" target=\"_blank\" rel=\"noopener\">aqui<\/a>. Na UFERSA, a ficha pode ser obtida atrav\u00e9s do SIGAA, acessando\u00a0Biblioteca &gt; Servi\u00e7os ao usu\u00e1rio\u00a0&gt; Servi\u00e7os Diretos &gt; Criar ficha catalogr\u00e1fica.<\/p>\n<\/li>\n<li style=\"font-family: calibri\">\n<p style=\"font-family: calibri\" align=\"justify\">Considerando a <a href=\"https:\/\/www.planalto.gov.br\/ccivil_03\/_ato2015-2018\/2018\/lei\/l13709.htm\" target=\"_blank\" rel=\"noopener\">Lei n.13.709\/2018<\/a>, para envio da vers\u00e3o final do trabalho, a folha de aprova\u00e7\u00e3o deve constar com as assinaturas em formato eletr\u00f4nico (recomendamos o uso da padr\u00e3o SouGov)<\/p>\n<\/li>\n<\/ol>\n<p style=\"font-family: calibri\" align=\"justify\">Feita a normaliza\u00e7\u00e3o da disserta\u00e7\u00e3o, devem ser realizadas, na sequ\u00eancia, a consolida\u00e7\u00e3o dos v\u00ednculos e solicita\u00e7\u00e3o do diploma na institui\u00e7\u00e3o do orientador. A entrega dos documentos e solicita\u00e7\u00f5es \u00e9 realizada apenas por meios digitais, conforme indicado abaixo.<\/p>\n<p>&nbsp;<\/p>\n<hr \/>\n<h4 style=\"font-family: calibri\" align=\"justify\">Consolida\u00e7\u00e3o discente e solicita\u00e7\u00e3o de diplomas na UERN<\/h4>\n<p style=\"font-family: calibri\" align=\"justify\">Os procedimentos s\u00e3o realizados por meio do preenchimento do formul\u00e1rio pr\u00f3prio dispon\u00edvel <a href=\"https:\/\/docs.google.com\/forms\/d\/e\/1FAIpQLSft91YXsw-DgywHmIPei2J5O90jCRrg4ER4r9ZEvmDTswtu3Q\/viewform?usp=sf_link\">aqui<\/a>.<\/p>\n<p style=\"font-family: calibri\" align=\"justify\">Documentos a serem entregues na UERN para consolida\u00e7\u00e3o do discente:<\/p>\n<p style=\"font-family: calibri;padding-left: 40px\" align=\"justify\">1. Disserta\u00e7\u00e3o em formato PDF.<\/p>\n<p style=\"font-family: calibri;padding-left: 40px\" align=\"justify\">2. Termo de autoriza\u00e7\u00e3o preenchido e assinado pelo autor, modelo dispon\u00edvel\u00a0<span style=\"text-decoration: underline\"><a href=\"https:\/\/www.uern.br\/controledepaginas\/depto-turismo-downloads\/arquivos\/13385._termo_de_autorizacao_para_publicacao_eletronica_biblioteca.pdf\">aqui<\/a><\/span>.<\/p>\n<p style=\"font-family: calibri;padding-left: 40px\" align=\"justify\">3. Nada Consta da Biblioteca Central da UERN. Link de acesso para solicita\u00e7\u00e3o\u00a0<span style=\"text-decoration: underline\"><a href=\"https:\/\/www.uern.br\/biblioteca\/default.asp?item=Servi%E7os%20Online\">aqui<\/a><\/span>.<\/p>\n<p style=\"font-family: calibri;padding-left: 40px\" align=\"justify\">4. Declara\u00e7\u00e3o de Corre\u00e7\u00f5es para entrega da vers\u00e3o final (Modelo UFERSA) dispon\u00edvel <a href=\"https:\/\/posensino.ufersa.edu.br\/formularios\/\">aqui<\/a>.<\/p>\n<p style=\"font-family: calibri\" align=\"&quot;justify\">*Os alunos que tiverem diploma expedido pelo IFRN ou UFERSA devem ainda enviar \u00e0 secretaria do POSENSINO na UERN,\u00a0em at\u00e9\u00a010 dias ap\u00f3s o recebimento,\u00a0via e-mail, uma c\u00f3pia deste documento.<\/p>\n<h5 style=\"font-family: calibri\" align=\"justify\">Para diploma a ser expedido na UERN devem ser entregues,\u00a0al\u00e9m dos citados acima,\u00a0os seguintes documentos:<\/h5>\n<p style=\"font-family: calibri;padding-left: 40px\" align=\"justify\">4. Formul\u00e1rio de Requerimento de Diploma (modelo dispon\u00edvel\u00a0<span style=\"text-decoration: underline\"><a href=\"https:\/\/sigaa.uern.br\/sigaa\/verProducao?idProducao=2214547&amp;key=aaf6b762da32cdc93b74697bfc74f231\">aqui<\/a><\/span>).\u00a0Aten\u00e7\u00e3o! Apagar textos em cinza do formul\u00e1rio modelo.<\/p>\n<p style=\"font-family: calibri;padding-left: 40px\" align=\"justify\">5. C\u00f3pia do RG e CPF (Documentos de habilita\u00e7\u00e3o n\u00e3o s\u00e3o aceitos)<\/p>\n<p style=\"font-family: calibri;padding-left: 40px\" align=\"justify\">6. C\u00f3pia do Diploma de Gradua\u00e7\u00e3o<\/p>\n<p style=\"font-family: calibri;padding-left: 40px\" align=\"justify\">7. Nada Consta das coordena\u00e7\u00f5es locais da UFERSA e IFRN.<\/p>\n<p>&nbsp;<\/p>\n<hr \/>\n<h4 style=\"font-family: calibri\" align=\"justify\">Consolida\u00e7\u00e3o do discente na UFERSA:<\/h4>\n<p style=\"font-family: calibri;padding-left: 40px\" align=\"justify\">1. Inicialmente deve ser realizado o auto dep\u00f3sito da disserta\u00e7\u00e3o\/tese na Biblioteca da UFERSA, conforme as orienta\u00e7\u00f5es do seguinte link: https:\/\/bibliotecas.ufersa.edu.br\/concluintes-de-mestrado-e-doutorado\/<\/p>\n<p style=\"font-family: calibri;padding-left: 40px\" align=\"justify\">2. Quando receber a confirma\u00e7\u00e3o da publica\u00e7\u00e3o da Biblioteca, voc\u00ea dever\u00e1 preencher o formul\u00e1rio abaixo e anexar a documenta\u00e7\u00e3o solicitada.<\/p>\n<p style=\"font-family: calibri;padding-left: 40px;text-align: center\" align=\"justify\"><a href=\"https:\/\/forms.gle\/wssetY1svsUHXxs98\" target=\"_blank\" rel=\"noopener\" data-saferedirecturl=\"https:\/\/www.google.com\/url?q=https:\/\/forms.gle\/wssetY1svsUHXxs98&amp;source=gmail&amp;ust=1744894002186000&amp;usg=AOvVaw3zMEX7j9VD37YbLvaVXLOT\">https:\/\/forms.gle\/wssetY1svsUHXxs98<\/a><\/p>\n<p style=\"font-family: calibri\" align=\"justify\"><strong>Aten\u00e7\u00e3o!<\/strong>\u00a0Na folha de aprova\u00e7\u00e3o da disserta\u00e7\u00e3o n\u00e3o h\u00e1 necessidade de assinaturas, mas caso tenha, todas dever\u00e3o ser eletr\u00f4nicas, preferencialmente pelo Sougov.<\/p>\n<p style=\"font-family: calibri\" align=\"justify\">Veja o modelo da disserta\u00e7\u00e3o\/tese dispon\u00edvel em:\u00a0<a href=\"https:\/\/bibliotecas.ufersa.edu.br\/manual-e-templates\/\" target=\"_blank\" rel=\"noopener\" data-saferedirecturl=\"https:\/\/www.google.com\/url?q=https:\/\/bibliotecas.ufersa.edu.br\/manual-e-templates\/&amp;source=gmail&amp;ust=1744894002186000&amp;usg=AOvVaw1AuWkkx8zWRw_tNx3OwhPC\">https:\/\/bibliotecas.ufersa.edu.br\/manual-e-templates\/<\/a><\/p>\n<p>&nbsp;<\/p>\n<hr \/>\n<h4 style=\"font-family: calibri\" align=\"justify\">Procedimentos a serem realizados no IFRN\u00a0para consolida\u00e7\u00e3o do discente:<\/h4>\n<p><span style=\"font-family: calibri;padding-left: 40px\">1. Solicita\u00e7\u00e3o via SUAP da conclus\u00e3o de cr\u00e9ditos acad\u00eamicos (publica\u00e7\u00f5es) \u2013 Obrigat\u00f3rio para todos os discentes.<\/span><\/p>\n<p style=\"font-family: calibri;padding-left: 40px\" align=\"justify\">2. Enviar c\u00f3pia on line da disserta\u00e7\u00e3o conforme normas e com ficha catalogr\u00e1fica para inser\u00e7\u00e3o no portal MEMORIA. &#8211; Obrigat\u00f3rio para todos os discentes.<\/p>\n<p style=\"font-family: calibri\" align=\"justify\">Os documentos devem ser enviados para a coordena\u00e7\u00e3o local do IFRN atrav\u00e9s do e-mail\u00a0<a href=\"mailto:marcelo.coelho@ifrn.edu.br\" target=\"_blank\" rel=\"noopener\">posensino@ifrn.edu.<span class=\"il\">br<\/span><\/a>.<\/p>\n<h5 style=\"font-family: calibri\" align=\"justify\">Para diploma a ser expedido no IFRN\u00a0devem ser entregues,\u00a0al\u00e9m dos citados acima,\u00a0os seguintes documentos:<\/h5>\n<ul>\n<li>\n<p style=\"font-family: calibri\" align=\"justify\">Requerimento de emiss\u00e3o do diploma, por meio de formul\u00e1rio online dispon\u00edvel\u00a0<span style=\"text-decoration: underline\"><a href=\"https:\/\/portal.ifrn.edu.br\/campus\/mossoro\/ensino\/administracao-escolar\/diplomas-e-certificados\/\">aqui<\/a><\/span>, anexando os seguintes documentos:<\/p>\n<\/li>\n<\/ul>\n<p style=\"font-family: calibri;padding-left: 40px\" align=\"justify\">3. Declara\u00e7\u00e3o de Conclus\u00e3o<\/p>\n<p style=\"font-family: calibri;padding-left: 40px\" align=\"justify\">4. Hist\u00f3rico (SUAP)<\/p>\n<p style=\"font-family: calibri;padding-left: 40px\" align=\"justify\">5. Ata da Defesa<\/p>\n<p style=\"font-family: calibri;padding-left: 40px\" align=\"justify\">6. Nada Consta da Biblioteca do IFRN e do setor de Registro Escolar.<\/p>\n<p style=\"font-family: calibri;padding-left: 40px\" align=\"justify\">7. C\u00f3pia do RG e CPF (Documentos de habilita\u00e7\u00e3o n\u00e3o s\u00e3o aceitos)<\/p>\n<p style=\"font-family: calibri;padding-left: 40px\" align=\"justify\">8. C\u00f3pia do Diploma de Gradua\u00e7\u00e3o<\/p>\n<p style=\"font-family: calibri;padding-left: 40px\" align=\"justify\">9. Nada Consta da secretaria da Coordena\u00e7\u00e3o Geral do POSENSINO na UERN e da coordena\u00e7\u00e3o local da UFERSA<\/p>\n<p>&nbsp;<\/p>\n","protected":false},"excerpt":{"rendered":"<p>Procedimentos a serem realizados\u00a0ap\u00f3s a defesa\u00a0para solicita\u00e7\u00e3o de expedi\u00e7\u00e3o do Diploma &#8211; Prazo para realiza\u00e7\u00e3o dos procedimentos: o discente tem at\u00e9\u00a090 (noventa) dias\u00a0ap\u00f3s a defesa. &#8211; Ap\u00f3s os ajustes e poss\u00edveis corre\u00e7\u00f5es sugeridas pela banca todos os discentes dever\u00e3o, obrigatoriamente, fazer a normaliza\u00e7\u00e3o do seu trabalho seguindo as orienta\u00e7\u00f5es da Biblioteca do IFRN, para corre\u00e7\u00e3o [&hellip;]<\/p>\n","protected":false},"author":22,"featured_media":0,"parent":0,"menu_order":0,"comment_status":"closed","ping_status":"closed","template":"","meta":{"footnotes":""},"class_list":["post-619","page","type-page","status-publish","hentry"],"_links":{"self":[{"href":"https:\/\/portal.uern.br\/propeg\/posensino\/wp-json\/wp\/v2\/pages\/619","targetHints":{"allow":["GET"]}}],"collection":[{"href":"https:\/\/portal.uern.br\/propeg\/posensino\/wp-json\/wp\/v2\/pages"}],"about":[{"href":"https:\/\/portal.uern.br\/propeg\/posensino\/wp-json\/wp\/v2\/types\/page"}],"author":[{"embeddable":true,"href":"https:\/\/portal.uern.br\/propeg\/posensino\/wp-json\/wp\/v2\/users\/22"}],"replies":[{"embeddable":true,"href":"https:\/\/portal.uern.br\/propeg\/posensino\/wp-json\/wp\/v2\/comments?post=619"}],"version-history":[{"count":14,"href":"https:\/\/portal.uern.br\/propeg\/posensino\/wp-json\/wp\/v2\/pages\/619\/revisions"}],"predecessor-version":[{"id":1133,"href":"https:\/\/portal.uern.br\/propeg\/posensino\/wp-json\/wp\/v2\/pages\/619\/revisions\/1133"}],"wp:attachment":[{"href":"https:\/\/portal.uern.br\/propeg\/posensino\/wp-json\/wp\/v2\/media?parent=619"}],"curies":[{"name":"wp","href":"https:\/\/api.w.org\/{rel}","templated":true}]}}