{"id":617,"date":"2025-04-30T14:08:05","date_gmt":"2025-04-30T17:08:05","guid":{"rendered":"https:\/\/portal.uern.br\/propeg\/posensino\/?page_id=617"},"modified":"2025-07-01T13:59:43","modified_gmt":"2025-07-01T16:59:43","slug":"solicitacao-de-bancas","status":"publish","type":"page","link":"https:\/\/portal.uern.br\/propeg\/posensino\/solicitacao-de-bancas\/","title":{"rendered":"Solicita\u00e7\u00e3o de Bancas"},"content":{"rendered":"<p style=\"font-family: calibri\" align=\"justify\">As solicita\u00e7\u00f5es de banca devem ser efetuadas em\u00a0<span style=\"text-decoration: underline\"><a href=\"https:\/\/docs.google.com\/forms\/d\/e\/1FAIpQLSfg2ikooxJpcv6TIgvHawqOA4itVJ_nsIQ9p9Of_9BBt6AP2w\/viewform?usp=sf_link\">formul\u00e1rio<\/a><\/span>\u00a0pr\u00f3prio cumprindo um prazo m\u00ednimo de 20 dias de anteced\u00eancia da realiza\u00e7\u00e3o do exame, sob pena de indeferimento do requerimento.<\/p>\n<p>&nbsp;<\/p>\n<p style=\"font-family: calibri\" align=\"justify\">Lembramos aos concluintes, que conforme Art. 34,\u00a0\u00a71\u00ba do Regimento do Posensino, a\u00a0<strong>banca de defesa de disserta\u00e7\u00e3o<\/strong>\u00a0dever\u00e1 ser composta por &#8220;tr\u00eas membros titulares, pelo menos, e dois suplentes (um interno e outro externo), todos com t\u00edtulo de doutor. Para a escolha dos membros titulares, deve-se atender aos seguintes requisitos:<\/p>\n<p style=\"font-family: calibri\" align=\"justify\">1) o(a) professor(a) orientador(a) da disserta\u00e7\u00e3o, na qualidade de presidente;<\/p>\n<p style=\"font-family: calibri\" align=\"justify\">2) um(a) professor(a) do POSENSINO, como membro interno e;<\/p>\n<p style=\"font-family: calibri\" align=\"justify\">3) um(a) professor(a) pertencente a um outro programa de p\u00f3s-gradua\u00e7\u00e3o stricto sensu, como membro externo, e que n\u00e3o perten\u00e7a \u00e0 mesma IES do(a) orientador(a).&#8221;<\/p>\n<p>&nbsp;<\/p>\n<p style=\"font-family: calibri\" align=\"justify\">A\u00a0<strong>banca de defesa de tese<\/strong>\u00a0dever\u00e1 ser composta por cinco membros titulares, pelo\u00a0menos, e dois suplentes (com pelo menos um interno e outro externo), todos com t\u00edtulo de\u00a0doutor. Para a escolha dos membros titulares, deve-se atender aos seguintes requisitos:<\/p>\n<p style=\"font-family: calibri\" align=\"justify\">1) o(a)\u00a0professor(a) orientador(a) da tese, na qualidade de presidente;<\/p>\n<p style=\"font-family: calibri\" align=\"justify\">2) um(a) professor(a) do\u00a0POSENSINO, como membro interno e;<\/p>\n<p style=\"font-family: calibri\" align=\"justify\">3) dois professores pertencentes a um outro programa de p\u00f3s-gradua\u00e7\u00e3o stricto sensu, como membro externo, e que n\u00e3o perten\u00e7am \u00e0 mesma IES do(a) orientador(a).<\/p>\n<p>&nbsp;<\/p>\n<p style=\"font-family: calibri\" align=\"justify\">O link para acesso ao formul\u00e1rio para solicita\u00e7\u00e3o de banca est\u00e1 dispon\u00edvel\u00a0<span style=\"text-decoration: underline\"><a href=\"https:\/\/docs.google.com\/forms\/d\/e\/1FAIpQLSfg2ikooxJpcv6TIgvHawqOA4itVJ_nsIQ9p9Of_9BBt6AP2w\/viewform?usp=sf_link\">aqui<\/a><\/span>.<\/p>\n<blockquote><p><img decoding=\"async\" src=\"https:\/\/www.uern.br\/controledepaginas\/posensino-bancas\/imagens\/5317download.png\" alt=\"\" width=\"30\" height=\"40\" align=\"left\" \/><\/p>\n<p style=\"font-family: calibri\" align=\"justify\">Lembramos aos discentes que para aprova\u00e7\u00e3o da banca de defesa ou tese dever\u00e3o estar isentos de pend\u00eancias em cr\u00e9ditos de disciplinas e atividades como comprova\u00e7\u00e3o de <a href=\"https:\/\/portal.uern.br\/propeg\/posensino\/proficiencia\/\">profici\u00eancia<\/a>, <a href=\"https:\/\/portal.uern.br\/propeg\/posensino\/estagio-de-docencia\/\"><span style=\"text-decoration: underline\">est\u00e1gio de doc\u00eancia<\/span><\/a>\u00a0e\u00a0<a href=\"https:\/\/portal.uern.br\/propeg\/posensino\/atividades-complementares\/\"><span style=\"text-decoration: underline\">atividades complementares<\/span><\/a>.<\/p>\n<p style=\"font-family: calibri\" align=\"justify\">A comprova\u00e7\u00e3o das atividades complementares na UERN e UFERSA \u00e9 feita atrav\u00e9s da apresenta\u00e7\u00e3o da p\u00e1gina de Atividades Complementares do SUAP(IFRN), em arquivo de formato PDF, enviada atrav\u00e9s do <span style=\"text-decoration: underline\"><a href=\"https:\/\/docs.google.com\/forms\/d\/e\/1FAIpQLSeDvY4J2k2IJKeCLxRDqHo_ZVpcqTCTsFCgOE94r8j-LaMR1A\/viewform?usp=sf_link\">formul\u00e1rio de envio de atividade acad\u00eamica<\/a><\/span>.<\/p>\n<div><\/div>\n<\/blockquote>\n","protected":false},"excerpt":{"rendered":"<p>As solicita\u00e7\u00f5es de banca devem ser efetuadas em\u00a0formul\u00e1rio\u00a0pr\u00f3prio cumprindo um prazo m\u00ednimo de 20 dias de anteced\u00eancia da realiza\u00e7\u00e3o do exame, sob pena de indeferimento do requerimento. &nbsp; Lembramos aos concluintes, que conforme Art. 34,\u00a0\u00a71\u00ba do Regimento do Posensino, a\u00a0banca de defesa de disserta\u00e7\u00e3o\u00a0dever\u00e1 ser composta por &#8220;tr\u00eas membros titulares, pelo menos, e dois suplentes [&hellip;]<\/p>\n","protected":false},"author":22,"featured_media":0,"parent":0,"menu_order":0,"comment_status":"closed","ping_status":"closed","template":"","meta":{"footnotes":""},"class_list":["post-617","page","type-page","status-publish","hentry"],"_links":{"self":[{"href":"https:\/\/portal.uern.br\/propeg\/posensino\/wp-json\/wp\/v2\/pages\/617","targetHints":{"allow":["GET"]}}],"collection":[{"href":"https:\/\/portal.uern.br\/propeg\/posensino\/wp-json\/wp\/v2\/pages"}],"about":[{"href":"https:\/\/portal.uern.br\/propeg\/posensino\/wp-json\/wp\/v2\/types\/page"}],"author":[{"embeddable":true,"href":"https:\/\/portal.uern.br\/propeg\/posensino\/wp-json\/wp\/v2\/users\/22"}],"replies":[{"embeddable":true,"href":"https:\/\/portal.uern.br\/propeg\/posensino\/wp-json\/wp\/v2\/comments?post=617"}],"version-history":[{"count":7,"href":"https:\/\/portal.uern.br\/propeg\/posensino\/wp-json\/wp\/v2\/pages\/617\/revisions"}],"predecessor-version":[{"id":930,"href":"https:\/\/portal.uern.br\/propeg\/posensino\/wp-json\/wp\/v2\/pages\/617\/revisions\/930"}],"wp:attachment":[{"href":"https:\/\/portal.uern.br\/propeg\/posensino\/wp-json\/wp\/v2\/media?parent=617"}],"curies":[{"name":"wp","href":"https:\/\/api.w.org\/{rel}","templated":true}]}}