{"id":615,"date":"2025-04-30T14:02:16","date_gmt":"2025-04-30T17:02:16","guid":{"rendered":"https:\/\/portal.uern.br\/propeg\/posensino\/?page_id=615"},"modified":"2025-06-30T13:14:25","modified_gmt":"2025-06-30T16:14:25","slug":"atividades-complementares","status":"publish","type":"page","link":"https:\/\/portal.uern.br\/propeg\/posensino\/atividades-complementares\/","title":{"rendered":"Atividades Complementares"},"content":{"rendered":"<p style=\"font-family: calibri\" align=\"justify\">As\u00a0<strong>atividades complementares<\/strong>\u00a0consistem na participa\u00e7\u00e3o dos alunos em eventos acad\u00eamicos (internacionais, nacionais, regionais e locais), na publica\u00e7\u00e3o de artigos em peri\u00f3dicos, cap\u00edtulos de livros, etc.<\/p>\n<p style=\"font-family: calibri\" align=\"justify\">S\u00e3o consideradas atividades acad\u00eamicas complementares:<\/p>\n<p>&nbsp;<\/p>\n<table style=\"font-family: calibri\" border=\"value\" width=\"623\" cellspacing=\"0\" cellpadding=\"2\">\n<tbody>\n<tr valign=\"top\">\n<td width=\"533\">\n<p class=\"western\" align=\"justify\">Publica\u00e7\u00e3o ou organiza\u00e7\u00e3o de livro com conselho editorial ou publica\u00e7\u00e3o de artigo em peri\u00f3dico com Qualis CAPES A ou publica\u00e7\u00e3o de livro de car\u00e1ter acad\u00eamico.<\/p>\n<\/td>\n<td width=\"80\">\n<p class=\"western\" align=\"center\">04 cr\u00e9ditos<\/p>\n<\/td>\n<\/tr>\n<tr valign=\"top\">\n<td width=\"533\">\n<p class=\"western\" align=\"justify\">Publica\u00e7\u00e3o de artigo em peri\u00f3dico com Qualis CAPES B ou revista indexada ainda n\u00e3o avaliada pela \u00c1rea de Ensino ou publica\u00e7\u00e3o de cap\u00edtulo de livro.<\/p>\n<\/td>\n<td width=\"80\">\n<p class=\"western\" align=\"center\">03 cr\u00e9ditos<\/p>\n<\/td>\n<\/tr>\n<tr valign=\"top\">\n<td width=\"533\">\n<p class=\"western\" align=\"justify\">Mobilidade internacional de 2 semestres<\/p>\n<\/td>\n<td width=\"80\">\n<p class=\"western\" align=\"center\">04 cr\u00e9ditos<\/p>\n<\/td>\n<\/tr>\n<tr valign=\"top\">\n<td width=\"533\">\n<p class=\"western\" align=\"justify\">Mobilidade internacional de 1 semestre<\/p>\n<\/td>\n<td width=\"80\">\n<p class=\"western\" align=\"center\">03 cr\u00e9ditos<\/p>\n<\/td>\n<\/tr>\n<tr valign=\"top\">\n<td width=\"533\">\n<p class=\"western\" align=\"justify\">Publica\u00e7\u00e3o de trabalho completo em anais de eventos nacionais ou internacionais.<\/p>\n<\/td>\n<td width=\"80\">\n<p class=\"western\" align=\"center\">01 cr\u00e9dito<\/p>\n<\/td>\n<\/tr>\n<tr valign=\"top\">\n<td width=\"533\">\n<p class=\"western\" align=\"justify\">Coordena\u00e7\u00e3o ou participa\u00e7\u00e3o como membro da equipe na oferta de curso de extens\u00e3o institucionalizado (m\u00ednimo 8h\/a) ou produto educacional validado e disponibilizado virtualmente ou mobilidades institucionais nacionais em outro PPG.<\/p>\n<\/td>\n<td width=\"80\">\n<p class=\"western\" align=\"center\">02 cr\u00e9ditos<\/p>\n<\/td>\n<\/tr>\n<tr valign=\"top\">\n<td width=\"533\">\n<p class=\"western\" align=\"justify\">Participa\u00e7\u00e3o como membro da equipe de projeto de pesquisa institucionalizado<\/p>\n<\/td>\n<td width=\"80\">\n<p class=\"western\" align=\"center\">01 cr\u00e9dito<\/p>\n<\/td>\n<\/tr>\n<tr valign=\"top\">\n<td width=\"533\">\n<p class=\"western\" align=\"justify\">Est\u00e1gio de doc\u00eancia de maneira eletiva<\/p>\n<\/td>\n<td width=\"80\">\n<p class=\"western\" align=\"center\">02 cr\u00e9ditos<\/p>\n<\/td>\n<\/tr>\n<\/tbody>\n<\/table>\n<p style=\"font-family: calibri\" align=\"justify\">Para efeito de contabiliza\u00e7\u00e3o dos cr\u00e9ditos em atividades acad\u00eamicas complementares, os discentes devem apresentar pelo menos uma produ\u00e7\u00e3o de natureza bibliogr\u00e1fica em coautoria com o orientador, devendo esta, para os alunos do curso de doutorado, ser em peri\u00f3dico com estrato Qualis A.<span style=\"font-size: 0.7em;letter-spacing: 0px\">\u00a0<\/span><\/p>\n<p style=\"font-family: calibri\" align=\"justify\">A comprova\u00e7\u00e3o das atividades complementares \u00e9 feita atrav\u00e9s da apresenta\u00e7\u00e3o da p\u00e1gina de Atividades Complementares do SUAP(IFRN) enviada pelo formul\u00e1rio dispon\u00edvel\u00a0<span style=\"text-decoration: underline\"><a href=\"https:\/\/docs.google.com\/forms\/d\/e\/1FAIpQLSeDvY4J2k2IJKeCLxRDqHo_ZVpcqTCTsFCgOE94r8j-LaMR1A\/viewform?usp=sf_link\">aqui<\/a><\/span>.<\/p>\n<div><\/div>\n","protected":false},"excerpt":{"rendered":"<p>As\u00a0atividades complementares\u00a0consistem na participa\u00e7\u00e3o dos alunos em eventos acad\u00eamicos (internacionais, nacionais, regionais e locais), na publica\u00e7\u00e3o de artigos em peri\u00f3dicos, cap\u00edtulos de livros, etc. S\u00e3o consideradas atividades acad\u00eamicas complementares: &nbsp; Publica\u00e7\u00e3o ou organiza\u00e7\u00e3o de livro com conselho editorial ou publica\u00e7\u00e3o de artigo em peri\u00f3dico com Qualis CAPES A ou publica\u00e7\u00e3o de livro de car\u00e1ter acad\u00eamico. [&hellip;]<\/p>\n","protected":false},"author":22,"featured_media":0,"parent":0,"menu_order":0,"comment_status":"closed","ping_status":"closed","template":"","meta":{"footnotes":""},"class_list":["post-615","page","type-page","status-publish","hentry"],"_links":{"self":[{"href":"https:\/\/portal.uern.br\/propeg\/posensino\/wp-json\/wp\/v2\/pages\/615","targetHints":{"allow":["GET"]}}],"collection":[{"href":"https:\/\/portal.uern.br\/propeg\/posensino\/wp-json\/wp\/v2\/pages"}],"about":[{"href":"https:\/\/portal.uern.br\/propeg\/posensino\/wp-json\/wp\/v2\/types\/page"}],"author":[{"embeddable":true,"href":"https:\/\/portal.uern.br\/propeg\/posensino\/wp-json\/wp\/v2\/users\/22"}],"replies":[{"embeddable":true,"href":"https:\/\/portal.uern.br\/propeg\/posensino\/wp-json\/wp\/v2\/comments?post=615"}],"version-history":[{"count":4,"href":"https:\/\/portal.uern.br\/propeg\/posensino\/wp-json\/wp\/v2\/pages\/615\/revisions"}],"predecessor-version":[{"id":901,"href":"https:\/\/portal.uern.br\/propeg\/posensino\/wp-json\/wp\/v2\/pages\/615\/revisions\/901"}],"wp:attachment":[{"href":"https:\/\/portal.uern.br\/propeg\/posensino\/wp-json\/wp\/v2\/media?parent=615"}],"curies":[{"name":"wp","href":"https:\/\/api.w.org\/{rel}","templated":true}]}}