{"id":613,"date":"2025-04-30T13:59:27","date_gmt":"2025-04-30T16:59:27","guid":{"rendered":"https:\/\/portal.uern.br\/propeg\/posensino\/?page_id=613"},"modified":"2025-07-01T13:55:10","modified_gmt":"2025-07-01T16:55:10","slug":"auxilio-financeiro","status":"publish","type":"page","link":"https:\/\/portal.uern.br\/propeg\/posensino\/auxilio-financeiro\/","title":{"rendered":"Aux\u00edlio Financeiro"},"content":{"rendered":"<p style=\"font-family: calibri\" align=\"justify\">Alunos regularmente matriculados no POSENSINO podem solicitar aux\u00edlio financeiro estudantil para ajuda de custo na participa\u00e7\u00e3o em evento com apresenta\u00e7\u00e3o de trabalho. Para tal, devem ser encaminhados \u00e0 secretaria, atrav\u00e9s do formul\u00e1rio espec\u00edfico de solicita\u00e7\u00e3o, os seguintes documentos:<\/p>\n<div style=\"font-family: calibri\" align=\"justify\">\n<ol>\n<li style=\"list-style-type: none\">\n<ol>\n<li>Formul\u00e1rio de requerimento de\u00a0aux\u00edlio\u00a0estudantil, modelo edit\u00e1vel dispon\u00edvel<strong><span style=\"text-decoration: underline\">\u00a0<a href=\"https:\/\/sigaa.uern.br\/sigaa\/verProducao?idProducao=2206579&amp;key=193aa9430de4390bae810d07012ff1ff\">aqui<\/a><\/span><\/strong>;<\/li>\n<li>Carta de aceite do evento;<\/li>\n<li>Comprovante de inscri\u00e7\u00e3o no evento;<\/li>\n<li>Programa\u00e7\u00e3o do evento;<\/li>\n<li>Resumo do trabalho;<\/li>\n<li>c\u00f3pia do RG, CPF e cart\u00e3o banc\u00e1rio de conta corrente em seu nome;<\/li>\n<li>Comprovante de resid\u00eancia; e,<\/li>\n<li>Certid\u00f5es negativas (SET-RN, RFB e TST).<\/li>\n<\/ol>\n<\/li>\n<\/ol>\n<\/div>\n<div>\n<hr \/>\n<\/div>\n<div style=\"font-family: calibri\" align=\"justify\">Certid\u00e3o Conjunta Negativa de D\u00e9bitos relativos as Tributos Estaduais e \u00e0 D\u00edvida Ativa do Estado \u2013 obter atrav\u00e9s do site do SET\/RN, link\u00a0<span style=\"text-decoration: underline\"><a href=\"https:\/\/uvt2.set.rn.gov.br\/#\/services\/certidao-negativa\/emitir\">aqui<\/a><\/span>.<\/div>\n<div>\n<div style=\"font-family: calibri\" align=\"justify\">Certid\u00e3o Conjunta Negativa de D\u00e9bitos Relativos a Tributos Federais e \u00e0 D\u00edvida Ativa da Uni\u00e3o &#8211; obter atrav\u00e9s do site da Fazenda, link <a href=\"https:\/\/solucoes.receita.fazenda.gov.br\/Servicos\/certidaointernet\/PF\/Emitir\"><span style=\"text-decoration: underline\">aqui<\/span><\/a>.<\/div>\n<div style=\"font-family: calibri\" align=\"justify\">Certid\u00e3o Negativa de D\u00e9bitos Trabalhistas \u2013 obter atrav\u00e9s do site do TST, link dispon\u00edvel\u00a0<span style=\"text-decoration: underline\"><a href=\"http:\/\/www.tst.jus.br\/certidao\">aqui<\/a><\/span>.<\/div>\n<div><\/div>\n<div>\n<hr \/>\n<\/div>\n<\/div>\n<p>&nbsp;<\/p>\n<p style=\"font-family: calibri\" align=\"justify\">Toda a documenta\u00e7\u00e3o pode ser digitalizada e encaminhada atrav\u00e9s do formul\u00e1rio de solicita\u00e7\u00e3o dispon\u00edvel\u00a0<span style=\"text-decoration: underline\"><a href=\"https:\/\/forms.gle\/dG1CvT3LFmYUJWSk7\">aqui<\/a><\/span>.<\/p>\n<p style=\"font-family: calibri\" align=\"justify\">As solicita\u00e7\u00f5es com os devidos anexos devem ser encaminhadas com anteced\u00eancia m\u00ednima de 27 dias antes do evento e ser\u00e3o analisadas pela Coordena\u00e7\u00e3o Geral.<\/p>\n<p style=\"font-family: calibri\" align=\"justify\">A concess\u00e3o ser\u00e1 realizada conforme disponibilidade e demanda dos recursos e seguir\u00e1 a tabela de quotas abaixo quando\u00a0a concess\u00e3o de aux\u00edlio financeiro ao estudante forem pagas com recursos de origem federal (PROAP ou conv\u00eanios).<\/p>\n<p>&nbsp;<\/p>\n<table style=\"font-family: calibri\" border=\"1px\" width=\"100%\" cellspacing=\"0\" cellpadding=\"4\" align=\"center\">\n<colgroup>\n<col width=\"175*\" \/>\n<col width=\"81*\" \/><\/colgroup>\n<tbody>\n<tr valign=\"top\">\n<td width=\"68%\">\n<p align=\"center\"><strong>Localidade<\/strong><\/p>\n<\/td>\n<td width=\"32%\">\n<p align=\"center\"><strong>N\u00b0 de quotas<\/strong><\/p>\n<\/td>\n<\/tr>\n<tr valign=\"top\">\n<td width=\"68%\">\n<p align=\"left\">Evento no Estado do Rio Grande do Norte, exceto no munic\u00edpio sede do curso.<\/p>\n<\/td>\n<td width=\"32%\">\n<p align=\"center\">1<\/p>\n<\/td>\n<\/tr>\n<tr valign=\"top\">\n<td width=\"68%\" height=\"14\">\n<p align=\"left\">Evento na Regi\u00e3o Nordeste, exceto no Estado do Rio Grande do Norte.<\/p>\n<\/td>\n<td width=\"32%\">\n<p align=\"center\">2<\/p>\n<\/td>\n<\/tr>\n<tr valign=\"top\">\n<td width=\"68%\" height=\"14\">\n<p align=\"left\">Evento Nacional, exceto regi\u00e3o Nordeste<\/p>\n<\/td>\n<td width=\"32%\">\n<p align=\"center\">3<\/p>\n<\/td>\n<\/tr>\n<tr valign=\"top\">\n<td width=\"68%\" height=\"13\">\n<p align=\"left\">Evento Internacional (realizado fora no territ\u00f3rio brasileiro)<\/p>\n<\/td>\n<td width=\"32%\">\n<p align=\"center\">2<\/p>\n<\/td>\n<\/tr>\n<\/tbody>\n<\/table>\n<p style=\"font-family: calibri\" align=\"justify\">1. O valor unit\u00e1rio da quota do aux\u00edlio financeiro ao estudante \u00e9 de R$ 320,00 (trezentos e vinte reais), para destinos nacionais, e para o Exterior conforme valores da tabela Anexa da Portaria CAPES n\u00ba 132\/2016.<\/p>\n<p style=\"font-family: calibri\" align=\"justify\">2. O Aux\u00edlio financeiro ao estudante ser\u00e1\u00a0concedido para participa\u00e7\u00e3o do aluno em evento com apresenta\u00e7\u00e3o de trabalho.<\/p>\n","protected":false},"excerpt":{"rendered":"<p>Alunos regularmente matriculados no POSENSINO podem solicitar aux\u00edlio financeiro estudantil para ajuda de custo na participa\u00e7\u00e3o em evento com apresenta\u00e7\u00e3o de trabalho. Para tal, devem ser encaminhados \u00e0 secretaria, atrav\u00e9s do formul\u00e1rio espec\u00edfico de solicita\u00e7\u00e3o, os seguintes documentos: Formul\u00e1rio de requerimento de\u00a0aux\u00edlio\u00a0estudantil, modelo edit\u00e1vel dispon\u00edvel\u00a0aqui; Carta de aceite do evento; Comprovante de inscri\u00e7\u00e3o no evento; [&hellip;]<\/p>\n","protected":false},"author":22,"featured_media":0,"parent":0,"menu_order":0,"comment_status":"closed","ping_status":"closed","template":"","meta":{"footnotes":""},"class_list":["post-613","page","type-page","status-publish","hentry"],"_links":{"self":[{"href":"https:\/\/portal.uern.br\/propeg\/posensino\/wp-json\/wp\/v2\/pages\/613","targetHints":{"allow":["GET"]}}],"collection":[{"href":"https:\/\/portal.uern.br\/propeg\/posensino\/wp-json\/wp\/v2\/pages"}],"about":[{"href":"https:\/\/portal.uern.br\/propeg\/posensino\/wp-json\/wp\/v2\/types\/page"}],"author":[{"embeddable":true,"href":"https:\/\/portal.uern.br\/propeg\/posensino\/wp-json\/wp\/v2\/users\/22"}],"replies":[{"embeddable":true,"href":"https:\/\/portal.uern.br\/propeg\/posensino\/wp-json\/wp\/v2\/comments?post=613"}],"version-history":[{"count":4,"href":"https:\/\/portal.uern.br\/propeg\/posensino\/wp-json\/wp\/v2\/pages\/613\/revisions"}],"predecessor-version":[{"id":928,"href":"https:\/\/portal.uern.br\/propeg\/posensino\/wp-json\/wp\/v2\/pages\/613\/revisions\/928"}],"wp:attachment":[{"href":"https:\/\/portal.uern.br\/propeg\/posensino\/wp-json\/wp\/v2\/media?parent=613"}],"curies":[{"name":"wp","href":"https:\/\/api.w.org\/{rel}","templated":true}]}}