{"id":611,"date":"2025-04-30T13:57:48","date_gmt":"2025-04-30T16:57:48","guid":{"rendered":"https:\/\/portal.uern.br\/propeg\/posensino\/?page_id=611"},"modified":"2025-12-16T09:32:44","modified_gmt":"2025-12-16T12:32:44","slug":"estagio-de-docencia","status":"publish","type":"page","link":"https:\/\/portal.uern.br\/propeg\/posensino\/estagio-de-docencia\/","title":{"rendered":"Est\u00e1gio de Doc\u00eancia"},"content":{"rendered":"<p style=\"font-family: calibri\" align=\"justify\">O Est\u00e1gio de Doc\u00eancia deve ser realizado pelo aluno do mestrado entre o 2\u00ba e\/ou 3\u00ba semestre e possui carga hor\u00e1ria de 45 horas\/ 03 cr\u00e9ditos. A atividade \u00e9 obrigat\u00f3ria para alunos bolsistas.<\/p>\n<p style=\"font-family: calibri\" align=\"justify\">Os alunos do doutorado devem realizar, de modo obrigat\u00f3rio, um est\u00e1gio de doc\u00eancia entre o 3\u00b0 e 6\u00b0 per\u00edodo de curso. Uma segunda atividade de est\u00e1gio \u00e9 exigida dos alunos bolsistas, mas pode ser realizada de forma eletiva pelos demais alunos.<\/p>\n<p style=\"font-family: calibri\" align=\"justify\">As atividades de Est\u00e1gio de Doc\u00eancia realizadas de modo eletivo podem ser utilizadas na integraliza\u00e7\u00e3o de cr\u00e9ditos de atividades acad\u00eamicas complementares.<\/p>\n<div style=\"font-family: calibri\" align=\"justify\">\n<ul>\n<li>Os discentes que desejam realizar Est\u00e1gio de Doc\u00eancia dever\u00e3o enviar \u00e0 coordena\u00e7\u00e3o geral do Posensino o requerimento para a realiza\u00e7\u00e3o da atividade<\/li>\n<\/ul>\n<p style=\"padding-left: 90px\" align=\"justify\">Requerimento para realizar Est\u00e1gio de Doc\u00eancia &#8211; <span style=\"text-decoration: underline\"><a href=\"https:\/\/sigaa.uern.br\/sigaa\/downloadArquivoPublico?idProducao=2207038&amp;key=22aa4ca4e6aa8e873badccd5d3c430ae\">Link para Modelo<\/a><\/span><\/p>\n<ul>\n<li>Ao concluir a atividade o aluno deve solicitar a conclus\u00e3o da atividade nos sistemas enviando o requerimento de conclus\u00e3o (<a href=\"https:\/\/sigaa.uern.br\/sigaa\/downloadArquivoPublico?idProducao=2207037&amp;key=1452f9cfb6b56157b98d8e70459a124d\">Link para Modelo<\/a>) e o Relat\u00f3rio das atividades\u00a0do Est\u00e1gio Doc\u00eancia\u00a0(entrega ao t\u00e9rmino do Est\u00e1gio) &#8211;\u00a0<a href=\"https:\/\/sigaa.uern.br\/sigaa\/downloadArquivoPublico?idProducao=2207036&amp;key=fbdd6adcf8ff1e5d14e386c13e20235d\">Link para Modelo<\/a><\/li>\n<\/ul>\n<\/div>\n<p style=\"font-family: calibri\" align=\"justify\">Para envio do relat\u00f3rio de Est\u00e1gio de Doc\u00eancia e consolida\u00e7\u00e3o da atividade nos sistemas de gest\u00e3o acad\u00eamica das IES que fazem o PosEnsino, deve ser utilizado o formul\u00e1rio dispon\u00edvel\u00a0<span style=\"text-decoration: underline\"><a href=\"https:\/\/docs.google.com\/forms\/d\/e\/1FAIpQLSeDvY4J2k2IJKeCLxRDqHo_ZVpcqTCTsFCgOE94r8j-LaMR1A\/viewform?usp=sf_link\">aqui<\/a><\/span>.<\/p>\n","protected":false},"excerpt":{"rendered":"<p>O Est\u00e1gio de Doc\u00eancia deve ser realizado pelo aluno do mestrado entre o 2\u00ba e\/ou 3\u00ba semestre e possui carga hor\u00e1ria de 45 horas\/ 03 cr\u00e9ditos. A atividade \u00e9 obrigat\u00f3ria para alunos bolsistas. Os alunos do doutorado devem realizar, de modo obrigat\u00f3rio, um est\u00e1gio de doc\u00eancia entre o 3\u00b0 e 6\u00b0 per\u00edodo de curso. Uma [&hellip;]<\/p>\n","protected":false},"author":22,"featured_media":0,"parent":0,"menu_order":0,"comment_status":"closed","ping_status":"closed","template":"","meta":{"footnotes":""},"class_list":["post-611","page","type-page","status-publish","hentry"],"_links":{"self":[{"href":"https:\/\/portal.uern.br\/propeg\/posensino\/wp-json\/wp\/v2\/pages\/611","targetHints":{"allow":["GET"]}}],"collection":[{"href":"https:\/\/portal.uern.br\/propeg\/posensino\/wp-json\/wp\/v2\/pages"}],"about":[{"href":"https:\/\/portal.uern.br\/propeg\/posensino\/wp-json\/wp\/v2\/types\/page"}],"author":[{"embeddable":true,"href":"https:\/\/portal.uern.br\/propeg\/posensino\/wp-json\/wp\/v2\/users\/22"}],"replies":[{"embeddable":true,"href":"https:\/\/portal.uern.br\/propeg\/posensino\/wp-json\/wp\/v2\/comments?post=611"}],"version-history":[{"count":7,"href":"https:\/\/portal.uern.br\/propeg\/posensino\/wp-json\/wp\/v2\/pages\/611\/revisions"}],"predecessor-version":[{"id":1068,"href":"https:\/\/portal.uern.br\/propeg\/posensino\/wp-json\/wp\/v2\/pages\/611\/revisions\/1068"}],"wp:attachment":[{"href":"https:\/\/portal.uern.br\/propeg\/posensino\/wp-json\/wp\/v2\/media?parent=611"}],"curies":[{"name":"wp","href":"https:\/\/api.w.org\/{rel}","templated":true}]}}