{"id":609,"date":"2025-04-30T13:49:30","date_gmt":"2025-04-30T16:49:30","guid":{"rendered":"https:\/\/portal.uern.br\/propeg\/posensino\/?page_id=609"},"modified":"2025-06-30T12:16:21","modified_gmt":"2025-06-30T15:16:21","slug":"bolsas","status":"publish","type":"page","link":"https:\/\/portal.uern.br\/propeg\/posensino\/bolsas\/","title":{"rendered":"Bolsas"},"content":{"rendered":"<p style=\"font-family: calibri\" align=\"justify\">O Programa de P\u00f3s-Gradua\u00e7\u00e3o em Ensino n\u00e3o garante bolsas para seus discentes. Estas depender\u00e3o da disponibilidade or\u00e7ament\u00e1rias das ag\u00eancias de fomento e ser\u00e3o distribu\u00eddas a partir de processos de sele\u00e7\u00e3o regidos por editais internos.<\/p>\n<hr \/>\n<p>&nbsp;<\/p>\n<p style=\"font-family: calibri\" align=\"justify\">\n<ul>\n<li><strong>Para os alunos bolsistas:<\/strong><\/li>\n<\/ul>\n<p>&nbsp;<\/p>\n<div style=\"font-family: calibri\" align=\"justify\">\n<p><span style=\"text-decoration: underline\"><a href=\"http:\/\/cad.capes.gov.br\/ato-administrativo-detalhar?idAtoAdmElastic=741%23anchor\">Portaria 076\/2010 CAPES<\/a><\/span>\u00a0&#8211; Regulamento para bolsistas Demanda Social<\/p>\n<p><span style=\"text-decoration: underline\"><a href=\"http:\/\/cad.capes.gov.br\/ato-administrativo-detalhar?idAtoAdmElastic=12302\">Portaria n\u00b0 133\/2023 CAPES<\/a><\/span>\u00a0&#8211;\u00a0 Regulamenta o ac\u00famulo de bolsas de mestrado, doutorado e p\u00f3s-doutorado concedidas pela CAPES no Pa\u00eds com\u00a0 atividade remunerada ou outros rendimentos.<\/p>\n<p><span style=\"text-decoration: underline\"><a href=\"http:\/\/cad.capes.gov.br\/ato-administrativo-detalhar?idAtoAdmElastic=13124\">Portaria n\u00b0 187\/2023 CAPES<\/a><\/span>\u00a0&#8211;\u00a0Altera a Portaria n\u00ba 133\/2023 CAPES<\/p>\n<p><span style=\"text-decoration: underline\"><a href=\"\/sigaa\/verProducao?idProducao=2205698&amp;key=7d48cac37c95f129c8a0a5598c3724f0\">Resolu\u00e7\u00e3o N\u00b0 01\/2023<\/a><\/span>\u00a0&#8211; Normativa sobre o ac\u00famulo de bolsa com outras rendas no \u00e2mbito do PosEnsino<\/p>\n<p>Ao final da implementa\u00e7\u00e3o da bolsa, cada bolsista deve entregar \u00e0 secretaria do POSENSINO relat\u00f3rio final de atividades de acordo com o modelo dispon\u00edvel abaixo:<\/p>\n<p><span style=\"text-decoration: underline\"><a href=\"https:\/\/www.uern.br\/controledepaginas\/posensino-discentes-bolsas\/arquivos\/3756relata%C2%B3rio_de_bolsas_modelo.zip\">Modelo de Relat\u00f3rio Final de Atividades de Bolsista<\/a><\/span><\/p>\n<\/div>\n<p>&nbsp;<\/p>\n<hr \/>\n<ul>\n<li><strong>Sele\u00e7\u00f5es<\/strong><\/li>\n<\/ul>\n<p><a href=\"https:\/\/sigaa.uern.br\/sigaa\/public\/programa\/secao_extra.jsf?lc=pt&amp;id=1049&amp;extra=16911340\"><span style=\"text-decoration: underline\"><strong>2025<\/strong><\/span><\/a><\/p>\n<p><span style=\"text-decoration: underline\"><strong><a href=\"https:\/\/sigaa.uern.br\/sigaa\/public\/programa\/secao_extra.jsf?lc=pt&amp;id=1049&amp;extra=12811430\">2024<\/a><\/strong><\/span><\/p>\n<p><span style=\"text-decoration: underline\"><strong><a href=\"https:\/\/sigaa.uern.br\/sigaa\/public\/programa\/secao_extra.jsf?lc=pt&amp;id=1049&amp;extra=5259570\">2023<\/a><\/strong><\/span><\/p>\n<p><span style=\"text-decoration: underline\"><strong><a href=\"https:\/\/sigaa.uern.br\/sigaa\/public\/programa\/secao_extra.jsf?lc=pt&amp;id=1049&amp;extra=5257839\">2022<\/a><\/strong><\/span><\/p>\n<p><span style=\"text-decoration: underline\"><strong><a href=\"https:\/\/sigaa.uern.br\/sigaa\/public\/programa\/secao_extra.jsf?lc=pt&amp;id=1049&amp;extra=5257838\">2021<\/a><\/strong><\/span><\/p>\n<p><span style=\"text-decoration: underline\"><strong><a href=\"https:\/\/sigaa.uern.br\/sigaa\/public\/programa\/secao_extra.jsf?lc=pt&amp;id=1049&amp;extra=5257837\">2020<\/a><\/strong><\/span><\/p>\n","protected":false},"excerpt":{"rendered":"<p>O Programa de P\u00f3s-Gradua\u00e7\u00e3o em Ensino n\u00e3o garante bolsas para seus discentes. Estas depender\u00e3o da disponibilidade or\u00e7ament\u00e1rias das ag\u00eancias de fomento e ser\u00e3o distribu\u00eddas a partir de processos de sele\u00e7\u00e3o regidos por editais internos. &nbsp; Para os alunos bolsistas: &nbsp; Portaria 076\/2010 CAPES\u00a0&#8211; Regulamento para bolsistas Demanda Social Portaria n\u00b0 133\/2023 CAPES\u00a0&#8211;\u00a0 Regulamenta o ac\u00famulo [&hellip;]<\/p>\n","protected":false},"author":22,"featured_media":0,"parent":0,"menu_order":0,"comment_status":"closed","ping_status":"closed","template":"","meta":{"footnotes":""},"class_list":["post-609","page","type-page","status-publish","hentry"],"_links":{"self":[{"href":"https:\/\/portal.uern.br\/propeg\/posensino\/wp-json\/wp\/v2\/pages\/609","targetHints":{"allow":["GET"]}}],"collection":[{"href":"https:\/\/portal.uern.br\/propeg\/posensino\/wp-json\/wp\/v2\/pages"}],"about":[{"href":"https:\/\/portal.uern.br\/propeg\/posensino\/wp-json\/wp\/v2\/types\/page"}],"author":[{"embeddable":true,"href":"https:\/\/portal.uern.br\/propeg\/posensino\/wp-json\/wp\/v2\/users\/22"}],"replies":[{"embeddable":true,"href":"https:\/\/portal.uern.br\/propeg\/posensino\/wp-json\/wp\/v2\/comments?post=609"}],"version-history":[{"count":3,"href":"https:\/\/portal.uern.br\/propeg\/posensino\/wp-json\/wp\/v2\/pages\/609\/revisions"}],"predecessor-version":[{"id":892,"href":"https:\/\/portal.uern.br\/propeg\/posensino\/wp-json\/wp\/v2\/pages\/609\/revisions\/892"}],"wp:attachment":[{"href":"https:\/\/portal.uern.br\/propeg\/posensino\/wp-json\/wp\/v2\/media?parent=609"}],"curies":[{"name":"wp","href":"https:\/\/api.w.org\/{rel}","templated":true}]}}