{"id":607,"date":"2025-04-30T13:47:43","date_gmt":"2025-04-30T16:47:43","guid":{"rendered":"https:\/\/portal.uern.br\/propeg\/posensino\/?page_id=607"},"modified":"2025-06-30T12:13:30","modified_gmt":"2025-06-30T15:13:30","slug":"proficiencia","status":"publish","type":"page","link":"https:\/\/portal.uern.br\/propeg\/posensino\/proficiencia\/","title":{"rendered":"Profici\u00eancia"},"content":{"rendered":"<p style=\"font-family: calibri\" align=\"justify\">A\u00a0<strong>Profici\u00eancia de L\u00edngua Estrangeira\u00a0<\/strong>(ingl\u00eas, espanhol ou franc\u00eas) \u00e9 um requisito obrigat\u00f3rio e deve ser apresentada em at\u00e9 doze meses ap\u00f3s a matr\u00edcula. Para os discentes surdos, faz-se necess\u00e1rio reconhecer a L\u00edngua Brasileira de Sinais (LIBRAS) como primeira l\u00edngua e o portugu\u00eas escrito como l\u00edngua adicional. Ser\u00e1 exigido, para os(as) discentes surdos(as), comprova\u00e7\u00e3o de profici\u00eancia em L\u00edngua Portuguesa escrita.<\/p>\n<p>&nbsp;<\/p>\n<p style=\"font-family: calibri\" align=\"justify\">Para o envio da declara\u00e7\u00e3o basta preencher o formul\u00e1rio, neste link\u00a0<span style=\"text-decoration: underline\"><a href=\"https:\/\/docs.google.com\/forms\/d\/e\/1FAIpQLSeDvY4J2k2IJKeCLxRDqHo_ZVpcqTCTsFCgOE94r8j-LaMR1A\/viewform?usp=sf_link\" target=\"_blank\" rel=\"noopener\">aqui<\/a><\/span>.<\/p>\n","protected":false},"excerpt":{"rendered":"<p>A\u00a0Profici\u00eancia de L\u00edngua Estrangeira\u00a0(ingl\u00eas, espanhol ou franc\u00eas) \u00e9 um requisito obrigat\u00f3rio e deve ser apresentada em at\u00e9 doze meses ap\u00f3s a matr\u00edcula. Para os discentes surdos, faz-se necess\u00e1rio reconhecer a L\u00edngua Brasileira de Sinais (LIBRAS) como primeira l\u00edngua e o portugu\u00eas escrito como l\u00edngua adicional. Ser\u00e1 exigido, para os(as) discentes surdos(as), comprova\u00e7\u00e3o de profici\u00eancia em [&hellip;]<\/p>\n","protected":false},"author":22,"featured_media":0,"parent":0,"menu_order":0,"comment_status":"closed","ping_status":"closed","template":"","meta":{"footnotes":""},"class_list":["post-607","page","type-page","status-publish","hentry"],"_links":{"self":[{"href":"https:\/\/portal.uern.br\/propeg\/posensino\/wp-json\/wp\/v2\/pages\/607","targetHints":{"allow":["GET"]}}],"collection":[{"href":"https:\/\/portal.uern.br\/propeg\/posensino\/wp-json\/wp\/v2\/pages"}],"about":[{"href":"https:\/\/portal.uern.br\/propeg\/posensino\/wp-json\/wp\/v2\/types\/page"}],"author":[{"embeddable":true,"href":"https:\/\/portal.uern.br\/propeg\/posensino\/wp-json\/wp\/v2\/users\/22"}],"replies":[{"embeddable":true,"href":"https:\/\/portal.uern.br\/propeg\/posensino\/wp-json\/wp\/v2\/comments?post=607"}],"version-history":[{"count":2,"href":"https:\/\/portal.uern.br\/propeg\/posensino\/wp-json\/wp\/v2\/pages\/607\/revisions"}],"predecessor-version":[{"id":890,"href":"https:\/\/portal.uern.br\/propeg\/posensino\/wp-json\/wp\/v2\/pages\/607\/revisions\/890"}],"wp:attachment":[{"href":"https:\/\/portal.uern.br\/propeg\/posensino\/wp-json\/wp\/v2\/media?parent=607"}],"curies":[{"name":"wp","href":"https:\/\/api.w.org\/{rel}","templated":true}]}}