{"id":605,"date":"2025-04-30T13:46:01","date_gmt":"2025-04-30T16:46:01","guid":{"rendered":"https:\/\/portal.uern.br\/propeg\/posensino\/?page_id=605"},"modified":"2025-06-30T12:12:11","modified_gmt":"2025-06-30T15:12:11","slug":"aproveitamento-de-disciplinas","status":"publish","type":"page","link":"https:\/\/portal.uern.br\/propeg\/posensino\/aproveitamento-de-disciplinas\/","title":{"rendered":"Aproveitamento de Disciplinas"},"content":{"rendered":"<p style=\"font-family: calibri\" align=\"justify\">O aluno pode requerer aproveitamento de disciplinas cursadas no Posensino antes do seu ingresso ou em outro Programa.<\/p>\n<p style=\"font-family: calibri\" align=\"justify\">As solicita\u00e7\u00f5es de aproveitamento devem ser apresentadas no in\u00edcio de cada semestre letivo, em at\u00e9 30 (trinta) dias corridos ap\u00f3s a realiza\u00e7\u00e3o das matr\u00edculas institucionais. O Colegiado do POSENSINO ter\u00e1 o prazo de at\u00e9 60 (sessenta) dias corridos para responder \u00e0s solicita\u00e7\u00f5es recebidas.<\/p>\n<p style=\"font-family: calibri\" align=\"justify\">Para solicitar o aproveitamento de disciplinas deve ser preenchido o formul\u00e1rio dispon\u00edvel\u00a0<span style=\"text-decoration: underline\"><a href=\"https:\/\/forms.gle\/MYcwTirac9PR4Bag6\">aqui<\/a><\/span>.<\/p>\n<p style=\"font-family: calibri\" align=\"justify\"><strong>ATEN\u00c7\u00c3O! &#8211; \u00c9 obrigat\u00f3rio anexar o comprovante de anu\u00eancia do orientador. Deve ser anexada tamb\u00e9m a ementa da disciplina e parecer de comiss\u00e3o da linha de pesquisa, caso cursada em outro PPG.<\/strong><\/p>\n<p style=\"font-family: calibri\" align=\"justify\">A solicita\u00e7\u00e3o de aproveitamento de disciplinas ser\u00e1 analisada pela Coordena\u00e7\u00e3o Geral e apreciada pelo Colegiado, caso cursada em outro PPG, considerando o que estabelece a\u00a0<a href=\"https:\/\/sigaa.uern.br\/sigaa\/verProducao?idProducao=2228570&amp;key=16958f68e4d20d41060fd4bd4b478d4d\"><span style=\"text-decoration: underline\"><strong>R<\/strong><\/span><span style=\"text-decoration: underline\"><strong>esolu\u00e7\u00e3o n\u00b0 02\/2024-POSENSINO<\/strong><\/span><\/a>, que estabelece os\u00a0crit\u00e9rios para aproveitamento de estudos. Apenas ap\u00f3s a aprova\u00e7\u00e3o, o aproveitamento ser\u00e1 registrado nos sistemas de gest\u00e3o acad\u00eamica das IES que fazem a associa\u00e7\u00e3o PosEnsino.<\/p>\n<p>&nbsp;<\/p>\n","protected":false},"excerpt":{"rendered":"<p>O aluno pode requerer aproveitamento de disciplinas cursadas no Posensino antes do seu ingresso ou em outro Programa. As solicita\u00e7\u00f5es de aproveitamento devem ser apresentadas no in\u00edcio de cada semestre letivo, em at\u00e9 30 (trinta) dias corridos ap\u00f3s a realiza\u00e7\u00e3o das matr\u00edculas institucionais. O Colegiado do POSENSINO ter\u00e1 o prazo de at\u00e9 60 (sessenta) dias [&hellip;]<\/p>\n","protected":false},"author":22,"featured_media":0,"parent":0,"menu_order":0,"comment_status":"closed","ping_status":"closed","template":"","meta":{"footnotes":""},"class_list":["post-605","page","type-page","status-publish","hentry"],"_links":{"self":[{"href":"https:\/\/portal.uern.br\/propeg\/posensino\/wp-json\/wp\/v2\/pages\/605","targetHints":{"allow":["GET"]}}],"collection":[{"href":"https:\/\/portal.uern.br\/propeg\/posensino\/wp-json\/wp\/v2\/pages"}],"about":[{"href":"https:\/\/portal.uern.br\/propeg\/posensino\/wp-json\/wp\/v2\/types\/page"}],"author":[{"embeddable":true,"href":"https:\/\/portal.uern.br\/propeg\/posensino\/wp-json\/wp\/v2\/users\/22"}],"replies":[{"embeddable":true,"href":"https:\/\/portal.uern.br\/propeg\/posensino\/wp-json\/wp\/v2\/comments?post=605"}],"version-history":[{"count":3,"href":"https:\/\/portal.uern.br\/propeg\/posensino\/wp-json\/wp\/v2\/pages\/605\/revisions"}],"predecessor-version":[{"id":889,"href":"https:\/\/portal.uern.br\/propeg\/posensino\/wp-json\/wp\/v2\/pages\/605\/revisions\/889"}],"wp:attachment":[{"href":"https:\/\/portal.uern.br\/propeg\/posensino\/wp-json\/wp\/v2\/media?parent=605"}],"curies":[{"name":"wp","href":"https:\/\/api.w.org\/{rel}","templated":true}]}}