{"id":603,"date":"2025-04-30T13:44:56","date_gmt":"2025-04-30T16:44:56","guid":{"rendered":"https:\/\/portal.uern.br\/propeg\/posensino\/?page_id=603"},"modified":"2026-03-12T11:43:33","modified_gmt":"2026-03-12T14:43:33","slug":"matriculas","status":"publish","type":"page","link":"https:\/\/portal.uern.br\/propeg\/posensino\/matriculas\/","title":{"rendered":"Matr\u00edculas"},"content":{"rendered":"<h2 style=\"font-family: calibri\" align=\"justify\">Matr\u00edculas<\/h2>\n<p style=\"font-family: calibri\" align=\"justify\"><strong>Procedimentos para matr\u00edcula no semestre 2026.1<\/strong><\/p>\n<p style=\"font-family: calibri\" align=\"justify\">As matr\u00edculas curriculares dever\u00e3o ser realizadas pelos <strong>alunos regulares<\/strong> no per\u00edodo de <strong>09 a 13 de Mar\u00e7o de 2026<\/strong>\u00a0nas plataformas SUAP\/IFRN, SIGAA\/UERN e SIGAA\/UFERSA.<\/p>\n<p style=\"font-family: calibri\" align=\"justify\">As matr\u00edculas dos <strong>alunos especiais<\/strong> dever\u00e3o ser realizadas nos dias 12 e 13 de mar\u00e7o de 2026 encaminhando a documenta\u00e7\u00e3o espec\u00edfica atrav\u00e9s do formul\u00e1rio dispon\u00edvel <a href=\"https:\/\/forms.gle\/NfaNMz7EMh5i1YHS6\"><span style=\"text-decoration: underline\"><strong>aqui<\/strong><\/span><\/a>.<\/p>\n<p style=\"font-family: calibri\" align=\"justify\">O quadro de disciplinas ofertadas no semestre 2026.1 est\u00e1 dispon\u00edvel <a href=\"http:\/\/portal.uern.br\/propeg\/posensino\/wp-content\/uploads\/sites\/13\/2026\/03\/Disciplinas-2026.1.pdf\"><strong><span style=\"text-decoration: underline\">aqui<\/span><\/strong><\/a>.<\/p>\n<p style=\"font-family: calibri\" align=\"justify\">O per\u00edodo de ajuste de matr\u00edculas (<strong>rematr\u00edcula<\/strong>) dever\u00e1 ocorrer nos dias 16 e 17 de abril.<\/p>\n<div>\n<div><\/div>\n<\/div>\n<hr \/>\n<p><strong style=\"font-family: calibri\">Orienta\u00e7\u00f5es importantes:<\/strong><\/p>\n<div>\n<div>\n<div style=\"font-family: calibri\">\n<div>\n<ul>\n<li style=\"font-family: calibri\">A escolha das disciplinas deve ser feita junto ao orientador, que dever\u00e1 dar seu aval e aprovar as solicita\u00e7\u00f5es de matr\u00edcula nos sistemas.<\/li>\n<li style=\"font-family: calibri\">Os discentes que desejam realizar Est\u00e1gio de Doc\u00eancia dever\u00e3o solicitar a matr\u00edcula na atividade \u00e0s secretarias, enviando o requerimento para a realiza\u00e7\u00e3o. Formul\u00e1rio dispon\u00edvel\u00a0<span style=\"font-family: calibri\"><a href=\"http:\/\/portal.uern.br\/propeg\/posensino\/wp-content\/uploads\/sites\/13\/2026\/03\/Requerimento-para-realizar-Estagio-Docencia.docx\">aqui<\/a><\/span>.<\/li>\n<\/ul>\n<\/div>\n<\/div>\n<\/div>\n<div>\n<hr \/>\n<\/div>\n<div><\/div>\n<div>\n<div style=\"font-family: calibri\" align=\"justify\">Formul\u00e1rios de matr\u00edcula para alunos ingressantes:<\/div>\n<div style=\"font-family: calibri\" align=\"justify\">\n<ul>\n<li><span style=\"text-decoration: underline\"><a href=\"https:\/\/proppg.ufersa.edu.br\/wp-content\/uploads\/sites\/11\/2022\/08\/Formulario-de-matricula-padrao-ingressantes.docx\">Formul\u00e1rio de matr\u00edcula padr\u00e3o da UFERSA<\/a><\/span>;<\/li>\n<li><a href=\"http:\/\/portal.uern.br\/propeg\/posensino\/wp-content\/uploads\/sites\/13\/2026\/03\/Ficha-de-matricula.pdf\"><span style=\"text-decoration: underline\">Formul\u00e1rio de Cadastro<\/span><\/a>\u00a0e\u00a0<span style=\"text-decoration: underline\"><a href=\"http:\/\/portal.uern.br\/propeg\/posensino\/wp-content\/uploads\/sites\/13\/2026\/03\/Termo-de-responsabilidade.pdf\">Requerimento de Matr\u00edcula\u00a0 com Termo de Compromisso no IFRN<\/a><\/span>;<\/li>\n<li><a href=\"http:\/\/portal.uern.br\/propeg\/posensino\/wp-content\/uploads\/sites\/13\/2026\/03\/Formulario-requerimento-de-matricula-Ingressantes.pdf\"><span style=\"text-decoration: underline\">Formul\u00e1rio de matr\u00edcula da UERN\u00a0para alunos regulares<\/span><\/a>;<\/li>\n<li><a href=\"http:\/\/portal.uern.br\/propeg\/posensino\/wp-content\/uploads\/sites\/13\/2026\/03\/Formulario-UERN-Alunos-Especiais.pdf\"><span style=\"text-decoration: underline\">Formul\u00e1rio de matr\u00edcula da UERN para alunos especiais<\/span><\/a>.<\/li>\n<\/ul>\n<\/div>\n<\/div>\n<div>\n<div><\/div>\n<div>\n<hr \/>\n<\/div>\n<div><\/div>\n<div style=\"font-family: calibri\" align=\"justify\">\n<div>Tutorial para cadastro de discente no SIGAA\/UERN dispon\u00edvel\u00a0<span style=\"text-decoration: underline\"><a href=\"https:\/\/portal.uern.br\/wp-content\/uploads\/2023\/03\/SiGAA-Tutorial-de-cadastro-e-recuperacao-de-login-e-senha-PARA-ESTUDANTES.pdf\">aqui<\/a><\/span>.<\/div>\n<div>Tutorial de procedimento de matr\u00edculas no SIGAA\/UERN dispon\u00edvel\u00a0<span style=\"text-decoration: underline\"><a href=\"https:\/\/portal.uern.br\/gabinete\/wp-content\/uploads\/sites\/21\/2023\/04\/SIGAA-Matricula-Discente-atualizado-em-19-04-2023.pdf\">aqui<\/a><\/span>.<\/div>\n<div>Formul\u00e1rio online para matr\u00edcula institucional dispon\u00edvel\u00a0<a href=\"https:\/\/forms.gle\/VdvdrvfJDPZAMRR39\">aqui<\/a>.<\/div>\n<\/div>\n<\/div>\n<\/div>\n","protected":false},"excerpt":{"rendered":"<p>Matr\u00edculas Procedimentos para matr\u00edcula no semestre 2026.1 As matr\u00edculas curriculares dever\u00e3o ser realizadas pelos alunos regulares no per\u00edodo de 09 a 13 de Mar\u00e7o de 2026\u00a0nas plataformas SUAP\/IFRN, SIGAA\/UERN e SIGAA\/UFERSA. As matr\u00edculas dos alunos especiais dever\u00e3o ser realizadas nos dias 12 e 13 de mar\u00e7o de 2026 encaminhando a documenta\u00e7\u00e3o espec\u00edfica atrav\u00e9s do formul\u00e1rio [&hellip;]<\/p>\n","protected":false},"author":22,"featured_media":0,"parent":0,"menu_order":0,"comment_status":"closed","ping_status":"closed","template":"","meta":{"footnotes":""},"class_list":["post-603","page","type-page","status-publish","hentry"],"_links":{"self":[{"href":"https:\/\/portal.uern.br\/propeg\/posensino\/wp-json\/wp\/v2\/pages\/603","targetHints":{"allow":["GET"]}}],"collection":[{"href":"https:\/\/portal.uern.br\/propeg\/posensino\/wp-json\/wp\/v2\/pages"}],"about":[{"href":"https:\/\/portal.uern.br\/propeg\/posensino\/wp-json\/wp\/v2\/types\/page"}],"author":[{"embeddable":true,"href":"https:\/\/portal.uern.br\/propeg\/posensino\/wp-json\/wp\/v2\/users\/22"}],"replies":[{"embeddable":true,"href":"https:\/\/portal.uern.br\/propeg\/posensino\/wp-json\/wp\/v2\/comments?post=603"}],"version-history":[{"count":20,"href":"https:\/\/portal.uern.br\/propeg\/posensino\/wp-json\/wp\/v2\/pages\/603\/revisions"}],"predecessor-version":[{"id":1107,"href":"https:\/\/portal.uern.br\/propeg\/posensino\/wp-json\/wp\/v2\/pages\/603\/revisions\/1107"}],"wp:attachment":[{"href":"https:\/\/portal.uern.br\/propeg\/posensino\/wp-json\/wp\/v2\/media?parent=603"}],"curies":[{"name":"wp","href":"https:\/\/api.w.org\/{rel}","templated":true}]}}