{"id":599,"date":"2025-04-30T13:41:48","date_gmt":"2025-04-30T16:41:48","guid":{"rendered":"https:\/\/portal.uern.br\/propeg\/posensino\/?page_id=599"},"modified":"2025-06-30T12:10:03","modified_gmt":"2025-06-30T15:10:03","slug":"perfil","status":"publish","type":"page","link":"https:\/\/portal.uern.br\/propeg\/posensino\/perfil\/","title":{"rendered":"Perfil"},"content":{"rendered":"<p style=\"font-family: calibri\" align=\"justify\">S\u00e3o duas as categorias de discentes do Programa de P\u00f3s-Gradua\u00e7\u00e3o em Ensino: Alunos(as) regulares; e Alunos(as) especiais.<\/p>\n<p style=\"font-family: calibri\" align=\"justify\">S\u00e3o <strong>alunos(as) regulares<\/strong> os(as) discentes aprovados e classificados no processo seletivo e matriculados no Curso de Mestrado ou de Doutorado com cr\u00e9ditos, pesquisa e elabora\u00e7\u00e3o da disserta\u00e7\u00e3o a serem cumpridos.<\/p>\n<p style=\"font-family: calibri\" align=\"justify\">Constituem-se deveres do discente:<br \/>\nI &#8211; Apresentar, no m\u00ednimo, 75% de frequ\u00eancia nas disciplinas do Programa;<br \/>\nII &#8211; Cumprir os cr\u00e9ditos conforme organiza\u00e7\u00e3o did\u00e1tica do curso;<br \/>\nIII &#8211; Participar das atividades acad\u00eamicas complementares do POSENSINO;<br \/>\nIV &#8211; Desenvolver um projeto de pesquisa de mestrado ou de doutorado articulado a uma das linhas de pesquisa e aderente \u00e0 \u00c1rea de Concentra\u00e7\u00e3o do POSENSINO;<br \/>\nV &#8211; Apresentar a disserta\u00e7\u00e3o ou tese conforme os crit\u00e9rios da \u00c1rea de Ensino\/CAPES;<br \/>\nVI &#8211; Manter o curr\u00edculo lattes e o Orcid sempre atualizado para fins de renova\u00e7\u00e3o de matr\u00edcula; e<br \/>\nVII &#8211; Defender a disserta\u00e7\u00e3o ou tese dentro do prazo estabelecido pelo POSENSINO.<\/p>\n<p style=\"font-family: calibri\" align=\"justify\">Os <strong>alunos(as) especiais<\/strong> os(as) s\u00e3o inscritos(as) em disciplinas isoladas que solicitaram e obtiveram a anu\u00eancia do(a) docente para cursar a disciplina, com vistas \u00e0 obten\u00e7\u00e3o de cr\u00e9ditos e poss\u00edvel aproveitamento na condi\u00e7\u00e3o de aluno(a) regular.<\/p>\n","protected":false},"excerpt":{"rendered":"<p>S\u00e3o duas as categorias de discentes do Programa de P\u00f3s-Gradua\u00e7\u00e3o em Ensino: Alunos(as) regulares; e Alunos(as) especiais. S\u00e3o alunos(as) regulares os(as) discentes aprovados e classificados no processo seletivo e matriculados no Curso de Mestrado ou de Doutorado com cr\u00e9ditos, pesquisa e elabora\u00e7\u00e3o da disserta\u00e7\u00e3o a serem cumpridos. Constituem-se deveres do discente: I &#8211; Apresentar, no [&hellip;]<\/p>\n","protected":false},"author":22,"featured_media":0,"parent":0,"menu_order":0,"comment_status":"closed","ping_status":"closed","template":"","meta":{"footnotes":""},"class_list":["post-599","page","type-page","status-publish","hentry"],"_links":{"self":[{"href":"https:\/\/portal.uern.br\/propeg\/posensino\/wp-json\/wp\/v2\/pages\/599","targetHints":{"allow":["GET"]}}],"collection":[{"href":"https:\/\/portal.uern.br\/propeg\/posensino\/wp-json\/wp\/v2\/pages"}],"about":[{"href":"https:\/\/portal.uern.br\/propeg\/posensino\/wp-json\/wp\/v2\/types\/page"}],"author":[{"embeddable":true,"href":"https:\/\/portal.uern.br\/propeg\/posensino\/wp-json\/wp\/v2\/users\/22"}],"replies":[{"embeddable":true,"href":"https:\/\/portal.uern.br\/propeg\/posensino\/wp-json\/wp\/v2\/comments?post=599"}],"version-history":[{"count":4,"href":"https:\/\/portal.uern.br\/propeg\/posensino\/wp-json\/wp\/v2\/pages\/599\/revisions"}],"predecessor-version":[{"id":887,"href":"https:\/\/portal.uern.br\/propeg\/posensino\/wp-json\/wp\/v2\/pages\/599\/revisions\/887"}],"wp:attachment":[{"href":"https:\/\/portal.uern.br\/propeg\/posensino\/wp-json\/wp\/v2\/media?parent=599"}],"curies":[{"name":"wp","href":"https:\/\/api.w.org\/{rel}","templated":true}]}}