{"id":597,"date":"2025-04-30T13:35:22","date_gmt":"2025-04-30T16:35:22","guid":{"rendered":"https:\/\/portal.uern.br\/propeg\/posensino\/?page_id=597"},"modified":"2025-04-30T13:35:22","modified_gmt":"2025-04-30T16:35:22","slug":"discentes","status":"publish","type":"page","link":"https:\/\/portal.uern.br\/propeg\/posensino\/discentes\/","title":{"rendered":"Discentes"},"content":{"rendered":"<ul>\n<li>\n<h2><a href=\"https:\/\/sigaa.uern.br\/sigaa\/public\/programa\/secao_extra.jsf?lc=pt&amp;id=1049&amp;extra=5234451\">Perfil<\/a><\/h2>\n<\/li>\n<li>\n<h2><a href=\"https:\/\/sigaa.uern.br\/sigaa\/public\/programa\/secao_extra.jsf?lc=pt&amp;id=1049&amp;extra=5234452\">Matr\u00edculas<\/a><\/h2>\n<\/li>\n<li>\n<h2><a href=\"https:\/\/sigaa.uern.br\/sigaa\/public\/programa\/secao_extra.jsf?lc=pt&amp;id=1049&amp;extra=5234453\">Aproveitamento de Disciplinas<\/a><\/h2>\n<\/li>\n<li>\n<h2><a href=\"https:\/\/sigaa.uern.br\/sigaa\/public\/programa\/secao_extra.jsf?lc=pt&amp;id=1049&amp;extra=5234454\">Profici\u00eancia<\/a><\/h2>\n<\/li>\n<li>\n<h2><a href=\"https:\/\/sigaa.uern.br\/sigaa\/public\/programa\/secao_extra.jsf?lc=pt&amp;id=1049&amp;extra=5234455\">Bolsas<\/a><\/h2>\n<\/li>\n<li>\n<h2><a href=\"https:\/\/sigaa.uern.br\/sigaa\/public\/programa\/secao_extra.jsf?lc=pt&amp;id=1049&amp;extra=5234456\">Est\u00e1gio<\/a>\u00a0<a href=\"https:\/\/sigaa.uern.br\/sigaa\/public\/programa\/secao_extra.jsf?lc=pt&amp;id=1049&amp;extra=5234456\">de Doc\u00eancia<\/a><\/h2>\n<\/li>\n<li>\n<h2><a href=\"https:\/\/sigaa.uern.br\/sigaa\/public\/programa\/secao_extra.jsf?lc=pt&amp;id=1049&amp;extra=5234457\">Aux\u00edlio Financeiro<\/a><\/h2>\n<\/li>\n<li>\n<h2><a href=\"https:\/\/sigaa.uern.br\/sigaa\/public\/programa\/secao_extra.jsf?lc=pt&amp;id=1049&amp;extra=5234458\">Atividades Complementares<\/a><\/h2>\n<\/li>\n<li>\n<h2><a href=\"https:\/\/sigaa.uern.br\/sigaa\/public\/programa\/secao_extra.jsf?lc=pt&amp;id=1049&amp;extra=5234459\">Solicita\u00e7\u00e3o de Bancas<\/a><\/h2>\n<\/li>\n<li>\n<h2><a href=\"https:\/\/sigaa.uern.br\/sigaa\/public\/programa\/secao_extra.jsf?lc=pt&amp;id=1049&amp;extra=5236620\">Procedimentos P\u00f3s-Defesa<\/a><\/h2>\n<\/li>\n<\/ul>\n","protected":false},"excerpt":{"rendered":"<p>Perfil Matr\u00edculas Aproveitamento de Disciplinas Profici\u00eancia Bolsas Est\u00e1gio\u00a0de Doc\u00eancia Aux\u00edlio Financeiro Atividades Complementares Solicita\u00e7\u00e3o de Bancas Procedimentos P\u00f3s-Defesa<\/p>\n","protected":false},"author":22,"featured_media":0,"parent":0,"menu_order":0,"comment_status":"closed","ping_status":"closed","template":"","meta":{"footnotes":""},"class_list":["post-597","page","type-page","status-publish","hentry"],"_links":{"self":[{"href":"https:\/\/portal.uern.br\/propeg\/posensino\/wp-json\/wp\/v2\/pages\/597","targetHints":{"allow":["GET"]}}],"collection":[{"href":"https:\/\/portal.uern.br\/propeg\/posensino\/wp-json\/wp\/v2\/pages"}],"about":[{"href":"https:\/\/portal.uern.br\/propeg\/posensino\/wp-json\/wp\/v2\/types\/page"}],"author":[{"embeddable":true,"href":"https:\/\/portal.uern.br\/propeg\/posensino\/wp-json\/wp\/v2\/users\/22"}],"replies":[{"embeddable":true,"href":"https:\/\/portal.uern.br\/propeg\/posensino\/wp-json\/wp\/v2\/comments?post=597"}],"version-history":[{"count":1,"href":"https:\/\/portal.uern.br\/propeg\/posensino\/wp-json\/wp\/v2\/pages\/597\/revisions"}],"predecessor-version":[{"id":598,"href":"https:\/\/portal.uern.br\/propeg\/posensino\/wp-json\/wp\/v2\/pages\/597\/revisions\/598"}],"wp:attachment":[{"href":"https:\/\/portal.uern.br\/propeg\/posensino\/wp-json\/wp\/v2\/media?parent=597"}],"curies":[{"name":"wp","href":"https:\/\/api.w.org\/{rel}","templated":true}]}}