{"id":585,"date":"2025-04-29T11:56:37","date_gmt":"2025-04-29T14:56:37","guid":{"rendered":"https:\/\/portal.uern.br\/propeg\/posensino\/?page_id=585"},"modified":"2025-12-19T10:27:19","modified_gmt":"2025-12-19T13:27:19","slug":"outras-atividades-academicas","status":"publish","type":"page","link":"https:\/\/portal.uern.br\/propeg\/posensino\/outras-atividades-academicas\/","title":{"rendered":"Outras Atividades Acad\u00eamicas"},"content":{"rendered":"<p style=\"font-family: calibri\" align=\"justify\">S\u00e3o consideradas atividades acad\u00eamicas complementares, as publica\u00e7\u00f5es e atividades realizadas no per\u00edodo do curso, conforme a seguir:<\/p>\n<table border=\"value\" width=\"623\" cellspacing=\"0\" cellpadding=\"2\">\n<tbody>\n<tr valign=\"top\">\n<td style=\"background: transparent\" width=\"533\">\n<p class=\"western\" align=\"justify\"><span style=\"color: #000000\"><span style=\"font-family: calibri\">Publica\u00e7\u00e3o ou organiza\u00e7\u00e3o de livro com conselho editorial ou publica\u00e7\u00e3o de artigo em peri\u00f3dico com Qualis CAPES A ou publica\u00e7\u00e3o de livro de car\u00e1ter acad\u00eamico, em coautoria com o orientador.<\/span><\/span><\/p>\n<\/td>\n<td style=\"background: transparent\" width=\"80\">\n<p class=\"western\" align=\"center\"><span style=\"color: #000000\"><span style=\"font-family: calibri\">04 cr\u00e9ditos<\/span><\/span><\/p>\n<\/td>\n<\/tr>\n<tr valign=\"top\">\n<td style=\"background: transparent\" width=\"533\">\n<p class=\"western\" align=\"justify\"><span style=\"color: #000000\"><span style=\"font-family: calibri\">Publica\u00e7\u00e3o de artigo em peri\u00f3dico com Qualis CAPES B ou revista indexada ainda n\u00e3o avaliada pela \u00c1rea de Ensino ou publica\u00e7\u00e3o de cap\u00edtulo de livro, em coautoria com o orientador.<\/span><\/span><\/p>\n<\/td>\n<td style=\"background: transparent\" width=\"80\">\n<p class=\"western\" align=\"center\"><span style=\"color: #000000\"><span style=\"font-family: calibri\">03 cr\u00e9ditos<\/span><\/span><\/p>\n<\/td>\n<\/tr>\n<tr valign=\"top\">\n<td style=\"background: transparent\" width=\"533\">\n<p class=\"western\" align=\"justify\"><span style=\"color: #000000\"><span style=\"font-family: calibri\">Mobilidade Nacional de 2 semestres<\/span><\/span><\/p>\n<\/td>\n<td style=\"background: transparent\" width=\"80\">\n<p class=\"western\" align=\"center\"><span style=\"color: #000000\"><span style=\"font-family: calibri\">03 cr\u00e9ditos<\/span><\/span><\/p>\n<\/td>\n<\/tr>\n<tr valign=\"top\">\n<td style=\"background: transparent\" width=\"533\">\n<p class=\"western\" align=\"justify\"><span style=\"color: #000000\"><span style=\"font-family: calibri\">Mobilidade Nacional de 1 semestre<\/span><\/span><\/p>\n<\/td>\n<td style=\"background: transparent\" width=\"80\">\n<p class=\"western\" align=\"center\"><span style=\"color: #000000\"><span style=\"font-family: calibri\">02 cr\u00e9ditos<\/span><\/span><\/p>\n<\/td>\n<\/tr>\n<tr valign=\"top\">\n<td style=\"background: transparent\" width=\"533\">\n<p class=\"western\" align=\"justify\"><span style=\"color: #000000\"><span style=\"font-family: calibri\">Mobilidade internacional de 2 semestres<\/span><\/span><\/p>\n<\/td>\n<td style=\"background: transparent\" width=\"80\">\n<p class=\"western\" align=\"center\"><span style=\"color: #000000\"><span style=\"font-family: calibri\">04 cr\u00e9ditos<\/span><\/span><\/p>\n<\/td>\n<\/tr>\n<tr valign=\"top\">\n<td style=\"background: transparent\" width=\"533\">\n<p class=\"western\" align=\"justify\"><span style=\"color: #000000\"><span style=\"font-family: calibri\">Mobilidade internacional de 1 semestre<\/span><\/span><\/p>\n<\/td>\n<td style=\"background: transparent\" width=\"80\">\n<p class=\"western\" align=\"center\"><span style=\"color: #000000\"><span style=\"font-family: calibri\">03 cr\u00e9ditos<\/span><\/span><\/p>\n<\/td>\n<\/tr>\n<tr valign=\"top\">\n<td style=\"background: transparent\" width=\"533\">\n<p class=\"western\" align=\"justify\"><span style=\"color: #000000\"><span style=\"font-family: calibri\">Publica\u00e7\u00e3o de trabalho completo em anais de eventos nacionais ou internacionais, em coautoria com o orientador.<\/span><\/span><\/p>\n<\/td>\n<td style=\"background: transparent\" width=\"80\">\n<p class=\"western\" align=\"center\"><span style=\"color: #000000\"><span style=\"font-family: calibri\">01 cr\u00e9dito<\/span><\/span><\/p>\n<\/td>\n<\/tr>\n<tr valign=\"top\">\n<td style=\"background: transparent\" width=\"533\">\n<p class=\"western\" align=\"justify\"><span style=\"color: #000000\"><span style=\"font-family: calibri\">Coordena\u00e7\u00e3o ou participa\u00e7\u00e3o como membro da equipe na oferta de curso de extens\u00e3o institucionalizado (m\u00ednimo 8h\/a) ou produto educacional validado e disponibilizado virtualmente ou mobilidades institucionais nacionais em outro PPG. <\/span><\/span><\/p>\n<\/td>\n<td style=\"background: transparent\" width=\"80\">\n<p class=\"western\" align=\"center\"><span style=\"color: #000000\"><span style=\"font-family: calibri\">02 cr\u00e9ditos<\/span><\/span><\/p>\n<\/td>\n<\/tr>\n<tr valign=\"top\">\n<td style=\"background: transparent\" width=\"533\">\n<p class=\"western\" align=\"justify\"><span style=\"color: #000000\"><span style=\"font-family: calibri\">Participa\u00e7\u00e3o como membro da equipe de projeto de pesquisa institucionalizado<\/span><\/span><\/p>\n<\/td>\n<td style=\"background: transparent\" width=\"80\">\n<p class=\"western\" align=\"center\"><span style=\"color: #000000\"><span style=\"font-family: calibri\">01 cr\u00e9dito<\/span><\/span><\/p>\n<\/td>\n<\/tr>\n<tr valign=\"top\">\n<td style=\"background: transparent\" width=\"533\">\n<p class=\"western\" align=\"justify\"><span style=\"color: #000000\"><span style=\"font-family: calibri\">Est\u00e1gio de doc\u00eancia da estrutura curricular realizado de maneira eletiva<\/span><\/span><\/p>\n<\/td>\n<td style=\"background: transparent\" width=\"80\">\n<p class=\"western\" align=\"center\"><span style=\"color: #000000\"><span style=\"font-family: calibri\">02 cr\u00e9ditos<\/span><\/span><\/p>\n<\/td>\n<\/tr>\n<\/tbody>\n<\/table>\n<p style=\"font-family: calibri\">Para efeito de contabiliza\u00e7\u00e3o dos cr\u00e9ditos em atividades acad\u00eamicas complementares, os discentes devem apresentar pelo menos uma produ\u00e7\u00e3o de natureza bibliogr\u00e1fica em coautoria com o orientador, devendo esta, para os alunos do curso de doutorado, ser em peri\u00f3dico com estrato Qualis A ou par\u00e2metro similar adotado pela \u00e1rea.<\/p>\n<p>&nbsp;<\/p>\n<hr \/>\n<p>&nbsp;<\/p>\n<p style=\"font-family: calibri\" align=\"justify\">O\u00a0Exame de <strong>Qualifica\u00e7\u00e3o do Projeto de Disserta\u00e7\u00e3o<\/strong> dever\u00e1 ser realizado at\u00e9 o 18\u00ba m\u00eas em que o aluno de mestrado estiver matriculado. N\u00e3o se constitui em disciplina, mas num momento fundamental para o aluno, pois seu projeto ser\u00e1 avaliado por uma banca examinadora, que poder\u00e1 ser apenas com professores internos do POSENSINO ou contar com um professor externo. Ap\u00f3s a realiza\u00e7\u00e3o desse exame, o aluno dever\u00e1 submeter seu projeto de pesquisa, quando necess\u00e1rio, ao Comit\u00ea de \u00c9tica da UERN.<\/p>\n<p style=\"font-family: calibri\" align=\"justify\">O aluno do Doutorado deve realizar dois exames de <strong>Qualifica\u00e7\u00e3o de Tese<\/strong>, sendo o primeiro at\u00e9 o 18\u00b0 m\u00eas de matr\u00edcula, com apresenta\u00e7\u00e3o do projeto definitivo e uma perspectiva de organiza\u00e7\u00e3o textual, e o segundo exame at\u00e9 o 30\u00b0 m\u00eas de matr\u00edcula com apresenta\u00e7\u00e3o de pelo menos tr\u00eas se\u00e7\u00f5es de sua tese em andamento, sejam elas introdut\u00f3rias, te\u00f3ricas, metodol\u00f3gicas ou anal\u00edticas, nas quais apresente o andamento de sua pesquisa e as expectativas de continuidade e conclus\u00e3o.<\/p>\n<hr \/>\n<p><span style=\"font-size: 0.7em;letter-spacing: 0px\">\u00a0<\/span><\/p>\n<p style=\"font-family: calibri\" align=\"justify\">A\u00a0<strong>Profici\u00eancia de L\u00edngua Estrangeira\u00a0<\/strong>(ingl\u00eas, espanhol ou franc\u00eas) \u00e9 um requisito obrigat\u00f3rio e deve ser apresentada pelos alunos do Mestrado em at\u00e9 12 meses ap\u00f3s a matr\u00edcula e pelos alunos do Doutorado em at\u00e9 24 meses ap\u00f3s a matr\u00edcula. Para os discentes surdos, faz-se necess\u00e1rio reconhecer a L\u00edngua Brasileira de Sinais (LIBRAS) como primeira l\u00edngua e o portugu\u00eas escrito como l\u00edngua adicional. Ser\u00e1 exigido, para os(as) discentes surdos(as), comprova\u00e7\u00e3o de profici\u00eancia em L\u00edngua Portuguesa escrita.<\/p>\n<hr \/>\n<p>&nbsp;<\/p>\n<p style=\"font-family: calibri\" align=\"justify\">A\u00a0<strong>Disserta\u00e7\u00e3o de Mestrado<\/strong> consiste numa atividade acad\u00eamica obrigat\u00f3ria a todos os alunos do curso de Mestrado. \u00c9 a culmin\u00e2ncia do processo formativo de um Mestre. O aluno dever\u00e1 se matricular nessa atividade ap\u00f3s a consolida\u00e7\u00e3o da atividade de Qualifica\u00e7\u00e3o em seu \u00faltimo semetre de curso. Para a Disserta\u00e7\u00e3o s\u00e3o destinados 06 cr\u00e9ditos, correspondendo a 90 h\/aulas.<\/p>\n<p style=\"font-family: calibri\" align=\"justify\">A <strong>Tese de Doutorado<\/strong> consiste numa atividade acad\u00eamica obrigat\u00f3ria a todos os alunos do curso de Doutorado. \u00c9 a culmin\u00e2ncia do processo formativo de um Doutor. O aluno dever\u00e1 se matricular nessa atividade em seu \u00faltimo semestre de curso. Para a Tese s\u00e3o destinados 06 cr\u00e9ditos, correspondendo a 90 h\/aulas.<\/p>\n<hr \/>\n<p><span style=\"font-size: 0.7em;letter-spacing: 0px\">\u00a0<\/span><\/p>\n<p style=\"font-family: calibri\" align=\"justify\">A\u00a0<strong>defesa p\u00fablica da disserta\u00e7\u00e3o ou tese<\/strong> \u00e9 o momento, ap\u00f3s a integraliza\u00e7\u00e3o de todos os cr\u00e9ditos exigidos, em que o aluno ir\u00e1 apresentar e defender seu trabalho perante a banca examinadora. A banca examinadora de disserta\u00e7\u00e3o \u00e9 composta por tr\u00eas membros titulares e de tese cinco membros titulares com t\u00edtulo de doutor, constitu\u00eddas sempre pelo orientador (Presidente da Banca), um membro interno do POSENSINO e um professor externo pertencente a outro PPG. A banca atribuir\u00e1 os seguintes conceitos ao trabalho apresentado: Aprovado ou N\u00e3o Aprovado.<\/p>\n<p>&nbsp;<\/p>\n","protected":false},"excerpt":{"rendered":"<p>S\u00e3o consideradas atividades acad\u00eamicas complementares, as publica\u00e7\u00f5es e atividades realizadas no per\u00edodo do curso, conforme a seguir: Publica\u00e7\u00e3o ou organiza\u00e7\u00e3o de livro com conselho editorial ou publica\u00e7\u00e3o de artigo em peri\u00f3dico com Qualis CAPES A ou publica\u00e7\u00e3o de livro de car\u00e1ter acad\u00eamico, em coautoria com o orientador. 04 cr\u00e9ditos Publica\u00e7\u00e3o de artigo em peri\u00f3dico com [&hellip;]<\/p>\n","protected":false},"author":22,"featured_media":0,"parent":0,"menu_order":0,"comment_status":"closed","ping_status":"closed","template":"","meta":{"footnotes":""},"class_list":["post-585","page","type-page","status-publish","hentry"],"_links":{"self":[{"href":"https:\/\/portal.uern.br\/propeg\/posensino\/wp-json\/wp\/v2\/pages\/585","targetHints":{"allow":["GET"]}}],"collection":[{"href":"https:\/\/portal.uern.br\/propeg\/posensino\/wp-json\/wp\/v2\/pages"}],"about":[{"href":"https:\/\/portal.uern.br\/propeg\/posensino\/wp-json\/wp\/v2\/types\/page"}],"author":[{"embeddable":true,"href":"https:\/\/portal.uern.br\/propeg\/posensino\/wp-json\/wp\/v2\/users\/22"}],"replies":[{"embeddable":true,"href":"https:\/\/portal.uern.br\/propeg\/posensino\/wp-json\/wp\/v2\/comments?post=585"}],"version-history":[{"count":6,"href":"https:\/\/portal.uern.br\/propeg\/posensino\/wp-json\/wp\/v2\/pages\/585\/revisions"}],"predecessor-version":[{"id":1080,"href":"https:\/\/portal.uern.br\/propeg\/posensino\/wp-json\/wp\/v2\/pages\/585\/revisions\/1080"}],"wp:attachment":[{"href":"https:\/\/portal.uern.br\/propeg\/posensino\/wp-json\/wp\/v2\/media?parent=585"}],"curies":[{"name":"wp","href":"https:\/\/api.w.org\/{rel}","templated":true}]}}