{"id":567,"date":"2025-04-29T10:24:21","date_gmt":"2025-04-29T13:24:21","guid":{"rendered":"https:\/\/portal.uern.br\/propeg\/posensino\/?page_id=567"},"modified":"2025-07-08T10:55:11","modified_gmt":"2025-07-08T13:55:11","slug":"comissoes-internas","status":"publish","type":"page","link":"https:\/\/portal.uern.br\/propeg\/posensino\/comissoes-internas\/","title":{"rendered":"Comiss\u00f5es Internas"},"content":{"rendered":"<pre style=\"font-family: calibri\"><strong>Comiss\u00e3o de Internacionaliza\u00e7\u00e3o do Posensino<\/strong> - Designada pela portaria 01\/2024-POSENSINO<\/pre>\n<pre style=\"font-family: calibri\">Presidente da Comiss\u00e3o:\r\nProf.\u00a0Samuel de Carvalho Lima\r\nMembros:\r\nProf. Jean Mac Cole Tavares Santos\r\nP\u00f3s-Doutoranda Elis\u00e2ngela Gon\u00e7alves Pinheiro\r\n\r\n<\/pre>\n<hr \/>\n<pre style=\"font-family: calibri\"><strong>Comiss\u00e3o de sele\u00e7\u00e3o de bolsistas<\/strong> - Designada pela portaria 01\/2025-POSENSINO\r\n\r\nProfessores:\r\nProf.\u00a0Ananias Agostinho da Silva (Presidente da comiss\u00e3o)\r\nProf.\u00a0Aldeci Fernandes da Cunha\r\nProf.\u00a0Leonardo Le\u00f4nidas de Brito\r\n\r\nDiscente:\r\nDiana Rodrigues dos Santos\r\n\r\nT\u00e9cnica:\r\nT.N.M. Adna Raquel de M. Barreto Costa\r\n\r\n<\/pre>\n<hr \/>\n<pre style=\"font-family: calibri\"><strong>Comiss\u00e3o de Sele\u00e7\u00e3o de alunos especiais<\/strong> - Designada pela Portaria n\u00b0 002\/2025-POSENSINO\r\n\r\nProf. Guilherme Paiva de Carvalho\r\nProfa. Maria Jos\u00e9 Costa Fernandes\r\nProf. Leonardo Alc\u00e2ntara Alves\r\nSecret\u00e1ria Adna Raquel de M. Barreto Costa<\/pre>\n<hr \/>\n<pre style=\"font-family: calibri\"><strong>Comiss\u00e3o de Planejamento Estrat\u00e9gico do Posensino<\/strong> - Designada pela Portaria n\u00b0 003\/2025-POSENSINO\r\n\r\nProf. Guilherme Paiva de Carvalho\r\nProf. Marcelo Bezerra de Morais\r\nProf. Jean Mac Cole Tavares Santos\r\nProfa. Jos\u00e9lia Carvalho Ara\u00fajo<\/pre>\n<hr \/>\n<pre style=\"font-family: calibri\"><strong>Comiss\u00e3o de Atualiza\u00e7\u00e3o do Regimento do Posensino<\/strong> - Designada pela Portaria n\u00b0 004\/2025-POSENSINO\r\n\r\nProf. Guilherme Paiva de Carvalho\r\nProf. Ananias Agostinho da Silva\r\nProf. Francisco das Chagas Silva Souza\r\n\r\nRepresentante discente:\r\nAna Karollyne Queiroz de Lima\r\n\r\nT\u00e9cnica:\r\nT.N.M. Adna Raquel de M. Barreto Costa<\/pre>\n<hr \/>\n<pre style=\"font-family: calibri\"><strong>Comiss\u00e3o de sele\u00e7\u00e3o de alunos Regulares para turmas 2026<\/strong> - Designada pela Portaria n\u00b0 006\/2025-POSENSINO\r\n\r\nProf. Guilherme Paiva de Carvalho\r\nProf. Jean Mac Cole Tavares Santos\r\nProfa. Eliane Anselmo da Silva\r\nProf. Ananias Agostinho da Silva\r\nProfa. Karla Raphaella Costa Pereira\r\nProf. L\u00e1zaro Luis de Lima Sousa\r\nProf. Marcelo Bezerra de Morais\r\nProf. Emerson Augusto de Medeiros\r\nProf. Leonardo Le\u00f4nidas de Brito\r\n\r\nRepresentantes discentes: \r\nDaniel Henrique Faustino\r\nAreillen Ronney Rocha Reges\r\n\r\nRepresentante T\u00e9cnico: T.N.M. Adna Raquel de M. Barreto Costa<\/pre>\n","protected":false},"excerpt":{"rendered":"<p>Comiss\u00e3o de Internacionaliza\u00e7\u00e3o do Posensino &#8211; Designada pela portaria 01\/2024-POSENSINO Presidente da Comiss\u00e3o: Prof.\u00a0Samuel de Carvalho Lima Membros: Prof. Jean Mac Cole Tavares Santos P\u00f3s-Doutoranda Elis\u00e2ngela Gon\u00e7alves Pinheiro Comiss\u00e3o de sele\u00e7\u00e3o de bolsistas &#8211; Designada pela portaria 01\/2025-POSENSINO Professores: Prof.\u00a0Ananias Agostinho da Silva (Presidente da comiss\u00e3o) Prof.\u00a0Aldeci Fernandes da Cunha Prof.\u00a0Leonardo Le\u00f4nidas de Brito Discente: [&hellip;]<\/p>\n","protected":false},"author":22,"featured_media":0,"parent":0,"menu_order":0,"comment_status":"closed","ping_status":"closed","template":"","meta":{"footnotes":""},"class_list":["post-567","page","type-page","status-publish","hentry"],"_links":{"self":[{"href":"https:\/\/portal.uern.br\/propeg\/posensino\/wp-json\/wp\/v2\/pages\/567","targetHints":{"allow":["GET"]}}],"collection":[{"href":"https:\/\/portal.uern.br\/propeg\/posensino\/wp-json\/wp\/v2\/pages"}],"about":[{"href":"https:\/\/portal.uern.br\/propeg\/posensino\/wp-json\/wp\/v2\/types\/page"}],"author":[{"embeddable":true,"href":"https:\/\/portal.uern.br\/propeg\/posensino\/wp-json\/wp\/v2\/users\/22"}],"replies":[{"embeddable":true,"href":"https:\/\/portal.uern.br\/propeg\/posensino\/wp-json\/wp\/v2\/comments?post=567"}],"version-history":[{"count":6,"href":"https:\/\/portal.uern.br\/propeg\/posensino\/wp-json\/wp\/v2\/pages\/567\/revisions"}],"predecessor-version":[{"id":961,"href":"https:\/\/portal.uern.br\/propeg\/posensino\/wp-json\/wp\/v2\/pages\/567\/revisions\/961"}],"wp:attachment":[{"href":"https:\/\/portal.uern.br\/propeg\/posensino\/wp-json\/wp\/v2\/media?parent=567"}],"curies":[{"name":"wp","href":"https:\/\/api.w.org\/{rel}","templated":true}]}}