{"id":565,"date":"2025-04-29T10:18:55","date_gmt":"2025-04-29T13:18:55","guid":{"rendered":"https:\/\/portal.uern.br\/propeg\/posensino\/?page_id=565"},"modified":"2025-06-27T12:16:36","modified_gmt":"2025-06-27T15:16:36","slug":"colegiado","status":"publish","type":"page","link":"https:\/\/portal.uern.br\/propeg\/posensino\/colegiado\/","title":{"rendered":"Colegiado"},"content":{"rendered":"<pre style=\"font-family: calibri\"><strong>Docentes Permanentes:<\/strong>\r\n\r\nProfa. Ady Can\u00e1rio de Souza Estev\u00e3o\r\nProf. Albino Oliveira Nunes\r\nProf. Aldeci Fernandes da Cunha\r\nProf. Ananias Agostinho da Silva\r\nProf. Dem\u00f3stenes Dantas Vieira\r\nProf\u00aa. Eliane Anselmo da Silva\r\nProf. Emerson Augusto de Medeiros\r\nProf. Evanilson Gurgel de Carvalho Filho\r\nProf. Francisco das Chagas Silva Souza\r\nProf. Francisco Souto de Sousa Junior\r\nProf. Francisco Vieira da Silva\r\nProf. Giann Mendes Ribeiro\r\nProf. Gleisson do Carmo Oliveira\r\nProf. Guilherme Paiva de Carvalho Martins\r\nProf. Jean Mac Cole Tavares Santos\r\nProf<sup>a<\/sup>\u00a0Jos\u00e9lia Carvalho de Ara\u00fajo\r\nProf. Jucieude de Lucena Evangelista\r\nProfa. Karla Raphaella Costa Pereira\r\nProf. L\u00e1zaro Luis de Lima Sousa\r\nProf. Leonardo Alc\u00e2ntara Alves\r\nProf. Leonardo Le\u00f4nidas de Brito\r\nProf\u00aa. Luciana Medeiros Bertini\r\nProf. Manasses Pereira N\u00f3brega\r\nProf. Marcelo Bezerra de Morais\r\n<span lang=\"pt-BR\">Prof. Marcelo Nunes Coelho<\/span>\r\n<span lang=\"pt-BR\">Prof\u00aa M\u00e1rcia Maria Alves de Assis<\/span>\r\nProfa. Maria Carmem Silva Batista\r\nProfa. Maria Jos\u00e9 Costa Fernandes\r\n<span lang=\"pt-BR\">Prof\u00aa Maria Margarita Villegas Graterol<\/span>\r\nProf. Paulo Augusto Tamanini\r\nProf. Samuel de Carvalho Lima\r\nProf\u00aa. Simone Maria da Rocha\r\nProf\u00aa. Ver\u00f4nica Maria de Ara\u00fajo Pontes\r\n\r\n<strong>Representante T\u00e9cnico Administrativo<\/strong>\r\nTNM Adna Raquel de Morais Barreto Costa\r\n\r\n<strong>Representante Discente<\/strong>\r\nDiana Rodrigues dos Santos (Titular)\r\nAna Karollyne Queiroz De Lima (Suplente)<\/pre>\n","protected":false},"excerpt":{"rendered":"<p>Docentes Permanentes: Profa. Ady Can\u00e1rio de Souza Estev\u00e3o Prof. Albino Oliveira Nunes Prof. Aldeci Fernandes da Cunha Prof. Ananias Agostinho da Silva Prof. Dem\u00f3stenes Dantas Vieira Prof\u00aa. Eliane Anselmo da Silva Prof. Emerson Augusto de Medeiros Prof. Evanilson Gurgel de Carvalho Filho Prof. Francisco das Chagas Silva Souza Prof. Francisco Souto de Sousa Junior Prof. [&hellip;]<\/p>\n","protected":false},"author":22,"featured_media":0,"parent":0,"menu_order":0,"comment_status":"closed","ping_status":"closed","template":"","meta":{"footnotes":""},"class_list":["post-565","page","type-page","status-publish","hentry"],"_links":{"self":[{"href":"https:\/\/portal.uern.br\/propeg\/posensino\/wp-json\/wp\/v2\/pages\/565","targetHints":{"allow":["GET"]}}],"collection":[{"href":"https:\/\/portal.uern.br\/propeg\/posensino\/wp-json\/wp\/v2\/pages"}],"about":[{"href":"https:\/\/portal.uern.br\/propeg\/posensino\/wp-json\/wp\/v2\/types\/page"}],"author":[{"embeddable":true,"href":"https:\/\/portal.uern.br\/propeg\/posensino\/wp-json\/wp\/v2\/users\/22"}],"replies":[{"embeddable":true,"href":"https:\/\/portal.uern.br\/propeg\/posensino\/wp-json\/wp\/v2\/comments?post=565"}],"version-history":[{"count":3,"href":"https:\/\/portal.uern.br\/propeg\/posensino\/wp-json\/wp\/v2\/pages\/565\/revisions"}],"predecessor-version":[{"id":871,"href":"https:\/\/portal.uern.br\/propeg\/posensino\/wp-json\/wp\/v2\/pages\/565\/revisions\/871"}],"wp:attachment":[{"href":"https:\/\/portal.uern.br\/propeg\/posensino\/wp-json\/wp\/v2\/media?parent=565"}],"curies":[{"name":"wp","href":"https:\/\/api.w.org\/{rel}","templated":true}]}}