{"id":563,"date":"2025-04-29T10:13:31","date_gmt":"2025-04-29T13:13:31","guid":{"rendered":"https:\/\/portal.uern.br\/propeg\/posensino\/?page_id=563"},"modified":"2025-12-16T09:30:35","modified_gmt":"2025-12-16T12:30:35","slug":"administrativo","status":"publish","type":"page","link":"https:\/\/portal.uern.br\/propeg\/posensino\/administrativo\/","title":{"rendered":"Administrativo"},"content":{"rendered":"<pre style=\"font-family: calibri\"><strong>Programa de P\u00f3s-Gradua\u00e7\u00e3o em Ensino - Associa\u00e7\u00e3o ampla UERN, UFERSA e IFRN.<\/strong>\r\n<strong>\r\nCoordena\u00e7\u00e3o Geral na UERN<\/strong>\r\n\r\nCoordenador Geral:\r\nGuilherme Paiva de Carvalho\r\nE-mail: guilhermepaiva@uern.br\r\n\r\nVice-Coordenadora geral:\r\nProfa. Dra. Jos\u00e9lia Carvalho de Ara\u00fajo\r\nE-mail: joseliacarvalho@uern.br\r\n\r\nSecret\u00e1ria geral:\r\nT.N.M. Adna Raquel de Morais Barreto Costa\r\nBR 110, KM 48, Av. Prof. Ant\u00f4nio Campos, Costa e Silva, CEP: 59610-090, Mossor\u00f3-RN.\r\nEmail: posensino@mestrado.uern.br\r\nHor\u00e1rio de funcionamento 08:00 \u00e0s 14:00 (Faculdade De Educa\u00e7\u00e3o, Campus Central da UERN)<\/pre>\n<hr \/>\n<pre style=\"font-family: calibri\"><strong>Coordena\u00e7\u00e3o Local da UFERSA<\/strong>\r\n\r\nCoordenador local da UFERSA\r\nProf. Dr. Emerson Augusto de Medeiros\r\nE-mail: emerson.medeiros@ufersa.edu.br\r\n\r\nVice-coordenador local da UFERSA:\r\nProf. Dr. Ananias Agostinho da Silva\r\nE-mail:\u00a0ananias.silva@ufersa.edu.br<\/pre>\n<pre style=\"font-family: calibri\">Contato telef\u00f4nico da secretaria da ProPPG: (84) 3317-8313\r\nE-mail da secretaria da ProPPG: secpos@ufersa.edu.br<\/pre>\n<hr \/>\n<pre style=\"font-family: calibri\"><strong>Coordena\u00e7\u00e3o Local do IFRN<\/strong>\r\n\r\nCoordenador Local do IFRN:\r\nProf. Dr. Francisco das Chagas Silva Souza\r\nE-mail: chagas.souza@ifrn.edu.br\r\n\r\nE-mail da cordena\u00e7\u00e3o local:\u00a0posensino@ifrn.edu.br<\/pre>\n","protected":false},"excerpt":{"rendered":"<p>Programa de P\u00f3s-Gradua\u00e7\u00e3o em Ensino &#8211; Associa\u00e7\u00e3o ampla UERN, UFERSA e IFRN. Coordena\u00e7\u00e3o Geral na UERN Coordenador Geral: Guilherme Paiva de Carvalho E-mail: guilhermepaiva@uern.br Vice-Coordenadora geral: Profa. Dra. Jos\u00e9lia Carvalho de Ara\u00fajo E-mail: joseliacarvalho@uern.br Secret\u00e1ria geral: T.N.M. Adna Raquel de Morais Barreto Costa BR 110, KM 48, Av. Prof. Ant\u00f4nio Campos, Costa e Silva, CEP: [&hellip;]<\/p>\n","protected":false},"author":22,"featured_media":0,"parent":0,"menu_order":0,"comment_status":"closed","ping_status":"closed","template":"","meta":{"footnotes":""},"class_list":["post-563","page","type-page","status-publish","hentry"],"_links":{"self":[{"href":"https:\/\/portal.uern.br\/propeg\/posensino\/wp-json\/wp\/v2\/pages\/563","targetHints":{"allow":["GET"]}}],"collection":[{"href":"https:\/\/portal.uern.br\/propeg\/posensino\/wp-json\/wp\/v2\/pages"}],"about":[{"href":"https:\/\/portal.uern.br\/propeg\/posensino\/wp-json\/wp\/v2\/types\/page"}],"author":[{"embeddable":true,"href":"https:\/\/portal.uern.br\/propeg\/posensino\/wp-json\/wp\/v2\/users\/22"}],"replies":[{"embeddable":true,"href":"https:\/\/portal.uern.br\/propeg\/posensino\/wp-json\/wp\/v2\/comments?post=563"}],"version-history":[{"count":5,"href":"https:\/\/portal.uern.br\/propeg\/posensino\/wp-json\/wp\/v2\/pages\/563\/revisions"}],"predecessor-version":[{"id":1067,"href":"https:\/\/portal.uern.br\/propeg\/posensino\/wp-json\/wp\/v2\/pages\/563\/revisions\/1067"}],"wp:attachment":[{"href":"https:\/\/portal.uern.br\/propeg\/posensino\/wp-json\/wp\/v2\/media?parent=563"}],"curies":[{"name":"wp","href":"https:\/\/api.w.org\/{rel}","templated":true}]}}