{"id":483,"date":"2023-02-08T12:17:08","date_gmt":"2023-02-08T15:17:08","guid":{"rendered":"http:\/\/beta.apps.uern.br\/wordpress\/progep\/?page_id=483"},"modified":"2023-02-08T13:00:34","modified_gmt":"2023-02-08T16:00:34","slug":"assistencia-ao-servidor","status":"publish","type":"page","link":"https:\/\/portal.uern.br\/progep\/assistencia-ao-servidor\/","title":{"rendered":"Assist\u00eancia ao Servidor"},"content":{"rendered":"<p><strong><img fetchpriority=\"high\" decoding=\"async\" src=\"https:\/\/www.uern.br\/controledepaginas\/progep-assitencia\/imagens\/6039feed_album_2_copia.png\" alt=\"\" width=\"494\" height=\"204\" \/><\/strong><\/p>\n<h3><strong>SETOR\u00a0DE\u00a0ASSIST\u00caNCIA AO SERVIDOR\u00a0(SAS)<\/strong><\/h3>\n<p>O SAS\u00a0atua com foco na sa\u00fade e na qualidade de vida dos servidores da UERN. Para tanto, desenvolve o\u00a0<em><strong>Programa de Assist\u00eancia ao Servidor: sa\u00fade e qualidade de vida<\/strong><\/em>\u00a0voltado aos nossos servidores (docentes e t\u00e9cnico-administrativos), cujas a\u00e7\u00f5es podem ser extensivas a dependentes e comunidade externa. O Programa tem como principal objetivo a realiza\u00e7\u00e3o de projetos, campanhas diversas e a Semana de Aten\u00e7\u00e3o a Sa\u00fade e Seguran\u00e7a no Trabalho (SEAST), que comp\u00f5em a Pol\u00edtica de Sa\u00fade e Seguran\u00e7a no Trabalho da UERN,\u00a0institu\u00edda pela Resolu\u00e7\u00e3o n\u00ba 004\/2019-CD.<\/p>\n<p>Fazem parte\u00a0do\u00a0programa, campanhas de vacina\u00e7\u00e3o, de preven\u00e7\u00e3o e combate ao ass\u00e9dio,\u00a0UERN Pela Vida (setembro amarelo),\u00a0Outubro\u00a0Rosa,\u00a0Novembro\u00a0Azul\u00a0e a Campanha Meu Melhor Natal, de cunho social e solid\u00e1rio, al\u00e9m de uma s\u00e9rie de a\u00e7\u00f5es voltadas a promo\u00e7\u00e3o da sa\u00fade e do bem-estar,\u00a0executadas por meio de parcerias internas e externas.<\/p>\n<hr \/>\n<h3><strong>Acompanhamento Psicossocial<\/strong><\/h3>\n<p><img decoding=\"async\" src=\"https:\/\/www.uern.br\/controledepaginas\/progep-assistencia\/imagens\/6039os_dois.png\" alt=\"\" width=\"495\" height=\"220\" \/><\/p>\n<p>A PROGEP, por meio do setor de assist\u00eancia ao servidor, oferta atendimento especializado em psicologia organizacional, em busca da sa\u00fade, qualidade de vida e bem-estar na rotina profissional. Os atendimentos e acompanhamentos se configuram em individuais e\/ou coletivos de acordo com as necessidades. Estamos aqui para te acolher!<\/p>\n<p>O\u00a0servidor interessado ou o chefe\u00a0imediato pode agendar\u00a0hor\u00e1rio\u00a0para atendimento no\u00a0SAS\u00a0atrav\u00e9s do e-mail:\u00a0<a href=\"mailto:ddo@uern.br\">ddo.<\/a><a href=\"mailto:ddo@uern.br\">progep<\/a><a href=\"mailto:ddo@uern.br\">@uern.br<\/a><\/p>\n<hr \/>\n<h3><strong>Projeto Cuide-se: promova sua paz interior!<\/strong><\/h3>\n<h4><strong>Com a T\u00e9cnica de Libera\u00e7\u00e3o Emocional (EFT)<\/strong><\/h4>\n<p><img decoding=\"async\" src=\"https:\/\/www.uern.br\/controledepaginas\/progep-assistencia\/imagens\/6039capa.png\" alt=\"\" width=\"543\" height=\"299\" \/><\/p>\n<p>Buscando proporcionar maior qualidade de vida aos servidores da UERN, o\u00a0Programa de Assist\u00eancia ao Servidor: sa\u00fade e qualidade de vida, executa o\u00a0PROJETO CUIDE-SE: PROMOVA SUA PAZ INTERIOR, que visa auxiliar servidores no al\u00edvio de quest\u00f5es emocionais e f\u00edsicas, promovendo bem-estar e alcan\u00e7ando paz interior, por meio da T\u00e9cnica de Libera\u00e7\u00e3o Emocional (EFT).<\/p>\n<p>A EFT \u00e9 baseada na Medicina Tradicional Chinesa e na Psicologia Moderna. Atua no desbloqueio de canais energ\u00e9ticos (meridianos) estudados pela acupuntura h\u00e1 mil\u00eanios. \u00c9 uma t\u00e9cnica simples, com resultados r\u00e1pidos, profundos e duradouros, promovendo sa\u00fade f\u00edsica e emocional para quem a utiliza.<\/p>\n<p>Terapeuta: TNS Ana Claudia de Medeiros<\/p>\n<p><strong>Para agendamento com a terapeuta, preencha o formul\u00e1rio clicando\u00a0<a href=\"https:\/\/docs.google.com\/forms\/d\/e\/1FAIpQLSdEAwsjI6xCN6c2_vPyVUPIxkZ0FhbwcpUiuIPA0lYP_zoYFg\/viewform\" target=\"_blank\" rel=\"noopener\">AQUI<\/a><\/strong><\/p>\n<hr \/>\n<h3><strong>Assist\u00eancia M\u00e9dica &#8211; Aux\u00edlio Sa\u00fade<\/strong><\/h3>\n<p><span lang=\"pt-BR\">Institu\u00eddo pela Lei\u00a0Complementar n\u00ba 608, de 14 de dezembro de 2017 e\u00a0pela Resolu\u00e7\u00e3o\u00a0n\u00b0\u00a0<\/span><span lang=\"pt-BR\">0<\/span><span lang=\"pt-BR\">06\/2019-CD<\/span><span lang=\"pt-BR\">, o Aux\u00edlio Sa\u00fade surgiu da necessidade de beneficiar\u00a0aos servidores um servi\u00e7o de sa\u00fade de qualidade.\u00a0S\u00e3o contemplados pelo benef\u00edcio todos os\u00a0servidores ativos e inativos integrantes do quadro de pessoal da FUERN, bem como, servidores cedidos e comissionados que estejam desenvolvendo suas atividades no \u00e2mbito da UERN.<\/span><\/p>\n<p>Mais informa\u00e7\u00f5es sobre aux\u00edlio-sa\u00fade\u00a0<a href=\"http:\/\/progep.uern.br\/default.asp?item=prorhae-auxiliosaude\" target=\"_blank\" rel=\"noopener\"><strong>AQUI<\/strong><\/a><\/p>\n<hr \/>\n<h4><strong><span lang=\"pt-BR\">Assist\u00eancia Odontol\u00f3gica<\/span><\/strong><\/h4>\n<p><span lang=\"pt-BR\">O Consult\u00f3rio Odontol\u00f3gico da PROGEP disponibiliza aos servidores,\u00a0dependentes a aos alunos residentes,<\/span><span lang=\"pt-BR\">\u00a0tratamento\u00a0<\/span><span lang=\"pt-BR\">bucal em<\/span><span lang=\"pt-BR\">\u00a0n\u00edvel b\u00e1sico,\u00a0<\/span><span lang=\"pt-BR\">com<\/span><span lang=\"pt-BR\">\u00a0a\u00e7\u00f5es preventivas, curativas\u00a0<\/span><span lang=\"pt-BR\">e<\/span><span lang=\"pt-BR\">\u00a0orienta\u00e7\u00e3o de higiene oral,\u00a0\u00a0por meio d<\/span><span lang=\"pt-BR\">a<\/span>\u00a0<span lang=\"pt-BR\">realiza\u00e7\u00e3o de diagn\u00f3stico cl\u00ednico,\u00a0<\/span><span lang=\"pt-BR\">tratamento e\u00a0<\/span><span lang=\"pt-BR\">preven\u00e7\u00e3o da sa\u00fade bucal.<\/span><\/p>\n<p><span lang=\"pt-BR\"><img loading=\"lazy\" decoding=\"async\" src=\"https:\/\/www.uern.br\/controledepaginas\/progep-assitencia\/imagens\/6039dra._fernanda_morais_10082011_luciano_lellys_(4)_2000x1333.jpg\" alt=\"\" width=\"541\" height=\"365\" \/><\/span><\/p>\n<p><span lang=\"pt-BR\">S\u00e3o disponibilizados 05 (cinco) atendimentos\u00a0eletivos<\/span>\u00a0<span lang=\"pt-BR\">e 01 (uma) urg\u00eancia,\u00a0por dia.\u00a0<\/span>A<span lang=\"pt-BR\">s consultas\u00a0<\/span><span lang=\"pt-BR\">podem ser<\/span><span lang=\"pt-BR\">\u00a0marcadas\u00a0<\/span><span lang=\"pt-BR\">de segunda a<\/span>\u00a0<span lang=\"pt-BR\">sexta, das 7h \u00e0s 11h, e das 13h \u00e0s 17h. O agendamento pode ser feito pelo telefone\u00a0<\/span><strong><span lang=\"pt-BR\">(84)\u00a0<\/span><\/strong><span lang=\"pt-BR\">3315-2110<\/span>\u00a0<span lang=\"pt-BR\">ou pessoalmente, no pr\u00f3prio consult\u00f3rio localizado no Edif\u00edcio Ep\u00edlogo de Campos, Pra\u00e7a Miguel Faustino, S\/N \u2013 Centro, Mossor\u00f3-RN \u2013 CEP:<\/span>\u00a0<span lang=\"pt-BR\">59.600-220.<\/span><\/p>\n<p>Documenta\u00e7\u00e3o Necess\u00e1ria:<\/p>\n<p>* Titular: C\u00f3pia do RG.<br \/>\n* Dependentes: Filhos, C\u00f3pia do RG ou Certid\u00e3o de Nascimento; C\u00f3pia do RG do titular;<br \/>\n* Pais: C\u00f3pia do RG; C\u00f3pia do RG do titular;<br \/>\n* C\u00f4njuge: C\u00f3pia do RG; C\u00f3pia do RG do titular; C\u00f3pia da Certid\u00e3o de Casamento ou Declara\u00e7\u00e3o de Uni\u00e3o Est\u00e1vel;<\/p>\n<hr \/>\n<h3>Um Olhar para o Amanh\u00e3 &#8211; Programa de Prepara\u00e7\u00e3o para Aposentadoria (PPA)<\/h3>\n<p>Tem como objetivo proporcionar melhor compreens\u00e3o e aceita\u00e7\u00e3o da transi\u00e7\u00e3o da vida laboral para a aposentadoria, auxiliando no planejamento e encerramento de suas atividades no servi\u00e7o p\u00fablico, nos aspectos profissional, psicol\u00f3gico, pessoal e relacional com seus colegas de trabalho e seus familiares.<\/p>\n<p><img loading=\"lazy\" decoding=\"async\" src=\"https:\/\/www.uern.br\/controledepaginas\/progep-assitencia\/imagens\/6039curso_do_ppa_na_faef_19092016_(12)_2000x1333.jpg\" alt=\"\" width=\"519\" height=\"244\" \/><\/p>\n<p>Programa\u00e7\u00e3o Completa\u00a0<strong>AQUI<\/strong><\/p>\n<hr \/>\n<h3><strong><span lang=\"pt-BR\">CAMPANHAS<\/span><\/strong><\/h3>\n<ul>\n<li><strong><span lang=\"pt-BR\">UERN Por Elas<\/span><\/strong><\/li>\n<li><strong><span lang=\"pt-BR\">Abril Sa\u00fade &#8211; Abril Verde<\/span><\/strong><\/li>\n<li><a href=\"http:\/\/progep.uern.br\/default.asp?item=progep-prevencaoassedio\" target=\"_blank\" rel=\"noopener\"><strong><span lang=\"pt-BR\">Prevens\u00e3o e Combate ao Ass\u00e9dio na UERN<\/span><\/strong><\/a><\/li>\n<li><a href=\"http:\/\/progep.uern.br\/default.asp?item=progep-uernpelavida\" target=\"_blank\" rel=\"noopener\"><strong><span lang=\"pt-BR\">UERN Pela Vida &#8211; Setembro Amarelo<\/span><\/strong><\/a><\/li>\n<li><a href=\"http:\/\/progep.uern.br\/default.asp?item=progep-seast\" target=\"_blank\" rel=\"noopener\"><strong><span lang=\"pt-BR\">Semana de Aten\u00e7\u00e3o a Sa\u00fade e Seguran\u00e7a no Trabalho &#8211; SEAST<\/span><\/strong><\/a><\/li>\n<li><a href=\"http:\/\/progep.uern.br\/default.asp?item=progep-melhornatal\" target=\"_blank\" rel=\"noopener\"><strong><span lang=\"pt-BR\">Meu Melhor Natal<\/span><\/strong><\/a><\/li>\n<\/ul>\n","protected":false},"excerpt":{"rendered":"<p>SETOR\u00a0DE\u00a0ASSIST\u00caNCIA AO SERVIDOR\u00a0(SAS) O SAS\u00a0atua com foco na sa\u00fade e na qualidade de vida dos servidores da UERN. Para tanto, desenvolve o\u00a0Programa de Assist\u00eancia ao Servidor: sa\u00fade e qualidade de vida\u00a0voltado aos nossos servidores (docentes e t\u00e9cnico-administrativos), cujas a\u00e7\u00f5es podem ser extensivas a dependentes e comunidade externa. O Programa tem como principal objetivo a realiza\u00e7\u00e3o [&hellip;]<\/p>\n","protected":false},"author":2,"featured_media":0,"parent":0,"menu_order":0,"comment_status":"closed","ping_status":"closed","template":"","meta":{"footnotes":""},"class_list":["post-483","page","type-page","status-publish","hentry"],"_links":{"self":[{"href":"https:\/\/portal.uern.br\/progep\/wp-json\/wp\/v2\/pages\/483","targetHints":{"allow":["GET"]}}],"collection":[{"href":"https:\/\/portal.uern.br\/progep\/wp-json\/wp\/v2\/pages"}],"about":[{"href":"https:\/\/portal.uern.br\/progep\/wp-json\/wp\/v2\/types\/page"}],"author":[{"embeddable":true,"href":"https:\/\/portal.uern.br\/progep\/wp-json\/wp\/v2\/users\/2"}],"replies":[{"embeddable":true,"href":"https:\/\/portal.uern.br\/progep\/wp-json\/wp\/v2\/comments?post=483"}],"version-history":[{"count":2,"href":"https:\/\/portal.uern.br\/progep\/wp-json\/wp\/v2\/pages\/483\/revisions"}],"predecessor-version":[{"id":497,"href":"https:\/\/portal.uern.br\/progep\/wp-json\/wp\/v2\/pages\/483\/revisions\/497"}],"wp:attachment":[{"href":"https:\/\/portal.uern.br\/progep\/wp-json\/wp\/v2\/media?parent=483"}],"curies":[{"name":"wp","href":"https:\/\/api.w.org\/{rel}","templated":true}]}}