{"id":480,"date":"2023-02-07T14:19:08","date_gmt":"2023-02-07T17:19:08","guid":{"rendered":"http:\/\/beta.apps.uern.br\/wordpress\/progep\/?page_id=480"},"modified":"2023-02-08T12:30:04","modified_gmt":"2023-02-08T15:30:04","slug":"diretoria-de-pessoal","status":"publish","type":"page","link":"https:\/\/portal.uern.br\/progep\/diretoria-de-pessoal\/","title":{"rendered":"Diretoria de Pessoal"},"content":{"rendered":"<table>\n<tbody>\n<tr>\n<td>\n<h3>Diretoria de Pessoal<\/h3>\n<\/td>\n<\/tr>\n<\/tbody>\n<\/table>\n<h3>Respons\u00e1vel pela provis\u00e3o e acompanhamento da vida funcional dos servidores docentes e t\u00e9cnico-administrativos da UERN.<\/h3>\n<h4>Setor de Cadastro de Pessoal<\/h4>\n<p>Respons\u00e1vel pela organiza\u00e7\u00e3o e atualiza\u00e7\u00e3o do cadastro dos servidores docentes e t\u00e9cnico-administrativos da Institui\u00e7\u00e3o. Realiza tamb\u00e9m o controle de F\u00e9rias e Progress\u00f5es dos servidores.<\/p>\n<h4>Setor de Legisla\u00e7\u00e3o e Encargos Sociais<\/h4>\n<p>Respons\u00e1vel pelo acompanhamento e encaminhamento de relat\u00f3rios e processos referentes \u00e0s quest\u00f5es trabalhistas, previdenci\u00e1rias e tribut\u00e1rias.<\/p>\n<h4>Departamento de Controle de Folha de Pagamento<\/h4>\n<p>Respons\u00e1vel pelo processamento das folhas de pagamento dos servidores docentes e t\u00e9cnico-administrativos da Institui\u00e7\u00e3o e de pessoa f\u00edsica prestadora de servi\u00e7o \u00e0 UERN.\u00a0Tamb\u00e9m administra a concess\u00e3o de margem para empr\u00e9stimos consignados em folha para os servidores da Institui\u00e7\u00e3o.<\/p>\n","protected":false},"excerpt":{"rendered":"<p>Diretoria de Pessoal Respons\u00e1vel pela provis\u00e3o e acompanhamento da vida funcional dos servidores docentes e t\u00e9cnico-administrativos da UERN. Setor de Cadastro de Pessoal Respons\u00e1vel pela organiza\u00e7\u00e3o e atualiza\u00e7\u00e3o do cadastro dos servidores docentes e t\u00e9cnico-administrativos da Institui\u00e7\u00e3o. Realiza tamb\u00e9m o controle de F\u00e9rias e Progress\u00f5es dos servidores. Setor de Legisla\u00e7\u00e3o e Encargos Sociais Respons\u00e1vel pelo [&hellip;]<\/p>\n","protected":false},"author":2,"featured_media":0,"parent":0,"menu_order":0,"comment_status":"closed","ping_status":"closed","template":"","meta":{"footnotes":""},"class_list":["post-480","page","type-page","status-publish","hentry"],"_links":{"self":[{"href":"https:\/\/portal.uern.br\/progep\/wp-json\/wp\/v2\/pages\/480","targetHints":{"allow":["GET"]}}],"collection":[{"href":"https:\/\/portal.uern.br\/progep\/wp-json\/wp\/v2\/pages"}],"about":[{"href":"https:\/\/portal.uern.br\/progep\/wp-json\/wp\/v2\/types\/page"}],"author":[{"embeddable":true,"href":"https:\/\/portal.uern.br\/progep\/wp-json\/wp\/v2\/users\/2"}],"replies":[{"embeddable":true,"href":"https:\/\/portal.uern.br\/progep\/wp-json\/wp\/v2\/comments?post=480"}],"version-history":[{"count":2,"href":"https:\/\/portal.uern.br\/progep\/wp-json\/wp\/v2\/pages\/480\/revisions"}],"predecessor-version":[{"id":488,"href":"https:\/\/portal.uern.br\/progep\/wp-json\/wp\/v2\/pages\/480\/revisions\/488"}],"wp:attachment":[{"href":"https:\/\/portal.uern.br\/progep\/wp-json\/wp\/v2\/media?parent=480"}],"curies":[{"name":"wp","href":"https:\/\/api.w.org\/{rel}","templated":true}]}}