{"id":477,"date":"2023-02-07T14:18:05","date_gmt":"2023-02-07T17:18:05","guid":{"rendered":"http:\/\/beta.apps.uern.br\/wordpress\/progep\/?page_id=477"},"modified":"2023-02-08T13:07:05","modified_gmt":"2023-02-08T16:07:05","slug":"capacitacao-e-treinamento","status":"publish","type":"page","link":"https:\/\/portal.uern.br\/progep\/capacitacao-e-treinamento\/","title":{"rendered":"Capacita\u00e7\u00e3o e Treinamento"},"content":{"rendered":"<h3>CAPACITA\u00c7\u00c3O E TREINAMENTO<\/h3>\n<h4>Apresenta\u00e7\u00e3o:<\/h4>\n<p style=\"font-weight: 400\">Seja bem vindo a p\u00e1gina de Capacita\u00e7\u00e3o e Treinamento da PROGEP, aqui reunimos orienta\u00e7\u00f5es \u00fateis para os servidores da UERN que buscam por forma\u00e7\u00e3o continuada, seja para fun\u00e7\u00f5es administrativas como para a pr\u00e1tica docente. Nosso objetivo \u00e9 contribuir para o Desenvolvimento Organizacional e gera\u00e7\u00e3o de uma cultura de atualiza\u00e7\u00e3o e moderniza\u00e7\u00e3o do trabalho na Universidade.<\/p>\n<table>\n<tbody>\n<tr>\n<td><strong>\u00a0\u00a0 \u00a0 PROGRAMA\u00c7\u00c3O V SEAST E DIA DO SERVIDOR : 24\/10 A 11\/11\/2022<\/strong><\/td>\n<\/tr>\n<tr>\n<td><strong>Caf\u00e9 da Manh\u00e3 no Campus &#8211; Lan\u00e7amento da V SEAST<\/strong><\/p>\n<p>Abertura com a Magn\u00edfica Reitora Profa. Dra. Cic\u00edlia Raquel Maia Leite<\/p>\n<p>Data: 28\/10\/2022<\/p>\n<p>Hor\u00e1rio: A partir das 8:00<\/p>\n<p>Local: P\u00e1tio da FAD<\/p>\n<p>P\u00fablico-alvo: Servidores da UERN<\/td>\n<\/tr>\n<tr>\n<td><strong>Di\u00e1logo de Seguran\u00e7a: Reconhecimento e Preven\u00e7\u00e3o de Riscos Ocupacionais<\/strong><\/p>\n<p>Facilitador: Eliseu Leite (Segura Treinamentos)<\/p>\n<p>Data: 28\/10\/2022<\/p>\n<p>Hor\u00e1rio: A partir das 14:00<\/p>\n<p>Plataforma: Google Meet<\/p>\n<p>Inscri\u00e7\u00f5es:\u00a0<a href=\"https:\/\/docs.google.com\/forms\/d\/e\/1FAIpQLScqPPvudHIlK2Uz1DDEVUchWODYi_MtJR3LtJTN9CTiWN4sSA\/viewform?usp=sf_link%20\" target=\"_blank\" rel=\"noopener\">AQUI<\/a><\/td>\n<\/tr>\n<tr>\n<td><strong>Spa Day do Servidor<\/strong><\/p>\n<p>Facilitadores: Equipe NUPICS<\/p>\n<p><strong>CAC<\/strong>\u00a0&#8211;\u00a025 a 27\/10 (Manh\u00e3 e Tarde &#8211; Sala 13)<\/p>\n<p><strong>CAA\u00a0<\/strong>&#8211; 26\/10 (Manh\u00e3)<\/p>\n<p><strong>Campus Central<\/strong>\u00a0&#8211; 26 e 28\/10 (Atendimentos Individuais e agendados: 84 99903-2214)<\/p>\n<p><strong>CAPF<\/strong>\u00a0&#8211; 31\/10 e 01\/11 (Manh\u00e3)<\/p>\n<p><strong>CAN<\/strong>\u00a0&#8211; 01\/11 (Tarde)<\/p>\n<p><strong>CAP\u00a0<\/strong>&#8211; 09\/11 (Noite) e 10\/11 (Manh\u00e3)<\/p>\n<p><strong>P\u00fablico-alvo:<\/strong>\u00a0Servidores da UERN<\/td>\n<\/tr>\n<tr>\n<td><strong>Roda de Conversa: Media\u00e7\u00e3o de Conflitos: desenvolvendo habilidades interpessoais (Presencial)<\/strong><\/p>\n<p><strong>CAA<\/strong>\u00a0&#8211;\u00a008\/11 das 19h \u00e0s 21h\u00a0&#8211;\u00a0Prof. Dr. Frank da Silva Felisardo<\/p>\n<p><strong>CAP<\/strong>\u00a0&#8211;\u00a0 09\/11 das 9h \u00e0s 11h- Prof. Dr. Rafael Demetrius Rodrigues<\/p>\n<p><strong>CAPF<\/strong>&#8211; 09\/11 das 14h \u00e0s 16h- Prof. Dr. Rafael Demetrius Rodrigues<\/p>\n<p><strong>Campus Central<\/strong><strong>\u00a0&#8211;<\/strong>\u00a010\/11 das 8h30 \u00e0s 10h30- Prof. Dr. Frank da Silva Felisardo<\/p>\n<p><strong>CAC<\/strong>\u00a0&#8211; 10\/11 das 9h \u00e0s 11h- Prof. Dr. Rafael Demetrius Rodrigues<\/p>\n<p><strong>CAN\u00a0<\/strong>&#8211; 10\/11 das 19h \u00e0s 21h- Prof. Dr. Rafael Demetrius Rodrigues<\/p>\n<p>P\u00fablico-alvo: Servidores da UERN<\/td>\n<\/tr>\n<\/tbody>\n<\/table>\n<p style=\"font-weight: 400\"><strong>Plataformas sugeridas para uso\u00a0<\/strong><strong>cotidiano em atividades acad\u00eamicas e administrativas:<\/strong><\/p>\n<p style=\"font-weight: 400\"><strong><a href=\"https:\/\/trello.com\/pt-BR\/login\" target=\"_blank\" rel=\"noopener\">TRELLO<\/a><\/strong><\/p>\n<p style=\"font-weight: 400\"><a href=\"https:\/\/pt-br.padlet.com\/\" target=\"_blank\" rel=\"noopener\">PADLET<\/a><\/p>\n<p style=\"font-weight: 400\"><a href=\"https:\/\/play.google.com\/store\/apps\/details?id=com.google.android.apps.jam&amp;hl=pt_BR\" target=\"_blank\" rel=\"noopener\">JAMBOUARD<\/a><\/p>\n<p style=\"font-weight: 400\"><a href=\"https:\/\/www.mentimeter.com\/\" target=\"_blank\" rel=\"noopener\">MENTIMETER<\/a><\/p>\n<p style=\"font-weight: 400\"><a href=\"https:\/\/www.canva.com\/\" target=\"_blank\" rel=\"noopener\">CANVA<\/a><\/p>\n<p style=\"font-weight: 400\"><a href=\"http:\/\/www.wikidot.com\/\" target=\"_blank\" rel=\"noopener\">WIKIdot<\/a><\/p>\n<p style=\"font-weight: 400\"><a href=\"https:\/\/www.zoho.com\/pt-br\/wiki\/\" target=\"_blank\" rel=\"noopener\">WIKIzoho<\/a><\/p>\n<p style=\"font-weight: 400\"><a href=\"https:\/\/streamyard.com\/broadcasts\" target=\"_blank\" rel=\"noopener\">StreamYard<\/a><\/p>\n<h3>REPOSIT\u00d3RIO DE V\u00cdDEOS DAS CAPACITA\u00c7\u00d5ES REALIZADAS<\/h3>\n<h3>Atividades realizadas em 2021<\/h3>\n<p style=\"font-weight: 400\">Forma\u00e7\u00f5es realizadas: 10<\/p>\n<p style=\"font-weight: 400\">Certificados expedidos:<\/p>\n<p style=\"font-weight: 400\">Para conferir os detalhes<\/p>\n<p style=\"font-weight: 400\"><strong>DEZEMBRO<\/strong><\/p>\n<h5>Ciclo de Capacita\u00e7\u00e3o\u201d para a Assessoria de Infraestrutura da Uern<\/h5>\n<h5>&#8220;Atua\u00e7\u00e3o do TILSP no contexto educacional UERN&#8221;<\/h5>\n<h5>Capacita\u00e7\u00e3o SIGAA<\/h5>\n<p style=\"font-weight: 400\"><strong>NOVEMBRO\u00a0<\/strong><\/p>\n<h5>Encontro Formativo para Gestores Administrativos de Departamentos e Unidades Acad\u00eamicas<\/h5>\n<h5>CURSO: A\u00e7\u00f5es afirmativas: Direitos Humanos e Acolhimento \u00e0s Diversidades na UERN<\/h5>\n<h5>1 Encontro: Educa\u00e7\u00e3o para as rela\u00e7\u00f5es \u00e9tnico-raciais<\/h5>\n<h5>2 Encontro:\u00a0 Inclus\u00e3o e escuta sens\u00edvel: acolhimento cotidiano \u00e0s pessoas com defici\u00eancia na UERN.<\/h5>\n<h5>3 Encontro:\u00a0 Particularidades no atendimento \u00e0 popula\u00e7\u00e3o LGBTQUIA+<\/h5>\n<h5>Curso : Introdu\u00e7\u00e3o \u00e0 Lei Geral de Prote\u00e7\u00e3o de Dados \u2013 LGPD.<\/h5>\n<h5>1 M\u00f3dulo: Apresenta\u00e7\u00e3o e discuss\u00e3o da Lei Geral de Prote\u00e7\u00e3o de dados &#8211; LGPD<\/h5>\n<h5>2 M\u00f3dulo: Aplicabilidade da Lei Geral de Prote\u00e7\u00e3o de dados &#8211; LGPD<\/h5>\n<h5>\u00a0OUTURBO<\/h5>\n<p style=\"font-weight: 400\"><strong>SETEMBRO<\/strong><\/p>\n<h4><strong>AGOSTO<\/strong><\/h4>\n<p style=\"font-weight: 400\"><strong>\u00a0Ciclo formativo para pr\u00e1ticas Inclusivas:\u00a0<\/strong><strong>\u201cEduca\u00e7\u00e3o Inclusiva: Contribui\u00e7\u00f5es da Psicologia Educacional para a inclus\u00e3o da Pessoa com defici\u00eancia no Ensino Remoto\u201d<\/strong><\/p>\n<p style=\"font-weight: 400\"><strong>Ciclo formativo para pr\u00e1ticas Inclusivas:\u00a0<\/strong><strong>Roda de Conversa:\u00a0Narrativas e Aprendizados: um passeio autoformativo pelos fazeres e saberes inclusivos no cotidiano<\/strong><\/p>\n<p style=\"font-weight: 400\"><strong>Ciclo formativo para pr\u00e1ticas Inclusivas:\u00a0<\/strong><strong>Roda de Conversa:\u00a0Narrativas e Aprendizados: um passeio autoformativo pelos fazeres e saberes inclusivos no cotidiano<\/strong><\/p>\n<p style=\"font-weight: 400\"><strong>\u00a0<\/strong><strong>Oficina: A utiliza\u00e7\u00e3o do SIGAA para docentes da P\u00f3s-gradua\u00e7\u00e3o<\/strong><\/p>\n<p style=\"font-weight: 400\"><strong>\u00a0<\/strong><strong>JULHO<\/strong><\/p>\n<p style=\"font-weight: 400\"><strong>Oficina: Design gr\u00e1fico descomplicado com Canva<\/strong><\/p>\n<p style=\"font-weight: 400\"><strong>Oficina: &#8220;<em>Storytelling<\/em>\u00a0no Ensino Superior: como ferramenta de aprendizado ativo.&#8221;<\/strong><\/p>\n<p style=\"font-weight: 400\"><strong>Minicurso:\u00a0\u00a0Instagram como ferramenta de divulga\u00e7\u00e3o cient\u00edfica e acad\u00eamica<\/strong><\/p>\n<h3><strong>MAIO<\/strong><\/h3>\n<p style=\"font-weight: 400\"><strong>Curso: Metodologia cient\u00edfica preparat\u00f3rio para sele\u00e7\u00f5es em cursos de p\u00f3s-gradua\u00e7\u00e3o<\/strong><\/p>\n<p style=\"font-weight: 400\"><strong>Curso: HIST\u00d3RIA EM QUADRINHOS: Possibilidades pedag\u00f3gicas<\/strong><\/p>\n<p style=\"font-weight: 400\"><strong>Roda de conversa: o cuidado com a vis\u00e3o devido \u00e0 exposi\u00e7\u00e3o \u00e0s telas e computador.<\/strong><\/p>\n<p style=\"font-weight: 400\"><strong>Roda de conversa: Sua voz fala muito sobre voc\u00ea: t\u00e9cnicas para o bom uso da voz no exerc\u00edcio da doc\u00eancia<\/strong><\/p>\n<p style=\"font-weight: 400\"><strong>ABRIL<\/strong><\/p>\n<p style=\"font-weight: 400\"><strong>Roda de conversa:\u00a0Desafios da comunidade acad\u00eamica na pandemia e seus reflexos na Qualidade de Vida<\/strong><\/p>\n<p style=\"font-weight: 400\"><strong>Roda de conversa: Cuidados com a sa\u00fade vocal no exerc\u00edcio da doc\u00eancia<\/strong><\/p>\n<p style=\"font-weight: 400\"><strong>CURSO: Atua\u00e7\u00e3o do int\u00e9rprete de Libras no meio acad\u00eamico: UERN<\/strong><\/p>\n<p style=\"font-weight: 400\"><strong>Curso: Gamifica\u00e7\u00e3o na Educa\u00e7\u00e3o: dinamizando as aulas<\/strong><\/p>\n<p style=\"font-weight: 400\"><strong>Curso: Roda de conversa: o outro lado do muro: quebrando paradigmas e tabus da educa\u00e7\u00e3o inclusiva no ensino superior<\/strong><\/p>\n<p style=\"font-weight: 400\"><strong>\u00a0<\/strong><\/p>\n<p style=\"font-weight: 400\"><strong>MAR\u00c7O<\/strong><\/p>\n<p style=\"font-weight: 400\"><strong>\u00a0Curso: Reda\u00e7\u00e3o oficial na pr\u00e1tica<\/strong><\/p>\n<p style=\"font-weight: 400\"><strong>\u00a0Curso: Aulas mais din\u00e2micas com o uso de ferramentas para engajamento<\/strong><\/p>\n<p style=\"font-weight: 400\"><strong>\u00a0<\/strong><strong>TREINAMENTO:\u00a0<\/strong><strong>Identifica\u00e7\u00e3o e digitaliza\u00e7\u00e3o de textos acess\u00edveis com a utiliza\u00e7\u00e3o dos softwares NAPS 2 e o Foxit Reader<\/strong><\/p>\n<p style=\"font-weight: 400\"><strong>\u00a0<\/strong><strong>Treinamento: Hist\u00f3ria em quadrinhos como estrat\u00e9gia de ensino<\/strong><\/p>\n<p style=\"font-weight: 400\"><strong>\u00a0Roda de conversa: Estrat\u00e9gias de avalia\u00e7\u00e3o no cen\u00e1rio de aulas remotas<\/strong><\/p>\n<p style=\"font-weight: 400\"><strong>\u00a0Curso: Hist\u00f3ria em quadrinhos como estrat\u00e9gia de ensino<\/strong><\/p>\n<p style=\"font-weight: 400\"><strong>\u00a0Curso:\u00a0<\/strong><strong>Pr\u00e1ticas de acessibilidade para alunos com defici\u00eancia visual no ensino remoto.<\/strong><\/p>\n<p style=\"font-weight: 400\"><strong>\u00a0Curso: M\u00daSICA BRASILEIRA: elementos e hist\u00f3ria<\/strong><\/p>\n<p style=\"font-weight: 400\"><strong>\u00a0<\/strong><strong>FEVEREIRO<\/strong><\/p>\n<p style=\"font-weight: 400\"><strong>\u00a0<\/strong><strong>Aulas mais din\u00e2micas com o uso de ferramentas para engajamento discente.<\/strong><\/p>\n<p style=\"font-weight: 400\"><strong>\u00a0Planejamento e organiza\u00e7\u00e3o das atividades remotas no Google Classroom<\/strong><\/p>\n<h3>Atividades realizadas em 2020<\/h3>\n<p style=\"font-weight: 400\">Forma\u00e7\u00f5es realizadas: 56<\/p>\n<p style=\"font-weight: 400\">Certificados expedidos: 3573<\/p>\n<p style=\"font-weight: 400\">Para conferir os detalhes\u00a0<a href=\"https:\/\/docs.google.com\/spreadsheets\/d\/1vMbPqeIO7a-tBHyTA7j0fEmATz6KFNGRiY0S6RGp2jU\/edit?usp=sharing\" target=\"_blank\" rel=\"noopener\">CLIQUE AQUI<\/a><\/p>\n<h4>OUTUBRO<\/h4>\n<p style=\"font-weight: 400\"><strong>Roda de conversa\u00a0&#8211; \u00c9tica e boas pr\u00e1ticas na sala de aula virtual: cuidados para docentes e discentes\u00a0<\/strong><\/p>\n<p style=\"font-weight: 400\"><strong>Curso:\u00a0Tecnologias \u201cloucas\u201d e a educa\u00e7\u00e3o 4.0<\/strong><\/p>\n<p style=\"font-weight: 400\"><strong>Minicurso: O papel do Ledor no Ensino Superior<\/strong><\/p>\n<p style=\"font-weight: 400\"><strong>Treinamento:\u00a0A plataforma mentimeter como ferramenta para aux\u00edlio did\u00e1tico<\/strong><\/p>\n<p style=\"font-weight: 400\"><strong>Treinamento:\u00a0Funcionalidades intermedi\u00e1rias do Sistema Integrado de Informa\u00e7\u00f5es\u00a0<\/strong><\/p>\n<p style=\"font-weight: 400\"><strong>Webinar:\u00a0BASES DE DADOS E CONTE\u00daDOS DE ACESSO P\u00daBLICO: dicas de plataformas e ferramentas para consulta virtual<\/strong><\/p>\n<p style=\"font-weight: 400\"><strong>Curso:\u00a0O uso de podcast para auxiliar a estrat\u00e9gia did\u00e1tica<\/strong><\/p>\n<p style=\"font-weight: 400\"><strong>Webinar:\u00a0Direitos autorais e a Biblioteca em tempos de pandemia.<\/strong><\/p>\n<h4>SETEMBRO<\/h4>\n<p style=\"font-weight: 400\"><strong>Minicurso: A ESCUTA SENS\u00cdVEL DA APRENDIZAGEM<\/strong><\/p>\n<p style=\"font-weight: 400\"><strong>Semin\u00e1rio PROPLAN:<\/strong>\u00a0<strong>M\u00f3dulo 4: Despesas de Conv\u00eanios<\/strong><\/p>\n<p style=\"font-weight: 400\"><strong>Treinamento: ProfDesign: criando com o app Canva<\/strong><\/p>\n<p style=\"font-weight: 400\"><strong>Semin\u00e1rio PROPLAN: M\u00f3dulo 3 &#8211; Terceiriza\u00e7\u00e3o de m\u00e3o de obra e execu\u00e7\u00e3o das despesas\u00a0<\/strong><\/p>\n<p style=\"font-weight: 400\"><strong>O google classroom na pr\u00e1tica<\/strong><\/p>\n<p style=\"font-weight: 400\"><strong>Campanha de combate ao Ass\u00e9dio #TamoJunto<\/strong><\/p>\n<p style=\"font-weight: 400\"><strong>Curso: Produ\u00e7\u00e3o, edi\u00e7\u00e3o e grava\u00e7\u00e3o de videoaulas<\/strong><\/p>\n<p style=\"font-weight: 400\"><strong>Roda de Conversa: Estrat\u00e9gias de engajamento dos alunos para o ensino remoto<\/strong><\/p>\n<p style=\"font-weight: 400\"><strong>Treinamento<\/strong>: Cuidados contra a COVID-19 em ambientes de bibliotecas<\/p>\n<p style=\"font-weight: 400\"><strong>Roda de conversa: cuidados e preven\u00e7\u00e3o a COVID-19 para motoristas da UERN<\/strong><\/p>\n<h4><strong>AGOSTO<\/strong><\/h4>\n<p style=\"font-weight: 400\"><strong>Educa\u00e7\u00e3o das sensibilidades: por um fazer educativo sens\u00edvel e inclusivo<\/strong><\/p>\n<p style=\"font-weight: 400\">I SEMIN\u00c1RIO PROPLAN:\u00a0 M\u00d3DULO II: Despesas com Constru\u00e7\u00f5es e Reformas<\/p>\n<p style=\"font-weight: 400\"><strong>TREINAMENTO: Ferramentas Google: Utiliza\u00e7\u00e3o do Google Formul\u00e1rios<\/strong><\/p>\n<p style=\"font-weight: 400\"><strong>Roda de conversa: entretenimento e bem-estar\u00a0 na pandemia<\/strong><\/p>\n<p style=\"font-weight: 400\"><strong>TREINAMENTO:\u00a0Acessibilidade em ambientes virtuais<\/strong><\/p>\n<p style=\"font-weight: 400\"><strong>Curso:\u00a0 metodolog\u00eda de sala de aula invertida \u201cFlipped classroom\u201d<\/strong><\/p>\n<p style=\"font-weight: 400\"><strong>Curso: Pr\u00e1ticas significativas de avalia\u00e7\u00e3o<\/strong><\/p>\n<p style=\"font-weight: 400\"><strong>Curso: Uma vis\u00e3o geral do Moodle<\/strong><\/p>\n<p style=\"font-weight: 400\"><strong>TREINAMENTO: Google Classroom: N\u00edvel b\u00e1sico T3<\/strong><\/p>\n<p style=\"font-weight: 400\"><strong>TREINAMENTO:\u00a0Sala de aula virtual inclusiva \u2013 Tecnologias facilitadoras<\/strong><\/p>\n<p style=\"font-weight: 400\"><strong>Um olhar sens\u00edvel sobre a sa\u00fade mental do discente com defici\u00eancia<\/strong><\/p>\n<p style=\"font-weight: 400\"><strong>TREINAMENTO: Google Classroom: N\u00edvel b\u00e1sico T2<\/strong><\/p>\n<p style=\"font-weight: 400\"><strong>Treinamento: Cuidados de seguran\u00e7a em ambientes de laborat\u00f3rios<\/strong><\/p>\n<p style=\"font-weight: 400\"><strong>I SEMIN\u00c1RIO PROPLAN:\u00a0\u00a0<a href=\"https:\/\/docs.google.com\/document\/d\/1Lt0xS0b4oU-gkvOfe_Nksxuwnu5akeGQjRVQ_FlDh2Y\/edit?usp=sharing\" target=\"_blank\" rel=\"noopener\">M\u00d3DULO I: Processos de di\u00e1rias<\/a><\/strong><\/p>\n<p style=\"font-weight: 400\"><strong>Treinamento:\u00a0<\/strong><strong>\u00a0<\/strong><a href=\"https:\/\/docs.google.com\/document\/d\/1OpOEUyPsrsPPrRV9zmy4CeVJZl51N3Ku4jL8L3ETZYk\/edit?usp=sharing\" target=\"_blank\" rel=\"noopener\"><strong>Google Classroom (N\u00edvel b\u00e1sico) T1<\/strong><\/a><\/p>\n<p style=\"font-weight: 400\"><strong>Ciclo formativo para inclus\u00e3o:<a href=\"https:\/\/docs.google.com\/document\/d\/1IqgRVHitwPsQvcc-35VNCwSHZsBqg1QI68Dnjp5p_nc\/edit?usp=sharing\" target=\"_blank\" rel=\"noopener\">\u00a0Educa\u00e7\u00e3o inclusiva e ensino remoto<\/a>\u00a0<\/strong><\/p>\n<p style=\"font-weight: 400\"><strong>Treinamento:\u00a0<a href=\"https:\/\/docs.google.com\/document\/d\/1D3VIwt6By0w2ZjQr2Kl3fSZB6tmu10-ldQG8ASdx5bs\/edit?usp=sharing\" target=\"_blank\" rel=\"noopener\">Produ\u00e7\u00e3o e edi\u00e7\u00e3o de v\u00eddeos pelo celular<\/a><\/strong><\/p>\n<h4><strong>JULHO<\/strong><\/h4>\n<p style=\"font-weight: 400\"><strong>Treinamento:\u00a0<a href=\"https:\/\/docs.google.com\/document\/d\/1Hckb-LF01l1wYOJOWsuucHn1RCsc2_7LLBE40_Ilcrw\/edit\" target=\"_blank\" rel=\"noopener\">Sua sala de aula no Classroom<\/a><\/strong><\/p>\n<p style=\"font-weight: 400\"><strong>Treinamento:\u00a0<a href=\"https:\/\/docs.google.com\/document\/d\/1C7b5Z2N7tsMZ-GcRCDB7U0heNHjd8oS_V66tFdrQWQI\/edit?usp=sharing\" target=\"_blank\" rel=\"noopener\">Ferramentas Google: Formul\u00e1rios<\/a><\/strong><\/p>\n<p style=\"font-weight: 400\"><strong>Curso:\u00a0<a href=\"https:\/\/docs.google.com\/document\/d\/1MIf7Ens4zmzkDU-Lz4BU5GlitEeEksPWLKNMkNQGMRY\/edit?usp=sharing\" target=\"_blank\" rel=\"noopener\">Rela\u00e7\u00f5es interpessoais e media\u00e7\u00e3o de conflitos<\/a><\/strong><\/p>\n<p style=\"font-weight: 400\"><strong>Curso:\u00a0<a href=\"https:\/\/docs.google.com\/document\/d\/1LG1XmIMxbP6pw1OGCJ0ZQiSM7Zocfs_BuigkhH4GE90\/edit\" target=\"_blank\" rel=\"noopener\">Ferramentas e estrat\u00e9gias para a\u00a0 gest\u00e3o do trabalho remoto<\/a><\/strong><\/p>\n<p style=\"font-weight: 400\"><strong>Oficina:\u00a0<a href=\"https:\/\/docs.google.com\/document\/d\/1BW05ARQa0zmfp9yr__E1IAMWdldeUYtfTFUrVlTdrsw\/edit\" target=\"_blank\" rel=\"noopener\">Construindo uma sala da aula colaborativa em ambientes virtuais<\/a><\/strong><\/p>\n<h4><strong>JUNHO<\/strong><\/h4>\n<p style=\"font-weight: 400\"><strong>Curso:<\/strong>\u00a0<a href=\"https:\/\/docs.google.com\/document\/d\/1AmXWrsODAEp3bxg2NpS1G5Lb0GM7fQO4HPBf2vS1VJI\/edit\" target=\"_blank\" rel=\"noopener\"><strong>O uso da plataforma Google em atividades acad\u00eamicas na UERN<\/strong><\/a><\/p>\n<p style=\"font-weight: 400\"><strong>Curso:<\/strong>\u00a0<strong><a href=\"https:\/\/docs.google.com\/document\/d\/1d4XaJDNdfdh56EvC70pwI-E9EgEnGbnG6RD75Z7UcN8\/edit\" target=\"_blank\" rel=\"noopener\">Ferramentas tecnol\u00f3gicas para otimizar a gest\u00e3o do trabalho na UERN<\/a><\/strong><\/p>\n<p style=\"font-weight: 400\"><strong>Treinamento:<\/strong>\u00a0<a href=\"https:\/\/docs.google.com\/document\/d\/1AhTPFW9rQW-_yo3cOAyDt3P-I4cY5Bm7yE4pNCjjdbY\/edit\" target=\"_blank\" rel=\"noopener\"><strong>Introdu\u00e7\u00e3o a utiliza\u00e7\u00e3o do SEI<br \/>\n<\/strong><\/a><\/p>\n<h3>Certificados<\/h3>\n<p style=\"font-weight: 400\">Os Certificados dos cursos, treinamentos e capacita\u00e7\u00f5es ofertados pelo SECAT\/DDO\/PROGEP, s\u00e3o enviados para o endere\u00e7o de e-mail informado no ato de inscri\u00e7\u00e3o, com o prazo de at\u00e9 20 dias ap\u00f3s a realiza\u00e7\u00e3o do curso. D\u00favidas e orienta\u00e7\u00f5es, entre em contato pelos canais oficiais.<\/p>\n<h3>Cadastro de Facilitadores &#8211; CADFacil<\/h3>\n<p style=\"font-weight: 400\">O CADFacil \u00e9 o Cadastro de Facilitadores da Pr\u00f3-Reitoria de Gest\u00e3o de Pessoas (PROGEP), criado com o intuito de\u00a0atender \u00e0s demandas de capacita\u00e7\u00e3o da Universidade do Estado do Rio Grande do Norte (UERN). Constitui-se de um banco de talentos formado por profissionais experientes em qualquer \u00e1rea de conhecimento, que visam ministrar no \u00e2mbito da UERN cursos, oficinas, palestras, etc.<\/p>\n<p style=\"font-weight: 400\">Se voc\u00ea se identifica com a\u00e7\u00f5es de capacita\u00e7\u00e3o e treinamento, encontrar\u00e1 no\u00a0<strong>CADFacil<\/strong>\u00a0a oportunidade de adquirir novas experi\u00eancias e fomentar sua rede de contatos profissionais.<\/p>\n<p style=\"font-weight: 400\">Venha ser um facilitador volunt\u00e1rio do processo de desenvolvimento da UERN e fa\u00e7a parte dessa equipe que \u00e9 capaz de transformar pessoas e multiplicar conhecimentos.<\/p>\n<p style=\"font-weight: 400\">A PROGEP conta com o seu potencial e talento!<\/p>\n<p style=\"font-weight: 400\"><a href=\"https:\/\/docs.google.com\/forms\/d\/e\/1FAIpQLSeRe2MYhVHCyQLiB8uSZTKNtm4br26BSRlPBhgt4TC-SM57Ng\/viewform\" target=\"_blank\" rel=\"noopener\">CADASTRE-SE\u00a0AQUI<\/a><\/p>\n<h3>SUGEST\u00d5ES DE TREINAMENTO OU CAPACITA\u00c7\u00c3O<\/h3>\n<p style=\"font-weight: 400\">Voc\u00ea tamb\u00e9m pode apresentar uma proposta para realizar treinamentos ou capacita\u00e7\u00f5es.<\/p>\n<p style=\"font-weight: 400\">A sugest\u00e3o ser\u00e1 analisada pelo setor de Capacita\u00e7\u00e3o e Treinamento que expedir\u00e1 parecer sobre a proposta e encaminhamentos necess\u00e1rios.<\/p>\n<p style=\"font-weight: 400\">Para apresentar sua proposta de atividades de capacita\u00e7\u00e3o e ou treinamentos envie um e-mail para\u00a0<a href=\"mailto:sect.prorhae@uern.br\">secat.progep@uern.br<\/a>\u00a0\/\u00a0<a href=\"mailto:ddo@uern.br\">ddo.progep@uern.br<\/a><\/p>\n<p style=\"font-weight: 400\">Contamos com a sua colabora\u00e7\u00e3o nessa constru\u00e7\u00e3o!<\/p>\n<h3>Contatos<\/h3>\n<p style=\"font-weight: 400\">Diretoria de Desenvolvimento Organizacional \u2013 DDO<\/p>\n<p style=\"font-weight: 400\">Setor de Capacita\u00e7\u00e3o e Treinamento \u2013 SECAT<\/p>\n<p style=\"font-weight: 400\">Informa\u00e7\u00f5es:\u00a0<a href=\"mailto:sect.prorhae@uern.br\">secat.progep@uern.br<\/a>\u00a0\/\u00a0<a href=\"mailto:ddo@uern.br\">ddo.progep@uern.br<\/a><\/p>\n<p style=\"font-weight: 400\">Fone: (84)3315-2127<\/p>\n","protected":false},"excerpt":{"rendered":"<p>CAPACITA\u00c7\u00c3O E TREINAMENTO Apresenta\u00e7\u00e3o: Seja bem vindo a p\u00e1gina de Capacita\u00e7\u00e3o e Treinamento da PROGEP, aqui reunimos orienta\u00e7\u00f5es \u00fateis para os servidores da UERN que buscam por forma\u00e7\u00e3o continuada, seja para fun\u00e7\u00f5es administrativas como para a pr\u00e1tica docente. Nosso objetivo \u00e9 contribuir para o Desenvolvimento Organizacional e gera\u00e7\u00e3o de uma cultura de atualiza\u00e7\u00e3o e moderniza\u00e7\u00e3o [&hellip;]<\/p>\n","protected":false},"author":2,"featured_media":0,"parent":0,"menu_order":0,"comment_status":"closed","ping_status":"closed","template":"","meta":{"footnotes":""},"class_list":["post-477","page","type-page","status-publish","hentry"],"_links":{"self":[{"href":"https:\/\/portal.uern.br\/progep\/wp-json\/wp\/v2\/pages\/477","targetHints":{"allow":["GET"]}}],"collection":[{"href":"https:\/\/portal.uern.br\/progep\/wp-json\/wp\/v2\/pages"}],"about":[{"href":"https:\/\/portal.uern.br\/progep\/wp-json\/wp\/v2\/types\/page"}],"author":[{"embeddable":true,"href":"https:\/\/portal.uern.br\/progep\/wp-json\/wp\/v2\/users\/2"}],"replies":[{"embeddable":true,"href":"https:\/\/portal.uern.br\/progep\/wp-json\/wp\/v2\/comments?post=477"}],"version-history":[{"count":3,"href":"https:\/\/portal.uern.br\/progep\/wp-json\/wp\/v2\/pages\/477\/revisions"}],"predecessor-version":[{"id":501,"href":"https:\/\/portal.uern.br\/progep\/wp-json\/wp\/v2\/pages\/477\/revisions\/501"}],"wp:attachment":[{"href":"https:\/\/portal.uern.br\/progep\/wp-json\/wp\/v2\/media?parent=477"}],"curies":[{"name":"wp","href":"https:\/\/api.w.org\/{rel}","templated":true}]}}