{"id":337,"date":"2023-02-07T13:13:05","date_gmt":"2023-02-07T16:13:05","guid":{"rendered":"http:\/\/beta.apps.uern.br\/wordpress\/progep\/?page_id=337"},"modified":"2023-02-08T14:01:26","modified_gmt":"2023-02-08T17:01:26","slug":"saude-e-seguranca-no-trabalho","status":"publish","type":"page","link":"https:\/\/portal.uern.br\/progep\/saude-e-seguranca-no-trabalho\/","title":{"rendered":"Sa\u00fade e Seguran\u00e7a no Trabalho"},"content":{"rendered":"<p>A\u00a0<strong>Semana\u00a0de Aten\u00e7\u00e3o\u00a0\u00e0\u00a0Sa\u00fade\u00a0a\u00a0Seguran\u00e7a\u00a0no Trabalho\u00a0(SEAST)\u00a0<\/strong>faz parte das comemora\u00e7\u00f5es\u00a0em alus\u00e3o ao Dia do Servidor P\u00fablico no m\u00eas\u00a0de outubro\u00a0e conta com o apoio de parcerias internas e externas.<\/p>\n<p>Para 2020, em virtude da pandemia causada pelo novo corona v\u00edrus, as a\u00e7\u00f5es ser\u00e3o remotas ou na modalidade <em>Drive-thru<\/em>\u00a0e estar\u00e3o voltadas \u00e0 adapta\u00e7\u00e3o do servidor ao \u201cnovo normal\u201d.<\/p>\n<p><strong>A III SEAST acontece de 23 a 29 de outubro de 2020. Confira\u00a0toda a programa\u00e7\u00e3o\u00a0<a href=\"https:\/\/www.uern.br\/controledepaginas\/progep-seast\/arquivos\/6048programacaocompletaseast.pdf\" target=\"_blank\" rel=\"noopener\">AQUI<\/a><\/strong><\/p>\n<p><strong><img decoding=\"async\" src=\"https:\/\/www.uern.br\/controledepaginas\/progep-seast\/imagens\/6048testagemrapida.jpg\" alt=\"\" \/><\/strong><\/p>\n<p><img decoding=\"async\" src=\"https:\/\/www.uern.br\/controledepaginas\/progep-seast\/imagens\/6048via_uern.jpg\" alt=\"\" \/><img decoding=\"async\" src=\"https:\/\/www.uern.br\/controledepaginas\/progep-seast\/imagens\/6048testagem_sorol%C3%A3%E2%80%9Cgica_covid.jpg\" alt=\"\" \/><img decoding=\"async\" src=\"https:\/\/www.uern.br\/controledepaginas\/progep-seast\/imagens\/6048vacina%C3%A3%E2%80%A1%C3%A3%C6%92o.jpg\" alt=\"\" \/><\/p>\n<hr \/>\n<p>Regulamenta\u00e7\u00e3o Interna<\/p>\n<h4><a href=\"https:\/\/www.uern.br\/controledepaginas\/progep-seast\/arquivos\/6048resolucao_n0_2019_004_seguranca_e_saude_no_trabalho.pdf\" target=\"_blank\" rel=\"noopener\">RESOLU\u00c7\u00c3O N\u00ba 004\/2019 &#8211; CD &#8211;\u00a0<\/a>Institui a Pol\u00edtica de Seguran\u00e7a e Sa\u00fade no Trabalho da Funda\u00e7\u00e3o Universidade do Estado do Rio Grande do Norte \u2013 FUERN.<\/h4>\n<hr \/>\n<h3>II SEAST &#8211; De 11 a 14 de novembro de 2019<\/h3>\n<h4>ABERTURA &#8211; 11\/11<\/h4>\n<p><img fetchpriority=\"high\" decoding=\"async\" src=\"https:\/\/www.uern.br\/controledepaginas\/progep-seast\/imagens\/6048dsc_1892.jpg\" alt=\"\" width=\"565\" height=\"374\" \/><\/p>\n<p><img decoding=\"async\" src=\"https:\/\/www.uern.br\/controledepaginas\/progep-seast\/imagens\/6048dsc_9940.jpg\" alt=\"\" width=\"564\" height=\"338\" \/><\/p>\n<h4>DIA &#8220;D&#8221; DE SA\u00daDE E QUALIDADE DE VIDA &#8211; 12\/11<\/h4>\n<p><img decoding=\"async\" src=\"https:\/\/www.uern.br\/controledepaginas\/progep-seast\/imagens\/604820191112_101018.jpg\" alt=\"\" width=\"560\" height=\"420\" \/><\/p>\n<p><img loading=\"lazy\" decoding=\"async\" src=\"https:\/\/www.uern.br\/controledepaginas\/progep-seast\/imagens\/604820191112_095519.jpg\" alt=\"\" width=\"559\" height=\"348\" \/><\/p>\n<p><img loading=\"lazy\" decoding=\"async\" src=\"https:\/\/www.uern.br\/controledepaginas\/progep-seast\/imagens\/604820191112_095418.jpg\" alt=\"\" width=\"561\" height=\"628\" \/><\/p>\n<p><img loading=\"lazy\" decoding=\"async\" src=\"https:\/\/www.uern.br\/controledepaginas\/progep-seast\/imagens\/604820191112_095708.jpg\" alt=\"\" width=\"562\" height=\"403\" \/><\/p>\n<p><img loading=\"lazy\" decoding=\"async\" src=\"https:\/\/www.uern.br\/controledepaginas\/progep-seast\/imagens\/604820191112_085954.jpg\" alt=\"\" width=\"561\" height=\"421\" \/><\/p>\n<p><img loading=\"lazy\" decoding=\"async\" src=\"https:\/\/www.uern.br\/controledepaginas\/progep-seast\/imagens\/604820191112_104913.jpg\" alt=\"\" width=\"561\" height=\"411\" \/><\/p>\n<h4>ENCERRAMENTO &#8211; 14\/11<\/h4>\n<p><img loading=\"lazy\" decoding=\"async\" src=\"https:\/\/www.uern.br\/controledepaginas\/progep-seast\/imagens\/604820191111_085420.jpg\" alt=\"\" width=\"559\" height=\"375\" \/><\/p>\n<p><img loading=\"lazy\" decoding=\"async\" src=\"https:\/\/www.uern.br\/controledepaginas\/progep-seast\/imagens\/604820191111_104611.jpg\" alt=\"\" width=\"559\" height=\"335\" \/><\/p>\n<hr \/>\n<h3>I SEAST &#8211; De 23 a 26 de outubro de 2018<\/h3>\n<h4>ABERTURA &#8211; 23\/10<\/h4>\n<p><img loading=\"lazy\" decoding=\"async\" src=\"https:\/\/www.uern.br\/controledepaginas\/progep-seast\/imagens\/604820181023_165300.jpg\" alt=\"\" width=\"562\" height=\"316\" \/><\/p>\n<h4>DIA &#8220;D&#8221; DE SA\u00daDE E QUALIDADE DE VIDA &#8211; 23\/10<\/h4>\n<p><img loading=\"lazy\" decoding=\"async\" src=\"https:\/\/www.uern.br\/controledepaginas\/progep-seast\/imagens\/6048img_20181026_wa0029.jpg\" alt=\"\" width=\"561\" height=\"371\" \/><\/p>\n<p><img loading=\"lazy\" decoding=\"async\" src=\"https:\/\/www.uern.br\/controledepaginas\/progep-seast\/imagens\/6048img_20181026_wa0031.jpg\" alt=\"\" width=\"561\" height=\"371\" \/><\/p>\n<p><img loading=\"lazy\" decoding=\"async\" src=\"https:\/\/www.uern.br\/controledepaginas\/progep-seast\/imagens\/6048img_20181026_wa0033.jpg\" alt=\"\" width=\"560\" height=\"371\" \/><\/p>\n<h4>TREINAMENTO DE RESGATE E PRIMEIROS SOCORROS &#8211; 25\/10<\/h4>\n<p><img loading=\"lazy\" decoding=\"async\" src=\"https:\/\/www.uern.br\/controledepaginas\/progep-seast\/imagens\/6048img_20181025_wa0122.jpg\" alt=\"\" width=\"558\" height=\"368\" \/><\/p>\n<h4>CURSO DE PREVEN\u00c7\u00c3O E COMBATE A INC\u00caNDIO 26\/10<\/h4>\n<p><img loading=\"lazy\" decoding=\"async\" src=\"https:\/\/www.uern.br\/controledepaginas\/progep-seast\/imagens\/6048img_20181026_wa0067.jpg\" alt=\"\" width=\"559\" height=\"370\" \/><\/p>\n<h4>ENCERRAMENTO 26\/10<\/h4>\n<p><img loading=\"lazy\" decoding=\"async\" src=\"https:\/\/www.uern.br\/controledepaginas\/progep-seast\/imagens\/6048img_20181026_wa0057.jpg\" alt=\"\" width=\"559\" height=\"370\" \/><\/p>\n<p><img loading=\"lazy\" decoding=\"async\" src=\"https:\/\/www.uern.br\/controledepaginas\/progep-seast\/imagens\/6048img_20181026_wa0051.jpg\" alt=\"\" width=\"558\" height=\"369\" \/><\/p>\n","protected":false},"excerpt":{"rendered":"<p>A\u00a0Semana\u00a0de Aten\u00e7\u00e3o\u00a0\u00e0\u00a0Sa\u00fade\u00a0a\u00a0Seguran\u00e7a\u00a0no Trabalho\u00a0(SEAST)\u00a0faz parte das comemora\u00e7\u00f5es\u00a0em alus\u00e3o ao Dia do Servidor P\u00fablico no m\u00eas\u00a0de outubro\u00a0e conta com o apoio de parcerias internas e externas. Para 2020, em virtude da pandemia causada pelo novo corona v\u00edrus, as a\u00e7\u00f5es ser\u00e3o remotas ou na modalidade Drive-thru\u00a0e estar\u00e3o voltadas \u00e0 adapta\u00e7\u00e3o do servidor ao \u201cnovo normal\u201d. A III SEAST [&hellip;]<\/p>\n","protected":false},"author":2,"featured_media":0,"parent":0,"menu_order":0,"comment_status":"closed","ping_status":"closed","template":"","meta":{"footnotes":""},"class_list":["post-337","page","type-page","status-publish","hentry"],"_links":{"self":[{"href":"https:\/\/portal.uern.br\/progep\/wp-json\/wp\/v2\/pages\/337","targetHints":{"allow":["GET"]}}],"collection":[{"href":"https:\/\/portal.uern.br\/progep\/wp-json\/wp\/v2\/pages"}],"about":[{"href":"https:\/\/portal.uern.br\/progep\/wp-json\/wp\/v2\/types\/page"}],"author":[{"embeddable":true,"href":"https:\/\/portal.uern.br\/progep\/wp-json\/wp\/v2\/users\/2"}],"replies":[{"embeddable":true,"href":"https:\/\/portal.uern.br\/progep\/wp-json\/wp\/v2\/comments?post=337"}],"version-history":[{"count":3,"href":"https:\/\/portal.uern.br\/progep\/wp-json\/wp\/v2\/pages\/337\/revisions"}],"predecessor-version":[{"id":519,"href":"https:\/\/portal.uern.br\/progep\/wp-json\/wp\/v2\/pages\/337\/revisions\/519"}],"wp:attachment":[{"href":"https:\/\/portal.uern.br\/progep\/wp-json\/wp\/v2\/media?parent=337"}],"curies":[{"name":"wp","href":"https:\/\/api.w.org\/{rel}","templated":true}]}}