{"id":333,"date":"2023-02-07T13:12:34","date_gmt":"2023-02-07T16:12:34","guid":{"rendered":"http:\/\/beta.apps.uern.br\/wordpress\/progep\/?page_id=333"},"modified":"2023-02-07T14:12:13","modified_gmt":"2023-02-07T17:12:13","slug":"prevencao-e-combate-ao-assedio-2","status":"publish","type":"page","link":"https:\/\/portal.uern.br\/progep\/prevencao-e-combate-ao-assedio-2\/","title":{"rendered":"Preven\u00e7\u00e3o e Combate ao Ass\u00e9dio"},"content":{"rendered":"<h3>APRESENTA\u00c7\u00c3O<\/h3>\n<p><span lang=\"pt-BR\">A Campanha de Preven\u00e7\u00e3o ao Ass\u00e9dio na UERN \u00e9 desenvolvida com o intuito de d<\/span><span lang=\"pt-BR\">isseminar informa\u00e7\u00f5es e reflex<\/span><span lang=\"pt-BR\">\u00f5es<\/span><span lang=\"pt-BR\">\u00a0sobre a<\/span><span lang=\"pt-BR\">s diferentes concep\u00e7\u00f5es\u00a0<\/span><span lang=\"pt-BR\">de ass\u00e9dio\u00a0<\/span><span lang=\"pt-BR\">nas institui\u00e7\u00f5es p\u00fablicas<\/span><span lang=\"pt-BR\">,\u00a0<\/span><span lang=\"pt-BR\">favorecendo uma cultura de preven\u00e7\u00e3o e debate\u00a0<\/span><span lang=\"pt-BR\">acerca do tema<\/span><span lang=\"pt-BR\">.<\/span><\/p>\n<p><span lang=\"zxx\"><span lang=\"pt-BR\">A campanh<\/span><\/span><span lang=\"zxx\"><span lang=\"pt-BR\">a surgiu da necessidade de proporciona<\/span><\/span><span lang=\"zxx\"><span lang=\"pt-BR\">r melhorias n<\/span><\/span><span lang=\"zxx\"><span lang=\"pt-BR\">as rela\u00e7\u00f5es de\u00a0<\/span><\/span><span lang=\"zxx\"><span lang=\"pt-BR\">trabalho<\/span><\/span><span lang=\"zxx\"><span lang=\"pt-BR\">,\u00a0<\/span><\/span><span lang=\"zxx\"><span lang=\"pt-BR\">como forma de\u00a0<\/span><\/span><span lang=\"zxx\"><span lang=\"pt-BR\">evita<\/span><\/span><span lang=\"zxx\"><span lang=\"pt-BR\">r\u00a0<\/span><\/span><span lang=\"zxx\"><span lang=\"pt-BR\">situa\u00e7\u00f5es\u00a0<\/span><\/span><span lang=\"zxx\"><span lang=\"pt-BR\">permissivas ao ass\u00e9dio.\u00a0<\/span><\/span><span lang=\"zxx\"><span lang=\"pt-BR\">A\u00a0<\/span><\/span><span lang=\"pt-BR\">programa\u00e7\u00e3o conta com\u00a0<\/span><span lang=\"pt-BR\">a parceria<\/span><span lang=\"pt-BR\">\u00a0de diversas<\/span><span lang=\"pt-BR\">\u00a0institui\u00e7\u00f5es\u00a0<\/span><span lang=\"pt-BR\">externas, que trazem para o debate suas<\/span><span lang=\"pt-BR\">\u00a0pol\u00edticas de preven\u00e7\u00e3o e combate ao ass\u00e9dio, alinhando alternativas de atua\u00e7\u00e3o\u00a0<\/span><span lang=\"pt-BR\">e frente \u00e0s rela\u00e7\u00f5es abusivas no ambiente de trabalho.<\/span><\/p>\n<hr \/>\n<p><strong><span lang=\"pt-BR\">CAMPANHA 2020 &#8211; III EDI\u00c7\u00c3O<\/span><\/strong><\/p>\n<p><strong><span lang=\"pt-BR\"><img fetchpriority=\"high\" decoding=\"async\" src=\"https:\/\/www.uern.br\/controledepaginas\/progep-prevencaoassedio\/imagens\/6047tamojunto_portal.png\" alt=\"\" width=\"568\" height=\"241\" \/><\/span><\/strong><\/p>\n<p><strong><span lang=\"pt-BR\">PROGRAMA\u00c7\u00c3O<\/span><\/strong><\/p>\n<p><strong>Dia 25\/08<\/strong><br \/>\nHora: 16h<br \/>\nTema: RESILI\u00caNCIA, TRABALHO REMOTO E BEM-ESTAR DO SERVIDOR EM TEMPOS DE PANDEMIA<br \/>\nConvidada: Simone Pedrosa Chaves Galv\u00e3o \u2013 Gerente de Gest\u00e3o de Pessoas do SEBRAE<br \/>\nModerador: Prof. Me. Esdra Marchezan<\/p>\n<p><strong>Dia 15\/09<\/strong><br \/>\nHora: 9h<br \/>\nTema: ANALISANDO AS RELA\u00c7\u00d5ES INTERPESSOAIS NO CONTEXTO ATUAL<br \/>\nConvidados: Prof. Dr. Jos\u00e9 Albenes Bezerra J\u00fanior (UFERSA) e\u00a0Dr. Ant\u00f4nio Gleydson \u2013 Procurador do Minist\u00e9rio P\u00fablico do Trabalho<br \/>\nModeradora: Profa. Ma. Fernanda Abreu de Oliveira<\/p>\n<p><strong>Dia 27\/10\/2020<\/strong><br \/>\nHora: 9h<br \/>\nTema: \u00c9TICA NAS MIDIAS SOCIAIS<br \/>\nConvidados: Prof. Me. Esdra Marchezan e\u00a0TNS. Ma. Iuska Kaliany Freire de Oliveira (UERN)<br \/>\nModeradora: Aline Linhares<\/p>\n<hr \/>\n<p><strong><span lang=\"pt-BR\">TEMAS TRABALHADOS NOS ANOS ANTERIORES<\/span><\/strong><\/p>\n<h4><span lang=\"pt-BR\">II Edi\u00e7\u00e3o (2019) &#8211;\u00a0<\/span>\u00c9tica e as rela\u00e7\u00f5es de trabalho na administra\u00e7\u00e3o p\u00fablica<\/h4>\n<p><img decoding=\"async\" src=\"https:\/\/www.uern.br\/controledepaginas\/progep-prevencaoassedio\/imagens\/6047imagem_homem.jpg\" alt=\"\" width=\"559\" height=\"425\" \/><\/p>\n<h4><span lang=\"pt-BR\">\u00a0<\/span>I Edi\u00e7\u00e3o (2018) &#8211;\u00a0<span lang=\"zxx\">Preven\u00e7\u00e3o\u00a0<\/span><span lang=\"zxx\">a<\/span><span lang=\"zxx\">o Ass\u00e9dio Moral\u00a0<\/span><span lang=\"zxx\">e<\/span><span lang=\"zxx\">\u00a0Sexual<\/span><\/h4>\n<p><span lang=\"zxx\">\u00a0<\/span><img decoding=\"async\" src=\"https:\/\/www.uern.br\/controledepaginas\/progep-prevencaoassedio\/imagens\/6047imagem_mulher.jpg\" alt=\"\" width=\"559\" height=\"418\" \/><\/p>\n<hr \/>\n<h3><span lang=\"pt-BR\">Em caso de suspeita de ass\u00e9dio onde procurar ajuda e orienta\u00e7\u00e3o?<\/span><\/h3>\n<p><span lang=\"pt-BR\"><em><img loading=\"lazy\" decoding=\"async\" src=\"https:\/\/www.uern.br\/controledepaginas\/progep-prevencaoassedio\/imagens\/6047marca_p%C3%A3%C2%A1ginas_simulados.jpg\" alt=\"\" width=\"566\" height=\"376\" \/><\/em><\/span><\/p>\n<h4>Voc\u00ea encontrar\u00e1 o apoio de uma equipe especializada atrav\u00e9s dos emais abaixo:<\/h4>\n<p><em>DDO \u2013\u00a0<\/em><em><a href=\"mailto:ddo.progep@uern.br\">ddo.progep@uern.br<\/a>\u00a0<\/em><em>(servidores e terceirizados)<\/em><\/p>\n<p><em>PRAE<\/em><em>\u00a0\u2013\u00a0<\/em><a href=\"mailto:sae.prae@uern.br\"><span lang=\"zxx\"><em>s<\/em><\/span><\/a><a href=\"mailto:sae.prae@uern.br\"><span lang=\"zxx\"><em>ae.<\/em><\/span><\/a><span lang=\"zxx\"><em><a href=\"mailto:sae.prae@uern.br\">prae@uern.br<\/a>\u00a0<\/em><\/span><em>(alunos)<\/em><\/p>\n<p><em>OUVIDORIA \u2013\u00a0<\/em><a href=\"mailto:ouvidoria@uern.br\">ouvidoria@uern.br<\/a><em>\u00a0(todos)<\/em><\/p>\n","protected":false},"excerpt":{"rendered":"<p>APRESENTA\u00c7\u00c3O A Campanha de Preven\u00e7\u00e3o ao Ass\u00e9dio na UERN \u00e9 desenvolvida com o intuito de disseminar informa\u00e7\u00f5es e reflex\u00f5es\u00a0sobre as diferentes concep\u00e7\u00f5es\u00a0de ass\u00e9dio\u00a0nas institui\u00e7\u00f5es p\u00fablicas,\u00a0favorecendo uma cultura de preven\u00e7\u00e3o e debate\u00a0acerca do tema. A campanha surgiu da necessidade de proporcionar melhorias nas rela\u00e7\u00f5es de\u00a0trabalho,\u00a0como forma de\u00a0evitar\u00a0situa\u00e7\u00f5es\u00a0permissivas ao ass\u00e9dio.\u00a0A\u00a0programa\u00e7\u00e3o conta com\u00a0a parceria\u00a0de diversas\u00a0institui\u00e7\u00f5es\u00a0externas, que trazem para [&hellip;]<\/p>\n","protected":false},"author":2,"featured_media":0,"parent":0,"menu_order":0,"comment_status":"closed","ping_status":"closed","template":"","meta":{"footnotes":""},"class_list":["post-333","page","type-page","status-publish","hentry"],"_links":{"self":[{"href":"https:\/\/portal.uern.br\/progep\/wp-json\/wp\/v2\/pages\/333","targetHints":{"allow":["GET"]}}],"collection":[{"href":"https:\/\/portal.uern.br\/progep\/wp-json\/wp\/v2\/pages"}],"about":[{"href":"https:\/\/portal.uern.br\/progep\/wp-json\/wp\/v2\/types\/page"}],"author":[{"embeddable":true,"href":"https:\/\/portal.uern.br\/progep\/wp-json\/wp\/v2\/users\/2"}],"replies":[{"embeddable":true,"href":"https:\/\/portal.uern.br\/progep\/wp-json\/wp\/v2\/comments?post=333"}],"version-history":[{"count":2,"href":"https:\/\/portal.uern.br\/progep\/wp-json\/wp\/v2\/pages\/333\/revisions"}],"predecessor-version":[{"id":472,"href":"https:\/\/portal.uern.br\/progep\/wp-json\/wp\/v2\/pages\/333\/revisions\/472"}],"wp:attachment":[{"href":"https:\/\/portal.uern.br\/progep\/wp-json\/wp\/v2\/media?parent=333"}],"curies":[{"name":"wp","href":"https:\/\/api.w.org\/{rel}","templated":true}]}}