{"id":325,"date":"2023-02-07T13:08:56","date_gmt":"2023-02-07T16:08:56","guid":{"rendered":"http:\/\/beta.apps.uern.br\/wordpress\/progep\/?page_id=325"},"modified":"2026-01-19T12:12:08","modified_gmt":"2026-01-19T15:12:08","slug":"equipe","status":"publish","type":"page","link":"https:\/\/portal.uern.br\/progep\/equipe\/","title":{"rendered":"Equipe"},"content":{"rendered":"<p><strong>GABINETE DA PROGEP<\/strong><\/p>\n<p>Pr\u00f3-Reitora<br \/>\n<strong>Isabel Cristina Amaral de Sousa Rosso Nelson<\/strong><\/p>\n<p>Pr\u00f3-Reitor Adjunto<br \/>\n<strong>Luis Marcos de Medeiros Guerra<\/strong><\/p>\n<p><strong>Secretaria da PROGEP<\/strong><\/p>\n<p>Andrea Vieira Regis &#8211; Secret\u00e1ria<\/p>\n<p>Franciane William da Silva &#8211; Auxiliar de Secretaria<\/p>\n<p>Contato: (84) 3315-2124<br \/>\nE-mail: progep@uern.br<\/p>\n<p><strong>Assessoria T\u00e9cnica<\/strong><\/p>\n<p>Aline Cristiani de Carvalho Gomes Guimar\u00e3es<\/p>\n<p>Ismael Nobre Rabelo<\/p>\n<p>Janssen Klauss do Nascimento Dias e Xavier<\/p>\n<p>R\u00f4mulo Wagner da Silva Ribeiro<\/p>\n<p>Contato: (84) 3315-2224<br \/>\nE-mail: assessoria.progep@uern.br<\/p>\n<hr \/>\n<p><strong>Diretoria de Pessoal<\/strong><\/p>\n<p>Izabel Maria Monte Soares Luz &#8211; Diretora<\/p>\n<p>Camila Miryan de Oliveira Ferreira &#8211; Secret\u00e1ria<\/p>\n<p>Delma C\u00e2mara Oliveira &#8211; Assistente Administrativa<\/p>\n<p>Contato: (84) 3315-3028<br \/>\nE-mail: dp.progep@uern.br<\/p>\n<p>&nbsp;<\/p>\n<ul>\n<li><strong>Departamento de Folha de Pagamento<\/strong><\/li>\n<\/ul>\n<p>Francisca Fabr\u00edcia Maia Alves &#8211; Chefe<\/p>\n<p>Larissa de Castro Xavier &#8211; Secret\u00e1ria<\/p>\n<p>Ant\u00f4nia Rafaela Fernandes de Carvalho &#8211; Chefe do Setor de Execu\u00e7\u00e3o<\/p>\n<p>Ra\u00edla Silayne de Medeiros Oliveira &#8211; Chefe do Setor de Acompanhamento e Controle<\/p>\n<p>Email: folha.progep@uern.br<br \/>\nTelefone\/WhatsApp: (84) 3315-2119<\/p>\n<p>&nbsp;<\/p>\n<ul>\n<li><strong>Departamento de Cadastro<\/strong><\/li>\n<\/ul>\n<p>Roberta Benevides Gurgel Guerra &#8211; Chefe<\/p>\n<p>Monalisa Gurgel Cutrim &#8211; Secret\u00e1ria<\/p>\n<p>Semiramis Oliveira Rosado Diniz &#8211; Chefe do Setor de Concursos e Sele\u00e7\u00f5es<\/p>\n<p>Maria do Socorro de Medeiros Pereira &#8211; Assistente Administrativa<\/p>\n<p>Romulo Wagner da Silva Ribeiro &#8211; Assistente Administrativo<\/p>\n<p>Marina Rodrigues Braz &#8211; Assistente Administrativa<\/p>\n<p>Contato: (84) 3315-2122<br \/>\nE-mail: cadastro.progep@uern.br<\/p>\n<p>&nbsp;<\/p>\n<ul>\n<li><strong>Departamento de Legisla\u00e7\u00e3o e Encargos Sociais<\/strong><\/li>\n<\/ul>\n<p>Luciana Souza da Silva &#8211; Chefe<\/p>\n<p>Ligia Barra Soares &#8211; Secret\u00e1ria<\/p>\n<p>Emele R\u00e1dna Rodrigues do Vale &#8211; Chefe do Setor de Tempor\u00e1rios<\/p>\n<p>Marileide Costa Cruz do Couto &#8211; Assistente Administrativa<\/p>\n<p>Contato: (84) 3315-2123<br \/>\nEmail: legislacao.progep@uern.br<\/p>\n<hr \/>\n<p><strong>DIRETORIA DE DESENVOLVIMENTO DE PESSOAS E QUALIDADE DE VIDA \u2013 DDPQV<\/strong><\/p>\n<p>Bianca Valente de Medeiros &#8211; Diretora<\/p>\n<p>Thiago Oliveira de Azevedo &#8211; Secret\u00e1rio<\/p>\n<p>&nbsp;<\/p>\n<ul>\n<li><strong>Departamento de Aten\u00e7\u00e3o ao Servidor<\/strong><\/li>\n<\/ul>\n<p>&#8211; Chefe<\/p>\n<p>Richelly Nayhene de Lima &#8211; Secret\u00e1ria<\/p>\n<p>Ang\u00e9lica Barbosa &#8211; Chefe do Setor de Capacita\u00e7\u00e3o e Educa\u00e7\u00e3o profissional<\/p>\n<p>L\u00facia Helena Dantas Martins &#8211; Chefe do Setor de Qualidade de Vida<\/p>\n<p>Kaliane Roberta dos Santos Narcizo &#8211; Chefe do Setor de Acompanhamento e Avalia\u00e7\u00e3o do Servidor<\/p>\n<p>Maria Viviane Monteiro de Farias &#8211; Chefe do Setor de Aposentadoria e Pensionistas<\/p>\n<p>Fernanda Camila S. Pires de Morais &#8211; Cirurgi\u00e3 Dentista<\/p>\n<p>Nathaly Andrade\u00a0 &#8211; Psic\u00f3loga<\/p>\n<p>&nbsp;<\/p>\n<p>Contato: (84) 3315-2127<\/p>\n","protected":false},"excerpt":{"rendered":"<p>GABINETE DA PROGEP Pr\u00f3-Reitora Isabel Cristina Amaral de Sousa Rosso Nelson Pr\u00f3-Reitor Adjunto Luis Marcos de Medeiros Guerra Secretaria da PROGEP Andrea Vieira Regis &#8211; Secret\u00e1ria Franciane William da Silva &#8211; Auxiliar de Secretaria Contato: (84) 3315-2124 E-mail: progep@uern.br Assessoria T\u00e9cnica Aline Cristiani de Carvalho Gomes Guimar\u00e3es Ismael Nobre Rabelo Janssen Klauss do Nascimento Dias [&hellip;]<\/p>\n","protected":false},"author":2,"featured_media":0,"parent":0,"menu_order":0,"comment_status":"closed","ping_status":"closed","template":"","meta":{"footnotes":""},"class_list":["post-325","page","type-page","status-publish","hentry"],"_links":{"self":[{"href":"https:\/\/portal.uern.br\/progep\/wp-json\/wp\/v2\/pages\/325","targetHints":{"allow":["GET"]}}],"collection":[{"href":"https:\/\/portal.uern.br\/progep\/wp-json\/wp\/v2\/pages"}],"about":[{"href":"https:\/\/portal.uern.br\/progep\/wp-json\/wp\/v2\/types\/page"}],"author":[{"embeddable":true,"href":"https:\/\/portal.uern.br\/progep\/wp-json\/wp\/v2\/users\/2"}],"replies":[{"embeddable":true,"href":"https:\/\/portal.uern.br\/progep\/wp-json\/wp\/v2\/comments?post=325"}],"version-history":[{"count":13,"href":"https:\/\/portal.uern.br\/progep\/wp-json\/wp\/v2\/pages\/325\/revisions"}],"predecessor-version":[{"id":2529,"href":"https:\/\/portal.uern.br\/progep\/wp-json\/wp\/v2\/pages\/325\/revisions\/2529"}],"wp:attachment":[{"href":"https:\/\/portal.uern.br\/progep\/wp-json\/wp\/v2\/media?parent=325"}],"curies":[{"name":"wp","href":"https:\/\/api.w.org\/{rel}","templated":true}]}}