{"id":320,"date":"2023-02-07T13:05:40","date_gmt":"2023-02-07T16:05:40","guid":{"rendered":"http:\/\/beta.apps.uern.br\/wordpress\/progep\/?page_id=320"},"modified":"2026-03-17T14:53:09","modified_gmt":"2026-03-17T17:53:09","slug":"observatorio-da-saude-do-servidor","status":"publish","type":"page","link":"https:\/\/portal.uern.br\/progep\/observatorio-da-saude-do-servidor\/","title":{"rendered":"Observat\u00f3rio da sa\u00fade do servidor"},"content":{"rendered":"<p><img decoding=\"async\" src=\"http:\/\/www.uern.br\/controledepaginas\/observatorio-da-saude-do-servidor\/imagens\/7083whatsapp_image_2022_08_05_at_14.07.06.jpeg\" \/><\/p>\n<h4>O Observat\u00f3rio da sa\u00fade do servidor da UERN &#8211; Observ, \u00e9 uma iniciativa da PROGEP com vistas na coleta de dados e produ\u00e7\u00e3o das informa\u00e7\u00f5es em busca do mapeamento e monitoramento da sa\u00fade do servidor, subsidiando as a\u00e7\u00f5es de planejamento, articula\u00e7\u00f5es de estudos e pesquisas, bem como a realiza\u00e7\u00e3o de a\u00e7\u00f5es com foco na sa\u00fade, qualidade de vida e bem-estar, redu\u00e7\u00e3o dos riscos e agravos laborais.<\/h4>\n<h3><strong>Confira aqui<\/strong><\/h3>\n<table>\n<tbody>\n<tr>\n<td style=\"text-align: center\" colspan=\"5\"><strong>RELAT\u00d3RIOS &#8211; OBSERV<\/strong><\/td>\n<\/tr>\n<tr>\n<td><strong>2022<\/strong><\/td>\n<td><strong>2023<\/strong><\/td>\n<td><strong>2024<\/strong><\/td>\n<td><strong>2025<\/strong><\/td>\n<td><strong>2026<\/strong><\/td>\n<\/tr>\n<tr>\n<td><\/td>\n<td><a href=\"https:\/\/portal.uern.br\/progep\/wp-content\/uploads\/2023\/02\/observatorio-janeiro.pdf\"><strong>JANEIRO\/2023<\/strong><\/a><\/td>\n<td><strong><a href=\"https:\/\/portal.uern.br\/progep\/wp-content\/uploads\/2024\/07\/Observ-Janeiro-2024.pdf\">JANEIRO\/2024<\/a><\/strong><\/td>\n<td><strong><a href=\"https:\/\/portal.uern.br\/progep\/wp-content\/uploads\/2025\/06\/OBSERV-2025-JANEIRO.pdf\" target=\"_blank\" rel=\"noopener\">JANEIRO\/2025<\/a><\/strong><\/td>\n<td><a href=\"https:\/\/portal.uern.br\/progep\/wp-content\/uploads\/2026\/03\/OBSERV-2026-Janeiro.pdf\" target=\"_blank\" rel=\"noopener\"><strong>JANEIRO\/2026<\/strong><\/a><\/td>\n<\/tr>\n<tr>\n<td><\/td>\n<td><strong><a href=\"http:\/\/www.uern.br\/controledepaginas\/observatorio-da-saude-do-servidor\/arquivos\/7083observata\u00b3rio_fevereiro.2023.pdf\">FEVEREIRO\/2023<\/a><\/strong><\/td>\n<td><strong><a href=\"https:\/\/portal.uern.br\/progep\/wp-content\/uploads\/2024\/07\/Observ-Fevereiro-2024.pdf\">FEVEREIRO\/2024<\/a><\/strong><\/td>\n<td><strong><a href=\"https:\/\/portal.uern.br\/progep\/wp-content\/uploads\/2025\/06\/OBSERV-2025-FEVEREIRO.pdf\" target=\"_blank\" rel=\"noopener\">FEVEREIRO\/2025<\/a><\/strong><\/td>\n<td><a href=\"https:\/\/portal.uern.br\/progep\/wp-content\/uploads\/2026\/03\/OBSERV-2026-Fevereiro.pdf\" target=\"_blank\" rel=\"noopener\"><strong>FEVEREIRO\/2026<\/strong><\/a><\/td>\n<\/tr>\n<tr>\n<td><\/td>\n<td><strong><a href=\"http:\/\/www.uern.br\/controledepaginas\/observatorio-da-saude-do-servidor\/arquivos\/7083observatorio_mara\u00a7o.pdf\">MAR\u00c7O\/2023<\/a><\/strong><\/td>\n<td><strong><a href=\"https:\/\/portal.uern.br\/progep\/wp-content\/uploads\/2024\/07\/Observ-Marco-2024.pdf\">MAR\u00c7O\/2024<\/a><\/strong><\/td>\n<td><strong><a href=\"https:\/\/portal.uern.br\/progep\/wp-content\/uploads\/2025\/06\/OBSERV-2025-MARCO-.pdf\" target=\"_blank\" rel=\"noopener\">MAR\u00c7O\/2025<\/a><\/strong><\/td>\n<td><\/td>\n<\/tr>\n<tr>\n<td><\/td>\n<td><strong><a href=\"https:\/\/portal.uern.br\/progep\/wp-content\/uploads\/2023\/07\/observatorio-abril.pdf\">ABRIL\/2023<\/a><\/strong><\/td>\n<td><strong><a href=\"https:\/\/portal.uern.br\/progep\/wp-content\/uploads\/2024\/07\/Observ-Abril-2024.pdf\">ABRIL\/2024<\/a><\/strong><\/td>\n<td><strong><a href=\"https:\/\/portal.uern.br\/progep\/wp-content\/uploads\/2025\/06\/OBSERV-2025-ABRIL-.pdf\" target=\"_blank\" rel=\"noopener\">ABRIL\/2025<\/a><\/strong><\/td>\n<td><\/td>\n<\/tr>\n<tr>\n<td><\/td>\n<td><strong><a href=\"https:\/\/portal.uern.br\/progep\/wp-content\/uploads\/2023\/07\/Observatorio-maio.pdf\">MAIO\/2023<\/a><\/strong><\/td>\n<td><strong><a href=\"https:\/\/portal.uern.br\/progep\/wp-content\/uploads\/2024\/07\/Observ-maio-2024.pdf\">MAIO\/2024<\/a><\/strong><\/td>\n<td><a href=\"https:\/\/portal.uern.br\/progep\/wp-content\/uploads\/2025\/08\/OBSERV-2025-Maio.pdf\" target=\"_blank\" rel=\"noopener\"><strong>MAIO\/2025<\/strong><\/a><\/td>\n<td><\/td>\n<\/tr>\n<tr>\n<td><\/td>\n<td><strong><a href=\"https:\/\/portal.uern.br\/progep\/wp-content\/uploads\/2023\/07\/observatorio-junho.pdf\">JUNHO\/2023<\/a><\/strong><\/td>\n<td><strong><a href=\"https:\/\/portal.uern.br\/progep\/wp-content\/uploads\/2024\/07\/Observ-junho-2024.pdf\">JUNHO\/2024<\/a><\/strong><\/td>\n<td><a href=\"https:\/\/portal.uern.br\/progep\/wp-content\/uploads\/2025\/08\/OBSERV-2025-Junho.pdf\" target=\"_blank\" rel=\"noopener\"><strong>JUNHO\/2025<\/strong><\/a><\/td>\n<td><\/td>\n<\/tr>\n<tr>\n<td><strong><a href=\"http:\/\/www.uern.br\/controledepaginas\/observatorio-da-saude-do-servidor\/arquivos\/7083observatorio_de_saude_do_servidor.pdf\">JULHO\/2022<\/a><\/strong><\/td>\n<td><strong><a href=\"https:\/\/portal.uern.br\/progep\/wp-content\/uploads\/2023\/09\/Observatorio-julho.pdf\">JULHO\/2023<\/a><\/strong><\/td>\n<td><strong><a href=\"https:\/\/portal.uern.br\/progep\/wp-content\/uploads\/2025\/02\/Observ-julho-2024_20250116_135048_0000.pdf\">JULHO\/2024<\/a><\/strong><\/td>\n<td><a href=\"https:\/\/portal.uern.br\/progep\/wp-content\/uploads\/2025\/09\/OBSERV-2025-Julho_compressed-3.pdf\" target=\"_blank\" rel=\"noopener\"><strong>JULHO\/2025<\/strong><\/a><\/td>\n<td><\/td>\n<\/tr>\n<tr>\n<td><strong><a href=\"http:\/\/www.uern.br\/controledepaginas\/observatorio-da-saude-do-servidor\/arquivos\/7083observata%C2%B3rio_agosto.pdf\">AGOSTO\/2022<\/a><\/strong><\/td>\n<td><strong><a href=\"https:\/\/portal.uern.br\/progep\/wp-content\/uploads\/2023\/09\/Observatorio-agosto.pdf\">AGOSTO\/2023<\/a><\/strong><\/td>\n<td><strong><a href=\"https:\/\/portal.uern.br\/progep\/wp-content\/uploads\/2025\/02\/Observ-agosto-2024_20250116_135124_0000.pdf\">AGOSTO\/2024<\/a><\/strong><\/td>\n<td><a href=\"https:\/\/portal.uern.br\/progep\/wp-content\/uploads\/2025\/12\/OBSERV-2025-Agosto-2.pdf\" target=\"_blank\" rel=\"noopener\"><strong>AGOSTO\/2025<\/strong><\/a><\/td>\n<td><\/td>\n<\/tr>\n<tr>\n<td><strong><a href=\"http:\/\/www.uern.br\/controledepaginas\/observatorio-da-saude-do-servidor\/arquivos\/7083observatorio_setembro.pdf\">SETEMBRO\/2022<\/a><\/strong><\/td>\n<td><strong><a href=\"https:\/\/portal.uern.br\/progep\/wp-content\/uploads\/2024\/01\/Observatorio-setembro.pdf\">SETEMBRO\/2023<\/a><\/strong><\/td>\n<td><strong><a href=\"https:\/\/portal.uern.br\/progep\/wp-content\/uploads\/2025\/02\/Observ-setembro-2024_20250116_135206_0000.pdf\">SETEMBRO\/2024<\/a><\/strong><\/td>\n<td><strong><a href=\"https:\/\/portal.uern.br\/progep\/wp-content\/uploads\/2025\/12\/OBSERV-2025-Setembro-2.pdf\" target=\"_blank\" rel=\"noopener\">SETEMBRO\/2025<\/a><\/strong><\/td>\n<td><\/td>\n<\/tr>\n<tr>\n<td><strong><a href=\"http:\/\/www.uern.br\/controledepaginas\/observatorio-da-saude-do-servidor\/arquivos\/7083observata%C2%B3riooutubro.pdf\">OUTUBRO\/2022<\/a><\/strong><\/td>\n<td><strong><a href=\"https:\/\/portal.uern.br\/progep\/wp-content\/uploads\/2024\/01\/Observatorio-outubro.pdf\">OUTUBRO\/2023<\/a><\/strong><\/td>\n<td><strong><a href=\"https:\/\/portal.uern.br\/progep\/wp-content\/uploads\/2025\/02\/Observ-outubro-2024_20250116_135238_0000.pdf\">OUTUBRO\/2024<\/a><\/strong><\/td>\n<td><strong><a href=\"https:\/\/portal.uern.br\/progep\/wp-content\/uploads\/2025\/12\/OBSERV-2025-Outubro-1.pdf\" target=\"_blank\" rel=\"noopener\">OUTUBRO\/2025<\/a><\/strong><\/td>\n<td><\/td>\n<\/tr>\n<tr>\n<td><strong><a href=\"http:\/\/www.uern.br\/controledepaginas\/observatorio-da-saude-do-servidor\/arquivos\/7083observata%C2%B3rio_novembro.pdf\">NOVEMBRO\/2022<\/a><\/strong><\/td>\n<td><strong><a href=\"https:\/\/portal.uern.br\/progep\/wp-content\/uploads\/2024\/01\/Observatorio-novembro-1.pdf\">NOVEMBRO\/2023<\/a><\/strong><\/td>\n<td><strong><a href=\"https:\/\/portal.uern.br\/progep\/wp-content\/uploads\/2025\/05\/Observ-Novembro-2024_20250509_191605_0000.pdf\">NOVEMBRO\/2024<\/a><\/strong><\/td>\n<td><a href=\"https:\/\/portal.uern.br\/progep\/wp-content\/uploads\/2025\/12\/OBSERV-2025-Novembro.pdf\"><strong>NOVEMBRO\/2025<\/strong><\/a><\/td>\n<td><\/td>\n<\/tr>\n<tr>\n<td><strong><a href=\"http:\/\/www.uern.br\/controledepaginas\/observatorio-da-saude-do-servidor\/arquivos\/7083observatorio_dezembro.pdf\">DEZEMBRO\/2022<\/a><\/strong><\/td>\n<td><strong><a href=\"https:\/\/portal.uern.br\/progep\/wp-content\/uploads\/2024\/08\/Observ-dezembro-.2023.pdf\">DEZEMBRO\/2023<\/a><\/strong><\/td>\n<td><strong><a href=\"https:\/\/portal.uern.br\/progep\/wp-content\/uploads\/2025\/05\/Copia-de-Observ-Dezembro-2024_20250509_191440_0000.pdf\">DEZEMBRO\/2024<\/a><\/strong><\/td>\n<td><strong><a href=\"https:\/\/portal.uern.br\/progep\/wp-content\/uploads\/2026\/03\/OBSERV-2025-Dezembro-2.pdf\" target=\"_blank\" rel=\"noopener\">DEZEMBO\/2025<\/a><\/strong><\/td>\n<td><\/td>\n<\/tr>\n<\/tbody>\n<\/table>\n<p>&nbsp;<\/p>\n<p><strong>MONITORAMENTO E ENCAMINHAMENTOS SOBRE COVID-19<\/strong><\/p>\n<p><strong><img fetchpriority=\"high\" decoding=\"async\" src=\"http:\/\/www.uern.br\/controledepaginas\/observatorio-da-saude-do-servidor\/imagens\/7083testagem_imagem.png\" alt=\"\" width=\"618\" height=\"128\" \/><\/strong><\/p>\n<p><a href=\"https:\/\/docs.google.com\/forms\/d\/e\/1FAIpQLSetUviR0_-GuQqQQLrvI8isvXdD9uxMeb3-GzPxM3WoRiobew\/viewform?usp=sf_link\" target=\"_blank\" rel=\"noopener\">Formul\u00e1rio para marcar teste de COVID &#8211; 19<\/a><\/p>\n<p><a href=\"https:\/\/docs.google.com\/forms\/d\/e\/1FAIpQLSc6IH6KZ6cFGZ9VzsdKEhJ6uXIPlJjE4dJLDchX3gSJJcAaQQ\/viewform?usp=sf_link\" target=\"_blank\" rel=\"noopener\">Formul\u00e1rio para Informar suspeita ou estado confirmado de COVID &#8211; 19<\/a><\/p>\n","protected":false},"excerpt":{"rendered":"<p>O Observat\u00f3rio da sa\u00fade do servidor da UERN &#8211; Observ, \u00e9 uma iniciativa da PROGEP com vistas na coleta de dados e produ\u00e7\u00e3o das informa\u00e7\u00f5es em busca do mapeamento e monitoramento da sa\u00fade do servidor, subsidiando as a\u00e7\u00f5es de planejamento, articula\u00e7\u00f5es de estudos e pesquisas, bem como a realiza\u00e7\u00e3o de a\u00e7\u00f5es com foco na sa\u00fade, [&hellip;]<\/p>\n","protected":false},"author":2,"featured_media":0,"parent":0,"menu_order":0,"comment_status":"closed","ping_status":"closed","template":"","meta":{"footnotes":""},"class_list":["post-320","page","type-page","status-publish","hentry"],"_links":{"self":[{"href":"https:\/\/portal.uern.br\/progep\/wp-json\/wp\/v2\/pages\/320","targetHints":{"allow":["GET"]}}],"collection":[{"href":"https:\/\/portal.uern.br\/progep\/wp-json\/wp\/v2\/pages"}],"about":[{"href":"https:\/\/portal.uern.br\/progep\/wp-json\/wp\/v2\/types\/page"}],"author":[{"embeddable":true,"href":"https:\/\/portal.uern.br\/progep\/wp-json\/wp\/v2\/users\/2"}],"replies":[{"embeddable":true,"href":"https:\/\/portal.uern.br\/progep\/wp-json\/wp\/v2\/comments?post=320"}],"version-history":[{"count":48,"href":"https:\/\/portal.uern.br\/progep\/wp-json\/wp\/v2\/pages\/320\/revisions"}],"predecessor-version":[{"id":2635,"href":"https:\/\/portal.uern.br\/progep\/wp-json\/wp\/v2\/pages\/320\/revisions\/2635"}],"wp:attachment":[{"href":"https:\/\/portal.uern.br\/progep\/wp-json\/wp\/v2\/media?parent=320"}],"curies":[{"name":"wp","href":"https:\/\/api.w.org\/{rel}","templated":true}]}}