{"id":2434,"date":"2025-10-31T09:46:55","date_gmt":"2025-10-31T12:46:55","guid":{"rendered":"https:\/\/portal.uern.br\/progep\/?page_id=2434"},"modified":"2026-01-26T15:18:36","modified_gmt":"2026-01-26T18:18:36","slug":"concurso-docente-2025","status":"publish","type":"page","link":"https:\/\/portal.uern.br\/progep\/concurso-docente-2025\/","title":{"rendered":"Concurso Docente 2025"},"content":{"rendered":"<h5>EDITAL n\u00ba 001\/2025-FUERN &#8211; CONCURSO P\u00daBLICO DE PROVAS E T\u00cdTULOS PARA PROVIMENTO DE VAGAS DE PROFESSOR DO ENSINO SUPERIOR DA FUNDA\u00c7\u00c3O UNIVERSIDADE DO ESTADO DO RIO GRANDE DO NORTE<\/h5>\n<p>A Funda\u00e7\u00e3o Universidade do Estado do Rio Grande do Norte (FUERN) torna p\u00fablica a realiza\u00e7\u00e3o de concurso de provas e t\u00edtulos para o provimento de <strong>66 (sessenta e seis)<\/strong> vagas no cargo de Professor do Ensino Superior da Funda\u00e7\u00e3o Universidade do Estado do Rio Grande do Norte (FUERN), em decorr\u00eancia de aposentadorias e falecimentos de servidores, nos termos do art. 22, par\u00e1grafo \u00fanico, inciso IV, da Lei Complementar n\u00ba 101, de 4 de maio de 2000 \u2013 Lei de Responsabilidade Fiscal.<\/p>\n<p>O concurso ser\u00e1 realizado pelo N\u00facleo Permanente de Concursos (COMPERVE), que \u00e9 uma Unidade Suplementar vinculada \u00e0 Reitoria da Universidade Federal do Rio Grande do Norte (UFRN), sob coordena\u00e7\u00e3o conjunta da pr\u00f3pria COMPERVE e da Comiss\u00e3o Central de Concurso (CCC).<\/p>\n<hr \/>\n<h4>Publica\u00e7\u00f5es do Edital<\/h4>\n<p>29\/10\/2025 &#8211; <a href=\"https:\/\/portal.uern.br\/progep\/wp-content\/uploads\/2025\/10\/EDITAL_01_2025_CONCURSO_DOCENTE.pdf\" target=\"_blank\" rel=\"noopener\">Edital de abertura<\/a> &#8211; <a href=\"https:\/\/portal.uern.br\/progep\/wp-content\/uploads\/2025\/10\/DOE-Edital_01_2025.pdf\" target=\"_blank\" rel=\"noopener\">DOE<\/a><\/p>\n<p>03\/11\/2025 &#8211; <a href=\"https:\/\/portal.uern.br\/progep\/wp-content\/uploads\/2025\/11\/1a-Retificacao-do-Edital-no-001_2025-FUERN.docx-1.pdf\" target=\"_blank\" rel=\"noopener\">Retifica\u00e7\u00e3o 01<\/a> &#8211; <a href=\"https:\/\/portal.uern.br\/progep\/wp-content\/uploads\/2025\/11\/EDITAL-01.2025-FUERN-DOCENTES-APOS-1a-RETIFICACAO.pdf\" target=\"_blank\" rel=\"noopener\">Edital Retificado<\/a> &#8211; <a href=\"https:\/\/portal.uern.br\/progep\/wp-content\/uploads\/2025\/12\/Publicacao_L36YIFHX8G-NI5CRUBZX6-P2TH9ZW2VI.pdf\" target=\"_blank\" rel=\"noopener\">DOE<\/a><\/p>\n<p>26\/11\/2025 &#8211; <a href=\"https:\/\/portal.uern.br\/progep\/wp-content\/uploads\/2025\/12\/3a-Retificacao-do-Edital-no-001_2025-FUERN.docx.pdf\" target=\"_blank\" rel=\"noopener\">Retifica\u00e7\u00e3o 03<\/a> &#8211; <a href=\"https:\/\/portal.uern.br\/progep\/wp-content\/uploads\/2025\/12\/Publicacao_KV9MICQ9VK-XPALRU6BZ6-P2TH9ZW2VI.pdf\" target=\"_blank\" rel=\"noopener\">DOE<\/a><\/p>\n<p>16\/12\/2026 &#8211; <a href=\"https:\/\/portal.uern.br\/progep\/wp-content\/uploads\/2026\/01\/Lista_definitiva_de_candidatos_com_inscricao_validada-por_area_.pdf\" target=\"_blank\" rel=\"noopener\">Lista definitiva dos inscritos<\/a> &#8211; <a href=\"https:\/\/portal.uern.br\/progep\/wp-content\/uploads\/2026\/01\/Publicacao_XRS9R4AWEA-ONFVI20CO8-P2TH9ZW2VI.pdf\" target=\"_blank\" rel=\"noopener\">DOE<\/a><\/p>\n<p>13\/01\/2026 &#8211; <a href=\"https:\/\/portal.uern.br\/progep\/wp-content\/uploads\/2026\/01\/UERN-Bancas-Preliminares-para-publicacao.pdf\" target=\"_blank\" rel=\"noopener\">Lista preliminar das Bancas Examinadoras<\/a> &#8211; <a href=\"https:\/\/portal.uern.br\/progep\/wp-content\/uploads\/2026\/01\/Publicacao_9989RMOHKY-ZYX7IGMMUG-P2TH9ZW2VI.pdf\" target=\"_blank\" rel=\"noopener\">DOE<\/a><\/p>\n<p>14\/01\/2026 &#8211; <a href=\"https:\/\/portal.uern.br\/progep\/wp-content\/uploads\/2026\/01\/UERN-COMPLEMENTO-Bancas-Preliminares-para-publicacao.pdf\" target=\"_blank\" rel=\"noopener\">Lista preliminar complementar das Bancas Examinadoras<\/a> &#8211; <a href=\"https:\/\/portal.uern.br\/progep\/wp-content\/uploads\/2026\/01\/Publicacao_HFEXR4JYIQ-ICA59NGB7Y-P2TH9ZW2VI.pdf\" target=\"_blank\" rel=\"noopener\">DOE<\/a><\/p>\n<p>15\/01\/2026 &#8211; <a href=\"https:\/\/portal.uern.br\/progep\/wp-content\/uploads\/2026\/01\/1o-Edital-Complementar-ao-Edital-no-001_2025-FUERN.docx.pdf\" target=\"_blank\" rel=\"noopener\">1\u00ba Edital Complementar &#8211; disp\u00f5e sobre a pontua\u00e7\u00e3o dos crit\u00e9rios avaliativos da prova escrita<\/a> &#8211; <a href=\"https:\/\/portal.uern.br\/progep\/wp-content\/uploads\/2026\/01\/Publicacao_XRS9R4AWEA-ONFVI20CO8-P2TH9ZW2VI.pdf\" target=\"_blank\" rel=\"noopener\">DOE<\/a><\/p>\n<p>16\/01\/2026 &#8211; <a href=\"https:\/\/portal.uern.br\/progep\/wp-content\/uploads\/2026\/01\/BANCAS-DE-SUPLENTES-PARA-PUBLICACAO.pdf\" target=\"_blank\" rel=\"noopener\">Lista Preliminar dos suplentes das Bancas Examinadoras<\/a> &#8211; <a href=\"https:\/\/portal.uern.br\/progep\/wp-content\/uploads\/2026\/01\/Publicacao_XRS9R4AWEA-ONFVI20CO8-P2TH9ZW2VI.pdf\" target=\"_blank\" rel=\"noopener\">DOE<\/a><\/p>\n<p>20\/01\/2026 &#8211; <a href=\"https:\/\/portal.uern.br\/progep\/wp-content\/uploads\/2026\/01\/Bancas-remanecentes-dos-suplentes.pdf\" target=\"_blank\" rel=\"noopener\">Lista Preliminar complementar dos suplentes das bancas<\/a> &#8211; <a href=\"https:\/\/portal.uern.br\/progep\/wp-content\/uploads\/2026\/01\/Publicacao_UGIXR3SS5E-7BDSIVGCMO-P2TH9ZW2VI.pdf\" target=\"_blank\" rel=\"noopener\">DOE<\/a><\/p>\n<p>21\/01\/2026 &#8211; <a href=\"https:\/\/portal.uern.br\/progep\/wp-content\/uploads\/2026\/01\/5a-Retificacao-do-Edital-no-001_2025-FUERN.docx-2.pdf\" target=\"_blank\" rel=\"noopener\">5\u00ba Retifica\u00e7\u00e3o<\/a> &#8211; <a href=\"https:\/\/portal.uern.br\/progep\/wp-content\/uploads\/2026\/01\/Publicacao_DOE-5-retificacao.pdf\" target=\"_blank\" rel=\"noopener\">DOE<\/a><\/p>\n<p>23\/01\/2026 &#8211; <a href=\"https:\/\/portal.uern.br\/progep\/wp-content\/uploads\/2026\/01\/Bancas-UERN-Definitivas-para-publicacao.pdf\" target=\"_blank\" rel=\"noopener\">Bancas definitivas<\/a> &#8211; <a href=\"https:\/\/portal.uern.br\/progep\/wp-content\/uploads\/2026\/01\/Publicacao_IZ2XRLF6YQ-MQ6LRI4BOI-P2TH9ZW2VI.pdf\" target=\"_blank\" rel=\"noopener\">DOE<\/a><\/p>\n","protected":false},"excerpt":{"rendered":"<p>EDITAL n\u00ba 001\/2025-FUERN &#8211; CONCURSO P\u00daBLICO DE PROVAS E T\u00cdTULOS PARA PROVIMENTO DE VAGAS DE PROFESSOR DO ENSINO SUPERIOR DA FUNDA\u00c7\u00c3O UNIVERSIDADE DO ESTADO DO RIO GRANDE DO NORTE A Funda\u00e7\u00e3o Universidade do Estado do Rio Grande do Norte (FUERN) torna p\u00fablica a realiza\u00e7\u00e3o de concurso de provas e t\u00edtulos para o provimento de 66 [&hellip;]<\/p>\n","protected":false},"author":3,"featured_media":0,"parent":0,"menu_order":0,"comment_status":"closed","ping_status":"closed","template":"","meta":{"footnotes":""},"class_list":["post-2434","page","type-page","status-publish","hentry"],"_links":{"self":[{"href":"https:\/\/portal.uern.br\/progep\/wp-json\/wp\/v2\/pages\/2434","targetHints":{"allow":["GET"]}}],"collection":[{"href":"https:\/\/portal.uern.br\/progep\/wp-json\/wp\/v2\/pages"}],"about":[{"href":"https:\/\/portal.uern.br\/progep\/wp-json\/wp\/v2\/types\/page"}],"author":[{"embeddable":true,"href":"https:\/\/portal.uern.br\/progep\/wp-json\/wp\/v2\/users\/3"}],"replies":[{"embeddable":true,"href":"https:\/\/portal.uern.br\/progep\/wp-json\/wp\/v2\/comments?post=2434"}],"version-history":[{"count":17,"href":"https:\/\/portal.uern.br\/progep\/wp-json\/wp\/v2\/pages\/2434\/revisions"}],"predecessor-version":[{"id":2545,"href":"https:\/\/portal.uern.br\/progep\/wp-json\/wp\/v2\/pages\/2434\/revisions\/2545"}],"wp:attachment":[{"href":"https:\/\/portal.uern.br\/progep\/wp-json\/wp\/v2\/media?parent=2434"}],"curies":[{"name":"wp","href":"https:\/\/api.w.org\/{rel}","templated":true}]}}