{"id":237,"date":"2022-09-08T14:52:59","date_gmt":"2022-09-08T17:52:59","guid":{"rendered":"https:\/\/paisdemossoro.com.br\/wordpress\/progep\/?page_id=237"},"modified":"2026-01-07T10:07:46","modified_gmt":"2026-01-07T13:07:46","slug":"auxilio-saude","status":"publish","type":"page","link":"https:\/\/portal.uern.br\/progep\/auxilio-saude\/","title":{"rendered":"Aux\u00edlio Sa\u00fade"},"content":{"rendered":"<p><span lang=\"pt-BR\">Regido pela Lei\u00a0Complementar n\u00ba 608, de 14 de dezembro de 2017 e\u00a0pela Resolu\u00e7\u00e3o\u00a0n\u00b0\u00a0039\/2021-CD, o Aux\u00edlio Sa\u00fade surgiu da necessidade de beneficiar os servidores da UERN com um servi\u00e7o de sa\u00fade de qualidade.<\/span><\/p>\n<p><span lang=\"pt-BR\">S\u00e3o contemplados pelo benef\u00edcio todos os\u00a0servidores ativos e inativos integrantes do quadro de pessoal da FUERN, bem como, servidores cedidos e comissionados que estejam desenvolvendo suas atividades no \u00e2mbito da UERN.<\/span><\/p>\n<hr \/>\n<h3><span lang=\"pt-BR\">FORMUL\u00c1RIOS<\/span><\/h3>\n<ul>\n<li><strong><span lang=\"pt-BR\"><a href=\"https:\/\/www.uern.br\/controledepaginas\/prorhae-eventos\/arquivos\/3549requerimento_padrao_atualizado.pdf\" target=\"_blank\" rel=\"noopener\">Formul\u00e1rio Padr\u00e3o<\/a><\/span><\/strong><\/li>\n<li><a href=\"http:\/\/www.uern.br\/controledepaginas\/progep-formularios\/arquivos\/4750declaraa%E2%80%A1a%C6%92o_de_na%C6%92o_aca%C5%A1mulo_pdf.pdf\" target=\"_blank\" rel=\"noopener\"><strong><span lang=\"pt-BR\">Declara\u00e7\u00e3o de n\u00e3o ac\u00famulo de outro benef\u00edcio equivalente ao aux\u00edlio sa\u00fade<\/span><\/strong><\/a><\/li>\n<li><a href=\"http:\/\/www.uern.br\/controledepaginas\/prorhae-auxiliosaude\/arquivos\/3549termo_de_cia%C5%A1ncia_e_responsabilidade_do_servidor.pdf\" target=\"_blank\" rel=\"noopener\"><strong><span lang=\"pt-BR\">Termo de Ci\u00eancia e Responsabilidade legal<\/span><\/strong><\/a><\/li>\n<\/ul>\n<hr \/>\n<h3><span lang=\"pt-BR\">ORIENTA\u00c7\u00d5ES B\u00c1SICAS<\/span><\/h3>\n<ul>\n<li><span lang=\"pt-BR\">Para solicitar implanta\u00e7\u00e3o do benef\u00edcio, o servidor deve preencher o\u00a0<strong>Formul\u00e1rio Padr\u00e3o,<\/strong>\u00a0<strong>Declara\u00e7\u00e3o e Termo de Ci\u00eancia e Responsabilidade legal,<\/strong>\u00a0disponibilizados cima,\u00a0<\/span><span lang=\"pt-BR\">digitalizar<\/span><span lang=\"pt-BR\">\u00a0junto com o comprovante de v\u00ednculo a empresa prestadora de plano de sa\u00fade e enviar para o\u00a0<a href=\"mailto:auxiliosaude@uern.br\">auxiliosaude@uern.br<\/a><\/span><\/li>\n<li><span lang=\"pt-BR\">Para solicitar cancelamento do benef\u00edcio, o servidor deve preencher o\u00a0<strong>Formul\u00e1rio Padr\u00e3o<\/strong>,\u00a0digitalizar\u00a0e enviar para\u00a0<a href=\"mailto:auxiliosaude@uern.br\">auxiliosaude@uern.br<\/a><\/span><\/li>\n<li><span lang=\"pt-BR\">O benefici\u00e1rio\u00a0<\/span><span lang=\"pt-BR\">dever\u00e1 prestar contas anualmente do benef\u00edcio recebido no ano imediatamente anterior.<\/span><\/li>\n<li><span lang=\"pt-BR\">O benefici\u00e1rio que, por ocasi\u00e3o da presta\u00e7\u00e3o de contas anual, comprovar vincula\u00e7\u00e3o a plano de sa\u00fade em per\u00edodo de tempo inferior ao per\u00edodo de tempo de recebimento do aux\u00edlio-sa\u00fade, devolver\u00e1 o valor do aux\u00edlio-sa\u00fade do per\u00edodo sem contrata\u00e7\u00e3o de plano \u00e0 FUERN.<\/span><\/li>\n<li><span lang=\"pt-BR\">O servidor perder\u00e1 o direito ao aux\u00edlio-sa\u00fade nas seguintes situa\u00e7\u00f5es: exonera\u00e7\u00e3o; posse em outro cargo inacumul\u00e1vel; demiss\u00e3o; redistribui\u00e7\u00e3o; fraude, sem preju\u00edzo da responsabiliza\u00e7\u00e3o administrativa, civil e\/ou penal; falecimento; licen\u00e7a para tratar de interesses particulares; afastamento para servir em outro Poder, \u00d3rg\u00e3o ou Entidade; a pedido; quando n\u00e3o comprovada a contrata\u00e7\u00e3o\u00a0<\/span><span lang=\"pt-BR\">do plano de sa\u00fade.<\/span><\/li>\n<\/ul>\n<hr \/>\n<h3><strong>PERGUNTAS FREQUENTES SOBRE PRESTA\u00c7\u00c3O DE CONTAS<\/strong><\/h3>\n<p><strong>1 \u2013 N\u00c3O PRESTEI CONTA NOS ANOS ANTERIORES? O QUE DEVO FAZER?<\/strong><\/p>\n<p>Caso o servidor\u00a0<strong>tenha contratado empresa<\/strong>\u00a0prestadora de servi\u00e7o de plano de sa\u00fade durante o tempo de recebimento do benef\u00edcio, basta apresentar documento emitido pela administradora do servi\u00e7o com respectivos pagamentos, nos termos do Art. 3\u00b0 da Instru\u00e7\u00e3o Normativa n\u00ba 01\/2020-GP\/PROGEP, enviando para o e-mail\u00a0<a href=\"mailto:auxiliosaude@uern.br\">auxiliosaude@uern.br<\/a><\/p>\n<p><a name=\"__DdeLink__1941_40463203691\"><\/a>Caso o benefici\u00e1rio\u00a0<strong>n\u00e3o tenha contratado nenhuma operadora de plano de sa\u00fade<\/strong>, dever\u00e1 regularizar a situa\u00e7\u00e3o junto a UERN, apresentando propo<span lang=\"pt-BR\">sta de negocia\u00e7\u00e3o para devolu\u00e7\u00e3o dos valores recebidos no per\u00edodo sem contrata\u00e7\u00e3o. Para tanto, deve solicitar o\u00a0<\/span><span lang=\"pt-BR\"><em>\u201c<\/em><\/span><span lang=\"pt-BR\"><em>Termo de Acordo Para Devolu\u00e7\u00e3o de Valores<\/em><\/span><span lang=\"pt-BR\"><em>\u201d<\/em><\/span><span lang=\"pt-BR\">\u00a0atrav\u00e9s do e-mail\u00a0<\/span><a href=\"mailto:auxiliosaude@uern.br\"><span lang=\"pt-BR\">auxiliosaude@uern.br<\/span><\/a><span lang=\"pt-BR\">.\u00a0<\/span><span lang=\"pt-BR\">O<\/span><span lang=\"pt-BR\">\u00a0documento deve ser entregue ou enviado originalmente (f\u00edsico) para o\u00a0<\/span><span lang=\"pt-BR\"><strong>Departamento de Pessoal (DP\/PROGEP)<\/strong><\/span><span lang=\"pt-BR\">,<\/span><span lang=\"pt-BR\">l<\/span><span lang=\"pt-BR\">ocalizado no\u00a0<\/span><span lang=\"pt-BR\"><em>Edif\u00edcio<\/em><\/span><span lang=\"pt-BR\"><em>\u00a0Ep\u00edlogo de Campos,\u00a0<\/em><\/span><span lang=\"pt-BR\"><em>Rua Maria Luzia Medeiros Lima, s\/n, Centro, CEP: 59.610-220 \u2013 Mossor\u00f3\/RN, em frente a Pra\u00e7a Miguel Faustino<\/em><\/span><span lang=\"pt-BR\">,<\/span><span lang=\"pt-BR\">\u00a0devidamente assinado em 02 (duas) vias\u00a0<\/span><span lang=\"pt-BR\"><strong>at\u00e9 o \u00faltimo dia \u00fatil do m\u00eas<\/strong><\/span><span lang=\"pt-BR\">para movimenta\u00e7\u00e3o na Folha de Pagamento do m\u00eas subsequente.<\/span><\/p>\n<p><strong>2 \u2013 PRESTEI CONTA NA PLATAFORMA INTEGRA, INFORMANDO QUE N\u00c3O POSSUO PLANO DE SA\u00daDE. ESTOU QUITE COM MINHAS OBRIGA\u00c7\u00d5ES PERANTE A UERN?<\/strong><\/p>\n<p><a name=\"__DdeLink__1941_404632036911\"><\/a>N\u00e3o! Considerando que o servidor n\u00e3o possu\u00eda plano de sa\u00fade ativo durante determinado per\u00edodo em que recebeu o aux\u00edlio, dever\u00e1 proceder com a devolu\u00e7\u00e3o d<span lang=\"pt-BR\">o per\u00edodo sem contrata\u00e7\u00e3o<\/span>,\u00a0apresentando propo<span lang=\"pt-BR\">sta de negocia\u00e7\u00e3o.\u00a0Para tanto, deve solicitar o\u00a0<em>\u201c<\/em><em>Termo de Acordo Para Devolu\u00e7\u00e3o de Valores<\/em><em>\u201d<\/em>\u00a0atrav\u00e9s do e-mail\u00a0<a href=\"mailto:auxiliosaude@uern.br\">auxiliosaude@uern.br<\/a>.\u00a0O\u00a0documento deve ser entregue ou enviado originalmente (f\u00edsico) para o\u00a0<strong>Departamento de Pessoal (DP\/PROGEP)<\/strong>, localizado no\u00a0<em>Edif\u00edcio Ep\u00edlogo de Campos,\u00a0<\/em><em>Rua Maria Luzia Medeiros Lima, s\/n, Centro, CEP: 59.610-220 \u2013 Mossor\u00f3\/RN, em frente a Pra\u00e7a Miguel Faustino<\/em>,\u00a0devidamente assinado em 02 (duas) vias\u00a0<strong>at\u00e9 o \u00faltimo dia \u00fatil do m\u00eas <\/strong>para movimenta\u00e7\u00e3o na Folha de Pagamento do m\u00eas subsequente.<\/span><\/p>\n<p><strong>3 \u2013 PRESTEI CONTAS CORRETAMENTE, MAS POSSUO VALOR A DEVOLVER. O QUE DEVO FAZER?<\/strong><\/p>\n<p>O benefici\u00e1rio que comprovar vincula\u00e7\u00e3o ao plano de sa\u00fade em per\u00edodo de tempo inferior ao per\u00edodo de tempo de recebimento do aux\u00edlio-sa\u00fade deve apresentar proposta de negocia\u00e7\u00e3o para devolu\u00e7\u00e3o dos valores recebidos no per\u00edodo sem contrata\u00e7\u00e3o,\u00a0<span lang=\"pt-BR\">seguindo<\/span><span lang=\"pt-BR\"> as orienta\u00e7\u00f5es do item anterior.<\/span><\/p>\n<p><strong>4 \u2013 PRESTEI CONTA, MAS FUI INFORMADO QUE A DOCUMENTA\u00c7\u00c3O QUE ENVIEI N\u00c3O CONTEMPLA AS INFORMA\u00c7\u00d5ES NECESS\u00c1RIAS. QUE DOCUMENTO DEVO APRESENTAR, AFINAL?<\/strong><\/p>\n<p>O servidor dever\u00e1 apresentar documenta\u00e7\u00e3o nos<span lang=\"pt-BR\">\u00a0termos d<\/span><span lang=\"pt-BR\">o Par\u00e1grafo 1\u00b0 Art. 3\u00b0 da Instru\u00e7\u00e3o Normativa n\u00ba 01\/2020-GP\/PROGEP. Seguem alguns e<\/span><span lang=\"pt-BR\">xemplos de documentos que podem comprovar o uso do benef\u00edcio com plano de sa\u00fade, de acordo com a normatiza\u00e7\u00e3o:<\/span><\/p>\n<p>-Declara\u00e7\u00e3o de tempo de usu\u00e1rio, emitida pela operadora do plano;<br \/>\n-Informe de Rendimento da operadora, desde que contemple os meses pagos;<br \/>\n-C\u00f3pias dos boletos pagos \u00e0 prestadora do servi\u00e7o;<br \/>\n-Outro documento que comprove de maneira inequ\u00edvoca a utiliza\u00e7\u00e3o do benef\u00edcio com planos de sa\u00fade durante os meses de recebimento do aux\u00edlio-sa\u00fade.<\/p>\n<p><span lang=\"pt-BR\"><em>ATEN\u00c7\u00c3O<\/em><\/span><span lang=\"pt-BR\"><em>: o(s) documento(s) deve(m) ser enviado(s) em arquivo \u00fanico, no formato PDF, com tamanho m\u00e1ximo de 150KB.<\/em><\/span><\/p>\n<p><strong>5<\/strong><strong>\u00a0\u2013 N\u00c3O POSSUO PLANO DE SA\u00daDE CONTRATADO, MAS N\u00c3O QUERO PERDER O MEU BENEF\u00cdCIO, O QUE DEVO FAZER?<\/strong><\/p>\n<p><a name=\"__DdeLink__1941_404632036911111\"><\/a>O servidor dever\u00e1\u00a0<strong>com urg\u00eancia\u00a0<\/strong>contratar uma empresa prestadora de servi\u00e7o de plano de sa\u00fade e proceder com a regulariza\u00e7\u00e3o junto a PROGEP. Ele deve propor negocia\u00e7\u00e3o do valor a ser devolvido atrav\u00e9s\u00a0<span lang=\"pt-BR\">do e-mail\u00a0<\/span><span lang=\"pt-BR\"><a href=\"mailto:auxiliosaude@uern.br\">auxiliosaude@uern.br<\/a>.\u00a0<\/span>Caso contr\u00e1rio, ter\u00e1 o beneficio suspenso nos termos do Art. 4\u00ba, inciso X da Resolu\u00e7\u00e3o n\u00ba 6\/2019-CD\/FUERN.<\/p>\n<p><strong>6<\/strong><strong>\u00a0\u2013 QUAL SETOR DEVO PROCURAR PARA REGULARIZAR MINHA SITUA\u00c7\u00c3O?<\/strong><\/p>\n<p><a name=\"__DdeLink__1941_4046320369111\"><\/a>O interessado deve entrar em contato com a PROGEP\u00a0<span lang=\"pt-BR\">atrav\u00e9s do e-mail\u00a0<\/span><span lang=\"pt-BR\"><a href=\"mailto:auxiliosaude@uern.br\">auxiliosaude@uern.br<\/a>. Para sanar o<\/span>utras d\u00favidas ou pedir esclarecimentos, o interessado pode utilizar o mesmo email.<\/p>\n<hr \/>\n<h3><strong><span lang=\"pt-BR\">LEGISLA\u00c7\u00c3O E REGULAMENTA\u00c7\u00c3O INTERNA<\/span><\/strong><\/h3>\n<ul>\n<li><strong><a href=\"https:\/\/portal.uern.br\/progep\/wp-content\/uploads\/2026\/01\/Resolucao-No-35-2025-CD-Regulamenta-concessao-controle-e-prestacao-contas-auxilio-saude-ambito-Fuern-e-revoga-Resolucao-no-39-2022-CD.pdf\" target=\"_blank\" rel=\"noopener\">Resolu\u00e7\u00e3o n\u00ba 35\/2025 \u2013 CD<\/a>\u00a0<\/strong>\u2013 Regulamenta a concess\u00e3o, o controle e a presta\u00e7\u00e3o de contas do aux\u00edlio-sa\u00fade no \u00e2mbito da Funda\u00e7\u00e3o Universidade do Estado do Rio Grande do Norte \u2013 Fuern, e revoga a Resolu\u00e7\u00e3o n\u00ba 39\/2022 \u2013 CD.<\/li>\n<li><a href=\"https:\/\/portal.uern.br\/progep\/wp-content\/uploads\/2025\/12\/Resolucao-No-21-2024-CD-Altera-o-Anexo-I-da-Resolucao-n.o-25-2023-CD-1-1.pdf\" target=\"_blank\" rel=\"noopener\"><strong>Resolu\u00e7\u00e3o n\u00ba 21\/2024 &#8211; CD<\/strong><\/a> &#8211; Altera o Anexo I da Resolu\u00e7\u00e3o n.\u00ba 25\/2023 &#8211; CD\/FUERN<\/li>\n<li><a href=\"https:\/\/portal.uern.br\/progep\/wp-content\/uploads\/2025\/12\/Resolucao-No-25-2023-CD-Define-os-valores-do-Auxilio-Saude-no-ambito-da-Fuern-e-altera-o-Anexo-I-da-Resolucao-No-65-2022\u2013-CD.pdf\" target=\"_blank\" rel=\"noopener\"><strong>Resolu\u00e7\u00e3o n\u00ba 25\/2023 &#8211; CD<\/strong><\/a> &#8211; Define os valores do aux\u00edlio-sa\u00fade no \u00e2mbito da Fuern e altera o Anexo I da Resolu\u00e7\u00e3o N\u00ba 65\/2022\u2013 CD\/Fuern.<\/li>\n<li><strong><a href=\"http:\/\/www.uern.br\/controledepaginas\/prorhae-auxiliosaude\/arquivos\/35495106resolucao_n_2022_65___cd___define_os_valores_do_auxilio_saude_no_ambito_da_fuern_e_altera_o_anexo_i_da_resolucao_n0_2022_39___cd_fuern.pdf\" target=\"_blank\" rel=\"noopener\">Resolu\u00e7\u00e3o n\u00ba 65\/2022 &#8211; CD<\/a>\u00a0&#8211;\u00a0<\/strong>Define os valores do aux\u00edlio-sa\u00fade no \u00e2mbito da Fuern e altera o Anexo I da Resolu\u00e7\u00e3o N\u00ba 39\/2022\u2013 CD\/Fuern.<\/li>\n<li><strong><a href=\"http:\/\/www.uern.br\/controledepaginas\/prorhae-auxiliosaude\/arquivos\/3549resolua%E2%80%A1a%C6%92o_39_2022_auxilio_saude.pdf\" target=\"_blank\" rel=\"noopener\">Resolu\u00e7\u00e3o n\u00b0 039\/2022-CD<\/a>\u00a0&#8211;\u00a0<\/strong>Regulamenta a concess\u00e3o, a manuten\u00e7\u00e3o e a presta\u00e7\u00e3o de contas do aux\u00edlio-sa\u00fade no \u00e2mbito da Fuern, e revoga as Resolu\u00e7\u00f5es n\u00ba 022\/2021 \u2013 CD e n\u00ba 040\/2021 &#8211; CD\/Fuern.<\/li>\n<li><a href=\"http:\/\/www.uern.br\/controledepaginas\/prorhae-auxiliosaude\/arquivos\/3549resolua%E2%80%A1a%C6%92o_na_022_2021_cd.pdf\" target=\"_blank\" rel=\"noopener\"><strong>Resolu\u00e7\u00e3o n\u00ba 022\/2021-CD<\/strong><\/a>\u00a0\u2013 Regulamenta a concess\u00e3o do aux\u00edlio-sa\u00fade e revoga a Resolu\u00e7\u00e3o N\u00ba 006\/2019 \u2013 CD\/FUERN.<\/li>\n<li><a href=\"https:\/\/www.uern.br\/controledepaginas\/prorhae-auxiliosaude\/arquivos\/3549resolua%C2%A7a%C2%A3o_na_006_2019_cd_regulamenta_a_concessa%C2%A3o_do_auxa%C2%ADlio_saade_e_revoga_a_resolua%C2%A7a%C2%A3o_na_01_2018_cd.pdf\" target=\"_blank\" rel=\"noopener\"><strong>Resolu\u00e7\u00e3o n\u00ba 006\/2019-CD<\/strong><\/a>\u00a0\u2013 Regulamenta a concess\u00e3o do aux\u00edlio-sa\u00fade e revoga a Resolu\u00e7\u00e3o N\u00ba 01\/2018 \u2013 CD\/FUERN.<\/li>\n<li><strong><a href=\"https:\/\/www.uern.br\/controledepaginas\/prorhae-auxiliosaude\/arquivos\/3549resolua%C2%A7a%C2%A3o_na_003_2021_cd_altera_a_redaa%C2%A7a%C2%A3o_do_para%C2%A1grafo_2a_do_art._2a_da_resolua%C2%A7a%C2%A3o_na_06_2019_a%E2%82%AC%E2%80%9C_cd_fuern.pdf\" target=\"_blank\" rel=\"noopener\">Resolu\u00e7\u00e3o n\u00b0 03\/2021-CD<\/a>\u00a0&#8211;\u00a0<\/strong>Altera a reda\u00e7\u00e3o do par\u00e1grafo 2\u00ba do Art. 2\u00ba da Resolu\u00e7\u00e3o n\u00ba 06\/2019 \u2013 CD\/Fuern.<\/li>\n<li><strong><a href=\"https:\/\/www.uern.br\/controledepaginas\/prorhae-auxiliosaude\/arquivos\/3549edital_na_01_2021_progep_uern_a%E2%82%AC%E2%80%9C_prazos_2020.pdf\" target=\"_blank\" rel=\"noopener\">Edital n\u00b0 01\/2021-PROGEP\/UERN<\/a>\u00a0&#8211;\u00a0<\/strong>Prazos para Presta\u00e7\u00e3o de Contas do\u00a0Aux\u00edlio Sa\u00fade\u00a0referente\u00a0\u00e0\u00a0Compet\u00eancia\u00a02020<\/li>\n<li><strong><a href=\"https:\/\/www.uern.br\/controledepaginas\/prorhae-eventos\/arquivos\/3549portaria_sei_n__182__de_23_de_julho_de_2020__auxilio_saude___parcelamento_.pdf\" target=\"_blank\" rel=\"noopener\">Portaria n\u00ba 652\/2020-GP\/FUERN<\/a><\/strong>\u00a0&#8211; Regulamenta, no \u00e2mbito da Funda\u00e7\u00e3o Universidade do Estado do Rio Grande do Norte &#8211; Fuern, o parcelamento de d\u00e9bitos relacionados \u00e0 devolu\u00e7\u00e3o do aux\u00edlio-sa\u00fade<\/li>\n<\/ul>\n<ul>\n<li><strong><a href=\"https:\/\/www.uern.br\/controledepaginas\/prorhae-eventos\/arquivos\/35490475edital_04.2020_progep_prorroga_prazos_para_prestaaa%C2%A7aa%C2%A3o_de_contas_do_auxa_lio_saade_referente_aa%C2%A0_competancia_2019.pdf\" target=\"_blank\" rel=\"noopener\"><span lang=\"pt-BR\">Edital n\u00ba 04\/2020-PROGEP\/UERN<\/span><\/a><span lang=\"pt-BR\">\u00a0\u2013<\/span><\/strong><span lang=\"pt-BR\">\u00a0Prorroga prazos para Presta\u00e7\u00e3o de Contas do Aux\u00edlio Sa\u00fade referente \u00e0 Compet\u00eancia 2019<\/span><\/li>\n<li><a href=\"https:\/\/www.uern.br\/controledepaginas\/prorhae-eventos\/arquivos\/3549edital_03.2020_progep_auxa_lio_saade.pdf\" target=\"_blank\" rel=\"noopener\"><strong>Edital n<\/strong><strong>\u00ba\u00a0<\/strong><strong>03<\/strong><strong>\/20<\/strong><strong>20<\/strong><strong>&#8211;<\/strong><strong>PRO<\/strong><strong>G<\/strong><strong>E<\/strong><strong>P<\/strong><strong>\/UERN<\/strong><\/a>\u00a0\u2013\u00a0Prazos para Presta\u00e7\u00e3o de Contas do\u00a0Aux\u00edlio Sa\u00fade\u00a0referente\u00a0\u00e0\u00a0Compet\u00eancia\u00a02019<\/li>\n<li><a href=\"https:\/\/www.uern.br\/controledepaginas\/prorhae-eventos\/arquivos\/3549instruaa%C2%A7aa%C2%A3o_normativa_01.2020_progep.pdf\" target=\"_blank\" rel=\"noopener\"><strong>Instru\u00e7\u00e3o Normativa n<\/strong><strong>\u00ba 01\/2020<\/strong><strong>&#8211;<\/strong><strong>PROGEP\/UERN<\/strong><\/a>\u00a0\u2013\u00a0Disp\u00f5e sobre a regulamenta\u00e7\u00e3o dos termos\u00a0para a presta\u00e7\u00e3o de contas anual do aux\u00edlio-sa\u00fade.<\/li>\n<li><a href=\"https:\/\/www.uern.br\/controledepaginas\/prorhae-eventos\/arquivos\/3549portaria_1401_2019_prazo_julho.pdf\" target=\"_blank\" rel=\"noopener\"><strong>Portaria n\u00ba\u00a0<\/strong><strong>1401<\/strong><strong>\/2019<\/strong><strong>&#8211;<\/strong><strong>GP\/FUERN<\/strong><\/a>\u00a0\u2013 Altera prazo para presta\u00e7\u00e3o de contas do aux\u00edlio-sa\u00fade.<\/li>\n<li><a href=\"https:\/\/www.uern.br\/controledepaginas\/prorhae-eventos\/arquivos\/3549portaria_na_0167_2019_gp_fuern.pdf\" target=\"_blank\" rel=\"noopener\"><strong>Portaria n\u00ba 0167\/2019<\/strong><strong>&#8211;<\/strong><strong>GP\/FUERN<\/strong><\/a>\u00a0\u2013 Disp\u00f5e sobre a regulamenta\u00e7\u00e3o dos prazos e termos\u00a0para a presta\u00e7\u00e3o de contas anual do aux\u00edlio-sa\u00fade.<\/li>\n<li><a href=\"https:\/\/www.uern.br\/controledepaginas\/prorhae-eventos\/arquivos\/3549resolua%C2%A7a%C2%A3o_cd_001_2018.pdf\" target=\"_blank\" rel=\"noopener\"><strong>Resolu\u00e7\u00e3o n<\/strong><strong>\u00ba 01\/2018<\/strong><strong>&#8211;<\/strong><strong>CD<\/strong><\/a>\u00a0\u2013 Regulamenta a concess\u00e3o do aux\u00edlio-sa\u00fade.<\/li>\n<li><a href=\"https:\/\/www.uern.br\/controledepaginas\/prorhae-eventos\/arquivos\/3549lei_complementar_na_608_14.12.2017_auxilio_saa%C5%A1de.pdf\" target=\"_blank\" rel=\"noopener\"><strong>Lei Complementar n\u00ba 608\/<\/strong><strong>2017<\/strong><\/a>\u00a0\u2013 Institui, no \u00e2mbito da Funda\u00e7\u00e3o Universidade do Estado do Rio Grande do Norte (FUERN), o aux\u00edlio-sa\u00fade e d\u00e1 outras provid\u00eancias.<\/li>\n<\/ul>\n<hr \/>\n<h3><strong><span lang=\"pt-BR\">CONTATOS<\/span><\/strong><\/h3>\n<ul>\n<li><strong><a href=\"mailto:auxiliosaude@uern.br\"><span lang=\"pt-BR\">auxiliosaude@uern.br<\/span><\/a><\/strong><\/li>\n<li><strong><span lang=\"pt-BR\">(84) 3315-2127 WhatsApp (84) 3315-2124<\/span><\/strong><\/li>\n<\/ul>\n","protected":false},"excerpt":{"rendered":"<p>Regido pela Lei\u00a0Complementar n\u00ba 608, de 14 de dezembro de 2017 e\u00a0pela Resolu\u00e7\u00e3o\u00a0n\u00b0\u00a0039\/2021-CD, o Aux\u00edlio Sa\u00fade surgiu da necessidade de beneficiar os servidores da UERN com um servi\u00e7o de sa\u00fade de qualidade. S\u00e3o contemplados pelo benef\u00edcio todos os\u00a0servidores ativos e inativos integrantes do quadro de pessoal da FUERN, bem como, servidores cedidos e comissionados que [&hellip;]<\/p>\n","protected":false},"author":1,"featured_media":0,"parent":0,"menu_order":0,"comment_status":"closed","ping_status":"closed","template":"","meta":{"footnotes":""},"class_list":["post-237","page","type-page","status-publish","hentry"],"_links":{"self":[{"href":"https:\/\/portal.uern.br\/progep\/wp-json\/wp\/v2\/pages\/237","targetHints":{"allow":["GET"]}}],"collection":[{"href":"https:\/\/portal.uern.br\/progep\/wp-json\/wp\/v2\/pages"}],"about":[{"href":"https:\/\/portal.uern.br\/progep\/wp-json\/wp\/v2\/types\/page"}],"author":[{"embeddable":true,"href":"https:\/\/portal.uern.br\/progep\/wp-json\/wp\/v2\/users\/1"}],"replies":[{"embeddable":true,"href":"https:\/\/portal.uern.br\/progep\/wp-json\/wp\/v2\/comments?post=237"}],"version-history":[{"count":10,"href":"https:\/\/portal.uern.br\/progep\/wp-json\/wp\/v2\/pages\/237\/revisions"}],"predecessor-version":[{"id":2514,"href":"https:\/\/portal.uern.br\/progep\/wp-json\/wp\/v2\/pages\/237\/revisions\/2514"}],"wp:attachment":[{"href":"https:\/\/portal.uern.br\/progep\/wp-json\/wp\/v2\/media?parent=237"}],"curies":[{"name":"wp","href":"https:\/\/api.w.org\/{rel}","templated":true}]}}