{"id":224,"date":"2022-09-08T14:50:38","date_gmt":"2022-09-08T17:50:38","guid":{"rendered":"https:\/\/paisdemossoro.com.br\/wordpress\/progep\/?page_id=224"},"modified":"2026-02-06T11:57:40","modified_gmt":"2026-02-06T14:57:40","slug":"formularios","status":"publish","type":"page","link":"https:\/\/portal.uern.br\/progep\/formularios\/","title":{"rendered":"Formul\u00e1rios"},"content":{"rendered":"<h3><strong>FORMUL\u00c1RIOS DO SERVIDOR<\/strong><\/h3>\n<ul>\n<li><a href=\"http:\/\/www.uern.br\/controledepaginas\/progep-formularios\/arquivos\/4750requerimentop_padra%C6%92o_do_servidor_2021.2.pdf\" target=\"_blank\" rel=\"noopener\">Requerimento do Servidor.pdf (Padr\u00e3o)<\/a><\/li>\n<li><a href=\"https:\/\/portal.uern.br\/progep\/wp-content\/uploads\/2023\/09\/REQUERIMENTOP-PADRAO-DO-SERVIDOR-2021.2.docx\">Requerimento do Servidor.DOC<\/a><\/li>\n<li><a href=\"https:\/\/www.uern.br\/controledepaginas\/prorhae-legislacao\/arquivos\/04770485guia_junta_medica_do_estado.pdf\" target=\"_blank\" rel=\"noopener\">Guia para Junta M\u00e9dica do Estado<\/a><\/li>\n<li><a href=\"https:\/\/www.uern.br\/controledepaginas\/progep-formularios\/arquivos\/4750modelo_boletim_de_frequancia.zip\" target=\"_blank\" rel=\"noopener\">Modelo de Boletim de Frequ\u00eancia<\/a><\/li>\n<li><a href=\"https:\/\/www.uern.br\/controledepaginas\/prorhae-form-doc-leg\/arquivos\/0477requerimento_de_final_de_fila.pdf\" target=\"_blank\" rel=\"noopener\">Requerimento de Final de Fila<\/a><\/li>\n<li><a href=\"https:\/\/www.uern.br\/controledepaginas\/progep-formularios\/arquivos\/4750declaraa%C2%A7ao_de_acamulo_de_cargo.pdf\" target=\"_blank\" rel=\"noopener\">Declara\u00e7\u00e3o Ac\u00famulo de Cargos\u00a0PDF<\/a><\/li>\n<li><a href=\"https:\/\/www.uern.br\/controledepaginas\/progep-formularios\/arquivos\/4750declaraa%C2%A7ao_de_acamulo_de_cargo.zip\" target=\"_blank\" rel=\"noopener\">Declara\u00e7\u00e3o Ac\u00famulo de Cargos DOC<\/a><\/li>\n<li><a href=\"https:\/\/www.uern.br\/controledepaginas\/prorhae-form-doc-leg\/arquivos\/0477declexercicio.zip\" target=\"_blank\" rel=\"noopener\">Declara\u00e7\u00e3o Entrada em Exerc\u00edcio<\/a><\/li>\n<li><a href=\"https:\/\/www.uern.br\/controledepaginas\/progep-formularios\/arquivos\/4750declaraa%C2%A7a%C2%A3o_do_chefe_imediato_p_proc_insalubridade.zip\" target=\"_blank\" rel=\"noopener\">Declara\u00e7\u00e3o do Chefe Imediato &#8211; Insalubridade\/Periculosidade<\/a><\/li>\n<li><a href=\"https:\/\/www.uern.br\/controledepaginas\/prorhae-colegiados\/arquivos\/0481relata%C2%B3rio_parcial_ccepd.zip\" target=\"_blank\" rel=\"noopener\">Formul\u00e1rio parcial de avalia\u00e7\u00e3o do est\u00e1gio probat\u00f3rio docente<\/a><\/li>\n<li><a title=\"Declara\u00e7\u00e3o de n\u00e3o ac\u00famulo de aux\u00edlio sa\u00fade \" href=\"http:\/\/www.uern.br\/controledepaginas\/progep-formularios\/arquivos\/4750declaraa%E2%80%A1a%C6%92o_de_na%C6%92o_aca%C5%A1mulo_pdf.pdf\" target=\"_blank\" rel=\"noopener\">Declara\u00e7\u00e3o de n\u00e3o ac\u00famulo de aux\u00edlio sa\u00fade<\/a><\/li>\n<li><a title=\"Termo de ci\u00eancia e responsabilidade sobre o aux\u00edlio sa\u00fade\" href=\"http:\/\/www.uern.br\/controledepaginas\/prorhae-auxiliosaude\/arquivos\/3549termo_de_cia%C5%A1ncia_e_responsabilidade_do_servidor.pdf\" target=\"_blank\" rel=\"noopener\">Termo de ci\u00eancia e responsabilidade sobre o aux\u00edlio sa\u00fade<\/a><\/li>\n<li><a href=\"https:\/\/portal.uern.br\/progep\/wp-content\/uploads\/2023\/05\/Declaracao-de-DE-2023.pdf\" target=\"_blank\" rel=\"noopener\">Declara\u00e7\u00e3o de Dedica\u00e7\u00e3o Exclusiva<\/a><\/li>\n<li><a href=\"https:\/\/www.uern.br\/controledepaginas\/progep-formularios\/arquivos\/4750termo_de_ciancia_do_chefe_imediato.pdf\" target=\"_blank\" rel=\"noopener\">Termo de Ci\u00eancia do Chefe imediato para participa\u00e7\u00e3o em evento de capacita\u00e7\u00e3o<\/a><\/li>\n<li><a href=\"http:\/\/www.uern.br\/controledepaginas\/progep-formularios\/arquivos\/4750horario_especial___requerimento___termos_de_ciencia.pdf\" target=\"_blank\" rel=\"noopener\">Requerimento de Hor\u00e1rio Especial<\/a>\u00a0&#8211;\u00a0Lei Complementar n\u00ba 685, de 08 de setembro de 2021<\/li>\n<li><a href=\"https:\/\/portal.uern.br\/progep\/wp-content\/uploads\/2024\/06\/Anexos___Formularios-Trabalho-voluntario.pdf\" target=\"_blank\" rel=\"noopener\">Formul\u00e1rios anexos \u00e0 Resolu\u00e7\u00e3o n\u00ba 23\/2022 &#8211; CD &#8211; Trabalho volunt\u00e1rio<\/a><\/li>\n<li><a href=\"https:\/\/www.uern.br\/controledepaginas\/progep-formularios\/arquivos\/4750requerimento_ada_2022.zip\" target=\"_blank\" rel=\"noopener\">Formul\u00e1rio Requerimento ADA<\/a><\/li>\n<li><a href=\"https:\/\/portal.uern.br\/progep\/wp-content\/uploads\/2024\/08\/ANEXO-I-TERMO-DE-COMPROMISSO-DE-AFASTAMENTO-PARA-CAPACITACAO-DO-PESSOAL-DOCENTE.pdf\" target=\"_blank\" rel=\"noopener\">Termo de compromisso de afastamento para capacita\u00e7\u00e3o do pessoal docente<\/a><\/li>\n<li><a href=\"https:\/\/portal.uern.br\/progep\/wp-content\/uploads\/2024\/08\/ANEXO-II-MODELO-DO-RELATORIO-DE-DESEMPENHO-SEMESTRAL-RELATORIO-DE-ATIVIDADES-SEMESTRAIS.pdf\" target=\"_blank\" rel=\"noopener\">Modelo do relat\u00f3rio de desempenho semestral relat\u00f3rio de atividades semestrais<\/a><\/li>\n<li><a href=\"https:\/\/portal.uern.br\/progep\/wp-content\/uploads\/2025\/12\/Anexos-nova-Resolucao_AIC.pdf\" target=\"_blank\" rel=\"noopener\">Anexos para solicita\u00e7\u00e3o de AIC &#8211; Resolu\u00e7\u00e3o n\u00ba 34\/2025 &#8211; CD<\/a><\/li>\n<\/ul>\n<hr \/>\n<ul>\n<li>FORMUL\u00c1RIOS NECESS\u00c1RIOS PARA POSSE DE CONCURSADOS\n<ul>\n<li><a href=\"https:\/\/portal.uern.br\/progep\/wp-content\/uploads\/2023\/05\/MODELO-DE-DECLARACAO-DE-BENS-1.pdf\" target=\"_blank\" rel=\"noopener\">Modelo de Declara\u00e7\u00e3o de Bens e Valores<\/a><\/li>\n<li><a href=\"https:\/\/www.uern.br\/controledepaginas\/progep-formularios\/arquivos\/4750declaraa%C2%A7ao_de_acamulo_de_cargo.pdf\" target=\"_blank\" rel=\"noopener\">Declara\u00e7\u00e3o Ac\u00famulo de Cargos\u00a0PDF<\/a><\/li>\n<li><a href=\"https:\/\/www.uern.br\/controledepaginas\/progep-formularios\/arquivos\/4750declaraa%C2%A7ao_de_acamulo_de_cargo.zip\" target=\"_blank\" rel=\"noopener\">Declara\u00e7\u00e3o Ac\u00famulo de Cargo<\/a><\/li>\n<li><a href=\"https:\/\/portal.uern.br\/progep\/wp-content\/uploads\/2024\/11\/Termo-de-ciencia-do-codigo-de-etica.pdf\" target=\"_blank\" rel=\"noopener\">Declara\u00e7\u00e3o de conhecimento do c\u00f3digo de \u00e9tica<\/a><\/li>\n<li><a href=\"https:\/\/portal.uern.br\/progep\/wp-content\/uploads\/2024\/11\/ficha-cadastral-para-consursado.pdf\" target=\"_blank\" rel=\"noopener\">Ficha de dados cadastrais\u00a0<\/a><\/li>\n<li><a href=\"https:\/\/portal.uern.br\/progep\/wp-content\/uploads\/2024\/11\/Requerimento-de-adiamento-de-posse.pdf\" target=\"_blank\" rel=\"noopener\">Requerimento de adiamento de posse<\/a><\/li>\n<li><a href=\"https:\/\/portal.uern.br\/progep\/wp-content\/uploads\/2024\/12\/Termo-de-desistencia-de-nomeacao.pdf\" target=\"_blank\" rel=\"noopener\">Termo de desist\u00eancia de nomea\u00e7\u00e3o<\/a><\/li>\n<\/ul>\n<\/li>\n<\/ul>\n<p>&nbsp;<\/p>\n<hr \/>\n<ul>\n<li>FORMUL\u00c1RIOS PARA PROCESSO SELETIVO SIMPLIFICADO\n<ul>\n<li><a href=\"https:\/\/www.uern.br\/controledepaginas\/progep-formularios\/arquivos\/4750formula%C2%A1rio_de_homologaa%E2%80%A1a%C6%92o_de_inscria%C2%A7a%C2%B5es_de_processo_seletivo_progep.zip\" target=\"_blank\" rel=\"noopener\">Homologa\u00e7\u00e3o das inscri\u00e7\u00f5es<\/a><\/li>\n<li><a href=\"https:\/\/www.uern.br\/controledepaginas\/progep-formularios\/arquivos\/4750formula%C2%A1rio_de_resultado_preliminar_de_processo_seletivo_progep.zip\" target=\"_blank\" rel=\"noopener\">Resultado preliminar<\/a><\/li>\n<li><a href=\"https:\/\/www.uern.br\/controledepaginas\/progep-formularios\/arquivos\/4750formula%C2%A1rio_de_recurso_de_processo_seletivo_progep.zip\" target=\"_blank\" rel=\"noopener\">Recurso<\/a><\/li>\n<li><a href=\"https:\/\/www.uern.br\/controledepaginas\/progep-formularios\/arquivos\/4750classificaa%E2%80%A1a%C6%92o_final_apa%E2%80%9Cs_ana%C2%81lise_do_recurso.zip\" target=\"_blank\" rel=\"noopener\">Resultado ap\u00f3s recurso<\/a>\u00a0&#8211; Usar apenas se houver recurso deferido<\/li>\n<\/ul>\n<\/li>\n<\/ul>\n<hr \/>\n<h5>FORMUL\u00c1RIOS DA FOLHA DE PAGAMENTO<\/h5>\n<ul>\n<li><a title=\"Especializa\u00e7\u00e3o\" href=\"https:\/\/www.uern.br\/controledepaginas\/prorhae-legislacao\/arquivos\/0477documentaa%C2%A7a%C2%A3o_para_folha_de_pagamento_especializaa%C2%A7a%C2%A3o.pdf\" target=\"_blank\" rel=\"noopener\">Documenta\u00e7\u00e3o para folha de pagamento cursos de Gradua\u00e7\u00e3o\/Especializa\u00e7\u00e3o<\/a><\/li>\n<li><a title=\"prolabore\" href=\"https:\/\/www.uern.br\/controledepaginas\/prorhae-legislacao\/arquivos\/0477documentaa%C2%A7a%C2%A3o_para_prolabore.pdf\" target=\"_blank\" rel=\"noopener\">Documenta\u00e7\u00e3o para folha de pagamento &#8211; Pro-labore<\/a><\/li>\n<li><a href=\"https:\/\/www.uern.br\/controledepaginas\/progep-formularios\/arquivos\/4750novo_modelo_de_folha_de_pagamento_prestaa%C2%A7a%C2%A3o_de_servia%C2%A7o_sei.zip\" target=\"_blank\" rel=\"noopener\">Modelo Folha de Pagamento\u00a0&#8211; Presta\u00e7\u00e3o de servi\u00e7o<\/a><\/li>\n<li><a href=\"https:\/\/www.uern.br\/controledepaginas\/progep-formularios\/arquivos\/4750novo_modelo_de_folha_de_pagamento_bolsas_e_auxa%C2%ADlios_financeiros_sei.zip\" target=\"_blank\" rel=\"noopener\">Modelo Folha de Pagamento &#8211; Bolsas e Aux\u00edlio Financeiro<\/a><\/li>\n<\/ul>\n","protected":false},"excerpt":{"rendered":"<p>FORMUL\u00c1RIOS DO SERVIDOR Requerimento do Servidor.pdf (Padr\u00e3o) Requerimento do Servidor.DOC Guia para Junta M\u00e9dica do Estado Modelo de Boletim de Frequ\u00eancia Requerimento de Final de Fila Declara\u00e7\u00e3o Ac\u00famulo de Cargos\u00a0PDF Declara\u00e7\u00e3o Ac\u00famulo de Cargos DOC Declara\u00e7\u00e3o Entrada em Exerc\u00edcio Declara\u00e7\u00e3o do Chefe Imediato &#8211; Insalubridade\/Periculosidade Formul\u00e1rio parcial de avalia\u00e7\u00e3o do est\u00e1gio probat\u00f3rio docente Declara\u00e7\u00e3o de [&hellip;]<\/p>\n","protected":false},"author":1,"featured_media":0,"parent":0,"menu_order":0,"comment_status":"closed","ping_status":"closed","template":"","meta":{"footnotes":""},"class_list":["post-224","page","type-page","status-publish","hentry"],"_links":{"self":[{"href":"https:\/\/portal.uern.br\/progep\/wp-json\/wp\/v2\/pages\/224","targetHints":{"allow":["GET"]}}],"collection":[{"href":"https:\/\/portal.uern.br\/progep\/wp-json\/wp\/v2\/pages"}],"about":[{"href":"https:\/\/portal.uern.br\/progep\/wp-json\/wp\/v2\/types\/page"}],"author":[{"embeddable":true,"href":"https:\/\/portal.uern.br\/progep\/wp-json\/wp\/v2\/users\/1"}],"replies":[{"embeddable":true,"href":"https:\/\/portal.uern.br\/progep\/wp-json\/wp\/v2\/comments?post=224"}],"version-history":[{"count":23,"href":"https:\/\/portal.uern.br\/progep\/wp-json\/wp\/v2\/pages\/224\/revisions"}],"predecessor-version":[{"id":2558,"href":"https:\/\/portal.uern.br\/progep\/wp-json\/wp\/v2\/pages\/224\/revisions\/2558"}],"wp:attachment":[{"href":"https:\/\/portal.uern.br\/progep\/wp-json\/wp\/v2\/media?parent=224"}],"curies":[{"name":"wp","href":"https:\/\/api.w.org\/{rel}","templated":true}]}}