{"id":194,"date":"2022-09-08T14:35:49","date_gmt":"2022-09-08T17:35:49","guid":{"rendered":"https:\/\/paisdemossoro.com.br\/wordpress\/progep\/?page_id=194"},"modified":"2023-02-08T13:49:35","modified_gmt":"2023-02-08T16:49:35","slug":"organograma","status":"publish","type":"page","link":"https:\/\/portal.uern.br\/progep\/organograma\/","title":{"rendered":"Organograma"},"content":{"rendered":"<p><img fetchpriority=\"high\" decoding=\"async\" class=\"size-full wp-image-268 aligncenter\" src=\"http:\/\/beta.apps.uern.br\/wordpress\/progep\/wp-content\/uploads\/2022\/10\/Organograma-PROGEP.png\" alt=\"\" width=\"2339\" height=\"1654\" srcset=\"https:\/\/portal.uern.br\/progep\/wp-content\/uploads\/2022\/10\/Organograma-PROGEP.png 2339w, https:\/\/portal.uern.br\/progep\/wp-content\/uploads\/2022\/10\/Organograma-PROGEP-300x212.png 300w, https:\/\/portal.uern.br\/progep\/wp-content\/uploads\/2022\/10\/Organograma-PROGEP-1024x724.png 1024w, https:\/\/portal.uern.br\/progep\/wp-content\/uploads\/2022\/10\/Organograma-PROGEP-768x543.png 768w, https:\/\/portal.uern.br\/progep\/wp-content\/uploads\/2022\/10\/Organograma-PROGEP-1536x1086.png 1536w, https:\/\/portal.uern.br\/progep\/wp-content\/uploads\/2022\/10\/Organograma-PROGEP-2048x1448.png 2048w\" sizes=\"(max-width: 2339px) 100vw, 2339px\" \/><\/p>\n<p>&nbsp;<\/p>\n<h4>Gabinete do(a) Pr\u00f3-Reitor(a)<\/h4>\n<p>O Pr\u00f3-Reitor ou Pr\u00f3-Reitora desempenha a fun\u00e7\u00e3o de assessoramento direto ao Reitor, conforme especificidades da respectiva Pr\u00f3-Reitoria,\u00a0cumprindo e fazendo cumprir as atribui\u00e7\u00f5es\u00a0 peculiares \u00e0 mesma.<\/p>\n<h3>Pr\u00f3-Reitor(a) Adjunto(a)<\/h3>\n<p>O Pr\u00f3-Reitor Adjunto substitui o titular em suas faltas e impedimentos e desenvolve atividades de representa\u00e7\u00e3o da Pr\u00f3-Reitoria e condu\u00e7\u00e3o\u00a0de assuntos espec\u00edficos da \u00e1rea, conforme delega\u00e7\u00e3o.<\/p>\n<h3>Assessoria T\u00e9cnica<\/h3>\n<p>Respons\u00e1vel pelo assessoramento direto ao Pr\u00f3-Reitor, pelo cumprimento de atividades espec\u00edficas da Pr\u00f3-Reitoria e pela participa\u00e7\u00e3o em outras atividades desenvolvidas pela UERN, conforme designa\u00e7\u00e3o do Pr\u00f3-Reitor.<\/p>\n<h3>Secretaria Geral<\/h3>\n<p>Respons\u00e1vel pelo atendimento ao p\u00fablico, expediente, recebimento, expedi\u00e7\u00e3o e despacho de documentos, arquivamento, agendamento de audi\u00eancias e reuni\u00f5es.<\/p>\n<hr \/>\n<h3><a title=\"DP\" href=\"http:\/\/prorhae.uern.br\/default.asp?item=prorhae-dp\" target=\"_blank\" rel=\"noopener\">Diretoria de Pessoal<\/a><\/h3>\n<p>Respons\u00e1vel pela provis\u00e3o e acompanhamento da vida funcional dos servidores docentes e t\u00e9cnico-administrativos da UERN.<\/p>\n<h4>Departamento de Controle de Folha de Pagamento<\/h4>\n<p>Respons\u00e1vel pelo processamento das folhas de pagamento dos servidores docentes e t\u00e9cnico-administrativos da Institui\u00e7\u00e3o e de pessoa f\u00edsica prestadora de servi\u00e7o \u00e0 UERN.<br \/>\nTamb\u00e9m administra a concess\u00e3o de margem para empr\u00e9stimos consignados em folha para os servidores da Institui\u00e7\u00e3o.<\/p>\n<h4>Setor de Cadastro de Pessoal<\/h4>\n<p>Respons\u00e1vel pela organiza\u00e7\u00e3o e atualiza\u00e7\u00e3o do cadastro dos servidores docentes e t\u00e9cnico-administrativos da Institui\u00e7\u00e3o. Realiza tamb\u00e9m o controle de F\u00e9rias e Progress\u00f5es dos servidores.<\/p>\n<h4>Setor de Legisla\u00e7\u00e3o e Encargos Sociais<\/h4>\n<p>Respons\u00e1vel pelo acompanhamento e encaminhamento de relat\u00f3rios e processos referentes \u00e0s quest\u00f5es trabalhistas, previdenci\u00e1rias e tribut\u00e1rias.<\/p>\n<hr \/>\n<h3><a title=\"ddo\" href=\"http:\/\/prorhae.uern.br\/default.asp?item=prorhae-ddo\" target=\"_blank\" rel=\"noopener\">Diretoria de Desenvolvimento Organizacional<\/a><\/h3>\n<h4>Setor de Assist\u00eancia ao Servidor<\/h4>\n<p>Respons\u00e1vel pela coordena\u00e7\u00e3o e acompanhamento dos Programas de Assist\u00eancia ao Servidor: Sa\u00fade e Qualidade de Vida no Trabalho e Benef\u00edcios Sociais.<\/p>\n<h4>Consult\u00f3rio Odontol\u00f3gico<\/h4>\n<p>Visando\u00a0a sa\u00fade bucal dos servidores, realiza consultas odontol\u00f3gicas e\u00a0procedimentos\u00a0como limpeza, restaura\u00e7\u00e3o, aplica\u00e7\u00e3o de Fluor, exodontia (extra\u00e7\u00e3o) entre outros.<\/p>\n<p>Para saber mais sobre os servi\u00e7os oferecidos pelo consult\u00f3rio\u00a0<a href=\"https:\/\/www.uern.br\/controledepaginas\/prorhae-estrutura\/arquivos\/0476consultorio_para_o_portal.pdf\" target=\"_blank\" rel=\"noopener\">clique aqui<\/a><\/p>\n<h4>Setor de Capacita\u00e7\u00e3o e Treinamento<\/h4>\n<p>Respons\u00e1vel pela coordena\u00e7\u00e3o e acompanhamento dos Programas de Desenvolvimento Organizacional e Gest\u00e3o do Desempenho.<\/p>\n","protected":false},"excerpt":{"rendered":"<p>&nbsp; Gabinete do(a) Pr\u00f3-Reitor(a) O Pr\u00f3-Reitor ou Pr\u00f3-Reitora desempenha a fun\u00e7\u00e3o de assessoramento direto ao Reitor, conforme especificidades da respectiva Pr\u00f3-Reitoria,\u00a0cumprindo e fazendo cumprir as atribui\u00e7\u00f5es\u00a0 peculiares \u00e0 mesma. Pr\u00f3-Reitor(a) Adjunto(a) O Pr\u00f3-Reitor Adjunto substitui o titular em suas faltas e impedimentos e desenvolve atividades de representa\u00e7\u00e3o da Pr\u00f3-Reitoria e condu\u00e7\u00e3o\u00a0de assuntos espec\u00edficos da \u00e1rea, [&hellip;]<\/p>\n","protected":false},"author":1,"featured_media":0,"parent":0,"menu_order":0,"comment_status":"closed","ping_status":"closed","template":"","meta":{"footnotes":""},"class_list":["post-194","page","type-page","status-publish","hentry"],"_links":{"self":[{"href":"https:\/\/portal.uern.br\/progep\/wp-json\/wp\/v2\/pages\/194","targetHints":{"allow":["GET"]}}],"collection":[{"href":"https:\/\/portal.uern.br\/progep\/wp-json\/wp\/v2\/pages"}],"about":[{"href":"https:\/\/portal.uern.br\/progep\/wp-json\/wp\/v2\/types\/page"}],"author":[{"embeddable":true,"href":"https:\/\/portal.uern.br\/progep\/wp-json\/wp\/v2\/users\/1"}],"replies":[{"embeddable":true,"href":"https:\/\/portal.uern.br\/progep\/wp-json\/wp\/v2\/comments?post=194"}],"version-history":[{"count":6,"href":"https:\/\/portal.uern.br\/progep\/wp-json\/wp\/v2\/pages\/194\/revisions"}],"predecessor-version":[{"id":514,"href":"https:\/\/portal.uern.br\/progep\/wp-json\/wp\/v2\/pages\/194\/revisions\/514"}],"wp:attachment":[{"href":"https:\/\/portal.uern.br\/progep\/wp-json\/wp\/v2\/media?parent=194"}],"curies":[{"name":"wp","href":"https:\/\/api.w.org\/{rel}","templated":true}]}}