{"id":1912,"date":"2024-11-26T16:13:49","date_gmt":"2024-11-26T19:13:49","guid":{"rendered":"https:\/\/portal.uern.br\/progep\/?page_id=1912"},"modified":"2024-11-26T16:18:05","modified_gmt":"2024-11-26T19:18:05","slug":"previdencia-complementar","status":"publish","type":"page","link":"https:\/\/portal.uern.br\/progep\/previdencia-complementar\/","title":{"rendered":"Previd\u00eancia Complementar"},"content":{"rendered":"<p>Em conformidade com o disposto na LEI COMPLEMENTAR N\u00ba 688, DE 06 DE DEZEMBRO DE 2021, o Estado do Rio Grande do Norte passa a adotar o Regime de Previd\u00eancia Complementar &#8211; RPC.<br \/>\nO Regime de Previd\u00eancia Complementar ser\u00e1 oferecido aos que venham a ingressar no servi\u00e7o p\u00fablico a partir da vig\u00eancia do regime de previd\u00eancia complementar, e ocorrer\u00e1 por meio de ades\u00e3o a plano de benef\u00edcios j\u00e1 existente ou plano pr\u00f3prio em entidade de previd\u00eancia complementar, aplicando-se a:<\/p>\n<p>I &#8211; os titulares de cargos efetivos, assim considerados os servidores cujas atribui\u00e7\u00f5es, deveres e responsabilidades espec\u00edficas estejam definidas em estatutos ou normas estatut\u00e1rias e que tenham sido aprovados por meio de concurso p\u00fablico de provas ou de provas e t\u00edtulos;<br \/>\nII- os titulares de cargos vital\u00edcios ou efetivos da Administra\u00e7\u00e3o Direta, suas autarquias e funda\u00e7\u00f5es, da Assembleia Legislativa, do Tribunal de Contas e seus Conselheiros, das Universidades, do Poder Judici\u00e1rio e seus membros, do Minist\u00e9rio P\u00fablico e seus membros, da Defensoria P\u00fablica e seus membros.<\/p>\n<p>&nbsp;<\/p>\n<p>Documentos importantes<\/p>\n<ul>\n<li><a href=\"https:\/\/portal.uern.br\/progep\/wp-content\/uploads\/2024\/11\/Rio-Grande-do-Norte-RN-Lei-RPC.pdf\" target=\"_blank\" rel=\"noopener\">LEI COMPLEMENTAR N\u00ba 688, DE 06 DE DEZEMBRO DE 2021<\/a><\/li>\n<li><a href=\"https:\/\/portal.uern.br\/progep\/wp-content\/uploads\/2024\/11\/Manual-do-Ente-Publico.pdf\" target=\"_blank\" rel=\"noopener\">Manual do ente p\u00fablico<\/a><\/li>\n<li><a href=\"https:\/\/portal.uern.br\/progep\/wp-content\/uploads\/2024\/11\/Ebook-Logo-BBP.pdf\" target=\"_blank\" rel=\"noopener\">E-book bbprev<\/a><\/li>\n<\/ul>\n","protected":false},"excerpt":{"rendered":"<p>Em conformidade com o disposto na LEI COMPLEMENTAR N\u00ba 688, DE 06 DE DEZEMBRO DE 2021, o Estado do Rio Grande do Norte passa a adotar o Regime de Previd\u00eancia Complementar &#8211; RPC. O Regime de Previd\u00eancia Complementar ser\u00e1 oferecido aos que venham a ingressar no servi\u00e7o p\u00fablico a partir da vig\u00eancia do regime de [&hellip;]<\/p>\n","protected":false},"author":3,"featured_media":0,"parent":0,"menu_order":0,"comment_status":"closed","ping_status":"closed","template":"","meta":{"footnotes":""},"class_list":["post-1912","page","type-page","status-publish","hentry"],"_links":{"self":[{"href":"https:\/\/portal.uern.br\/progep\/wp-json\/wp\/v2\/pages\/1912","targetHints":{"allow":["GET"]}}],"collection":[{"href":"https:\/\/portal.uern.br\/progep\/wp-json\/wp\/v2\/pages"}],"about":[{"href":"https:\/\/portal.uern.br\/progep\/wp-json\/wp\/v2\/types\/page"}],"author":[{"embeddable":true,"href":"https:\/\/portal.uern.br\/progep\/wp-json\/wp\/v2\/users\/3"}],"replies":[{"embeddable":true,"href":"https:\/\/portal.uern.br\/progep\/wp-json\/wp\/v2\/comments?post=1912"}],"version-history":[{"count":4,"href":"https:\/\/portal.uern.br\/progep\/wp-json\/wp\/v2\/pages\/1912\/revisions"}],"predecessor-version":[{"id":1920,"href":"https:\/\/portal.uern.br\/progep\/wp-json\/wp\/v2\/pages\/1912\/revisions\/1920"}],"wp:attachment":[{"href":"https:\/\/portal.uern.br\/progep\/wp-json\/wp\/v2\/media?parent=1912"}],"curies":[{"name":"wp","href":"https:\/\/api.w.org\/{rel}","templated":true}]}}