{"id":1863,"date":"2024-11-05T08:23:13","date_gmt":"2024-11-05T11:23:13","guid":{"rendered":"https:\/\/portal.uern.br\/progep\/?page_id=1863"},"modified":"2025-12-29T18:56:38","modified_gmt":"2025-12-29T21:56:38","slug":"licenca-premio-em-pecunia","status":"publish","type":"page","link":"https:\/\/portal.uern.br\/progep\/licenca-premio-em-pecunia\/","title":{"rendered":"Licen\u00e7a pr\u00eamio em pec\u00fania"},"content":{"rendered":"<p>Em conformidade com o o disposto na Lei Estadual n\u00ba 11.045, de 29 de dezembro de 2021, na Lei Complementar Estadual n\u00ba 699, de 24 de mar\u00e7o de 2022, na Lei Complementar Estadual n\u00ba 700, de 24 de mar\u00e7o de 2022, os servidores da FUERN que possuam licen\u00e7a-pr\u00eamio n\u00e3o usufru\u00edda e pedem requerer sua convers\u00e3o em pec\u00fania.<\/p>\n<p>Esta convers\u00e3o ser\u00e1 solicitada mediante participa\u00e7\u00e3o de edital pr\u00f3prio, conforme disciplinado pela Resolu\u00e7\u00e3o n\u00ba 05\/2023-CD\/FUERN, de 09 de fevereiro de 2023.<\/p>\n<p>Cada servidor poder\u00e1 requerer a convers\u00e3o em pec\u00fania referente a 1 (um) per\u00edodo aquisitivo\u00a0<b>completo\u00a0<\/b>e n\u00e3o usufru\u00eddo de licen\u00e7a-pr\u00eamio, mesmo que possua mais per\u00edodos.<\/p>\n<p>Inscri\u00e7\u00f5es: das 08h00min do dia 06 \u00e0s 23h59min do dia 11 de novembro de 2024.<\/p>\n<p>Link para Inscri\u00e7\u00f5es:\u00a0<a href=\"https:\/\/forms.gle\/p5LtQCtHQm1qTWXm7\" target=\"_blank\" rel=\"noopener\">https:\/\/forms.gle\/p5LtQCtHQm1qTWXm7<\/a><\/p>\n<p>CRONOGRAMA:<\/p>\n<table width=\"100%\">\n<tbody>\n<tr>\n<td width=\"60%\"><strong>Descri\u00e7\u00e3o<\/strong><\/td>\n<td width=\"39%\"><strong>Datas previstas<\/strong><\/td>\n<\/tr>\n<tr>\n<td width=\"60%\">Publica\u00e7\u00e3o do edital<\/td>\n<td width=\"39%\">05\/11\/2024<\/td>\n<\/tr>\n<tr>\n<td width=\"60%\">Impugna\u00e7\u00e3o do edital<\/td>\n<td width=\"39%\">At\u00e9 24h ap\u00f3s publica\u00e7\u00e3o do edital<\/td>\n<\/tr>\n<tr>\n<td width=\"60%\">Per\u00edodo de inscri\u00e7\u00f5es<\/td>\n<td width=\"39%\">06 a 11\/11\/2024<\/td>\n<\/tr>\n<tr>\n<td width=\"60%\">Divulga\u00e7\u00e3o da lista preliminar de inscritos e classifica\u00e7\u00e3o preliminar<\/td>\n<td width=\"39%\">At\u00e9 21\/11\/2024<\/td>\n<\/tr>\n<tr>\n<td width=\"60%\">Interposi\u00e7\u00e3o de recursos<\/td>\n<td width=\"39%\">At\u00e9 48h ap\u00f3s publica\u00e7\u00e3o da lista preliminar<\/td>\n<\/tr>\n<tr>\n<td width=\"60%\">Divulga\u00e7\u00e3o da lista definitiva de inscritos e classifica\u00e7\u00e3o definitiva<\/td>\n<td width=\"39%\">At\u00e9 28\/11\/2024<\/td>\n<\/tr>\n<tr>\n<td width=\"60%\">Divulga\u00e7\u00e3o da lista com os primeiros servidores contemplados<\/td>\n<td width=\"39%\">At\u00e9 12\/12\/2024<\/td>\n<\/tr>\n<\/tbody>\n<\/table>\n<p>&nbsp;<\/p>\n<p>05\/11\/2024 &#8211; <a href=\"https:\/\/portal.uern.br\/progep\/wp-content\/uploads\/2024\/11\/SEI_30155861_Edital_008.pdf\" target=\"_blank\" rel=\"noopener\">EDITAL N\u00ba 08\/2024 &#8211; PROGEP<\/a><\/p>\n<p>19\/11\/2024 &#8211; <a href=\"https:\/\/portal.uern.br\/progep\/wp-content\/uploads\/2024\/11\/SEI_30433246_Edital_08.pdf\" target=\"_blank\" rel=\"noopener\">LISTA DE INSCRITOS COM CLASSIFICA\u00c7\u00c3O PRELIMINAR<\/a> &#8211; <a href=\"https:\/\/portal.uern.br\/progep\/wp-content\/uploads\/2025\/08\/JOUERN-Edital-08.2024-Classificacao-preliminar.pdf\" target=\"_blank\" rel=\"noopener\">JOUERN<\/a><\/p>\n<p>26\/11\/2024 &#8211; <a href=\"https:\/\/portal.uern.br\/progep\/wp-content\/uploads\/2024\/11\/SEI_30544744_Edital_08.pdf\" target=\"_blank\" rel=\"noopener\">RECURSOS DEFERIDOS E INDEFERIDOS E LISTA DE INSCRITOS COM CLASSIFICA\u00c7\u00c3O DEFINITIVA<\/a> &#8211; <a href=\"https:\/\/portal.uern.br\/progep\/wp-content\/uploads\/2025\/08\/JOUERN-Edital-08.2024-Recursos-deferidos.pdf\" target=\"_blank\" rel=\"noopener\">JOUERN<\/a><\/p>\n<p>02\/12\/2024 &#8211; <a href=\"https:\/\/portal.uern.br\/progep\/wp-content\/uploads\/2024\/12\/SEI_30657319_Edital_08-RETIFICACAO-DE-LISTA-DE-INSCRITOS-COM-CLASSIFICACAO-DEFINITIVA.pdf\" target=\"_blank\" rel=\"noopener\">RETIFICA\u00c7\u00c3O DA LISTA DE INSCRITOS COM CLASSIFICA\u00c7\u00c3O DEFINITIVA<\/a> &#8211; <a href=\"https:\/\/portal.uern.br\/progep\/wp-content\/uploads\/2025\/08\/JOUERN-Edital-08.2024-Retificacao-da-lista-de-inscritos.pdf\" target=\"_blank\" rel=\"noopener\">JOUERN<\/a><\/p>\n<p>02\/12\/2024 &#8211; <a href=\"https:\/\/portal.uern.br\/progep\/wp-content\/uploads\/2024\/12\/SEI_30657467_Edital_08-SERVIDORES-CONTEMPLADOS-lote-01.pdf\" target=\"_blank\" rel=\"noopener\">SERVIDORES CONTEMPLADOS COM O PAGAMENTO DE LICEN\u00c7A-PR\u00caMIO CONVERTIDA EM PEC\u00daNIA NO\u00a0LOTE 01\/2024 &#8211; <\/a><a href=\"https:\/\/portal.uern.br\/progep\/wp-content\/uploads\/2025\/08\/JOUERN-Edital-08.2024-Retificacao-da-lista-de-inscritos.pdf\" target=\"_blank\" rel=\"noopener\">JOUERN<\/a><\/p>\n<p>28\/06\/2025 &#8211; <a href=\"https:\/\/portal.uern.br\/progep\/wp-content\/uploads\/2025\/06\/Edital-008-2024-lote-02.pdf\" target=\"_blank\" rel=\"noopener\">SERVIDORES CONTEMPLADOS COM O PAGAMENTO DE LICEN\u00c7A-PR\u00caMIO CONVERTIDA EM PEC\u00daNIA NO LOTE 02<\/a> &#8211; <a href=\"https:\/\/portal.uern.br\/progep\/wp-content\/uploads\/2025\/08\/JOUERN-Edital-08.2024-Contemplados-do-lote-2.pdf\" target=\"_blank\" rel=\"noopener\">JOUERN<\/a><\/p>\n<p>28\/08\/2025 &#8211; <a href=\"https:\/\/portal.uern.br\/progep\/wp-content\/uploads\/2025\/08\/SEI_36052944_Edital_08_2024.pdf\" target=\"_blank\" rel=\"noopener\">SERVIDORES CONTEMPLADOS COM O PAGAMENTO DE LICEN\u00c7A-PR\u00caMIO CONVERTIDA EM PEC\u00daNIA NO LOTE 03<\/a> &#8211; JOUERN<\/p>\n<p>17\/09\/2025 &#8211; <a href=\"https:\/\/portal.uern.br\/progep\/wp-content\/uploads\/2025\/09\/SEI_36420124_Edital_08_2024.pdf\" target=\"_blank\" rel=\"noopener\">PRORROGA\u00c7\u00c3O DO PER\u00cdODO DE VIG\u00caNCIA<\/a> &#8211; <a href=\"https:\/\/portal.uern.br\/progep\/wp-content\/uploads\/2025\/09\/6937e95d-607a-4b8b-ae3c-edf3c52cec4c.pdf\" target=\"_blank\" rel=\"noopener\">JOUERN<\/a><\/p>\n<p>29\/12\/2025 &#8211; <a href=\"https:\/\/portal.uern.br\/progep\/wp-content\/uploads\/2025\/12\/SEI_38515291_Edital_08_2024.pdf\" target=\"_blank\" rel=\"noopener\">SERVIDORES CONTEMPLADOS COM O PAGAMENTO DE LICEN\u00c7A-PR\u00caMIO EM PEC\u00daNIA NO LOTE 04<\/a> &#8211; JOUERN<\/p>\n","protected":false},"excerpt":{"rendered":"<p>Em conformidade com o o disposto na Lei Estadual n\u00ba 11.045, de 29 de dezembro de 2021, na Lei Complementar Estadual n\u00ba 699, de 24 de mar\u00e7o de 2022, na Lei Complementar Estadual n\u00ba 700, de 24 de mar\u00e7o de 2022, os servidores da FUERN que possuam licen\u00e7a-pr\u00eamio n\u00e3o usufru\u00edda e pedem requerer sua convers\u00e3o [&hellip;]<\/p>\n","protected":false},"author":3,"featured_media":0,"parent":0,"menu_order":0,"comment_status":"closed","ping_status":"closed","template":"","meta":{"footnotes":""},"class_list":["post-1863","page","type-page","status-publish","hentry"],"_links":{"self":[{"href":"https:\/\/portal.uern.br\/progep\/wp-json\/wp\/v2\/pages\/1863","targetHints":{"allow":["GET"]}}],"collection":[{"href":"https:\/\/portal.uern.br\/progep\/wp-json\/wp\/v2\/pages"}],"about":[{"href":"https:\/\/portal.uern.br\/progep\/wp-json\/wp\/v2\/types\/page"}],"author":[{"embeddable":true,"href":"https:\/\/portal.uern.br\/progep\/wp-json\/wp\/v2\/users\/3"}],"replies":[{"embeddable":true,"href":"https:\/\/portal.uern.br\/progep\/wp-json\/wp\/v2\/comments?post=1863"}],"version-history":[{"count":30,"href":"https:\/\/portal.uern.br\/progep\/wp-json\/wp\/v2\/pages\/1863\/revisions"}],"predecessor-version":[{"id":2508,"href":"https:\/\/portal.uern.br\/progep\/wp-json\/wp\/v2\/pages\/1863\/revisions\/2508"}],"wp:attachment":[{"href":"https:\/\/portal.uern.br\/progep\/wp-json\/wp\/v2\/media?parent=1863"}],"curies":[{"name":"wp","href":"https:\/\/api.w.org\/{rel}","templated":true}]}}