{"id":920,"date":"2025-06-11T17:04:29","date_gmt":"2025-06-11T20:04:29","guid":{"rendered":"https:\/\/portal.uern.br\/progep\/ddpqv\/?page_id=920"},"modified":"2025-06-24T16:44:47","modified_gmt":"2025-06-24T19:44:47","slug":"maio-mulher","status":"publish","type":"page","link":"https:\/\/portal.uern.br\/progep\/ddpqv\/maio-mulher\/","title":{"rendered":"Maio Mulher"},"content":{"rendered":"\t\t<div data-elementor-type=\"wp-page\" data-elementor-id=\"920\" class=\"elementor elementor-920\" data-elementor-post-type=\"page\">\n\t\t\t\t<div class=\"elementor-element elementor-element-3d6d854 e-flex e-con-boxed e-con e-parent\" data-id=\"3d6d854\" data-element_type=\"container\" data-e-type=\"container\">\n\t\t\t\t\t<div class=\"e-con-inner\">\n\t\t\t\t<div class=\"elementor-element elementor-element-0867d6c elementor-widget elementor-widget-text-editor\" data-id=\"0867d6c\" data-element_type=\"widget\" data-e-type=\"widget\" data-widget_type=\"text-editor.default\">\n\t\t\t\t<div class=\"elementor-widget-container\">\n\t\t\t\t\t\t\t\t\t<h2><strong>Apresenta\u00e7\u00e3o<\/strong><\/h2><p><img decoding=\"async\" class=\"aligncenter wp-image-1014\" src=\"https:\/\/portal.uern.br\/progep\/ddpqv\/wp-content\/uploads\/sites\/3\/2025\/06\/1-1-240x300.jpg\" alt=\"\" width=\"191\" height=\"239\" srcset=\"https:\/\/portal.uern.br\/progep\/ddpqv\/wp-content\/uploads\/sites\/3\/2025\/06\/1-1-240x300.jpg 240w, https:\/\/portal.uern.br\/progep\/ddpqv\/wp-content\/uploads\/sites\/3\/2025\/06\/1-1-820x1024.jpg 820w, https:\/\/portal.uern.br\/progep\/ddpqv\/wp-content\/uploads\/sites\/3\/2025\/06\/1-1-768x959.jpg 768w, https:\/\/portal.uern.br\/progep\/ddpqv\/wp-content\/uploads\/sites\/3\/2025\/06\/1-1.jpg 1164w\" sizes=\"(max-width: 191px) 100vw, 191px\" \/><\/p><p>A Campanha <strong>Maio Mulher<\/strong>, promovida DDPQV\/Progep, tem como principais objetivos a conscientiza\u00e7\u00e3o sobre os direitos das mulheres, a promo\u00e7\u00e3o da equidade de g\u00eanero no ambiente universit\u00e1rio e o enfrentamento de todas as formas de viol\u00eancia contra as mulheres.<\/p><p>A iniciativa tamb\u00e9m busca incentivar a den\u00fancia de abusos, fortalecer redes de apoio \u00e0s v\u00edtimas e fomentar a participa\u00e7\u00e3o ativa das mulheres em todos os espa\u00e7os da universidade, com destaque para cargos de lideran\u00e7a e inst\u00e2ncias de decis\u00e3o.<\/p><hr \/><h2><strong>A\u00e7\u00f5es<\/strong><\/h2><p>Ao longo do m\u00eas de maio, a campanha realiza diversas atividades, como mutir\u00e3o da s\u00e1ude com vacina\u00e7\u00e3o, nupics e cursos de beleza, al\u00e9m de rodas de conversa e eventos culturais, com o intuito de sensibilizar a comunidade acad\u00eamica sobre a import\u00e2ncia da igualdade de g\u00eanero, do respeito \u00e0s mulheres e da constru\u00e7\u00e3o de um ambiente mais justo e inclusivo.<\/p><p>As a\u00e7\u00f5es desenvolvidas est\u00e3o alinhadas \u00e0 miss\u00e3o da DDPQV\/PROGEP de promover o bem-estar e a qualidade de vida dos servidores da UERN, por meio de pol\u00edticas que valorizam a sa\u00fade, a equidade e o respeito no cotidiano institucional.<\/p><hr \/><h2><strong>Galeria<\/strong><\/h2>\t\t\t\t\t\t\t\t<\/div>\n\t\t\t\t<\/div>\n\t\t\t\t\t<\/div>\n\t\t\t\t<\/div>\n\t\t<div class=\"elementor-element elementor-element-2da7eb2 e-flex e-con-boxed e-con e-parent\" data-id=\"2da7eb2\" data-element_type=\"container\" data-e-type=\"container\">\n\t\t\t\t\t<div class=\"e-con-inner\">\n\t\t\t\t<div class=\"elementor-element elementor-element-fca2f7e elementor-skin-carousel elementor-arrows-yes elementor-pagination-type-bullets elementor-pagination-position-outside elementor-widget elementor-widget-media-carousel\" data-id=\"fca2f7e\" data-element_type=\"widget\" data-e-type=\"widget\" data-settings=\"{&quot;skin&quot;:&quot;carousel&quot;,&quot;effect&quot;:&quot;slide&quot;,&quot;show_arrows&quot;:&quot;yes&quot;,&quot;pagination&quot;:&quot;bullets&quot;,&quot;speed&quot;:500,&quot;autoplay&quot;:&quot;yes&quot;,&quot;autoplay_speed&quot;:5000,&quot;loop&quot;:&quot;yes&quot;,&quot;pause_on_hover&quot;:&quot;yes&quot;,&quot;pause_on_interaction&quot;:&quot;yes&quot;,&quot;space_between&quot;:{&quot;unit&quot;:&quot;px&quot;,&quot;size&quot;:10,&quot;sizes&quot;:[]},&quot;space_between_tablet&quot;:{&quot;unit&quot;:&quot;px&quot;,&quot;size&quot;:10,&quot;sizes&quot;:[]},&quot;space_between_mobile&quot;:{&quot;unit&quot;:&quot;px&quot;,&quot;size&quot;:10,&quot;sizes&quot;:[]}}\" data-widget_type=\"media-carousel.default\">\n\t\t\t\t<div class=\"elementor-widget-container\">\n\t\t\t\t\t\t\t\t\t<div class=\"elementor-swiper\">\n\t\t\t\t\t<div class=\"elementor-main-swiper swiper\" role=\"region\" aria-roledescription=\"carousel\" aria-label=\"Slides\">\n\t\t\t\t<div class=\"swiper-wrapper\">\n\t\t\t\t\t\t\t\t\t\t\t<div class=\"swiper-slide\" role=\"group\" aria-roledescription=\"slide\">\n\t\t\t\t\t\t\t\t\t<div class=\"elementor-carousel-image\" role=\"img\" aria-label=\"4\" style=\"background-image: url(&#039;https:\/\/portal.uern.br\/progep\/ddpqv\/wp-content\/uploads\/sites\/3\/2025\/06\/4-1.jpg&#039;)\">\n\n\t\t\t\n\t\t\t\t\t<\/div>\n\t\t\t\t\t\t\t\t<\/div>\n\t\t\t\t\t\t\t\t\t\t\t<div class=\"swiper-slide\" role=\"group\" aria-roledescription=\"slide\">\n\t\t\t\t\t\t\t\t\t<div class=\"elementor-carousel-image\" role=\"img\" aria-label=\"3\" style=\"background-image: url(&#039;https:\/\/portal.uern.br\/progep\/ddpqv\/wp-content\/uploads\/sites\/3\/2025\/06\/3-1.jpg&#039;)\">\n\n\t\t\t\n\t\t\t\t\t<\/div>\n\t\t\t\t\t\t\t\t<\/div>\n\t\t\t\t\t\t\t\t\t\t\t<div class=\"swiper-slide\" role=\"group\" aria-roledescription=\"slide\">\n\t\t\t\t\t\t\t\t\t<div class=\"elementor-carousel-image\" role=\"img\" aria-label=\"6\" style=\"background-image: url(&#039;https:\/\/portal.uern.br\/progep\/ddpqv\/wp-content\/uploads\/sites\/3\/2025\/06\/6-1.jpg&#039;)\">\n\n\t\t\t\n\t\t\t\t\t<\/div>\n\t\t\t\t\t\t\t\t<\/div>\n\t\t\t\t\t\t\t\t\t\t\t<div class=\"swiper-slide\" role=\"group\" aria-roledescription=\"slide\">\n\t\t\t\t\t\t\t\t\t<div class=\"elementor-carousel-image\" role=\"img\" aria-label=\"2\" style=\"background-image: url(&#039;https:\/\/portal.uern.br\/progep\/ddpqv\/wp-content\/uploads\/sites\/3\/2025\/06\/2-1.jpg&#039;)\">\n\n\t\t\t\n\t\t\t\t\t<\/div>\n\t\t\t\t\t\t\t\t<\/div>\n\t\t\t\t\t\t\t\t\t\t\t<div class=\"swiper-slide\" role=\"group\" aria-roledescription=\"slide\">\n\t\t\t\t\t\t\t\t\t<div class=\"elementor-carousel-image\" role=\"img\" aria-label=\"7\" style=\"background-image: url(&#039;https:\/\/portal.uern.br\/progep\/ddpqv\/wp-content\/uploads\/sites\/3\/2025\/06\/7.jpg&#039;)\">\n\n\t\t\t\n\t\t\t\t\t<\/div>\n\t\t\t\t\t\t\t\t<\/div>\n\t\t\t\t\t\t\t\t\t<\/div>\n\t\t\t\t\t\t\t\t\t\t\t\t\t\t\t<div class=\"elementor-swiper-button elementor-swiper-button-prev\" role=\"button\" tabindex=\"0\" aria-label=\"Previous\">\n\t\t\t\t\t\t\t<i aria-hidden=\"true\" class=\"eicon-chevron-left\"><\/i>\t\t\t\t\t\t<\/div>\n\t\t\t\t\t\t<div class=\"elementor-swiper-button elementor-swiper-button-next\" role=\"button\" tabindex=\"0\" aria-label=\"Next\">\n\t\t\t\t\t\t\t<i aria-hidden=\"true\" class=\"eicon-chevron-right\"><\/i>\t\t\t\t\t\t<\/div>\n\t\t\t\t\t\t\t\t\t\t\t\t\t\t\t\t<div class=\"swiper-pagination\"><\/div>\n\t\t\t\t\t\t\t\t\t\t\t\t<\/div>\n\t\t\t\t<\/div>\n\t\t\t\t\t\t\t\t<\/div>\n\t\t\t\t<\/div>\n\t\t\t\t\t<\/div>\n\t\t\t\t<\/div>\n\t\t\t\t<\/div>\n\t\t","protected":false},"excerpt":{"rendered":"<p>Apresenta\u00e7\u00e3o A Campanha Maio Mulher, promovida DDPQV\/Progep, tem como principais objetivos a conscientiza\u00e7\u00e3o sobre os direitos das mulheres, a promo\u00e7\u00e3o da equidade de g\u00eanero no ambiente universit\u00e1rio e o enfrentamento de todas as formas de viol\u00eancia contra as mulheres. A iniciativa tamb\u00e9m busca incentivar a den\u00fancia de abusos, fortalecer redes de apoio \u00e0s v\u00edtimas e [&hellip;]<\/p>\n","protected":false},"author":6,"featured_media":0,"parent":0,"menu_order":0,"comment_status":"closed","ping_status":"closed","template":"","meta":{"footnotes":""},"class_list":["post-920","page","type-page","status-publish","hentry"],"_links":{"self":[{"href":"https:\/\/portal.uern.br\/progep\/ddpqv\/wp-json\/wp\/v2\/pages\/920","targetHints":{"allow":["GET"]}}],"collection":[{"href":"https:\/\/portal.uern.br\/progep\/ddpqv\/wp-json\/wp\/v2\/pages"}],"about":[{"href":"https:\/\/portal.uern.br\/progep\/ddpqv\/wp-json\/wp\/v2\/types\/page"}],"author":[{"embeddable":true,"href":"https:\/\/portal.uern.br\/progep\/ddpqv\/wp-json\/wp\/v2\/users\/6"}],"replies":[{"embeddable":true,"href":"https:\/\/portal.uern.br\/progep\/ddpqv\/wp-json\/wp\/v2\/comments?post=920"}],"version-history":[{"count":4,"href":"https:\/\/portal.uern.br\/progep\/ddpqv\/wp-json\/wp\/v2\/pages\/920\/revisions"}],"predecessor-version":[{"id":1023,"href":"https:\/\/portal.uern.br\/progep\/ddpqv\/wp-json\/wp\/v2\/pages\/920\/revisions\/1023"}],"wp:attachment":[{"href":"https:\/\/portal.uern.br\/progep\/ddpqv\/wp-json\/wp\/v2\/media?parent=920"}],"curies":[{"name":"wp","href":"https:\/\/api.w.org\/{rel}","templated":true}]}}