{"id":918,"date":"2025-06-11T17:04:29","date_gmt":"2025-06-11T20:04:29","guid":{"rendered":"https:\/\/portal.uern.br\/progep\/ddpqv\/?page_id=918"},"modified":"2025-07-03T16:31:32","modified_gmt":"2025-07-03T19:31:32","slug":"janeiro-branco","status":"publish","type":"page","link":"https:\/\/portal.uern.br\/progep\/ddpqv\/janeiro-branco\/","title":{"rendered":"Janeiro Branco"},"content":{"rendered":"\t\t<div data-elementor-type=\"wp-page\" data-elementor-id=\"918\" class=\"elementor elementor-918\" data-elementor-post-type=\"page\">\n\t\t\t\t<div class=\"elementor-element elementor-element-47a9fddf e-flex e-con-boxed e-con e-parent\" data-id=\"47a9fddf\" data-element_type=\"container\" data-e-type=\"container\">\n\t\t\t\t\t<div class=\"e-con-inner\">\n\t\t\t\t<div class=\"elementor-element elementor-element-417f2d3d elementor-widget elementor-widget-text-editor\" data-id=\"417f2d3d\" data-element_type=\"widget\" data-e-type=\"widget\" data-widget_type=\"text-editor.default\">\n\t\t\t\t<div class=\"elementor-widget-container\">\n\t\t\t\t\t\t\t\t\t<hr \/><p data-start=\"236\" data-end=\"722\">A <strong data-start=\"238\" data-end=\"265\">Campanha Janeiro Branco<\/strong> \u00e9 uma a\u00e7\u00e3o da Universidade do Estado do Rio Grande do Norte (UERN), promovida pela Pr\u00f3-Reitoria de Gest\u00e3o de Pessoas (PROGEP), por meio da Diretoria de Desenvolvimento de Pessoas e Qualidade de Vida (DDPQV). Com foco na <strong data-start=\"486\" data-end=\"541\">conscientiza\u00e7\u00e3o sobre a import\u00e2ncia da sa\u00fade mental<\/strong>, a campanha prop\u00f5e reflex\u00f5es sobre o autocuidado, o autoconhecimento e a constru\u00e7\u00e3o de ambientes mais saud\u00e1veis, emp\u00e1ticos e acolhedores \u2014 tanto no trabalho quanto na vida pessoal.<\/p><hr data-start=\"724\" data-end=\"727\" \/><h3 data-start=\"1100\" data-end=\"1117\"><strong data-start=\"1104\" data-end=\"1117\">Objetivos<\/strong><\/h3><ul data-start=\"1119\" data-end=\"1628\"><li data-start=\"1119\" data-end=\"1220\"><p data-start=\"1121\" data-end=\"1220\">Promover a conscientiza\u00e7\u00e3o sobre a import\u00e2ncia da sa\u00fade mental como parte essencial do bem-estar;<\/p><\/li><li data-start=\"1221\" data-end=\"1324\"><p data-start=\"1223\" data-end=\"1324\">Estimular o autoconhecimento e o autocuidado como ferramentas de preven\u00e7\u00e3o ao adoecimento ps\u00edquico;<\/p><\/li><li data-start=\"1325\" data-end=\"1443\"><p data-start=\"1327\" data-end=\"1443\">Incentivar a cria\u00e7\u00e3o de ambientes mais acolhedores, emp\u00e1ticos e respeitosos nas rela\u00e7\u00f5es pessoais e profissionais;<\/p><\/li><\/ul><hr data-start=\"1630\" data-end=\"1633\" \/><h3 data-start=\"1635\" data-end=\"1648\"><strong data-start=\"1639\" data-end=\"1648\">A\u00e7\u00f5es<\/strong><\/h3><p data-start=\"1650\" data-end=\"1810\">Durante o m\u00eas de janeiro, e com continuidade ao longo do ano, s\u00e3o realizadas diversas atividades com foco na sa\u00fade emocional e na promo\u00e7\u00e3o de bem-estar, como:<\/p><ul data-start=\"1812\" data-end=\"2219\"><li data-start=\"1812\" data-end=\"1988\"><p data-start=\"1814\" data-end=\"1988\"><strong data-start=\"1814\" data-end=\"1847\">Palestras e rodas de conversa<\/strong> com profissionais da \u00e1rea, abordando temas como equil\u00edbrio emocional, gest\u00e3o do estresse, sentido da vida e qualidade de vida no trabalho;<\/p><\/li><li data-start=\"1989\" data-end=\"2080\"><p data-start=\"1991\" data-end=\"2080\"><strong data-start=\"1991\" data-end=\"2024\">A\u00e7\u00f5es de escuta e acolhimento<\/strong>, fortalecendo espa\u00e7os de di\u00e1logo e apoio psicol\u00f3gico;<\/p><\/li><li data-start=\"2081\" data-end=\"2219\"><p data-start=\"2083\" data-end=\"2219\"><strong data-start=\"2083\" data-end=\"2133\">Integra\u00e7\u00e3o com outras campanhas institucionais<\/strong>, promovendo uma abordagem transversal da sa\u00fade mental nas atividades da universidade.<\/p><\/li><\/ul><hr data-start=\"2221\" data-end=\"2224\" \/><h3 data-start=\"2226\" data-end=\"2259\"><strong data-start=\"2230\" data-end=\"2259\">Compromisso Institucional<\/strong><\/h3><p data-start=\"2261\" data-end=\"2682\">A Campanha Janeiro Branco est\u00e1 alinhada ao <strong data-start=\"2304\" data-end=\"2375\">Objetivo de Desenvolvimento Sustent\u00e1vel (ODS) 3 \u2013 Sa\u00fade e Bem-Estar<\/strong> e refor\u00e7a o compromisso da UERN com o <strong data-start=\"2414\" data-end=\"2462\">cuidado integral de sua comunidade acad\u00eamica<\/strong>. Ao priorizar a sa\u00fade mental como pauta cont\u00ednua, a universidade contribui para um ambiente mais saud\u00e1vel, humano e solid\u00e1rio, no qual o bem-estar emocional \u00e9 reconhecido como um direito e uma responsabilidade coletiva.<\/p>\t\t\t\t\t\t\t\t<\/div>\n\t\t\t\t<\/div>\n\t\t\t\t\t<\/div>\n\t\t\t\t<\/div>\n\t\t<div class=\"elementor-element elementor-element-bc9f036 e-flex e-con-boxed e-con e-parent\" data-id=\"bc9f036\" data-element_type=\"container\" data-e-type=\"container\">\n\t\t\t\t\t<div class=\"e-con-inner\">\n\t\t<div class=\"elementor-element elementor-element-4cdb0fa e-con-full e-flex e-con e-child\" data-id=\"4cdb0fa\" data-element_type=\"container\" data-e-type=\"container\">\n\t\t\t\t<div class=\"elementor-element elementor-element-4a25549 elementor-widget elementor-widget-image\" data-id=\"4a25549\" data-element_type=\"widget\" data-e-type=\"widget\" data-widget_type=\"image.default\">\n\t\t\t\t<div class=\"elementor-widget-container\">\n\t\t\t\t\t\t\t\t\t\t\t\t\t\t\t<img fetchpriority=\"high\" decoding=\"async\" width=\"735\" height=\"420\" src=\"https:\/\/portal.uern.br\/progep\/ddpqv\/wp-content\/uploads\/sites\/3\/2025\/06\/Captura-de-tela-2025-06-24-150645.png\" class=\"attachment-large size-large wp-image-976\" alt=\"\" srcset=\"https:\/\/portal.uern.br\/progep\/ddpqv\/wp-content\/uploads\/sites\/3\/2025\/06\/Captura-de-tela-2025-06-24-150645.png 735w, https:\/\/portal.uern.br\/progep\/ddpqv\/wp-content\/uploads\/sites\/3\/2025\/06\/Captura-de-tela-2025-06-24-150645-300x171.png 300w\" sizes=\"(max-width: 735px) 100vw, 735px\" \/>\t\t\t\t\t\t\t\t\t\t\t\t\t\t\t<\/div>\n\t\t\t\t<\/div>\n\t\t\t\t<\/div>\n\t\t\t\t<div class=\"elementor-element elementor-element-748ebd2 elementor-widget elementor-widget-text-editor\" data-id=\"748ebd2\" data-element_type=\"widget\" data-e-type=\"widget\" data-widget_type=\"text-editor.default\">\n\t\t\t\t<div class=\"elementor-widget-container\">\n\t\t\t\t\t\t\t\t\t<h4 data-start=\"729\" data-end=\"746\"><strong data-start=\"733\" data-end=\"746\">Tema 2025<\/strong><\/h4><p data-start=\"748\" data-end=\"1093\">Com o tema <strong data-start=\"759\" data-end=\"798\">&#8220;Sa\u00fade Mental de Janeiro a Janeiro&#8221;<\/strong>, a edi\u00e7\u00e3o de 2025 se estende ao longo do ano por meio de encontros mensais, conduzidos pela psic\u00f3loga organizacional da PROGEP, Nathaly da Luz Andrade, que promovem debates sobre diversos temas relacionados \u00e0 sa\u00fade mental no ambiente organizacional.<\/p>\t\t\t\t\t\t\t\t<\/div>\n\t\t\t\t<\/div>\n\t\t\t\t\t<\/div>\n\t\t\t\t<\/div>\n\t\t\t\t<\/div>\n\t\t","protected":false},"excerpt":{"rendered":"<p>A Campanha Janeiro Branco \u00e9 uma a\u00e7\u00e3o da Universidade do Estado do Rio Grande do Norte (UERN), promovida pela Pr\u00f3-Reitoria de Gest\u00e3o de Pessoas (PROGEP), por meio da Diretoria de Desenvolvimento de Pessoas e Qualidade de Vida (DDPQV). Com foco na conscientiza\u00e7\u00e3o sobre a import\u00e2ncia da sa\u00fade mental, a campanha prop\u00f5e reflex\u00f5es sobre o autocuidado, [&hellip;]<\/p>\n","protected":false},"author":6,"featured_media":0,"parent":0,"menu_order":0,"comment_status":"closed","ping_status":"closed","template":"","meta":{"footnotes":""},"class_list":["post-918","page","type-page","status-publish","hentry"],"_links":{"self":[{"href":"https:\/\/portal.uern.br\/progep\/ddpqv\/wp-json\/wp\/v2\/pages\/918","targetHints":{"allow":["GET"]}}],"collection":[{"href":"https:\/\/portal.uern.br\/progep\/ddpqv\/wp-json\/wp\/v2\/pages"}],"about":[{"href":"https:\/\/portal.uern.br\/progep\/ddpqv\/wp-json\/wp\/v2\/types\/page"}],"author":[{"embeddable":true,"href":"https:\/\/portal.uern.br\/progep\/ddpqv\/wp-json\/wp\/v2\/users\/6"}],"replies":[{"embeddable":true,"href":"https:\/\/portal.uern.br\/progep\/ddpqv\/wp-json\/wp\/v2\/comments?post=918"}],"version-history":[{"count":10,"href":"https:\/\/portal.uern.br\/progep\/ddpqv\/wp-json\/wp\/v2\/pages\/918\/revisions"}],"predecessor-version":[{"id":1056,"href":"https:\/\/portal.uern.br\/progep\/ddpqv\/wp-json\/wp\/v2\/pages\/918\/revisions\/1056"}],"wp:attachment":[{"href":"https:\/\/portal.uern.br\/progep\/ddpqv\/wp-json\/wp\/v2\/media?parent=918"}],"curies":[{"name":"wp","href":"https:\/\/api.w.org\/{rel}","templated":true}]}}