{"id":474,"date":"2024-03-14T08:31:33","date_gmt":"2024-03-14T11:31:33","guid":{"rendered":"https:\/\/portal.uern.br\/progep\/ddpqv\/?page_id=474"},"modified":"2026-03-10T11:08:18","modified_gmt":"2026-03-10T14:08:18","slug":"equipe","status":"publish","type":"page","link":"https:\/\/portal.uern.br\/progep\/ddpqv\/equipe\/","title":{"rendered":"Equipe"},"content":{"rendered":"\t\t<div data-elementor-type=\"wp-page\" data-elementor-id=\"474\" class=\"elementor elementor-474\" data-elementor-post-type=\"page\">\n\t\t\t\t<div class=\"elementor-element elementor-element-7e99cc64 e-flex e-con-boxed e-con e-parent\" data-id=\"7e99cc64\" data-element_type=\"container\" data-e-type=\"container\">\n\t\t\t\t\t<div class=\"e-con-inner\">\n\t\t\t\t<div class=\"elementor-element elementor-element-2dcbbc0a elementor-widget elementor-widget-text-editor\" data-id=\"2dcbbc0a\" data-element_type=\"widget\" data-e-type=\"widget\" data-widget_type=\"text-editor.default\">\n\t\t\t\t<div class=\"elementor-widget-container\">\n\t\t\t\t\t\t\t\t\t<p><strong>DIRETORIA DE DESENVOLVIMENTO DE PESSOAS E QUALIDADE DE VIDA \u2013 DDPQV<\/strong><\/p><p><span style=\"font-weight: 400\">TNS. Me. Bianca Valente de Medeiros<\/span><br \/>Diretora<\/p><p><span style=\"font-weight: 400\">TNS. Me. Thiago Oliveira de Azevedo\u00a0<\/span><br \/>Secret\u00e1rio<\/p><p><strong>DEPARTAMENTO DE ATEN\u00c7\u00c3O AO SERVIDOR<\/strong><\/p><p>Profa. Dra. Maria Carmem Batista da Silva<br \/>Chefe<\/p><p>TNM. Me. Richelly Nayhene de Lima<br \/>Secret\u00e1ria<\/p><p><strong>SETOR DE CAPACITA\u00c7\u00c3O E EDUCA\u00c7\u00c3O PROFISSIONAL<\/strong><\/p><p>TNS. Me. Rosa Ang\u00e9lica Silveira Rebou\u00e7as Barbosa<br \/>Chefe<\/p><p><strong>SETOR DE QUALIDADE DE VIDA<\/strong><\/p><p><span style=\"font-weight: 400\">TNS. Me. L\u00facia Helena Dantas Martins<\/span><br \/>Chefe<\/p><p><span style=\"font-weight: 400\">TNS. Me. Fernanda Camila Soares Pires de Morais<\/span><br \/>Cirurgi\u00e3 Dentista<\/p><p><span style=\"font-weight: 400\">TNS. Me. Nathaly da Luz Andrade<\/span><br \/>Psic\u00f3loga<\/p><p><strong>SETOR DE ACOMPANHAMENTO E AVALIA\u00c7\u00c3O DO SERVIDOR<\/strong><\/p><p>TNS. Kaliane Roberta dos Santos Narcizo<br \/>Chefe<\/p><p><strong>SETOR DE APOSENTADOS E PENSIONISTAS<\/strong><\/p><p>TNS. Maria Viviane Monteiro de Farias<br \/>Chefe<\/p><p><strong>ESTAGI\u00c1RIOS\u00a0<\/strong><\/p><p><span style=\"font-weight: 400\">Erica Raysla de Gois Sousa<br \/>Aluna de Publicidade e Propaganda<br \/><\/span><\/p><p><span class=\"il\">Fabio\u00a0Kaian\u00a0Silva Costa<br \/>Aluno de Odontol\u00f3gia<\/span><\/p><p><span class=\"il\">Edson Gabriel A. Medeiros<br \/>Aluno de Educa\u00e7\u00e3o F\u00edsica<\/span><\/p>\t\t\t\t\t\t\t\t<\/div>\n\t\t\t\t<\/div>\n\t\t\t\t\t<\/div>\n\t\t\t\t<\/div>\n\t\t\t\t<\/div>\n\t\t","protected":false},"excerpt":{"rendered":"<p>DIRETORIA DE DESENVOLVIMENTO DE PESSOAS E QUALIDADE DE VIDA \u2013 DDPQV TNS. Me. Bianca Valente de MedeirosDiretora TNS. Me. Thiago Oliveira de Azevedo\u00a0Secret\u00e1rio DEPARTAMENTO DE ATEN\u00c7\u00c3O AO SERVIDOR Profa. Dra. Maria Carmem Batista da SilvaChefe TNM. Me. Richelly Nayhene de LimaSecret\u00e1ria SETOR DE CAPACITA\u00c7\u00c3O E EDUCA\u00c7\u00c3O PROFISSIONAL TNS. Me. Rosa Ang\u00e9lica Silveira Rebou\u00e7as BarbosaChefe SETOR [&hellip;]<\/p>\n","protected":false},"author":6,"featured_media":0,"parent":0,"menu_order":0,"comment_status":"closed","ping_status":"closed","template":"","meta":{"footnotes":""},"class_list":["post-474","page","type-page","status-publish","hentry"],"_links":{"self":[{"href":"https:\/\/portal.uern.br\/progep\/ddpqv\/wp-json\/wp\/v2\/pages\/474","targetHints":{"allow":["GET"]}}],"collection":[{"href":"https:\/\/portal.uern.br\/progep\/ddpqv\/wp-json\/wp\/v2\/pages"}],"about":[{"href":"https:\/\/portal.uern.br\/progep\/ddpqv\/wp-json\/wp\/v2\/types\/page"}],"author":[{"embeddable":true,"href":"https:\/\/portal.uern.br\/progep\/ddpqv\/wp-json\/wp\/v2\/users\/6"}],"replies":[{"embeddable":true,"href":"https:\/\/portal.uern.br\/progep\/ddpqv\/wp-json\/wp\/v2\/comments?post=474"}],"version-history":[{"count":16,"href":"https:\/\/portal.uern.br\/progep\/ddpqv\/wp-json\/wp\/v2\/pages\/474\/revisions"}],"predecessor-version":[{"id":1348,"href":"https:\/\/portal.uern.br\/progep\/ddpqv\/wp-json\/wp\/v2\/pages\/474\/revisions\/1348"}],"wp:attachment":[{"href":"https:\/\/portal.uern.br\/progep\/ddpqv\/wp-json\/wp\/v2\/media?parent=474"}],"curies":[{"name":"wp","href":"https:\/\/api.w.org\/{rel}","templated":true}]}}