{"id":464,"date":"2024-03-12T11:32:37","date_gmt":"2024-03-12T14:32:37","guid":{"rendered":"https:\/\/portal.uern.br\/progep\/ddpqv\/?page_id=464"},"modified":"2026-04-28T10:57:19","modified_gmt":"2026-04-28T13:57:19","slug":"agenda-mensal","status":"publish","type":"page","link":"https:\/\/portal.uern.br\/progep\/ddpqv\/agenda-mensal\/","title":{"rendered":"Agenda Mensal"},"content":{"rendered":"<table style=\"height: 95px\" width=\"1058\">\n<tbody>\n<tr>\n<td><strong>\u00a0 PROGRAMA\u00c7\u00c3O DAS CAPACITA\u00c7\u00d5ES DE MAIO 2026<\/strong><\/td>\n<\/tr>\n<tr>\n<td>\u00a0<strong>Aula Te\u00f3rica e Pr\u00e1tica de Oficina Mec\u00e2nica para Mulheres<\/strong><\/p>\n<p>Data: 05\/05\/2026<br \/>\nHor\u00e1rio: 8h<br \/>\nCarga hor\u00e1ria: 2h30min<br \/>\nLocal: Sest Senat<br \/>\nP\u00fablico-alvo: Mulheres servidoras da UERN<br \/>\nInscri\u00e7\u00e3o: <a href=\"https:\/\/docs.google.com\/forms\/d\/e\/1FAIpQLSfXz50PCQfIqeq4MFIkvwzZDHtC0cZz70zn7cREev6W-2DUGQ\/viewform?usp=sharing&amp;ouid=105174119589507883922\">https:\/\/docs.google.com\/forms\/d\/e\/1FAIpQLSfXz50PCQfIqeq4MFIkvwzZDHtC0cZz70zn7cREev6W-2DUGQ\/viewform?usp=sharing&amp;ouid=105174119589507883922<\/a><\/p>\n<p>Aten\u00e7\u00e3o: \u00c9 obrigat\u00f3rio o uso de vestimentas adequadas para a aula pr\u00e1tica, como cal\u00e7a comprida e cal\u00e7ado fechado.<\/td>\n<\/tr>\n<tr>\n<td><\/td>\n<\/tr>\n<tr>\n<td><\/td>\n<\/tr>\n<tr>\n<td><\/td>\n<\/tr>\n<tr>\n<td><\/td>\n<\/tr>\n<tr>\n<td><\/td>\n<\/tr>\n<tr>\n<td><\/td>\n<\/tr>\n<\/tbody>\n<\/table>\n","protected":false},"excerpt":{"rendered":"<p>\u00a0 PROGRAMA\u00c7\u00c3O DAS CAPACITA\u00c7\u00d5ES DE MAIO 2026 \u00a0Aula Te\u00f3rica e Pr\u00e1tica de Oficina Mec\u00e2nica para Mulheres Data: 05\/05\/2026 Hor\u00e1rio: 8h Carga hor\u00e1ria: 2h30min Local: Sest Senat P\u00fablico-alvo: Mulheres servidoras da UERN Inscri\u00e7\u00e3o: https:\/\/docs.google.com\/forms\/d\/e\/1FAIpQLSfXz50PCQfIqeq4MFIkvwzZDHtC0cZz70zn7cREev6W-2DUGQ\/viewform?usp=sharing&amp;ouid=105174119589507883922 Aten\u00e7\u00e3o: \u00c9 obrigat\u00f3rio o uso de vestimentas adequadas para a aula pr\u00e1tica, como cal\u00e7a comprida e cal\u00e7ado fechado.<\/p>\n","protected":false},"author":6,"featured_media":0,"parent":0,"menu_order":0,"comment_status":"closed","ping_status":"closed","template":"","meta":{"footnotes":""},"class_list":["post-464","page","type-page","status-publish","hentry"],"_links":{"self":[{"href":"https:\/\/portal.uern.br\/progep\/ddpqv\/wp-json\/wp\/v2\/pages\/464","targetHints":{"allow":["GET"]}}],"collection":[{"href":"https:\/\/portal.uern.br\/progep\/ddpqv\/wp-json\/wp\/v2\/pages"}],"about":[{"href":"https:\/\/portal.uern.br\/progep\/ddpqv\/wp-json\/wp\/v2\/types\/page"}],"author":[{"embeddable":true,"href":"https:\/\/portal.uern.br\/progep\/ddpqv\/wp-json\/wp\/v2\/users\/6"}],"replies":[{"embeddable":true,"href":"https:\/\/portal.uern.br\/progep\/ddpqv\/wp-json\/wp\/v2\/comments?post=464"}],"version-history":[{"count":11,"href":"https:\/\/portal.uern.br\/progep\/ddpqv\/wp-json\/wp\/v2\/pages\/464\/revisions"}],"predecessor-version":[{"id":1373,"href":"https:\/\/portal.uern.br\/progep\/ddpqv\/wp-json\/wp\/v2\/pages\/464\/revisions\/1373"}],"wp:attachment":[{"href":"https:\/\/portal.uern.br\/progep\/ddpqv\/wp-json\/wp\/v2\/media?parent=464"}],"curies":[{"name":"wp","href":"https:\/\/api.w.org\/{rel}","templated":true}]}}