{"id":447,"date":"2024-03-12T10:15:34","date_gmt":"2024-03-12T13:15:34","guid":{"rendered":"https:\/\/portal.uern.br\/progep\/ddpqv\/?page_id=447"},"modified":"2025-08-23T12:20:56","modified_gmt":"2025-08-23T15:20:56","slug":"abril-verde","status":"publish","type":"page","link":"https:\/\/portal.uern.br\/progep\/ddpqv\/abril-verde\/","title":{"rendered":"Abril Verde"},"content":{"rendered":"\t\t<div data-elementor-type=\"wp-page\" data-elementor-id=\"447\" class=\"elementor elementor-447\" data-elementor-post-type=\"page\">\n\t\t\t\t<div class=\"elementor-element elementor-element-32066e5 e-con-full e-flex e-con e-parent\" data-id=\"32066e5\" data-element_type=\"container\" data-e-type=\"container\">\n\t\t\t\t<div class=\"elementor-element elementor-element-52624607 elementor-widget elementor-widget-text-editor\" data-id=\"52624607\" data-element_type=\"widget\" data-e-type=\"widget\" data-widget_type=\"text-editor.default\">\n\t\t\t\t<div class=\"elementor-widget-container\">\n\t\t\t\t\t\t\t\t\t<h2><strong>Sobre a Campanha<\/strong><\/h2><p><span style=\"font-weight: 400\"><strong>Abril Verde<\/strong> \u00e9 o m\u00eas de conscientiza\u00e7\u00e3o pela Sa\u00fade e Seguran\u00e7a no ambiente de trabalho. Desde o ano de 2022, a Progep vem desenvolvendo a\u00e7\u00f5es regulares cujo objetivo \u00e9 sensibilizar os servidores da UERN para o desenvolvimento de uma cultura de preven\u00e7\u00e3o de acidentes e doen\u00e7as relacionadas ao trabalho, proporcionando ambientes mais saud\u00e1veis e seguros, respeitando as individualidades, promovendo o bem-estar a cada servidor, e assim, fortalecendo a nossa Universidade.<\/span><\/p><p>No ano de 2025, em alus\u00e3o ao Abril Verde, foram realizados o &#8220;Mutir\u00e3o da Sa\u00fade&#8221;, com diversos servi\u00e7os de cuidado voltados \u00e0 comunidade uerniana, e o &#8220;Mutir\u00e3o da Cidadania&#8221;, que ofereceu a emiss\u00e3o do RG Nacional em parceria com o ITEP, al\u00e9m da emiss\u00e3o de carteiras de estacionamento para pessoas com defici\u00eancia (PcDs) e idosos.<\/p><hr \/><h2><strong>Galeria<\/strong><\/h2>\t\t\t\t\t\t\t\t<\/div>\n\t\t\t\t<\/div>\n\t\t\t\t<\/div>\n\t\t<div class=\"elementor-element elementor-element-3bfc26c e-flex e-con-boxed e-con e-parent\" data-id=\"3bfc26c\" data-element_type=\"container\" data-e-type=\"container\">\n\t\t\t\t\t<div class=\"e-con-inner\">\n\t\t\t\t<div class=\"elementor-element elementor-element-794b881 elementor-widget elementor-widget-gallery\" data-id=\"794b881\" data-element_type=\"widget\" data-e-type=\"widget\" data-settings=\"{&quot;columns&quot;:&quot;3&quot;,&quot;lazyload&quot;:&quot;yes&quot;,&quot;gallery_layout&quot;:&quot;grid&quot;,&quot;columns_tablet&quot;:2,&quot;columns_mobile&quot;:1,&quot;gap&quot;:{&quot;unit&quot;:&quot;px&quot;,&quot;size&quot;:10,&quot;sizes&quot;:[]},&quot;gap_tablet&quot;:{&quot;unit&quot;:&quot;px&quot;,&quot;size&quot;:10,&quot;sizes&quot;:[]},&quot;gap_mobile&quot;:{&quot;unit&quot;:&quot;px&quot;,&quot;size&quot;:10,&quot;sizes&quot;:[]},&quot;link_to&quot;:&quot;file&quot;,&quot;aspect_ratio&quot;:&quot;3:2&quot;,&quot;overlay_background&quot;:&quot;yes&quot;,&quot;content_hover_animation&quot;:&quot;fade-in&quot;}\" data-widget_type=\"gallery.default\">\n\t\t\t\t<div class=\"elementor-widget-container\">\n\t\t\t\t\t\t\t<div class=\"elementor-gallery__container\">\n\t\t\t\t\t\t\t<a class=\"e-gallery-item elementor-gallery-item elementor-animated-content\" href=\"https:\/\/portal.uern.br\/progep\/ddpqv\/wp-content\/uploads\/sites\/3\/2025\/05\/WhatsApp-Image-2025-04-08-at-13.36.21.jpeg\" data-elementor-open-lightbox=\"yes\" data-elementor-lightbox-slideshow=\"794b881\" data-elementor-lightbox-title=\"WhatsApp Image 2025-04-08 at 13.36.21\" data-e-action-hash=\"#elementor-action%3Aaction%3Dlightbox%26settings%3DeyJpZCI6ODE3LCJ1cmwiOiJodHRwczpcL1wvcG9ydGFsLnVlcm4uYnJcL3Byb2dlcFwvZGRwcXZcL3dwLWNvbnRlbnRcL3VwbG9hZHNcL3NpdGVzXC8zXC8yMDI1XC8wNVwvV2hhdHNBcHAtSW1hZ2UtMjAyNS0wNC0wOC1hdC0xMy4zNi4yMS5qcGVnIiwic2xpZGVzaG93IjoiNzk0Yjg4MSJ9\">\n\t\t\t\t\t<div class=\"e-gallery-image elementor-gallery-item__image\" data-thumbnail=\"https:\/\/portal.uern.br\/progep\/ddpqv\/wp-content\/uploads\/sites\/3\/2025\/05\/WhatsApp-Image-2025-04-08-at-13.36.21-286x300.jpeg\" data-width=\"286\" data-height=\"300\" aria-label=\"\" role=\"img\" ><\/div>\n\t\t\t\t\t\t\t\t\t\t\t<div class=\"elementor-gallery-item__overlay\"><\/div>\n\t\t\t\t\t\t\t\t\t\t\t\t\t\t<\/a>\n\t\t\t\t\t<\/div>\n\t\t\t\t\t<\/div>\n\t\t\t\t<\/div>\n\t\t\t\t\t<\/div>\n\t\t\t\t<\/div>\n\t\t\t\t<\/div>\n\t\t","protected":false},"excerpt":{"rendered":"<p>Sobre a Campanha Abril Verde \u00e9 o m\u00eas de conscientiza\u00e7\u00e3o pela Sa\u00fade e Seguran\u00e7a no ambiente de trabalho. Desde o ano de 2022, a Progep vem desenvolvendo a\u00e7\u00f5es regulares cujo objetivo \u00e9 sensibilizar os servidores da UERN para o desenvolvimento de uma cultura de preven\u00e7\u00e3o de acidentes e doen\u00e7as relacionadas ao trabalho, proporcionando ambientes mais [&hellip;]<\/p>\n","protected":false},"author":6,"featured_media":0,"parent":0,"menu_order":0,"comment_status":"closed","ping_status":"closed","template":"","meta":{"footnotes":""},"class_list":["post-447","page","type-page","status-publish","hentry"],"_links":{"self":[{"href":"https:\/\/portal.uern.br\/progep\/ddpqv\/wp-json\/wp\/v2\/pages\/447","targetHints":{"allow":["GET"]}}],"collection":[{"href":"https:\/\/portal.uern.br\/progep\/ddpqv\/wp-json\/wp\/v2\/pages"}],"about":[{"href":"https:\/\/portal.uern.br\/progep\/ddpqv\/wp-json\/wp\/v2\/types\/page"}],"author":[{"embeddable":true,"href":"https:\/\/portal.uern.br\/progep\/ddpqv\/wp-json\/wp\/v2\/users\/6"}],"replies":[{"embeddable":true,"href":"https:\/\/portal.uern.br\/progep\/ddpqv\/wp-json\/wp\/v2\/comments?post=447"}],"version-history":[{"count":15,"href":"https:\/\/portal.uern.br\/progep\/ddpqv\/wp-json\/wp\/v2\/pages\/447\/revisions"}],"predecessor-version":[{"id":1270,"href":"https:\/\/portal.uern.br\/progep\/ddpqv\/wp-json\/wp\/v2\/pages\/447\/revisions\/1270"}],"wp:attachment":[{"href":"https:\/\/portal.uern.br\/progep\/ddpqv\/wp-json\/wp\/v2\/media?parent=447"}],"curies":[{"name":"wp","href":"https:\/\/api.w.org\/{rel}","templated":true}]}}