{"id":445,"date":"2024-03-12T10:14:55","date_gmt":"2024-03-12T13:14:55","guid":{"rendered":"https:\/\/portal.uern.br\/progep\/ddpqv\/?page_id=445"},"modified":"2024-03-12T10:14:55","modified_gmt":"2024-03-12T13:14:55","slug":"semana-de-atencao-a-saude-e-seguranca-no-trabalho-seast","status":"publish","type":"page","link":"https:\/\/portal.uern.br\/progep\/ddpqv\/semana-de-atencao-a-saude-e-seguranca-no-trabalho-seast\/","title":{"rendered":"Semana de Aten\u00e7\u00e3o \u00e0 Sa\u00fade e Seguran\u00e7a no Trabalho &#8211; SEAST"},"content":{"rendered":"<p>(Em Constru\u00e7\u00e3o)<\/p>\n","protected":false},"excerpt":{"rendered":"<p>(Em Constru\u00e7\u00e3o)<\/p>\n","protected":false},"author":6,"featured_media":0,"parent":0,"menu_order":0,"comment_status":"closed","ping_status":"closed","template":"","meta":{"footnotes":""},"class_list":["post-445","page","type-page","status-publish","hentry"],"_links":{"self":[{"href":"https:\/\/portal.uern.br\/progep\/ddpqv\/wp-json\/wp\/v2\/pages\/445","targetHints":{"allow":["GET"]}}],"collection":[{"href":"https:\/\/portal.uern.br\/progep\/ddpqv\/wp-json\/wp\/v2\/pages"}],"about":[{"href":"https:\/\/portal.uern.br\/progep\/ddpqv\/wp-json\/wp\/v2\/types\/page"}],"author":[{"embeddable":true,"href":"https:\/\/portal.uern.br\/progep\/ddpqv\/wp-json\/wp\/v2\/users\/6"}],"replies":[{"embeddable":true,"href":"https:\/\/portal.uern.br\/progep\/ddpqv\/wp-json\/wp\/v2\/comments?post=445"}],"version-history":[{"count":1,"href":"https:\/\/portal.uern.br\/progep\/ddpqv\/wp-json\/wp\/v2\/pages\/445\/revisions"}],"predecessor-version":[{"id":446,"href":"https:\/\/portal.uern.br\/progep\/ddpqv\/wp-json\/wp\/v2\/pages\/445\/revisions\/446"}],"wp:attachment":[{"href":"https:\/\/portal.uern.br\/progep\/ddpqv\/wp-json\/wp\/v2\/media?parent=445"}],"curies":[{"name":"wp","href":"https:\/\/api.w.org\/{rel}","templated":true}]}}