{"id":441,"date":"2024-03-12T10:13:44","date_gmt":"2024-03-12T13:13:44","guid":{"rendered":"https:\/\/portal.uern.br\/progep\/ddpqv\/?page_id=441"},"modified":"2025-06-24T16:59:54","modified_gmt":"2025-06-24T19:59:54","slug":"outubro-rosa-autocuidado-nunca-e-demais","status":"publish","type":"page","link":"https:\/\/portal.uern.br\/progep\/ddpqv\/outubro-rosa-autocuidado-nunca-e-demais\/","title":{"rendered":"Outubro Rosa: Autocuidado nunca \u00e9 demais"},"content":{"rendered":"\t\t<div data-elementor-type=\"wp-page\" data-elementor-id=\"441\" class=\"elementor elementor-441\" data-elementor-post-type=\"page\">\n\t\t\t\t<div class=\"elementor-element elementor-element-fb8cf99 e-flex e-con-boxed e-con e-parent\" data-id=\"fb8cf99\" data-element_type=\"container\" data-e-type=\"container\">\n\t\t\t\t\t<div class=\"e-con-inner\">\n\t\t\t\t<div class=\"elementor-element elementor-element-47a11e66 elementor-widget elementor-widget-text-editor\" data-id=\"47a11e66\" data-element_type=\"widget\" data-e-type=\"widget\" data-widget_type=\"text-editor.default\">\n\t\t\t\t<div class=\"elementor-widget-container\">\n\t\t\t\t\t\t\t\t\t<p data-start=\"147\" data-end=\"609\"><img fetchpriority=\"high\" decoding=\"async\" class=\"size-medium wp-image-893 aligncenter\" src=\"https:\/\/portal.uern.br\/progep\/ddpqv\/wp-content\/uploads\/sites\/3\/2025\/06\/outubro-206x300.png\" alt=\"\" width=\"206\" height=\"300\" srcset=\"https:\/\/portal.uern.br\/progep\/ddpqv\/wp-content\/uploads\/sites\/3\/2025\/06\/outubro-206x300.png 206w, https:\/\/portal.uern.br\/progep\/ddpqv\/wp-content\/uploads\/sites\/3\/2025\/06\/outubro.png 418w\" sizes=\"(max-width: 206px) 100vw, 206px\" \/><\/p><p data-start=\"147\" data-end=\"609\">A <strong data-start=\"149\" data-end=\"174\">Campanha Outubro Rosa<\/strong> \u00e9 uma a\u00e7\u00e3o anual promovida pela Universidade do Estado do Rio Grande do Norte (UERN), por meio da Diretoria de Desenvolvimento de Pessoas e Qualidade de Vida (DDPQV) da Pr\u00f3-Reitoria de Gest\u00e3o de Pessoas (PROGEP). A iniciativa tem como foco principal a <strong data-start=\"427\" data-end=\"522\">conscientiza\u00e7\u00e3o sobre a import\u00e2ncia da preven\u00e7\u00e3o e do diagn\u00f3stico precoce do c\u00e2ncer de mama<\/strong>, al\u00e9m de incentivar os cuidados com a sa\u00fade da mulher e estimular atitudes solid\u00e1rias.<\/p><hr data-start=\"611\" data-end=\"614\" \/><h3 data-start=\"616\" data-end=\"633\"><strong data-start=\"620\" data-end=\"633\">Objetivos<\/strong><\/h3><ul data-start=\"635\" data-end=\"948\"><li data-start=\"635\" data-end=\"730\"><p data-start=\"637\" data-end=\"730\">Informar e conscientizar sobre a preven\u00e7\u00e3o, o diagn\u00f3stico e o tratamento do c\u00e2ncer de mama;<\/p><\/li><li data-start=\"731\" data-end=\"797\"><p data-start=\"733\" data-end=\"797\">Incentivar o autocuidado e a realiza\u00e7\u00e3o de exames preventivos;<\/p><\/li><li data-start=\"798\" data-end=\"855\"><p data-start=\"800\" data-end=\"855\">Promover a sa\u00fade da mulher no contexto universit\u00e1rio;<\/p><\/li><li data-start=\"856\" data-end=\"948\"><p data-start=\"858\" data-end=\"948\">Estimular a solidariedade por meio de campanhas de doa\u00e7\u00e3o e apoio a pacientes oncol\u00f3gicas.<\/p><\/li><\/ul><hr data-start=\"950\" data-end=\"953\" \/><h3 data-start=\"955\" data-end=\"968\"><strong data-start=\"959\" data-end=\"968\">A\u00e7\u00f5es<\/strong><\/h3><p data-start=\"970\" data-end=\"1079\">Durante todo o m\u00eas de outubro, s\u00e3o realizadas diversas atividades voltadas \u00e0 comunidade acad\u00eamica, tais como:<\/p><ul data-start=\"1081\" data-end=\"1679\"><li data-start=\"1081\" data-end=\"1238\"><p data-start=\"1083\" data-end=\"1238\"><strong data-start=\"1083\" data-end=\"1116\">Palestras e rodas de conversa<\/strong> com profissionais da \u00e1rea da sa\u00fade, abordando temas como preven\u00e7\u00e3o, diagn\u00f3stico precoce e tratamento do c\u00e2ncer de mama;<\/p><\/li><li data-start=\"1239\" data-end=\"1361\"><p data-start=\"1241\" data-end=\"1361\"><strong data-start=\"1241\" data-end=\"1283\">Campanha de doa\u00e7\u00e3o de mechas de cabelo<\/strong>, destinadas \u00e0 confec\u00e7\u00e3o de perucas para pacientes em tratamento oncol\u00f3gico;<\/p><\/li><li data-start=\"1362\" data-end=\"1519\"><p data-start=\"1364\" data-end=\"1519\"><strong data-start=\"1364\" data-end=\"1385\">Bazar beneficente<\/strong> com arrecada\u00e7\u00e3o de roupas e acess\u00f3rios, cuja renda \u00e9 revertida para institui\u00e7\u00f5es que apoiam mulheres em tratamento contra o c\u00e2ncer;<\/p><\/li><li data-start=\"1520\" data-end=\"1679\"><p data-start=\"1522\" data-end=\"1679\"><strong data-start=\"1522\" data-end=\"1578\">Distribui\u00e7\u00e3o de la\u00e7os rosas e materiais informativos<\/strong> em diferentes setores da universidade, como forma de ampliar a visibilidade e o alcance da campanha.<\/p><\/li><\/ul>\t\t\t\t\t\t\t\t<\/div>\n\t\t\t\t<\/div>\n\t\t\t\t\t<\/div>\n\t\t\t\t<\/div>\n\t\t\t\t<\/div>\n\t\t","protected":false},"excerpt":{"rendered":"<p>A Campanha Outubro Rosa \u00e9 uma a\u00e7\u00e3o anual promovida pela Universidade do Estado do Rio Grande do Norte (UERN), por meio da Diretoria de Desenvolvimento de Pessoas e Qualidade de Vida (DDPQV) da Pr\u00f3-Reitoria de Gest\u00e3o de Pessoas (PROGEP). A iniciativa tem como foco principal a conscientiza\u00e7\u00e3o sobre a import\u00e2ncia da preven\u00e7\u00e3o e do diagn\u00f3stico [&hellip;]<\/p>\n","protected":false},"author":6,"featured_media":0,"parent":0,"menu_order":0,"comment_status":"closed","ping_status":"closed","template":"","meta":{"footnotes":""},"class_list":["post-441","page","type-page","status-publish","hentry"],"_links":{"self":[{"href":"https:\/\/portal.uern.br\/progep\/ddpqv\/wp-json\/wp\/v2\/pages\/441","targetHints":{"allow":["GET"]}}],"collection":[{"href":"https:\/\/portal.uern.br\/progep\/ddpqv\/wp-json\/wp\/v2\/pages"}],"about":[{"href":"https:\/\/portal.uern.br\/progep\/ddpqv\/wp-json\/wp\/v2\/types\/page"}],"author":[{"embeddable":true,"href":"https:\/\/portal.uern.br\/progep\/ddpqv\/wp-json\/wp\/v2\/users\/6"}],"replies":[{"embeddable":true,"href":"https:\/\/portal.uern.br\/progep\/ddpqv\/wp-json\/wp\/v2\/comments?post=441"}],"version-history":[{"count":7,"href":"https:\/\/portal.uern.br\/progep\/ddpqv\/wp-json\/wp\/v2\/pages\/441\/revisions"}],"predecessor-version":[{"id":1031,"href":"https:\/\/portal.uern.br\/progep\/ddpqv\/wp-json\/wp\/v2\/pages\/441\/revisions\/1031"}],"wp:attachment":[{"href":"https:\/\/portal.uern.br\/progep\/ddpqv\/wp-json\/wp\/v2\/media?parent=441"}],"curies":[{"name":"wp","href":"https:\/\/api.w.org\/{rel}","templated":true}]}}