{"id":439,"date":"2024-03-12T10:13:18","date_gmt":"2024-03-12T13:13:18","guid":{"rendered":"https:\/\/portal.uern.br\/progep\/ddpqv\/?page_id=439"},"modified":"2025-09-23T15:03:24","modified_gmt":"2025-09-23T18:03:24","slug":"setembro-amarelo-sua-vida-sempre-importa","status":"publish","type":"page","link":"https:\/\/portal.uern.br\/progep\/ddpqv\/setembro-amarelo-sua-vida-sempre-importa\/","title":{"rendered":"Setembro Amarelo: Sua vida sempre importa"},"content":{"rendered":"\t\t<div data-elementor-type=\"wp-page\" data-elementor-id=\"439\" class=\"elementor elementor-439\" data-elementor-post-type=\"page\">\n\t\t\t\t<div class=\"elementor-element elementor-element-7d456167 e-flex e-con-boxed e-con e-parent\" data-id=\"7d456167\" data-element_type=\"container\" data-e-type=\"container\">\n\t\t\t\t\t<div class=\"e-con-inner\">\n\t\t\t\t<div class=\"elementor-element elementor-element-36ac874b elementor-widget elementor-widget-text-editor\" data-id=\"36ac874b\" data-element_type=\"widget\" data-e-type=\"widget\" data-widget_type=\"text-editor.default\">\n\t\t\t\t<div class=\"elementor-widget-container\">\n\t\t\t\t\t\t\t\t\t<h3 data-start=\"115\" data-end=\"135\"><img fetchpriority=\"high\" decoding=\"async\" class=\"size-medium wp-image-1027 aligncenter\" src=\"https:\/\/portal.uern.br\/progep\/ddpqv\/wp-content\/uploads\/sites\/3\/2025\/06\/1111-1-300x285.png\" alt=\"\" width=\"300\" height=\"285\" srcset=\"https:\/\/portal.uern.br\/progep\/ddpqv\/wp-content\/uploads\/sites\/3\/2025\/06\/1111-1-300x285.png 300w, https:\/\/portal.uern.br\/progep\/ddpqv\/wp-content\/uploads\/sites\/3\/2025\/06\/1111-1.png 544w\" sizes=\"(max-width: 300px) 100vw, 300px\" \/><\/h3><p data-start=\"137\" data-end=\"389\">A <strong data-start=\"139\" data-end=\"168\">Campanha Setembro Amarelo<\/strong> \u00e9 uma iniciativa da Universidade do Estado do Rio Grande do Norte (UERN), promovida pela Diretoria de Desenvolvimento de Pessoas e Qualidade de Vida (DDPQV) da Pr\u00f3-Reitoria de Gest\u00e3o de Pessoas (PROGEP), em parceria com:<\/p><ul data-start=\"391\" data-end=\"501\"><li data-start=\"391\" data-end=\"438\"><p data-start=\"393\" data-end=\"438\">Pr\u00f3-Reitoria de Assuntos Estudantis (PRAE);<\/p><\/li><li data-start=\"439\" data-end=\"480\"><p data-start=\"441\" data-end=\"480\">Diretoria de A\u00e7\u00f5es Inclusivas (DAIN);<\/p><\/li><li data-start=\"481\" data-end=\"501\"><p data-start=\"483\" data-end=\"501\">Ouvidoria da UERN.<\/p><\/li><\/ul><p data-start=\"503\" data-end=\"696\">A a\u00e7\u00e3o tem como foco principal a <strong data-start=\"536\" data-end=\"559\">valoriza\u00e7\u00e3o da vida e <\/strong>a <strong data-start=\"563\" data-end=\"591\">promo\u00e7\u00e3o da sa\u00fade mental, <\/strong>temas de extrema relev\u00e2ncia para o bem-estar da comunidade universit\u00e1ria.<\/p><hr data-start=\"698\" data-end=\"701\" \/><h2 data-start=\"703\" data-end=\"720\"><strong data-start=\"707\" data-end=\"720\">Objetivos<\/strong><\/h2><ul data-start=\"722\" data-end=\"1121\"><li data-start=\"722\" data-end=\"819\"><p data-start=\"724\" data-end=\"819\">Conscientizar sobre a import\u00e2ncia dos cuidados com a sa\u00fade mental e da preven\u00e7\u00e3o ao suic\u00eddio;<\/p><\/li><li data-start=\"820\" data-end=\"927\"><p data-start=\"822\" data-end=\"927\">Estimular um ambiente universit\u00e1rio acolhedor, baseado na escuta ativa e no respeito \u00e0s subjetividades;<\/p><\/li><li data-start=\"928\" data-end=\"1030\"><p data-start=\"930\" data-end=\"1030\">Oferecer suporte psicol\u00f3gico, emocional e social a estudantes, servidores e \u00e0 comunidade em geral;<\/p><\/li><li data-start=\"1031\" data-end=\"1121\"><p data-start=\"1033\" data-end=\"1121\">Romper estigmas e promover o di\u00e1logo aberto sobre sofrimento ps\u00edquico e sa\u00fade emocional.<\/p><\/li><\/ul><hr data-start=\"1123\" data-end=\"1126\" \/><h2 data-start=\"1128\" data-end=\"1141\"><strong data-start=\"1132\" data-end=\"1141\">A\u00e7\u00f5es<\/strong><\/h2><p data-start=\"1143\" data-end=\"1377\">Durante o m\u00eas de setembro, a UERN realiza uma programa\u00e7\u00e3o diversificada em seus campi, com atividades que incentivam o autocuidado, o bem-estar e o fortalecimento dos v\u00ednculos interpessoais. Dentre as a\u00e7\u00f5es desenvolvidas, destacam-se:<\/p><ul data-start=\"1379\" data-end=\"1733\"><li data-start=\"1379\" data-end=\"1452\"><p data-start=\"1381\" data-end=\"1452\">Rodas de conversa sobre sa\u00fade mental, felicidade e prop\u00f3sito de vida;<\/p><\/li><li data-start=\"1453\" data-end=\"1501\"><p data-start=\"1455\" data-end=\"1501\">Oficinas de autocuidado e sa\u00fade integrativa;<\/p><\/li><li data-start=\"1502\" data-end=\"1561\"><p data-start=\"1504\" data-end=\"1561\">Incentivo \u00e0 pr\u00e1tica de atividades f\u00edsicas e esportivas;<\/p><\/li><li data-start=\"1562\" data-end=\"1618\"><p data-start=\"1564\" data-end=\"1618\">Plant\u00f5es psicol\u00f3gicos e atendimentos especializados;<\/p><\/li><li data-start=\"1619\" data-end=\"1733\"><p data-start=\"1621\" data-end=\"1733\">Din\u00e2micas interativas, como o <strong data-start=\"1651\" data-end=\"1675\">mural de sentimentos<\/strong>, para express\u00e3o de emo\u00e7\u00f5es e troca de mensagens de apoio.<\/p><\/li><\/ul><hr \/><h2><strong>Galeria<\/strong><\/h2>\t\t\t\t\t\t\t\t<\/div>\n\t\t\t\t<\/div>\n\t\t\t\t<div class=\"elementor-element elementor-element-81fbd63 elementor-arrows-position-inside elementor-pagination-position-outside elementor-widget elementor-widget-image-carousel\" data-id=\"81fbd63\" data-element_type=\"widget\" data-e-type=\"widget\" data-settings=\"{&quot;slides_to_show&quot;:&quot;3&quot;,&quot;navigation&quot;:&quot;both&quot;,&quot;autoplay&quot;:&quot;yes&quot;,&quot;pause_on_hover&quot;:&quot;yes&quot;,&quot;pause_on_interaction&quot;:&quot;yes&quot;,&quot;autoplay_speed&quot;:5000,&quot;infinite&quot;:&quot;yes&quot;,&quot;speed&quot;:500}\" data-widget_type=\"image-carousel.default\">\n\t\t\t\t<div class=\"elementor-widget-container\">\n\t\t\t\t\t\t\t<div class=\"elementor-image-carousel-wrapper swiper\" role=\"region\" aria-roledescription=\"carousel\" aria-label=\"Carrossel de imagens\" dir=\"ltr\">\n\t\t\t<div class=\"elementor-image-carousel swiper-wrapper\" aria-live=\"off\">\n\t\t\t\t\t\t\t\t<div class=\"swiper-slide\" role=\"group\" aria-roledescription=\"slide\" aria-label=\"1 de 7\"><figure class=\"swiper-slide-inner\"><img decoding=\"async\" class=\"swiper-slide-image\" src=\"https:\/\/portal.uern.br\/progep\/ddpqv\/wp-content\/uploads\/sites\/3\/2025\/09\/Captura-de-tela-2025-09-15-093627.png\" alt=\"Captura de tela 2025-09-15 093627\" \/><\/figure><\/div><div class=\"swiper-slide\" role=\"group\" aria-roledescription=\"slide\" aria-label=\"2 de 7\"><figure class=\"swiper-slide-inner\"><img decoding=\"async\" class=\"swiper-slide-image\" src=\"https:\/\/portal.uern.br\/progep\/ddpqv\/wp-content\/uploads\/sites\/3\/2025\/09\/Captura-de-tela-2025-09-23-145548-768x765.png\" alt=\"Captura de tela 2025-09-23 145548\" \/><\/figure><\/div><div class=\"swiper-slide\" role=\"group\" aria-roledescription=\"slide\" aria-label=\"3 de 7\"><figure class=\"swiper-slide-inner\"><img decoding=\"async\" class=\"swiper-slide-image\" src=\"https:\/\/portal.uern.br\/progep\/ddpqv\/wp-content\/uploads\/sites\/3\/2025\/09\/Captura-de-tela-2025-09-23-145621-768x764.png\" alt=\"Captura de tela 2025-09-23 145621\" \/><\/figure><\/div><div class=\"swiper-slide\" role=\"group\" aria-roledescription=\"slide\" aria-label=\"4 de 7\"><figure class=\"swiper-slide-inner\"><img decoding=\"async\" class=\"swiper-slide-image\" src=\"https:\/\/portal.uern.br\/progep\/ddpqv\/wp-content\/uploads\/sites\/3\/2025\/09\/Captura-de-tela-2025-09-23-145642-768x765.png\" alt=\"Captura de tela 2025-09-23 145642\" \/><\/figure><\/div><div class=\"swiper-slide\" role=\"group\" aria-roledescription=\"slide\" aria-label=\"5 de 7\"><figure class=\"swiper-slide-inner\"><img decoding=\"async\" class=\"swiper-slide-image\" src=\"https:\/\/portal.uern.br\/progep\/ddpqv\/wp-content\/uploads\/sites\/3\/2025\/09\/Captura-de-tela-2025-09-23-145823-768x573.png\" alt=\"Captura de tela 2025-09-23 145823\" \/><\/figure><\/div><div class=\"swiper-slide\" role=\"group\" aria-roledescription=\"slide\" aria-label=\"6 de 7\"><figure class=\"swiper-slide-inner\"><img decoding=\"async\" class=\"swiper-slide-image\" src=\"https:\/\/portal.uern.br\/progep\/ddpqv\/wp-content\/uploads\/sites\/3\/2025\/09\/Captura-de-tela-2025-09-23-145847-768x431.png\" alt=\"Captura de tela 2025-09-23 145847\" \/><\/figure><\/div><div class=\"swiper-slide\" role=\"group\" aria-roledescription=\"slide\" aria-label=\"7 de 7\"><figure class=\"swiper-slide-inner\"><img decoding=\"async\" class=\"swiper-slide-image\" src=\"https:\/\/portal.uern.br\/progep\/ddpqv\/wp-content\/uploads\/sites\/3\/2025\/09\/Captura-de-tela-2025-09-23-145921-768x511.png\" alt=\"Captura de tela 2025-09-23 145921\" \/><\/figure><\/div>\t\t\t<\/div>\n\t\t\t\t\t\t\t\t\t\t\t\t<div class=\"elementor-swiper-button elementor-swiper-button-prev\" role=\"button\" tabindex=\"0\">\n\t\t\t\t\t\t<i aria-hidden=\"true\" class=\"eicon-chevron-left\"><\/i>\t\t\t\t\t<\/div>\n\t\t\t\t\t<div class=\"elementor-swiper-button elementor-swiper-button-next\" role=\"button\" tabindex=\"0\">\n\t\t\t\t\t\t<i aria-hidden=\"true\" class=\"eicon-chevron-right\"><\/i>\t\t\t\t\t<\/div>\n\t\t\t\t\n\t\t\t\t\t\t\t\t\t<div class=\"swiper-pagination\"><\/div>\n\t\t\t\t\t\t\t\t\t<\/div>\n\t\t\t\t\t\t<\/div>\n\t\t\t\t<\/div>\n\t\t\t\t\t<\/div>\n\t\t\t\t<\/div>\n\t\t\t\t<\/div>\n\t\t","protected":false},"excerpt":{"rendered":"<p>A Campanha Setembro Amarelo \u00e9 uma iniciativa da Universidade do Estado do Rio Grande do Norte (UERN), promovida pela Diretoria de Desenvolvimento de Pessoas e Qualidade de Vida (DDPQV) da Pr\u00f3-Reitoria de Gest\u00e3o de Pessoas (PROGEP), em parceria com: Pr\u00f3-Reitoria de Assuntos Estudantis (PRAE); Diretoria de A\u00e7\u00f5es Inclusivas (DAIN); Ouvidoria da UERN. A a\u00e7\u00e3o tem [&hellip;]<\/p>\n","protected":false},"author":6,"featured_media":0,"parent":0,"menu_order":0,"comment_status":"closed","ping_status":"closed","template":"","meta":{"footnotes":""},"class_list":["post-439","page","type-page","status-publish","hentry"],"_links":{"self":[{"href":"https:\/\/portal.uern.br\/progep\/ddpqv\/wp-json\/wp\/v2\/pages\/439","targetHints":{"allow":["GET"]}}],"collection":[{"href":"https:\/\/portal.uern.br\/progep\/ddpqv\/wp-json\/wp\/v2\/pages"}],"about":[{"href":"https:\/\/portal.uern.br\/progep\/ddpqv\/wp-json\/wp\/v2\/types\/page"}],"author":[{"embeddable":true,"href":"https:\/\/portal.uern.br\/progep\/ddpqv\/wp-json\/wp\/v2\/users\/6"}],"replies":[{"embeddable":true,"href":"https:\/\/portal.uern.br\/progep\/ddpqv\/wp-json\/wp\/v2\/comments?post=439"}],"version-history":[{"count":6,"href":"https:\/\/portal.uern.br\/progep\/ddpqv\/wp-json\/wp\/v2\/pages\/439\/revisions"}],"predecessor-version":[{"id":1282,"href":"https:\/\/portal.uern.br\/progep\/ddpqv\/wp-json\/wp\/v2\/pages\/439\/revisions\/1282"}],"wp:attachment":[{"href":"https:\/\/portal.uern.br\/progep\/ddpqv\/wp-json\/wp\/v2\/media?parent=439"}],"curies":[{"name":"wp","href":"https:\/\/api.w.org\/{rel}","templated":true}]}}