{"id":437,"date":"2024-03-12T10:12:49","date_gmt":"2024-03-12T13:12:49","guid":{"rendered":"https:\/\/portal.uern.br\/progep\/ddpqv\/?page_id=437"},"modified":"2025-06-24T16:51:59","modified_gmt":"2025-06-24T19:51:59","slug":"agosto-lilas","status":"publish","type":"page","link":"https:\/\/portal.uern.br\/progep\/ddpqv\/agosto-lilas\/","title":{"rendered":"Agosto Lil\u00e1s"},"content":{"rendered":"<p><img fetchpriority=\"high\" decoding=\"async\" class=\" wp-image-1025 aligncenter\" src=\"https:\/\/portal.uern.br\/progep\/ddpqv\/wp-content\/uploads\/sites\/3\/2025\/06\/1111-300x184.png\" alt=\"\" width=\"326\" height=\"200\" srcset=\"https:\/\/portal.uern.br\/progep\/ddpqv\/wp-content\/uploads\/sites\/3\/2025\/06\/1111-300x184.png 300w, https:\/\/portal.uern.br\/progep\/ddpqv\/wp-content\/uploads\/sites\/3\/2025\/06\/1111.png 607w\" sizes=\"(max-width: 326px) 100vw, 326px\" \/><\/p>\n<p data-start=\"135\" data-end=\"294\">A <strong data-start=\"137\" data-end=\"162\">Campanha Agosto Lil\u00e1s<\/strong> da Universidade do Estado do Rio Grande do Norte (UERN) \u00e9 uma a\u00e7\u00e3o anual promovida por diversos setores da institui\u00e7\u00e3o, entre eles:<\/p>\n<ul data-start=\"296\" data-end=\"653\">\n<li data-start=\"296\" data-end=\"414\">\n<p data-start=\"298\" data-end=\"414\">Diretoria de Desenvolvimento de Pessoas e Qualidade de Vida (DDPQV) da Pr\u00f3-Reitoria de Gest\u00e3o de Pessoas (PROGEP);<\/p>\n<\/li>\n<li data-start=\"415\" data-end=\"477\">\n<p data-start=\"417\" data-end=\"477\">N\u00facleo de Estudos sobre a Mulher Simone de Beauvoir (NEM);<\/p>\n<\/li>\n<li data-start=\"478\" data-end=\"535\">\n<p data-start=\"480\" data-end=\"535\">Diretoria de A\u00e7\u00f5es Afirmativas e Diversidade (DIAAD);<\/p>\n<\/li>\n<li data-start=\"536\" data-end=\"558\">\n<p data-start=\"538\" data-end=\"558\">Ouvidoria da UERN;<\/p>\n<\/li>\n<li data-start=\"559\" data-end=\"605\">\n<p data-start=\"561\" data-end=\"605\">Hospital da Mulher Parteira Maria Correia;<\/p>\n<\/li>\n<li data-start=\"606\" data-end=\"653\">\n<p data-start=\"608\" data-end=\"653\">Pr\u00f3-Reitoria de Assuntos Estudantis (PRAE).<\/p>\n<\/li>\n<\/ul>\n<p data-start=\"655\" data-end=\"956\">A campanha tem como foco sensibilizar a comunidade acad\u00eamica sobre a import\u00e2ncia do enfrentamento \u00e0s viol\u00eancias contra as mulheres, estando em conson\u00e2ncia com a <strong data-start=\"816\" data-end=\"845\">Resolu\u00e7\u00e3o N\u00ba 41\/2022 \u2013 CD<\/strong>, que aprova a pol\u00edtica de preven\u00e7\u00e3o e enfrentamento das viol\u00eancias contra as mulheres no \u00e2mbito da FUERN\/UERN.<\/p>\n<hr data-start=\"958\" data-end=\"961\" \/>\n<h2 data-start=\"963\" data-end=\"980\"><strong data-start=\"967\" data-end=\"980\">Objetivos<\/strong><\/h2>\n<ul data-start=\"982\" data-end=\"1387\">\n<li data-start=\"982\" data-end=\"1120\">\n<p data-start=\"984\" data-end=\"1120\">Conscientizar sobre as diferentes formas de viol\u00eancia de g\u00eanero, incluindo viol\u00eancia f\u00edsica, psicol\u00f3gica, sexual, patrimonial e moral;<\/p>\n<\/li>\n<li data-start=\"1121\" data-end=\"1177\">\n<p data-start=\"1123\" data-end=\"1177\">Incentivar a den\u00fancia e oferecer suporte \u00e0s v\u00edtimas;<\/p>\n<\/li>\n<li data-start=\"1178\" data-end=\"1271\">\n<p data-start=\"1180\" data-end=\"1271\">Promover a\u00e7\u00f5es educativas que fortale\u00e7am a equidade de g\u00eanero e os direitos das mulheres;<\/p>\n<\/li>\n<li data-start=\"1272\" data-end=\"1387\">\n<p data-start=\"1274\" data-end=\"1387\">Divulgar os canais de apoio dispon\u00edveis dentro e fora da universidade para acolhimento e encaminhamento de casos.<\/p>\n<\/li>\n<\/ul>\n<hr data-start=\"1389\" data-end=\"1392\" \/>\n<h2 data-start=\"1394\" data-end=\"1407\"><strong data-start=\"1398\" data-end=\"1407\">A\u00e7\u00f5es<\/strong><\/h2>\n<p data-start=\"1409\" data-end=\"1521\">Durante o m\u00eas de agosto, s\u00e3o realizadas diversas atividades voltadas \u00e0 comunidade acad\u00eamica e \u00e0 sociedade, como:<\/p>\n<ul>\n<li data-start=\"1523\" data-end=\"1557\">\n<p data-start=\"1525\" data-end=\"1557\">Palestras e rodas de conversa;<\/p>\n<\/li>\n<li data-start=\"1558\" data-end=\"1594\">\n<p data-start=\"1560\" data-end=\"1594\">Oficinas tem\u00e1ticas e exposi\u00e7\u00f5es;<\/p>\n<\/li>\n<li data-start=\"1595\" data-end=\"1666\">\n<p data-start=\"1597\" data-end=\"1666\">Campanhas de divulga\u00e7\u00e3o em redes sociais e espa\u00e7os da universidade;<\/p>\n<\/li>\n<li data-start=\"1669\" data-end=\"1728\">Parcerias com institui\u00e7\u00f5es da rede de prote\u00e7\u00e3o \u00e0s mulheres.<\/li>\n<\/ul>\n","protected":false},"excerpt":{"rendered":"<p>A Campanha Agosto Lil\u00e1s da Universidade do Estado do Rio Grande do Norte (UERN) \u00e9 uma a\u00e7\u00e3o anual promovida por diversos setores da institui\u00e7\u00e3o, entre eles: Diretoria de Desenvolvimento de Pessoas e Qualidade de Vida (DDPQV) da Pr\u00f3-Reitoria de Gest\u00e3o de Pessoas (PROGEP); N\u00facleo de Estudos sobre a Mulher Simone de Beauvoir (NEM); Diretoria de [&hellip;]<\/p>\n","protected":false},"author":6,"featured_media":0,"parent":0,"menu_order":0,"comment_status":"closed","ping_status":"closed","template":"","meta":{"footnotes":""},"class_list":["post-437","page","type-page","status-publish","hentry"],"_links":{"self":[{"href":"https:\/\/portal.uern.br\/progep\/ddpqv\/wp-json\/wp\/v2\/pages\/437","targetHints":{"allow":["GET"]}}],"collection":[{"href":"https:\/\/portal.uern.br\/progep\/ddpqv\/wp-json\/wp\/v2\/pages"}],"about":[{"href":"https:\/\/portal.uern.br\/progep\/ddpqv\/wp-json\/wp\/v2\/types\/page"}],"author":[{"embeddable":true,"href":"https:\/\/portal.uern.br\/progep\/ddpqv\/wp-json\/wp\/v2\/users\/6"}],"replies":[{"embeddable":true,"href":"https:\/\/portal.uern.br\/progep\/ddpqv\/wp-json\/wp\/v2\/comments?post=437"}],"version-history":[{"count":3,"href":"https:\/\/portal.uern.br\/progep\/ddpqv\/wp-json\/wp\/v2\/pages\/437\/revisions"}],"predecessor-version":[{"id":1026,"href":"https:\/\/portal.uern.br\/progep\/ddpqv\/wp-json\/wp\/v2\/pages\/437\/revisions\/1026"}],"wp:attachment":[{"href":"https:\/\/portal.uern.br\/progep\/ddpqv\/wp-json\/wp\/v2\/media?parent=437"}],"curies":[{"name":"wp","href":"https:\/\/api.w.org\/{rel}","templated":true}]}}