{"id":432,"date":"2024-03-12T10:11:37","date_gmt":"2024-03-12T13:11:37","guid":{"rendered":"https:\/\/portal.uern.br\/progep\/ddpqv\/?page_id=432"},"modified":"2025-05-28T10:17:39","modified_gmt":"2025-05-28T13:17:39","slug":"maio-amarelo-juntos-salvamos-vidas","status":"publish","type":"page","link":"https:\/\/portal.uern.br\/progep\/ddpqv\/maio-amarelo-juntos-salvamos-vidas\/","title":{"rendered":"Maio Amarelo: Juntos salvamos vidas"},"content":{"rendered":"\t\t<div data-elementor-type=\"wp-page\" data-elementor-id=\"432\" class=\"elementor elementor-432\" data-elementor-post-type=\"page\">\n\t\t\t\t<div class=\"elementor-element elementor-element-2718e0c2 e-flex e-con-boxed e-con e-parent\" data-id=\"2718e0c2\" data-element_type=\"container\" data-e-type=\"container\">\n\t\t\t\t\t<div class=\"e-con-inner\">\n\t\t\t\t<div class=\"elementor-element elementor-element-26e4665a elementor-widget elementor-widget-text-editor\" data-id=\"26e4665a\" data-element_type=\"widget\" data-e-type=\"widget\" data-widget_type=\"text-editor.default\">\n\t\t\t\t<div class=\"elementor-widget-container\">\n\t\t\t\t\t\t\t\t\t<p data-start=\"71\" data-end=\"437\">O <strong><em data-start=\"73\" data-end=\"87\">Maio Amarelo<\/em> <\/strong>\u00e9 uma campanha nacional de orienta\u00e7\u00e3o e preven\u00e7\u00e3o de acidentes de tr\u00e2nsito que tem como objetivo conscientizar a comunidade universit\u00e1ria sobre a import\u00e2ncia da seguran\u00e7a no tr\u00e2nsito. A iniciativa busca promover atitudes respons\u00e1veis e preventivas, com o intuito de reduzir o n\u00famero de acidentes e mortes por meio de a\u00e7\u00f5es educativas e informativas.<\/p>\n<p data-start=\"439\" data-end=\"735\">Reconhecendo a necessidade de fortalecer uma cultura de respeito e responsabilidade no tr\u00e2nsito, a DDPQV\/PROGEP realiza, ao longo do m\u00eas de maio, atividades como palestras, rodas de conversa e a\u00e7\u00f5es de sensibiliza\u00e7\u00e3o voltadas a servidores, docentes, t\u00e9cnicos-administrativos e estudantes da UERN.<\/p>\n<p data-start=\"737\" data-end=\"973\">Essas a\u00e7\u00f5es est\u00e3o em sintonia com a miss\u00e3o da DDPQV\/PROGEP de promover o bem-estar e a qualidade de vida dos servidores da universidade, por meio de iniciativas que incentivam a sa\u00fade, a seguran\u00e7a e o respeito no ambiente universit\u00e1rio.<\/p>\t\t\t\t\t\t\t\t<\/div>\n\t\t\t\t<\/div>\n\t\t\t\t\t<\/div>\n\t\t\t\t<\/div>\n\t\t<div class=\"elementor-element elementor-element-0fe204a e-con-full e-flex e-con e-parent\" data-id=\"0fe204a\" data-element_type=\"container\" data-e-type=\"container\">\n\t\t\t\t<div class=\"elementor-element elementor-element-0f997e2 elementor-widget__width-initial elementor-widget elementor-widget-image\" data-id=\"0f997e2\" data-element_type=\"widget\" data-e-type=\"widget\" data-widget_type=\"image.default\">\n\t\t\t\t<div class=\"elementor-widget-container\">\n\t\t\t\t\t\t\t\t\t\t\t\t\t\t\t<img fetchpriority=\"high\" decoding=\"async\" width=\"800\" height=\"1008\" src=\"https:\/\/portal.uern.br\/progep\/ddpqv\/wp-content\/uploads\/sites\/3\/2025\/05\/WhatsApp-Image-2025-05-28-at-10.14.36-813x1024.jpeg\" class=\"attachment-large size-large wp-image-845\" alt=\"\" srcset=\"https:\/\/portal.uern.br\/progep\/ddpqv\/wp-content\/uploads\/sites\/3\/2025\/05\/WhatsApp-Image-2025-05-28-at-10.14.36-813x1024.jpeg 813w, https:\/\/portal.uern.br\/progep\/ddpqv\/wp-content\/uploads\/sites\/3\/2025\/05\/WhatsApp-Image-2025-05-28-at-10.14.36-238x300.jpeg 238w, https:\/\/portal.uern.br\/progep\/ddpqv\/wp-content\/uploads\/sites\/3\/2025\/05\/WhatsApp-Image-2025-05-28-at-10.14.36-768x968.jpeg 768w, https:\/\/portal.uern.br\/progep\/ddpqv\/wp-content\/uploads\/sites\/3\/2025\/05\/WhatsApp-Image-2025-05-28-at-10.14.36.jpeg 1016w\" sizes=\"(max-width: 800px) 100vw, 800px\" \/>\t\t\t\t\t\t\t\t\t\t\t\t\t\t\t<\/div>\n\t\t\t\t<\/div>\n\t\t\t\t<\/div>\n\t\t\t\t<\/div>\n\t\t","protected":false},"excerpt":{"rendered":"<p>O Maio Amarelo \u00e9 uma campanha nacional de orienta\u00e7\u00e3o e preven\u00e7\u00e3o de acidentes de tr\u00e2nsito que tem como objetivo conscientizar a comunidade universit\u00e1ria sobre a import\u00e2ncia da seguran\u00e7a no tr\u00e2nsito. A iniciativa busca promover atitudes respons\u00e1veis e preventivas, com o intuito de reduzir o n\u00famero de acidentes e mortes por meio de a\u00e7\u00f5es educativas e [&hellip;]<\/p>\n","protected":false},"author":6,"featured_media":0,"parent":0,"menu_order":0,"comment_status":"closed","ping_status":"closed","template":"","meta":{"footnotes":""},"class_list":["post-432","page","type-page","status-publish","hentry"],"_links":{"self":[{"href":"https:\/\/portal.uern.br\/progep\/ddpqv\/wp-json\/wp\/v2\/pages\/432","targetHints":{"allow":["GET"]}}],"collection":[{"href":"https:\/\/portal.uern.br\/progep\/ddpqv\/wp-json\/wp\/v2\/pages"}],"about":[{"href":"https:\/\/portal.uern.br\/progep\/ddpqv\/wp-json\/wp\/v2\/types\/page"}],"author":[{"embeddable":true,"href":"https:\/\/portal.uern.br\/progep\/ddpqv\/wp-json\/wp\/v2\/users\/6"}],"replies":[{"embeddable":true,"href":"https:\/\/portal.uern.br\/progep\/ddpqv\/wp-json\/wp\/v2\/comments?post=432"}],"version-history":[{"count":4,"href":"https:\/\/portal.uern.br\/progep\/ddpqv\/wp-json\/wp\/v2\/pages\/432\/revisions"}],"predecessor-version":[{"id":848,"href":"https:\/\/portal.uern.br\/progep\/ddpqv\/wp-json\/wp\/v2\/pages\/432\/revisions\/848"}],"wp:attachment":[{"href":"https:\/\/portal.uern.br\/progep\/ddpqv\/wp-json\/wp\/v2\/media?parent=432"}],"curies":[{"name":"wp","href":"https:\/\/api.w.org\/{rel}","templated":true}]}}