{"id":430,"date":"2024-03-12T10:10:48","date_gmt":"2024-03-12T13:10:48","guid":{"rendered":"https:\/\/portal.uern.br\/progep\/ddpqv\/?page_id=430"},"modified":"2025-08-23T12:13:22","modified_gmt":"2025-08-23T15:13:22","slug":"uern-por-elas","status":"publish","type":"page","link":"https:\/\/portal.uern.br\/progep\/ddpqv\/uern-por-elas\/","title":{"rendered":"Uern por elas"},"content":{"rendered":"\t\t<div data-elementor-type=\"wp-page\" data-elementor-id=\"430\" class=\"elementor elementor-430\" data-elementor-post-type=\"page\">\n\t\t\t\t<div class=\"elementor-element elementor-element-27f81d3e e-flex e-con-boxed e-con e-parent\" data-id=\"27f81d3e\" data-element_type=\"container\" data-e-type=\"container\">\n\t\t\t\t\t<div class=\"e-con-inner\">\n\t\t\t\t<div class=\"elementor-element elementor-element-6cb9ca36 elementor-widget elementor-widget-text-editor\" data-id=\"6cb9ca36\" data-element_type=\"widget\" data-e-type=\"widget\" data-widget_type=\"text-editor.default\">\n\t\t\t\t<div class=\"elementor-widget-container\">\n\t\t\t\t\t\t\t\t\t<h2 data-start=\"68\" data-end=\"375\"><strong>Sobre a Campanha<\/strong><\/h2><p data-start=\"68\" data-end=\"375\"><strong>UERN por elas<\/strong>\u00a0\u00e9 uma campanha que tem como objetivo central valorizar e reconhecer o papel das mulheres na universidade e na sociedade, promovendo a\u00e7\u00f5es de conscientiza\u00e7\u00e3o sobre a igualdade de g\u00eanero e o empoderamento feminino, al\u00e9m de incentivar a constru\u00e7\u00e3o de um ambiente institucional mais inclusivo e respeitoso para todas.<\/p><p data-start=\"377\" data-end=\"711\">Essa iniciativa est\u00e1 alinhada \u00e0 miss\u00e3o da DDPQV\/PROGEP de desenvolver a\u00e7\u00f5es que promovam a conscientiza\u00e7\u00e3o sobre a luta das mulheres, o fortalecimento de sua autonomia, o bem-estar e a qualidade de vida das servidoras e servidores da UERN, por meio de pr\u00e1ticas que estimulem a equidade, a sa\u00fade e o respeito no contexto universit\u00e1rio.<\/p><hr \/><h2 data-start=\"377\" data-end=\"711\"><strong>Cine Uern Por Elas<\/strong><\/h2><p data-start=\"377\" data-end=\"711\">Desde 2024, a DDPQV\/PROGEP promove a sess\u00e3o especial <strong>\u201cCine Uern Por Elas\u201d<\/strong>. Em 2025, o evento contou com a exibi\u00e7\u00e3o do filme <strong>&#8220;Vit\u00f3ria&#8221;<\/strong>, que aborda temas como coragem, supera\u00e7\u00e3o e determina\u00e7\u00e3o, oferecendo inspira\u00e7\u00e3o tanto para mulheres quanto para homens. A iniciativa teve como objetivo proporcionar um momento de reflex\u00e3o e celebra\u00e7\u00e3o das lutas e conquistas femininas ao longo da hist\u00f3ria.<\/p><hr \/><h2 data-start=\"68\" data-end=\"375\"><strong>Galeria<\/strong><\/h2>\t\t\t\t\t\t\t\t<\/div>\n\t\t\t\t<\/div>\n\t\t\t\t\t<\/div>\n\t\t\t\t<\/div>\n\t\t<div class=\"elementor-element elementor-element-b96d643 e-flex e-con-boxed e-con e-parent\" data-id=\"b96d643\" data-element_type=\"container\" data-e-type=\"container\">\n\t\t\t\t\t<div class=\"e-con-inner\">\n\t\t\t\t<div class=\"elementor-element elementor-element-c695e06 elementor-widget elementor-widget-gallery\" data-id=\"c695e06\" data-element_type=\"widget\" data-e-type=\"widget\" data-settings=\"{&quot;columns&quot;:&quot;3&quot;,&quot;lazyload&quot;:&quot;yes&quot;,&quot;gallery_layout&quot;:&quot;grid&quot;,&quot;columns_tablet&quot;:2,&quot;columns_mobile&quot;:1,&quot;gap&quot;:{&quot;unit&quot;:&quot;px&quot;,&quot;size&quot;:10,&quot;sizes&quot;:[]},&quot;gap_tablet&quot;:{&quot;unit&quot;:&quot;px&quot;,&quot;size&quot;:10,&quot;sizes&quot;:[]},&quot;gap_mobile&quot;:{&quot;unit&quot;:&quot;px&quot;,&quot;size&quot;:10,&quot;sizes&quot;:[]},&quot;link_to&quot;:&quot;file&quot;,&quot;aspect_ratio&quot;:&quot;3:2&quot;,&quot;overlay_background&quot;:&quot;yes&quot;,&quot;content_hover_animation&quot;:&quot;fade-in&quot;}\" data-widget_type=\"gallery.default\">\n\t\t\t\t<div class=\"elementor-widget-container\">\n\t\t\t\t\t\t\t<div class=\"elementor-gallery__container\">\n\t\t\t\t\t\t\t<a class=\"e-gallery-item elementor-gallery-item elementor-animated-content\" href=\"https:\/\/portal.uern.br\/progep\/ddpqv\/wp-content\/uploads\/sites\/3\/2025\/05\/WhatsApp-Image-2025-05-30-at-09.11.44.jpeg\" data-elementor-open-lightbox=\"yes\" data-elementor-lightbox-slideshow=\"c695e06\" data-elementor-lightbox-title=\"WhatsApp Image 2025-05-30 at 09.11.44\" data-e-action-hash=\"#elementor-action%3Aaction%3Dlightbox%26settings%3DeyJpZCI6ODUzLCJ1cmwiOiJodHRwczpcL1wvcG9ydGFsLnVlcm4uYnJcL3Byb2dlcFwvZGRwcXZcL3dwLWNvbnRlbnRcL3VwbG9hZHNcL3NpdGVzXC8zXC8yMDI1XC8wNVwvV2hhdHNBcHAtSW1hZ2UtMjAyNS0wNS0zMC1hdC0wOS4xMS40NC5qcGVnIiwic2xpZGVzaG93IjoiYzY5NWUwNiJ9\">\n\t\t\t\t\t<div class=\"e-gallery-image elementor-gallery-item__image\" data-thumbnail=\"https:\/\/portal.uern.br\/progep\/ddpqv\/wp-content\/uploads\/sites\/3\/2025\/05\/WhatsApp-Image-2025-05-30-at-09.11.44-238x300.jpeg\" data-width=\"238\" data-height=\"300\" aria-label=\"\" role=\"img\" ><\/div>\n\t\t\t\t\t\t\t\t\t\t\t<div class=\"elementor-gallery-item__overlay\"><\/div>\n\t\t\t\t\t\t\t\t\t\t\t\t\t\t<\/a>\n\t\t\t\t\t\t\t<a class=\"e-gallery-item elementor-gallery-item elementor-animated-content\" href=\"https:\/\/portal.uern.br\/progep\/ddpqv\/wp-content\/uploads\/sites\/3\/2025\/05\/WhatsApp-Image-2025-05-30-at-09.11.04-1.jpeg\" data-elementor-open-lightbox=\"yes\" data-elementor-lightbox-slideshow=\"c695e06\" data-elementor-lightbox-title=\"WhatsApp Image 2025-05-30 at 09.11.04 (1)\" data-e-action-hash=\"#elementor-action%3Aaction%3Dlightbox%26settings%3DeyJpZCI6ODUyLCJ1cmwiOiJodHRwczpcL1wvcG9ydGFsLnVlcm4uYnJcL3Byb2dlcFwvZGRwcXZcL3dwLWNvbnRlbnRcL3VwbG9hZHNcL3NpdGVzXC8zXC8yMDI1XC8wNVwvV2hhdHNBcHAtSW1hZ2UtMjAyNS0wNS0zMC1hdC0wOS4xMS4wNC0xLmpwZWciLCJzbGlkZXNob3ciOiJjNjk1ZTA2In0%3D\">\n\t\t\t\t\t<div class=\"e-gallery-image elementor-gallery-item__image\" data-thumbnail=\"https:\/\/portal.uern.br\/progep\/ddpqv\/wp-content\/uploads\/sites\/3\/2025\/05\/WhatsApp-Image-2025-05-30-at-09.11.04-1-300x225.jpeg\" data-width=\"300\" data-height=\"225\" aria-label=\"\" role=\"img\" ><\/div>\n\t\t\t\t\t\t\t\t\t\t\t<div class=\"elementor-gallery-item__overlay\"><\/div>\n\t\t\t\t\t\t\t\t\t\t\t\t\t\t<\/a>\n\t\t\t\t\t\t\t<a class=\"e-gallery-item elementor-gallery-item elementor-animated-content\" href=\"https:\/\/portal.uern.br\/progep\/ddpqv\/wp-content\/uploads\/sites\/3\/2025\/05\/WhatsApp-Image-2025-05-30-at-09.11.04.jpeg\" data-elementor-open-lightbox=\"yes\" data-elementor-lightbox-slideshow=\"c695e06\" data-elementor-lightbox-title=\"WhatsApp Image 2025-05-30 at 09.11.04\" data-e-action-hash=\"#elementor-action%3Aaction%3Dlightbox%26settings%3DeyJpZCI6ODUxLCJ1cmwiOiJodHRwczpcL1wvcG9ydGFsLnVlcm4uYnJcL3Byb2dlcFwvZGRwcXZcL3dwLWNvbnRlbnRcL3VwbG9hZHNcL3NpdGVzXC8zXC8yMDI1XC8wNVwvV2hhdHNBcHAtSW1hZ2UtMjAyNS0wNS0zMC1hdC0wOS4xMS4wNC5qcGVnIiwic2xpZGVzaG93IjoiYzY5NWUwNiJ9\">\n\t\t\t\t\t<div class=\"e-gallery-image elementor-gallery-item__image\" data-thumbnail=\"https:\/\/portal.uern.br\/progep\/ddpqv\/wp-content\/uploads\/sites\/3\/2025\/05\/WhatsApp-Image-2025-05-30-at-09.11.04-225x300.jpeg\" data-width=\"225\" data-height=\"300\" aria-label=\"\" role=\"img\" ><\/div>\n\t\t\t\t\t\t\t\t\t\t\t<div class=\"elementor-gallery-item__overlay\"><\/div>\n\t\t\t\t\t\t\t\t\t\t\t\t\t\t<\/a>\n\t\t\t\t\t\t\t<a class=\"e-gallery-item elementor-gallery-item elementor-animated-content\" href=\"https:\/\/portal.uern.br\/progep\/ddpqv\/wp-content\/uploads\/sites\/3\/2025\/05\/WhatsApp-Image-2025-05-30-at-09.11.03.jpeg\" data-elementor-open-lightbox=\"yes\" data-elementor-lightbox-slideshow=\"c695e06\" data-elementor-lightbox-title=\"WhatsApp Image 2025-05-30 at 09.11.03\" data-e-action-hash=\"#elementor-action%3Aaction%3Dlightbox%26settings%3DeyJpZCI6ODUwLCJ1cmwiOiJodHRwczpcL1wvcG9ydGFsLnVlcm4uYnJcL3Byb2dlcFwvZGRwcXZcL3dwLWNvbnRlbnRcL3VwbG9hZHNcL3NpdGVzXC8zXC8yMDI1XC8wNVwvV2hhdHNBcHAtSW1hZ2UtMjAyNS0wNS0zMC1hdC0wOS4xMS4wMy5qcGVnIiwic2xpZGVzaG93IjoiYzY5NWUwNiJ9\">\n\t\t\t\t\t<div class=\"e-gallery-image elementor-gallery-item__image\" data-thumbnail=\"https:\/\/portal.uern.br\/progep\/ddpqv\/wp-content\/uploads\/sites\/3\/2025\/05\/WhatsApp-Image-2025-05-30-at-09.11.03-300x226.jpeg\" data-width=\"300\" data-height=\"226\" aria-label=\"\" role=\"img\" ><\/div>\n\t\t\t\t\t\t\t\t\t\t\t<div class=\"elementor-gallery-item__overlay\"><\/div>\n\t\t\t\t\t\t\t\t\t\t\t\t\t\t<\/a>\n\t\t\t\t\t<\/div>\n\t\t\t\t\t<\/div>\n\t\t\t\t<\/div>\n\t\t\t\t\t<\/div>\n\t\t\t\t<\/div>\n\t\t\t\t<\/div>\n\t\t","protected":false},"excerpt":{"rendered":"<p>Sobre a Campanha UERN por elas\u00a0\u00e9 uma campanha que tem como objetivo central valorizar e reconhecer o papel das mulheres na universidade e na sociedade, promovendo a\u00e7\u00f5es de conscientiza\u00e7\u00e3o sobre a igualdade de g\u00eanero e o empoderamento feminino, al\u00e9m de incentivar a constru\u00e7\u00e3o de um ambiente institucional mais inclusivo e respeitoso para todas. Essa iniciativa [&hellip;]<\/p>\n","protected":false},"author":6,"featured_media":0,"parent":0,"menu_order":0,"comment_status":"closed","ping_status":"closed","template":"","meta":{"footnotes":""},"class_list":["post-430","page","type-page","status-publish","hentry"],"_links":{"self":[{"href":"https:\/\/portal.uern.br\/progep\/ddpqv\/wp-json\/wp\/v2\/pages\/430","targetHints":{"allow":["GET"]}}],"collection":[{"href":"https:\/\/portal.uern.br\/progep\/ddpqv\/wp-json\/wp\/v2\/pages"}],"about":[{"href":"https:\/\/portal.uern.br\/progep\/ddpqv\/wp-json\/wp\/v2\/types\/page"}],"author":[{"embeddable":true,"href":"https:\/\/portal.uern.br\/progep\/ddpqv\/wp-json\/wp\/v2\/users\/6"}],"replies":[{"embeddable":true,"href":"https:\/\/portal.uern.br\/progep\/ddpqv\/wp-json\/wp\/v2\/comments?post=430"}],"version-history":[{"count":16,"href":"https:\/\/portal.uern.br\/progep\/ddpqv\/wp-json\/wp\/v2\/pages\/430\/revisions"}],"predecessor-version":[{"id":1265,"href":"https:\/\/portal.uern.br\/progep\/ddpqv\/wp-json\/wp\/v2\/pages\/430\/revisions\/1265"}],"wp:attachment":[{"href":"https:\/\/portal.uern.br\/progep\/ddpqv\/wp-json\/wp\/v2\/media?parent=430"}],"curies":[{"name":"wp","href":"https:\/\/api.w.org\/{rel}","templated":true}]}}