{"id":387,"date":"2024-03-07T12:03:22","date_gmt":"2024-03-07T15:03:22","guid":{"rendered":"https:\/\/portal.uern.br\/progep\/ddpqv\/?page_id=387"},"modified":"2026-01-22T08:11:53","modified_gmt":"2026-01-22T11:11:53","slug":"adicional-de-acoes-por-capacitacao-aic","status":"publish","type":"page","link":"https:\/\/portal.uern.br\/progep\/ddpqv\/adicional-de-acoes-por-capacitacao-aic\/","title":{"rendered":"Adicional de A\u00e7\u00f5es de Capacita\u00e7\u00e3o &#8211; AIC"},"content":{"rendered":"\t\t<div data-elementor-type=\"wp-page\" data-elementor-id=\"387\" class=\"elementor elementor-387\" data-elementor-post-type=\"page\">\n\t\t\t\t<div class=\"elementor-element elementor-element-62fb5f3 e-flex e-con-boxed e-con e-parent\" data-id=\"62fb5f3\" data-element_type=\"container\" data-e-type=\"container\">\n\t\t\t\t\t<div class=\"e-con-inner\">\n\t\t\t\t<div class=\"elementor-element elementor-element-3d572a86 elementor-widget elementor-widget-text-editor\" data-id=\"3d572a86\" data-element_type=\"widget\" data-e-type=\"widget\" data-widget_type=\"text-editor.default\">\n\t\t\t\t<div class=\"elementor-widget-container\">\n\t\t\t\t\t\t\t\t\t<p>O Adicional por a\u00e7\u00f5es de Capacita\u00e7\u00e3o (AIC) \u00e9 um benef\u00edcio garantido aos servidores t\u00e9cnicos da FUERN com o intuito de <strong>incentivar a forma\u00e7\u00e3o continuada, atualiza\u00e7\u00e3o profissional e desenvolvimento pessoal e profissional<\/strong> para a categoria. O AIC foi criado atrav\u00e9s de Lei Complementar Estadual n\u00b0 699\/2022, que aprovou o Plano de Cargos Carreiras e Sal\u00e1rios dos Servidores T\u00e9cnico- administrativos da FUERN e regulamentado pela Resolu\u00e7\u00e3o n\u00b0 34\/2025 \u2013 Conselho Diretor \u2013 CD\/FUERN.<\/p><hr \/><h4><strong>I &#8211; QUEM PODER\u00c1 REQUERER?<\/strong><\/h4><ul><li>Servidor t\u00e9cnico ativo pertencente aos quadros da FUERN. (Inclusive cedidos para servir em outros \u00f3rg\u00e3os)<\/li><li>Para fazer jus ao AIC, a cada 02 anos o servidor dever\u00e1 comprovar o ac\u00famulo e <strong>manuten\u00e7\u00e3o de no m\u00ednimo 10 (dez) pontos<\/strong>, conforme detalhamento \u00e0 seguir:<\/li><\/ul><h6>\u00a0<\/h6><h6><strong>Planilha com detalhamento de pontos por certifica\u00e7\u00e3o<\/strong><\/h6><table cellspacing=\"0\" cellpadding=\"4\"><colgroup> <col width=\"128*\" \/> <col width=\"128*\" \/><\/colgroup><tbody><tr><td><h5><strong>CERTIFICA\u00c7\u00d5ES COM CARGA HOR\u00c1RIA ATRIBU\u00cdDA<\/strong><\/h5><\/td><td><h5><strong>PONTUA\u00c7\u00c3O CORRESPONDENTE<\/strong><\/h5><\/td><\/tr><tr><td>Certifica\u00e7\u00f5es com at\u00e9 8 horas<\/td><td>2 pontos<\/td><\/tr><tr><td>Certifica\u00e7\u00f5es com mais de 8 horas at\u00e9 20 horas<\/td><td>4 pontos<\/td><\/tr><tr><td>Certifica\u00e7\u00f5es com mais de 20 horas at\u00e9 40 horas<\/td><td>6 pontos<\/td><\/tr><tr><td>Certifica\u00e7\u00f5es com mais de 40 horas<\/td><td>8 pontos<\/td><\/tr><tr><td>Encontros, semin\u00e1rios, simp\u00f3sios e congressos \u2013 Certifica\u00e7\u00f5es de no m\u00ednimo 2 horas<\/td><td>2 pontos<\/td><\/tr><tr><td>Certifica\u00e7\u00f5es de participa\u00e7\u00f5es em comiss\u00f5es e comit\u00eas \u2013 Titular ou suplente<\/td><td>2 pontos<\/td><\/tr><\/tbody><\/table><p><strong>Ser\u00e3o aceitos: Certificados, Declara\u00e7\u00f5es, Certid\u00f5es e Portarias, expedidos com data de no m\u00e1ximo dois anos anteriores \u00e0 data do requerimento. Os documentos apresentados dever\u00e3o conter as seguintes informa\u00e7\u00f5es:<\/strong><\/p><ol><li>Institui\u00e7\u00e3o respons\u00e1vel pela realiza\u00e7\u00e3o da atividade;<\/li><li>Nome completo do servidor requerente;<\/li><li>Carga hor\u00e1ria em caso de curso de capacita\u00e7\u00e3o, encontros, semin\u00e1rios, simp\u00f3sios, congressos e participa\u00e7\u00e3o em comit\u00eas e comiss\u00f5es;<\/li><li>Data de expedi\u00e7\u00e3o do certificado em caso de portaria, data de sua publica\u00e7\u00e3o;<\/li><li>Nome e assinatura do respons\u00e1vel pela expedi\u00e7\u00e3o do documento comprobat\u00f3rio;<\/li><\/ol><p>\u00a0<\/p><p><strong>Importante: Os documentos emitidos em formato digital dever\u00e3o conter assinatura certificada, c\u00f3digo de verifica\u00e7\u00e3o ou outro mecanismo de certifica\u00e7\u00e3o da sua veracidade.<\/strong><\/p><hr \/><h4><strong>II \u2013 Documentos para instru\u00e7\u00e3o do processo<\/strong><\/h4><p>O requerente dever\u00e1 instruir processo SEI, em sua unidade de lota\u00e7\u00e3o encaminhar para \u00a0Setor de Capacita\u00e7\u00e3o e Educa\u00e7\u00e3o Profissional\/DDPQV\/PROGEP, com os seguintes documentos, organizados por arquivos:<\/p><p><span style=\"text-decoration: underline\"><strong>Para os casos de concess\u00e3o:<\/strong><\/span><\/p><p>ARQUIVO 1: Requerimento padr\u00e3o + documentos comprobat\u00f3rios digitalizados em PDF, em um \u00fanico arquivo;<\/p><p>ARQUIVO 2: Tabela com especifica\u00e7\u00e3o dos comprovantes (Anexo I) + Autodeclara\u00e7\u00e3o de veracidade e autenticidade dos documentos (Anexo I);<\/p><p>ARQUIVO 3: Certificados ou diplomas de gradua\u00e7\u00e3o, especializa\u00e7\u00e3o, mestrado e doutorado, em PDF, em um \u00fanico arquivo;<\/p><p>ARQUIVO 4: Comprovante de registro do t\u00edtulo nas plataformas e-MEC ou Sucupira, conforme o caso;<\/p><p>ARQUIVO 5: Declara\u00e7\u00e3o da chefia imediata atestando a conformidade das a\u00e7\u00f5es de capacita\u00e7\u00e3o com as \u00e1reas de atua\u00e7\u00e3o do servidor (modelo no Anexo II).<\/p><p><span style=\"text-decoration: underline\"><strong>Para os casos de reenquadramento (inclus\u00e3o de nova titula\u00e7\u00e3o:<\/strong><\/span><\/p><p>ARQUIVO 1: Requerimento padr\u00e3o;<\/p><p>ARQUIVO 2: Certificado e\/ou diploma de especializa\u00e7\u00e3o, mestrado ou doutorado;<\/p><p>ARQUIVO 3: Comprovante de registro do t\u00edtulo nas plataformas e-MEC ou Sucupira, conforme o caso.<\/p><p><span style=\"text-decoration: underline\"><strong>Para os casos de Manuten\u00e7\u00e3o:<\/strong><\/span><\/p><p>ARQUIVO 1: Requerimento padr\u00e3o + documentos comprobat\u00f3rios digitalizados em PDF, em um \u00fanico arquivo;<\/p><p>ARQUIVO 2: Tabela com especifica\u00e7\u00e3o dos comprovantes ( Anexo I) + Autodeclara\u00e7\u00e3o de veracidade e autenticidade dos documentos ( Anexo I);<\/p><p>ARQUIVO 3: Declara\u00e7\u00e3o da chefia imediata atestando a conformidade das a\u00e7\u00f5es de capacita\u00e7\u00e3o com as \u00e1reas de atua\u00e7\u00e3o do servidor (modelo no Anexo II).<\/p><p><strong>IMPORTANTE: Os pedidos de reenquadramento e manuten\u00e7\u00e3o devem ser formalizados pelo SEI, nos mesmos autos do \u00faltimo processo de concess\u00e3o do AIC.<\/strong><\/p><hr \/><h4><strong>III &#8211; Modelo de documenta\u00e7\u00e3o<\/strong><\/h4><p><a href=\"http:\/\/www.uern.br\/controledepaginas\/progep-adicional-acoes-capacitacao\/arquivos\/7058requerimento_padra%C6%92o_do_servidor.pdf\" target=\"_blank\" rel=\"noopener\">Requerimento padr\u00e3o do servidor<\/a><\/p><p><a href=\"https:\/\/portal.uern.br\/progep\/ddpqv\/wp-content\/uploads\/sites\/3\/2026\/01\/MODELO-DE-DECLARACAO-DA-CHEFIA-IMEDIATA.docx\">MODELO DE DECLARA\u00c7\u00c3O DA CHEFIA IMEDIATA<\/a><\/p><p><a href=\"https:\/\/portal.uern.br\/progep\/ddpqv\/wp-content\/uploads\/sites\/3\/2025\/07\/DESCRICAO-DE-CERTIFICADOS-APRESENTADOS.pdf\">Tabela com especifica\u00e7\u00e3o detalhada dos comprovantes apresentados e autodeclara\u00e7\u00e3o do servidor quanto a veracidade dos documentos<\/a><\/p><hr \/><h4><strong>III &#8211; LEIS E RESOLU\u00c7\u00d5ES:<\/strong><\/h4><p><a href=\"https:\/\/portal.uern.br\/progep\/ddpqv\/wp-content\/uploads\/sites\/3\/2026\/01\/Resolucao-No-34-2025-CD-Regulamenta-Adicional-Incentivo-Capacitacao-no-ambito-da-Fuern-e-revoga-Resolucao-no-54-2022-CD-2.pdf\">Resolu\u00e7\u00e3o N\u00ba 34-2025 &#8211; CD &#8211; Regulamenta Adicional Incentivo Capacita\u00e7\u00e3o no \u00e2mbito da Fuern e revoga Resolu\u00e7\u00e3o n\u00ba 54-2022-CD (2)<\/a><\/p><p><a href=\"http:\/\/www.uern.br\/controledepaginas\/progep-adicional-acoes-capacitacao\/arquivos\/7058lei_na%C2%B0_699_2022_plano_de_cargos_dos_sevidores_ta%C2%A9cnicos_da_fuern.pdf\" target=\"_blank\" rel=\"noopener\">Lei Estadual n\u00b0 699\/2022 \u2013 Institui o Plano de Gargos Carreira e Remunera\u00e7\u00e3o dos servidores t\u00e9cnicos da FUERN<\/a><\/p><p><a href=\"http:\/\/www.uern.br\/controledepaginas\/progep-adicional-acoes-capacitacao\/arquivos\/7058resolua%C2%A7a%C2%A3o_54_2022_cd_dispa%C2%B5e_sobre_aic.pdf\" target=\"_blank\" rel=\"noopener\">Resolu\u00e7\u00e3o n\u00b0 54\/2022 \u2013 Conselho Diretor\/FUERN \u2013 Disp\u00f5e Sobre Regulamenta\u00e7\u00e3o do AIC\u00a0<\/a><\/p><hr \/><h4><strong>IV \u2013 Tramita\u00e7\u00e3o e prazos<\/strong><\/h4><p><strong>ATEN\u00c7\u00c3O: Os pedidos de manuten\u00e7\u00e3o do AIC devem ser protocolados com anteced\u00eancia de 90 (noventa) dias da data de expira\u00e7\u00e3o da Portaria atual.<\/strong><\/p><p>Ap\u00f3s a juntada da documenta\u00e7\u00e3o, o processo com o requerimento do servidor seguir\u00e1 a seguinte tramita\u00e7\u00e3o:<\/p><ol><li>O servidor apresenta a documenta\u00e7\u00e3o \u00e0 chefia imediata, para expedi\u00e7\u00e3o de declara\u00e7\u00e3o de conformidade e abertura de processo no SEI, que ser\u00e1 encaminhado ao Setor de Capacita\u00e7\u00e3o e Educa\u00e7\u00e3o Profissional SCEP\/Progep;<\/li><li>SCEP\/Progep analisa a documenta\u00e7\u00e3o e encaminha ao DFP\/Progep.<\/li><li>DFP\/Progep insere impacto financeiro e envia \u00e0 Proplan.<\/li><li>Proplan anexa docs or\u00e7ament\u00e1rios e retorna \u00e0 Progep.<\/li><li>Progep decide sobre o pedido e envia \u00e0 DP\/Progep.<\/li><li>DP anexa minuta de portaria e envia \u00e0 UCI.<\/li><li>UCI faz an\u00e1lise de conformidade e retorna \u00e0 Progep.<\/li><li>Progep envia \u00e0 Reitoria.<\/li><li>Reitoria publica portaria concedendo o AIC e devolve \u00e0 DP.<\/li><li>DP notifica o servidor e envia ao DFP para implanta\u00e7\u00e3o.<\/li><\/ol><hr \/><h4><strong>V \u2013 Informa\u00e7\u00f5es gerais<\/strong><\/h4><ul><li>A data base para a concess\u00e3o do AIC \u00e9 a data de requerimento do servidor;<\/li><li>Nos casos de manuten\u00e7\u00e3o, desde que o pedido seja protocolado com a anteced\u00eancia necess\u00e1ria, a nova portaria do AIC entrar\u00e1 em vigor no dia imediatamente posterior ao encerramento da portaria atual;<\/li><li>Ap\u00f3s a tramita\u00e7\u00e3o do processo e concess\u00e3o do AIC a portaria ter\u00e1 validade de 2 (dois) anos, sendo responsabilidade do interessado solicitar a manuten\u00e7\u00e3o;<\/li><li>A qualquer tempo o servidor poder\u00e1 apresentar certificado de escolaridade\/titula\u00e7\u00e3o para efeito de comprovar n\u00edvel de forma\u00e7\u00e3o adquirido ap\u00f3s a concess\u00e3o do AIC;<\/li><\/ul><hr \/><h3><strong>Contato<\/strong><\/h3><p>E-mail: capacitacao.progep@uern.br<\/p>\t\t\t\t\t\t\t\t<\/div>\n\t\t\t\t<\/div>\n\t\t\t\t\t<\/div>\n\t\t\t\t<\/div>\n\t\t\t\t<\/div>\n\t\t","protected":false},"excerpt":{"rendered":"<p>O Adicional por a\u00e7\u00f5es de Capacita\u00e7\u00e3o (AIC) \u00e9 um benef\u00edcio garantido aos servidores t\u00e9cnicos da FUERN com o intuito de incentivar a forma\u00e7\u00e3o continuada, atualiza\u00e7\u00e3o profissional e desenvolvimento pessoal e profissional para a categoria. O AIC foi criado atrav\u00e9s de Lei Complementar Estadual n\u00b0 699\/2022, que aprovou o Plano de Cargos Carreiras e Sal\u00e1rios dos [&hellip;]<\/p>\n","protected":false},"author":6,"featured_media":0,"parent":0,"menu_order":0,"comment_status":"closed","ping_status":"closed","template":"","meta":{"footnotes":""},"class_list":["post-387","page","type-page","status-publish","hentry"],"_links":{"self":[{"href":"https:\/\/portal.uern.br\/progep\/ddpqv\/wp-json\/wp\/v2\/pages\/387","targetHints":{"allow":["GET"]}}],"collection":[{"href":"https:\/\/portal.uern.br\/progep\/ddpqv\/wp-json\/wp\/v2\/pages"}],"about":[{"href":"https:\/\/portal.uern.br\/progep\/ddpqv\/wp-json\/wp\/v2\/types\/page"}],"author":[{"embeddable":true,"href":"https:\/\/portal.uern.br\/progep\/ddpqv\/wp-json\/wp\/v2\/users\/6"}],"replies":[{"embeddable":true,"href":"https:\/\/portal.uern.br\/progep\/ddpqv\/wp-json\/wp\/v2\/comments?post=387"}],"version-history":[{"count":28,"href":"https:\/\/portal.uern.br\/progep\/ddpqv\/wp-json\/wp\/v2\/pages\/387\/revisions"}],"predecessor-version":[{"id":1336,"href":"https:\/\/portal.uern.br\/progep\/ddpqv\/wp-json\/wp\/v2\/pages\/387\/revisions\/1336"}],"wp:attachment":[{"href":"https:\/\/portal.uern.br\/progep\/ddpqv\/wp-json\/wp\/v2\/media?parent=387"}],"curies":[{"name":"wp","href":"https:\/\/api.w.org\/{rel}","templated":true}]}}