{"id":383,"date":"2024-03-07T12:02:21","date_gmt":"2024-03-07T15:02:21","guid":{"rendered":"https:\/\/portal.uern.br\/progep\/ddpqv\/?page_id=383"},"modified":"2026-03-10T11:56:10","modified_gmt":"2026-03-10T14:56:10","slug":"formacao-continuada","status":"publish","type":"page","link":"https:\/\/portal.uern.br\/progep\/ddpqv\/formacao-continuada\/","title":{"rendered":"Forma\u00e7\u00e3o Continuada"},"content":{"rendered":"<p><span style=\"font-weight: 400\">O Secep promove forma\u00e7\u00f5es alinhada \u00e0s demandas institucionais, fortalece a efici\u00eancia, inova\u00e7\u00e3o e qualidade no desempenho das fun\u00e7\u00f5es p\u00fablicas, estimula a cultura de aprendizagem cont\u00ednua, com foco na integra\u00e7\u00e3o, diversidade e inclus\u00e3o, lideran\u00e7a, governan\u00e7a, transpar\u00eancia, tecnologia e gest\u00e3o, bem como did\u00e1tica no ensino superior vislumbrando o desenvolvimento de compet\u00eancias, metodologias diversificadas e uso de tecnologias digitais.<\/span><\/p>\n<p><span style=\"font-weight: 400\">Cabe destacar que, a Uern comprometida com uma sociedade mais justa e equitativa, oferta uma parcela das vagas de suas capacita\u00e7\u00f5es para os <em>aposentados, terceirizados e comunidade externa<\/em>.<\/span><\/p>\n<p><span style=\"font-weight: 400\">A agenda de forma\u00e7\u00f5es \u00e9 divulgada no in\u00edcio de cada m\u00eas por meio de mala direta para os <\/span><i><span style=\"font-weight: 400\">e-mails<\/span><\/i><span style=\"font-weight: 400\"> institucionais dos servidores, <\/span><a href=\"https:\/\/portal.uern.br\/\" target=\"_blank\" rel=\"noopener\"><span style=\"font-weight: 400\">publica\u00e7\u00e3o na p\u00e1gina oficial da UERN<\/span><\/a><span style=\"font-weight: 400\"> e nas m\u00eddias sociais (grupos de <\/span><i><span style=\"font-weight: 400\">WhatsApp<\/span><\/i><span style=\"font-weight: 400\"> dos servidores e no <\/span><i><span style=\"font-weight: 400\">Instagram<\/span><\/i><span style=\"font-weight: 400\"> da <\/span><a href=\"https:\/\/www.instagram.com\/progepuern\/?igshid=bmnoizzdzo3j\"><span style=\"font-weight: 400\">@progepuern<\/span><\/a><span style=\"font-weight: 400\">).\u00a0<\/span><span style=\"font-weight: 400\">Confira aqui nossa <\/span><a href=\"https:\/\/portal.uern.br\/progep\/ddpqv\/agenda-mensal\/\" target=\"_blank\" rel=\"noopener\"><span style=\"font-weight: 400\">agenda mensal<\/span><span style=\"font-weight: 400\">.<\/span><\/a><\/p>\n<p><span style=\"font-weight: 400\">Todas as forma\u00e7\u00f5es ofertadas pelo Secep s\u00e3o <strong>certificadas<\/strong> e os certificados s\u00e3o enviados para o endere\u00e7o de e-mail informado no ato de inscri\u00e7\u00e3o, com o prazo de at\u00e9 <strong>20 dias ap\u00f3s a realiza\u00e7\u00e3o do curso<\/strong>. D\u00favidas e orienta\u00e7\u00f5es, entre em contato pelos nossos canais oficiais.<\/span><\/p>\n<p><span style=\"font-weight: 400\">Na tabela abaixo \u00e9 poss\u00edvel observar a expans\u00e3o da oferta de treinamentos e de participa\u00e7\u00e3o dos servidores nas a\u00e7\u00f5es promovidas pela Uern nos \u00faltimos anos, demonstrando o compromisso da IES com o servidor e de forma rec\u00edproca do servidor com a Universidade.<\/span><\/p>\n<p><b>Tabela 01 &#8211; Demonstrativo Geral Quantitativo do Scep*<\/b><\/p>\n<table dir=\"ltr\" border=\"1\" cellspacing=\"0\" cellpadding=\"0\" data-sheets-root=\"1\" data-sheets-baot=\"1\">\n<colgroup>\n<col width=\"100\" \/>\n<col width=\"85\" \/>\n<col width=\"100\" \/>\n<col width=\"100\" \/>\n<col width=\"100\" \/>\n<col width=\"118\" \/>\n<col width=\"100\" \/>\n<col width=\"100\" \/>\n<col width=\"100\" \/>\n<col width=\"100\" \/>\n<col width=\"100\" \/><\/colgroup>\n<tbody>\n<tr>\n<td style=\"text-align: center\"><strong>Ano<\/strong><\/td>\n<td style=\"text-align: center\"><strong>2017<\/strong><\/td>\n<td style=\"text-align: center\"><strong>2018<\/strong><\/td>\n<td style=\"text-align: center\"><strong>2019<\/strong><\/td>\n<td style=\"text-align: center\"><strong>2020<\/strong><\/td>\n<td style=\"text-align: center\"><strong>2021<\/strong><\/td>\n<td style=\"text-align: center\"><strong>2022<\/strong><\/td>\n<td style=\"text-align: center\"><strong>2023<\/strong><\/td>\n<td style=\"text-align: center\"><strong>2024<\/strong><\/td>\n<td style=\"text-align: center\"><strong>2025<\/strong><\/td>\n<td style=\"text-align: center\"><strong>TOTAL<\/strong><\/td>\n<\/tr>\n<tr>\n<td><strong>\u00a0Treinamento<\/strong><\/td>\n<td style=\"text-align: center\">3<\/td>\n<td style=\"text-align: center\">34<\/td>\n<td style=\"text-align: center\">20<\/td>\n<td style=\"text-align: center\">56<\/td>\n<td style=\"text-align: center\">25<\/td>\n<td style=\"text-align: center\">67<\/td>\n<td style=\"text-align: center\">68<\/td>\n<td style=\"text-align: center\">47<\/td>\n<td style=\"text-align: center\">51<\/td>\n<td style=\"text-align: center\">371<\/td>\n<\/tr>\n<tr>\n<td style=\"text-align: center\"><strong>Certifica\u00e7\u00f5es<\/strong><\/td>\n<td style=\"text-align: center\">78<\/td>\n<td style=\"text-align: center\">783<\/td>\n<td style=\"text-align: center\">607<\/td>\n<td style=\"text-align: center\">3573<\/td>\n<td style=\"text-align: center\">1479<\/td>\n<td style=\"text-align: center\">3253<\/td>\n<td style=\"text-align: center\">2622<\/td>\n<td style=\"text-align: center\">1415<\/td>\n<td style=\"text-align: center\">1913<\/td>\n<td style=\"text-align: center\">15.723<\/td>\n<\/tr>\n<\/tbody>\n<\/table>\n<p><span style=\"font-weight: 400\">Fonte: Secep, 2026.<\/span><\/p>\n<p><span style=\"font-weight: 400\">*Os quantitativos foram levantados no per\u00edodo compreendido entre outubro de 2017 a dezembro de 2025.<\/span><\/p>\n<hr \/>\n<h4><strong>Cadastro de facilitadores \u2013 Cadf\u00e1cil<\/strong><\/h4>\n<p>O CADFacil \u00e9 o Cadastro de Facilitadores da Pr\u00f3-Reitoria de Gest\u00e3o de Pessoas (PROGEP), criado com o intuito de\u00a0atender \u00e0s demandas de capacita\u00e7\u00e3o da Universidade do Estado do Rio Grande do Norte (UERN). Constitui-se de um banco de talentos formado por profissionais experientes em qualquer \u00e1rea de conhecimento, que visam ministrar no \u00e2mbito da UERN cursos, oficinas, palestras, etc.<\/p>\n<p>Se voc\u00ea se identifica com a\u00e7\u00f5es de capacita\u00e7\u00e3o e treinamento, encontrar\u00e1 no\u00a0<strong>CADFacil<\/strong>\u00a0a oportunidade de adquirir novas experi\u00eancias e fomentar sua rede de contatos profissionais.<\/p>\n<p>Venha ser um facilitador volunt\u00e1rio do processo de desenvolvimento da UERN e fa\u00e7a parte dessa equipe que \u00e9 capaz de transformar pessoas e multiplicar conhecimentos.<\/p>\n<p>A Progep conta com o seu potencial e talento!<\/p>\n<p><a href=\"https:\/\/docs.google.com\/forms\/d\/e\/1FAIpQLSeRe2MYhVHCyQLiB8uSZTKNtm4br26BSRlPBhgt4TC-SM57Ng\/viewform\" target=\"_blank\" rel=\"noopener\">CADASTRE-SE\u00a0AQUI<\/a><\/p>\n<hr \/>\n<h4><strong>Reposit\u00f3rio de V\u00eddeos<\/strong><\/h4>\n<p><span style=\"font-weight: 400\">Todos as forma\u00e7\u00f5es realizadas online ficam dispon\u00edveis no nosso <a href=\"https:\/\/www.youtube.com\/channel\/UCjO82Bvg7CWnZV4jHE6oUQg\">Canal Oficial do Youtube.<\/a><\/span><\/p>\n<hr \/>\n<h4><strong>Sugest\u00e3o de Treinamentos e Forma\u00e7\u00f5es<\/strong><\/h4>\n<p><a href=\"https:\/\/drive.google.com\/file\/d\/1-pIkUMdRZjsVp7oOgaSc9M1laZN_qz_N\/view?usp=sharing\">Formu\u00e1rio de solicita\u00e7\u00e3o de treinamento e forma\u00e7\u00f5es<\/a><\/p>\n<p><span style=\"font-weight: 400\">O formul\u00e1rio, devidamente preenchido em todos os campos, dever\u00e1 ser encaminhado em anexo, via SEI, ao Setor de Capacita\u00e7\u00e3o e Educa\u00e7\u00e3o Profissional \u2013 SCEP\/PROGEP, com anteced\u00eancia m\u00ednima de <strong>30 (trinta) dias<\/strong> da data prevista para a capacita\u00e7\u00e3o.<\/span><\/p>\n<p><em><span style=\"font-weight: 400\">Tipo de processo &#8211;\u00a0 \u201cCapacita\u00e7\u00e3o: instru\u00e7\u00e3o e treinamento\u201d<\/span><\/em><\/p>\n<p><em><span style=\"font-weight: 400\">Tipo de documento &#8211; Externo\u00a0<\/span><\/em><\/p>\n<p><span style=\"font-weight: 400\">A sugest\u00e3o ser\u00e1 analisada pelo Secep que expedir\u00e1 parecer sobre a proposta e encaminhamentos necess\u00e1rios.<\/span><\/p>\n<p><b>NOTA:<\/b><\/p>\n<p><span style=\"font-weight: 400\">Responsabilidades da Unidade Solicitante:<\/span><\/p>\n<ul>\n<li><span style=\"font-weight: 400\"> \u00a0 \u00a0 \u00a0 <\/span><span style=\"font-weight: 400\">Enviar solicita\u00e7\u00e3o com anteced\u00eancia de 30 (trinta) dias;<\/span><\/li>\n<li><span style=\"font-weight: 400\"> \u00a0 \u00a0 \u00a0 <\/span><span style=\"font-weight: 400\">Preencher corretamente os dados do formul\u00e1rio;<\/span><\/li>\n<li><span style=\"font-weight: 400\"> \u00a0 \u00a0 \u00a0 <\/span><span style=\"font-weight: 400\">Providenciar coffee-break (caf\u00e9, \u00e1gua e lanche), caso necess\u00e1rio;<\/span><\/li>\n<li><span style=\"font-weight: 400\"> \u00a0 \u00a0 \u00a0 Reservar equipamentos de m\u00eddia (som e microfone), caso necess\u00e1rio;<\/span><\/li>\n<li><span style=\"font-weight: 400\"> \u00a0 \u00a0 \u00a0 Registrar a presen\u00e7a de participante, para capacita\u00e7\u00f5es presenciais, conforme lista de presen\u00e7a fornecida pelo SCEP;<\/span><\/li>\n<li><span style=\"font-weight: 400\"> \u00a0 \u00a0 \u00a0 <\/span><span style=\"font-weight: 400\">Solicitar cerimonialista, caso necess\u00e1rio.<\/span><\/li>\n<\/ul>\n<p><span style=\"font-weight: 400\">Responsabilidades do Secep:<\/span><\/p>\n<ul>\n<li><span style=\"font-weight: 400\"> \u00a0 <\/span><span style=\"font-weight: 400\">Elaborar, divulgar, acompanhar, encerrar as inscri\u00e7\u00f5es e enviar e-mail para os inscritos 24h antes do evento;<\/span><\/li>\n<li><span style=\"font-weight: 400\"> \u00a0 \u00a0<\/span><span style=\"font-weight: 400\">Entrar em contato com facilitador solicitando foto e minicurr\u00edculo para elaborar Card para divulga\u00e7\u00e3o;<\/span><\/li>\n<li><span style=\"font-weight: 400\"> \u00a0 \u00a0<\/span><span style=\"font-weight: 400\">Criar sala virtual, abrir, mediar, enviar link da presen\u00e7a, avalia\u00e7\u00e3o da capacita\u00e7\u00e3o, realizar o encerramento e enviar link da grava\u00e7\u00e3o para o e-mail dos inscritos, no caso de capacita\u00e7\u00f5es remotas;<\/span><\/li>\n<li><span style=\"font-weight: 400\">\u00a0 \u00a0<\/span><span style=\"font-weight: 400\">Reservar local, para capacita\u00e7\u00f5es presenciais;<\/span><\/li>\n<li><span style=\"font-weight: 400\"> \u00a0 \u00a0<\/span><span style=\"font-weight: 400\">Divulgar a realiza\u00e7\u00e3o da capacita\u00e7\u00e3o, elaborar e enviar certificados.<\/span><\/li>\n<\/ul>\n<hr \/>\n<h4><strong>Indica\u00e7\u00f5es de aperfei\u00e7oamento profissional<\/strong><\/h4>\n<p>Plataformas sugeridas para uso\u00a0cotidiano em atividades acad\u00eamicas e administrativas:<\/p>\n<p><a href=\"https:\/\/trello.com\/pt-BR\/login\" target=\"_blank\" rel=\"noopener\"><span style=\"font-weight: 400\">TRELLO<\/span><\/a><\/p>\n<p><a href=\"https:\/\/streamyard.com\/broadcasts\" target=\"_blank\" rel=\"noopener\"><span style=\"font-weight: 400\">StreamYard<\/span><\/a><\/p>\n<p><a href=\"https:\/\/play.google.com\/store\/apps\/details?id=com.google.android.apps.jam&amp;hl=pt_BR\" target=\"_blank\" rel=\"noopener\"><span style=\"font-weight: 400\">JAMBOARD\u00a0<\/span><\/a><\/p>\n<p><a href=\"https:\/\/www.mentimeter.com\/\" target=\"_blank\" rel=\"noopener\"><span style=\"font-weight: 400\">MENTIMETER<\/span><\/a><\/p>\n<p><a href=\"https:\/\/www.canva.com\/\" target=\"_blank\" rel=\"noopener\"><span style=\"font-weight: 400\">CANVA<\/span><\/a><\/p>\n<p><a href=\"http:\/\/www.wikidot.com\/\" target=\"_blank\" rel=\"noopener\"><span style=\"font-weight: 400\">WIKIDOT<\/span><\/a><\/p>\n<p><a href=\"https:\/\/www.zoho.com\/wiki\/\" target=\"_blank\" rel=\"noopener\"><span style=\"font-weight: 400\">WIKIZOHO<\/span><\/a><\/p>\n<p><a href=\"http:\/\/www.escoladegoverno.rn.gov.br\/\" target=\"_blank\" rel=\"noopener\"><span style=\"font-weight: 400\">Escola do Governo do RN<\/span><\/a><\/p>\n<hr \/>\n<h4><strong>Contato<\/strong><\/h4>\n<p><span style=\"color: #3366ff\"><a style=\"color: #3366ff\" href=\"mailto:capacitacao.progep@uern.br\"><strong>capacitacao.progep@uern.br<\/strong><\/a><\/span><\/p>\n","protected":false},"excerpt":{"rendered":"<p>O Secep promove forma\u00e7\u00f5es alinhada \u00e0s demandas institucionais, fortalece a efici\u00eancia, inova\u00e7\u00e3o e qualidade no desempenho das fun\u00e7\u00f5es p\u00fablicas, estimula a cultura de aprendizagem cont\u00ednua, com foco na integra\u00e7\u00e3o, diversidade e inclus\u00e3o, lideran\u00e7a, governan\u00e7a, transpar\u00eancia, tecnologia e gest\u00e3o, bem como did\u00e1tica no ensino superior vislumbrando o desenvolvimento de compet\u00eancias, metodologias diversificadas e uso de tecnologias [&hellip;]<\/p>\n","protected":false},"author":6,"featured_media":0,"parent":0,"menu_order":0,"comment_status":"closed","ping_status":"closed","template":"","meta":{"footnotes":""},"class_list":["post-383","page","type-page","status-publish","hentry"],"_links":{"self":[{"href":"https:\/\/portal.uern.br\/progep\/ddpqv\/wp-json\/wp\/v2\/pages\/383","targetHints":{"allow":["GET"]}}],"collection":[{"href":"https:\/\/portal.uern.br\/progep\/ddpqv\/wp-json\/wp\/v2\/pages"}],"about":[{"href":"https:\/\/portal.uern.br\/progep\/ddpqv\/wp-json\/wp\/v2\/types\/page"}],"author":[{"embeddable":true,"href":"https:\/\/portal.uern.br\/progep\/ddpqv\/wp-json\/wp\/v2\/users\/6"}],"replies":[{"embeddable":true,"href":"https:\/\/portal.uern.br\/progep\/ddpqv\/wp-json\/wp\/v2\/comments?post=383"}],"version-history":[{"count":15,"href":"https:\/\/portal.uern.br\/progep\/ddpqv\/wp-json\/wp\/v2\/pages\/383\/revisions"}],"predecessor-version":[{"id":1349,"href":"https:\/\/portal.uern.br\/progep\/ddpqv\/wp-json\/wp\/v2\/pages\/383\/revisions\/1349"}],"wp:attachment":[{"href":"https:\/\/portal.uern.br\/progep\/ddpqv\/wp-json\/wp\/v2\/media?parent=383"}],"curies":[{"name":"wp","href":"https:\/\/api.w.org\/{rel}","templated":true}]}}