{"id":375,"date":"2024-03-07T12:00:04","date_gmt":"2024-03-07T15:00:04","guid":{"rendered":"https:\/\/portal.uern.br\/progep\/ddpqv\/?page_id=375"},"modified":"2025-07-31T11:03:52","modified_gmt":"2025-07-31T14:03:52","slug":"consultorio-odontologico","status":"publish","type":"page","link":"https:\/\/portal.uern.br\/progep\/ddpqv\/consultorio-odontologico\/","title":{"rendered":"Atendimento Odontol\u00f3gico"},"content":{"rendered":"<p>O consult\u00f3rio odontol\u00f3gico da DDPQV\/PROGEP disponibiliza aos servidores da UERN exames cl\u00ednico, orienta\u00e7\u00f5es sobre higiene oral, aplica\u00e7\u00e3o de fl\u00faor, remo\u00e7\u00e3o de t\u00e1rtaro e profilaxia.<\/p>\n<p><img fetchpriority=\"high\" decoding=\"async\" class=\"aligncenter\" src=\"https:\/\/www.uern.br\/controledepaginas\/progep-assitencia\/imagens\/6039dra._fernanda_morais_10082011_luciano_lellys_(4)_2000x1333.jpg\" width=\"403\" height=\"268\" \/><\/p>\n<h3><strong>Informa\u00e7\u00f5es sobre atendimentos<\/strong><\/h3>\n<p><strong>Hor\u00e1rio:<\/strong> segunda a sextas-feira, das 8hs \u00e0s 10hs.<\/p>\n<p><strong>Local:<\/strong> Consult\u00f3rio Odontol\u00f3gico da PROGEP, no pr\u00e9dio Ep\u00edlogo de Campos, por tr\u00e1s da Reitoria, Rua Quintino Bocaiuva, s\/n, Centro, Mossor\u00f3-RN.<\/p>\n<p><strong>P\u00fablico-alvo:<\/strong> Servidores da UERN.<\/p>\n<p><strong>Agendamentos:<\/strong> <a href=\"https:\/\/calendar.app.google\/TQyAq9qiQBnTM8kb6\">Agendamento Odontol\u00f3gico<\/a><\/p>\n<p><em>(A disponibiliza\u00e7\u00e3o da agenda \u00e9 semanal. Por favor, n\u00e3o reservar dois hor\u00e1rios na mesma semana e em caso de desist\u00eancia cancelar o hor\u00e1rio agendado para que possamos dar a oportunidade de atendimento a outro servidor)<\/em><\/p>\n<p><strong>Contato: <\/strong>consultorioodontologico.progep@uern.br<\/p>\n","protected":false},"excerpt":{"rendered":"<p>O consult\u00f3rio odontol\u00f3gico da DDPQV\/PROGEP disponibiliza aos servidores da UERN exames cl\u00ednico, orienta\u00e7\u00f5es sobre higiene oral, aplica\u00e7\u00e3o de fl\u00faor, remo\u00e7\u00e3o de t\u00e1rtaro e profilaxia. Informa\u00e7\u00f5es sobre atendimentos Hor\u00e1rio: segunda a sextas-feira, das 8hs \u00e0s 10hs. Local: Consult\u00f3rio Odontol\u00f3gico da PROGEP, no pr\u00e9dio Ep\u00edlogo de Campos, por tr\u00e1s da Reitoria, Rua Quintino Bocaiuva, s\/n, Centro, Mossor\u00f3-RN. [&hellip;]<\/p>\n","protected":false},"author":6,"featured_media":0,"parent":0,"menu_order":0,"comment_status":"closed","ping_status":"closed","template":"","meta":{"footnotes":""},"class_list":["post-375","page","type-page","status-publish","hentry"],"_links":{"self":[{"href":"https:\/\/portal.uern.br\/progep\/ddpqv\/wp-json\/wp\/v2\/pages\/375","targetHints":{"allow":["GET"]}}],"collection":[{"href":"https:\/\/portal.uern.br\/progep\/ddpqv\/wp-json\/wp\/v2\/pages"}],"about":[{"href":"https:\/\/portal.uern.br\/progep\/ddpqv\/wp-json\/wp\/v2\/types\/page"}],"author":[{"embeddable":true,"href":"https:\/\/portal.uern.br\/progep\/ddpqv\/wp-json\/wp\/v2\/users\/6"}],"replies":[{"embeddable":true,"href":"https:\/\/portal.uern.br\/progep\/ddpqv\/wp-json\/wp\/v2\/comments?post=375"}],"version-history":[{"count":9,"href":"https:\/\/portal.uern.br\/progep\/ddpqv\/wp-json\/wp\/v2\/pages\/375\/revisions"}],"predecessor-version":[{"id":1177,"href":"https:\/\/portal.uern.br\/progep\/ddpqv\/wp-json\/wp\/v2\/pages\/375\/revisions\/1177"}],"wp:attachment":[{"href":"https:\/\/portal.uern.br\/progep\/ddpqv\/wp-json\/wp\/v2\/media?parent=375"}],"curies":[{"name":"wp","href":"https:\/\/api.w.org\/{rel}","templated":true}]}}