{"id":373,"date":"2024-03-07T11:59:16","date_gmt":"2024-03-07T14:59:16","guid":{"rendered":"https:\/\/portal.uern.br\/progep\/ddpqv\/?page_id=373"},"modified":"2025-05-30T11:57:27","modified_gmt":"2025-05-30T14:57:27","slug":"atendimento-nupics","status":"publish","type":"page","link":"https:\/\/portal.uern.br\/progep\/ddpqv\/atendimento-nupics\/","title":{"rendered":"Atendimento NUPICS"},"content":{"rendered":"\t\t<div data-elementor-type=\"wp-page\" data-elementor-id=\"373\" class=\"elementor elementor-373\" data-elementor-post-type=\"page\">\n\t\t\t\t<div class=\"elementor-element elementor-element-ac479d e-flex e-con-boxed e-con e-parent\" data-id=\"ac479d\" data-element_type=\"container\" data-e-type=\"container\">\n\t\t\t\t\t<div class=\"e-con-inner\">\n\t\t\t\t<div class=\"elementor-element elementor-element-197fd5ea elementor-widget elementor-widget-text-editor\" data-id=\"197fd5ea\" data-element_type=\"widget\" data-e-type=\"widget\" data-widget_type=\"text-editor.default\">\n\t\t\t\t<div class=\"elementor-widget-container\">\n\t\t\t\t\t\t\t\t\tAs <strong>Pr\u00e1ticas Integrativas e Complementares em Sa\u00fade (PICS)<\/strong> s\u00e3o recursos terap\u00eauticos que fortalecem o cuidado integral aos indiv\u00edduos, promovendo a autonomia e o autocuidado por meio de uma abordagem interdisciplinar e de cuidados continuados. Nesse contexto, a Pr\u00f3-Reitoria de Gest\u00e3o de Pessoas (PROGEP), o N\u00facleo de Pr\u00e1ticas Integrativas (NUPICS) e a Escola Integrada de Sa\u00fade atuam conjuntamente para ampliar o acesso a essas pr\u00e1ticas no ambiente universit\u00e1rio. Entre as a\u00e7\u00f5es oferecidas, destacam-se a massoterapia, ventosaterapia, auriculoterapia e escalda-p\u00e9s, que contribuem para o bem-estar f\u00edsico e emocional da comunidade acad\u00eamica.\t\t\t\t\t\t\t\t<\/div>\n\t\t\t\t<\/div>\n\t\t\t\t\t<\/div>\n\t\t\t\t<\/div>\n\t\t<div class=\"elementor-element elementor-element-34066b7 e-grid e-con-boxed e-con e-parent\" data-id=\"34066b7\" data-element_type=\"container\" data-e-type=\"container\">\n\t\t\t\t\t<div class=\"e-con-inner\">\n\t\t\t\t<div class=\"elementor-element elementor-element-7a15938 elementor-widget elementor-widget-image\" data-id=\"7a15938\" data-element_type=\"widget\" data-e-type=\"widget\" data-widget_type=\"image.default\">\n\t\t\t\t<div class=\"elementor-widget-container\">\n\t\t\t\t\t\t\t\t\t\t\t\t\t\t\t<img fetchpriority=\"high\" decoding=\"async\" width=\"800\" height=\"452\" src=\"https:\/\/portal.uern.br\/progep\/ddpqv\/wp-content\/uploads\/sites\/3\/2025\/05\/piscs-1.png\" class=\"attachment-large size-large wp-image-872\" alt=\"\" srcset=\"https:\/\/portal.uern.br\/progep\/ddpqv\/wp-content\/uploads\/sites\/3\/2025\/05\/piscs-1.png 884w, https:\/\/portal.uern.br\/progep\/ddpqv\/wp-content\/uploads\/sites\/3\/2025\/05\/piscs-1-300x169.png 300w, https:\/\/portal.uern.br\/progep\/ddpqv\/wp-content\/uploads\/sites\/3\/2025\/05\/piscs-1-768x434.png 768w\" sizes=\"(max-width: 800px) 100vw, 800px\" \/>\t\t\t\t\t\t\t\t\t\t\t\t\t\t\t<\/div>\n\t\t\t\t<\/div>\n\t\t\t\t<div class=\"elementor-element elementor-element-8e386db elementor-widget elementor-widget-image\" data-id=\"8e386db\" data-element_type=\"widget\" data-e-type=\"widget\" data-widget_type=\"image.default\">\n\t\t\t\t<div class=\"elementor-widget-container\">\n\t\t\t\t\t\t\t\t\t\t\t\t\t\t\t<img decoding=\"async\" width=\"764\" height=\"513\" src=\"https:\/\/portal.uern.br\/progep\/ddpqv\/wp-content\/uploads\/sites\/3\/2025\/05\/pics-2.png\" class=\"attachment-medium_large size-medium_large wp-image-873\" alt=\"\" srcset=\"https:\/\/portal.uern.br\/progep\/ddpqv\/wp-content\/uploads\/sites\/3\/2025\/05\/pics-2.png 764w, https:\/\/portal.uern.br\/progep\/ddpqv\/wp-content\/uploads\/sites\/3\/2025\/05\/pics-2-300x201.png 300w\" sizes=\"(max-width: 764px) 100vw, 764px\" \/>\t\t\t\t\t\t\t\t\t\t\t\t\t\t\t<\/div>\n\t\t\t\t<\/div>\n\t\t\t\t\t<\/div>\n\t\t\t\t<\/div>\n\t\t\t\t<\/div>\n\t\t","protected":false},"excerpt":{"rendered":"<p>As Pr\u00e1ticas Integrativas e Complementares em Sa\u00fade (PICS) s\u00e3o recursos terap\u00eauticos que fortalecem o cuidado integral aos indiv\u00edduos, promovendo a autonomia e o autocuidado por meio de uma abordagem interdisciplinar e de cuidados continuados. Nesse contexto, a Pr\u00f3-Reitoria de Gest\u00e3o de Pessoas (PROGEP), o N\u00facleo de Pr\u00e1ticas Integrativas (NUPICS) e a Escola Integrada de Sa\u00fade [&hellip;]<\/p>\n","protected":false},"author":6,"featured_media":0,"parent":0,"menu_order":0,"comment_status":"closed","ping_status":"closed","template":"","meta":{"footnotes":""},"class_list":["post-373","page","type-page","status-publish","hentry"],"_links":{"self":[{"href":"https:\/\/portal.uern.br\/progep\/ddpqv\/wp-json\/wp\/v2\/pages\/373","targetHints":{"allow":["GET"]}}],"collection":[{"href":"https:\/\/portal.uern.br\/progep\/ddpqv\/wp-json\/wp\/v2\/pages"}],"about":[{"href":"https:\/\/portal.uern.br\/progep\/ddpqv\/wp-json\/wp\/v2\/types\/page"}],"author":[{"embeddable":true,"href":"https:\/\/portal.uern.br\/progep\/ddpqv\/wp-json\/wp\/v2\/users\/6"}],"replies":[{"embeddable":true,"href":"https:\/\/portal.uern.br\/progep\/ddpqv\/wp-json\/wp\/v2\/comments?post=373"}],"version-history":[{"count":6,"href":"https:\/\/portal.uern.br\/progep\/ddpqv\/wp-json\/wp\/v2\/pages\/373\/revisions"}],"predecessor-version":[{"id":876,"href":"https:\/\/portal.uern.br\/progep\/ddpqv\/wp-json\/wp\/v2\/pages\/373\/revisions\/876"}],"wp:attachment":[{"href":"https:\/\/portal.uern.br\/progep\/ddpqv\/wp-json\/wp\/v2\/media?parent=373"}],"curies":[{"name":"wp","href":"https:\/\/api.w.org\/{rel}","templated":true}]}}