{"id":371,"date":"2024-03-07T11:58:47","date_gmt":"2024-03-07T14:58:47","guid":{"rendered":"https:\/\/portal.uern.br\/progep\/ddpqv\/?page_id=371"},"modified":"2025-04-04T10:45:37","modified_gmt":"2025-04-04T13:45:37","slug":"vacinacao","status":"publish","type":"page","link":"https:\/\/portal.uern.br\/progep\/ddpqv\/vacinacao\/","title":{"rendered":"Vacina\u00e7\u00e3o"},"content":{"rendered":"\t\t<div data-elementor-type=\"wp-page\" data-elementor-id=\"371\" class=\"elementor elementor-371\" data-elementor-post-type=\"page\">\n\t\t\t\t<div class=\"elementor-element elementor-element-91d8bb0 e-flex e-con-boxed e-con e-parent\" data-id=\"91d8bb0\" data-element_type=\"container\" data-e-type=\"container\">\n\t\t\t\t\t<div class=\"e-con-inner\">\n\t\t\t\t<div class=\"elementor-element elementor-element-320393c elementor-widget elementor-widget-text-editor\" data-id=\"320393c\" data-element_type=\"widget\" data-e-type=\"widget\" data-widget_type=\"text-editor.default\">\n\t\t\t\t<div class=\"elementor-widget-container\">\n\t\t\t\t\t\t\t\t\t<p>A Uern atrav\u00e9s das DDPQV\/Progep promove campanhas de vacina\u00e7\u00e3o para seus servidores, ativos, aposentados e terceirizados de modo cont\u00ednuo em parceria com agentes internos (Faen) e\u00a0 Secretarias de Sa\u00fade dos munic\u00edpios de abrang\u00eancia da Universidade. Ressalta-se que as vacinas s\u00e3o estrat\u00e9gias que buscam preservar a sa\u00fade da popula\u00e7\u00e3o em geral e a classe trabalhadora nos mais diversos espa\u00e7os ocupacionais, contribuindo para preven\u00e7\u00e3o doen\u00e7as graves e sua dissemina\u00e7\u00e3o nos grupos mais vulner\u00e1veis.<\/p><p>As a\u00e7\u00f5es s\u00e3o realizadas em conson\u00e2ncia ao Programa Nacional de Imuniza\u00e7\u00e3o do Minist\u00e9rio da Sa\u00fade e amplamente divulgadas em nossas m\u00eddias sociais:\u00a0<a href=\"https:\/\/www.instagram.com\/progepuern\/profilecard\/?igsh=NG8zNHZ3ZHRkY2d3\">@progepuern<\/a><\/p>\t\t\t\t\t\t\t\t<\/div>\n\t\t\t\t<\/div>\n\t\t<div class=\"elementor-element elementor-element-c48e567 e-flex e-con-boxed e-con e-child\" data-id=\"c48e567\" data-element_type=\"container\" data-e-type=\"container\">\n\t\t\t\t\t<div class=\"e-con-inner\">\n\t\t\t\t<div class=\"elementor-element elementor-element-388b6cc elementor-arrows-position-inside elementor-pagination-position-outside elementor-widget elementor-widget-image-carousel\" data-id=\"388b6cc\" data-element_type=\"widget\" data-e-type=\"widget\" data-settings=\"{&quot;slides_to_show&quot;:&quot;1&quot;,&quot;navigation&quot;:&quot;both&quot;,&quot;autoplay&quot;:&quot;yes&quot;,&quot;pause_on_hover&quot;:&quot;yes&quot;,&quot;pause_on_interaction&quot;:&quot;yes&quot;,&quot;autoplay_speed&quot;:5000,&quot;infinite&quot;:&quot;yes&quot;,&quot;effect&quot;:&quot;slide&quot;,&quot;speed&quot;:500}\" data-widget_type=\"image-carousel.default\">\n\t\t\t\t<div class=\"elementor-widget-container\">\n\t\t\t\t\t\t\t<div class=\"elementor-image-carousel-wrapper swiper\" role=\"region\" aria-roledescription=\"carousel\" aria-label=\"Carrossel de imagens\" dir=\"ltr\">\n\t\t\t<div class=\"elementor-image-carousel swiper-wrapper\" aria-live=\"off\">\n\t\t\t\t\t\t\t\t<div class=\"swiper-slide\" role=\"group\" aria-roledescription=\"slide\" aria-label=\"1 de 3\"><figure class=\"swiper-slide-inner\"><img decoding=\"async\" class=\"swiper-slide-image\" src=\"https:\/\/portal.uern.br\/progep\/ddpqv\/wp-content\/uploads\/sites\/3\/2025\/04\/WhatsApp-Image-2025-04-04-at-10.42.25-1-768x762.jpeg\" alt=\"WhatsApp Image 2025-04-04 at 10.42.25 (1)\" \/><\/figure><\/div><div class=\"swiper-slide\" role=\"group\" aria-roledescription=\"slide\" aria-label=\"2 de 3\"><figure class=\"swiper-slide-inner\"><img decoding=\"async\" class=\"swiper-slide-image\" src=\"https:\/\/portal.uern.br\/progep\/ddpqv\/wp-content\/uploads\/sites\/3\/2025\/04\/WhatsApp-Image-2025-04-04-at-10.42.26-768x762.jpeg\" alt=\"WhatsApp Image 2025-04-04 at 10.42.26\" \/><\/figure><\/div><div class=\"swiper-slide\" role=\"group\" aria-roledescription=\"slide\" aria-label=\"3 de 3\"><figure class=\"swiper-slide-inner\"><img decoding=\"async\" class=\"swiper-slide-image\" src=\"https:\/\/portal.uern.br\/progep\/ddpqv\/wp-content\/uploads\/sites\/3\/2025\/04\/WhatsApp-Image-2025-04-04-at-10.42.25-768x757.jpeg\" alt=\"WhatsApp Image 2025-04-04 at 10.42.25\" \/><\/figure><\/div>\t\t\t<\/div>\n\t\t\t\t\t\t\t\t\t\t\t\t<div class=\"elementor-swiper-button elementor-swiper-button-prev\" role=\"button\" tabindex=\"0\">\n\t\t\t\t\t\t<i aria-hidden=\"true\" class=\"eicon-chevron-left\"><\/i>\t\t\t\t\t<\/div>\n\t\t\t\t\t<div class=\"elementor-swiper-button elementor-swiper-button-next\" role=\"button\" tabindex=\"0\">\n\t\t\t\t\t\t<i aria-hidden=\"true\" class=\"eicon-chevron-right\"><\/i>\t\t\t\t\t<\/div>\n\t\t\t\t\n\t\t\t\t\t\t\t\t\t<div class=\"swiper-pagination\"><\/div>\n\t\t\t\t\t\t\t\t\t<\/div>\n\t\t\t\t\t\t<\/div>\n\t\t\t\t<\/div>\n\t\t\t\t\t<\/div>\n\t\t\t\t<\/div>\n\t\t\t\t\t<\/div>\n\t\t\t\t<\/div>\n\t\t\t\t<\/div>\n\t\t","protected":false},"excerpt":{"rendered":"<p>A Uern atrav\u00e9s das DDPQV\/Progep promove campanhas de vacina\u00e7\u00e3o para seus servidores, ativos, aposentados e terceirizados de modo cont\u00ednuo em parceria com agentes internos (Faen) e\u00a0 Secretarias de Sa\u00fade dos munic\u00edpios de abrang\u00eancia da Universidade. Ressalta-se que as vacinas s\u00e3o estrat\u00e9gias que buscam preservar a sa\u00fade da popula\u00e7\u00e3o em geral e a classe trabalhadora nos [&hellip;]<\/p>\n","protected":false},"author":6,"featured_media":0,"parent":0,"menu_order":0,"comment_status":"closed","ping_status":"closed","template":"","meta":{"footnotes":""},"class_list":["post-371","page","type-page","status-publish","hentry"],"_links":{"self":[{"href":"https:\/\/portal.uern.br\/progep\/ddpqv\/wp-json\/wp\/v2\/pages\/371","targetHints":{"allow":["GET"]}}],"collection":[{"href":"https:\/\/portal.uern.br\/progep\/ddpqv\/wp-json\/wp\/v2\/pages"}],"about":[{"href":"https:\/\/portal.uern.br\/progep\/ddpqv\/wp-json\/wp\/v2\/types\/page"}],"author":[{"embeddable":true,"href":"https:\/\/portal.uern.br\/progep\/ddpqv\/wp-json\/wp\/v2\/users\/6"}],"replies":[{"embeddable":true,"href":"https:\/\/portal.uern.br\/progep\/ddpqv\/wp-json\/wp\/v2\/comments?post=371"}],"version-history":[{"count":4,"href":"https:\/\/portal.uern.br\/progep\/ddpqv\/wp-json\/wp\/v2\/pages\/371\/revisions"}],"predecessor-version":[{"id":807,"href":"https:\/\/portal.uern.br\/progep\/ddpqv\/wp-json\/wp\/v2\/pages\/371\/revisions\/807"}],"wp:attachment":[{"href":"https:\/\/portal.uern.br\/progep\/ddpqv\/wp-json\/wp\/v2\/media?parent=371"}],"curies":[{"name":"wp","href":"https:\/\/api.w.org\/{rel}","templated":true}]}}