{"id":352,"date":"2024-03-07T10:14:44","date_gmt":"2024-03-07T13:14:44","guid":{"rendered":"https:\/\/portal.uern.br\/progep\/ddpqv\/?page_id=352"},"modified":"2025-08-23T10:21:26","modified_gmt":"2025-08-23T13:21:26","slug":"setor-de-capacitacao-e-educacao-profissional","status":"publish","type":"page","link":"https:\/\/portal.uern.br\/progep\/ddpqv\/setor-de-capacitacao-e-educacao-profissional\/","title":{"rendered":"Setor de Capacita\u00e7\u00e3o e Educa\u00e7\u00e3o Profissional"},"content":{"rendered":"<h3><strong>Apresenta\u00e7\u00e3o<\/strong><\/h3>\n<p><span style=\"font-weight: 400\">O Setor de Capacita\u00e7\u00e3o e Educa\u00e7\u00e3o Profissional (Secep) \u00e9 respons\u00e1vel em planejar, executar e avaliar a pol\u00edtica de capacita\u00e7\u00e3o e qualifica\u00e7\u00e3o profissional dos servidores da UERN, por meio de um processo cont\u00ednuo de retroalimenta\u00e7\u00e3o, na busca do desenvolvimento pessoal e organizacional com resultados cada vez mais eficientes e eficazes.<\/span><\/p>\n<hr \/>\n<h3><b>Atribui\u00e7\u00f5es<\/b><\/h3>\n<ul>\n<li style=\"font-weight: 400\"><span style=\"font-weight: 400\">Promover, de forma continuada,<\/span><span style=\"font-weight: 400\"> forma\u00e7\u00f5es, tais como: <\/span><span style=\"font-weight: 400\">cursos, palestras, rodas de conversa, workshops e semin\u00e1rios;<\/span><\/li>\n<li style=\"font-weight: 400\"><span style=\"font-weight: 400\">Conceder e acompanhar a libera\u00e7\u00e3o parcial e\/ou integral dos servidores que almejam cursar sua P\u00f3s-gradua\u00e7\u00e3o <\/span><i><span style=\"font-weight: 400\">Stricto Sensu<\/span><\/i><span style=\"font-weight: 400\">;<\/span><\/li>\n<li style=\"font-weight: 400\"><span style=\"font-weight: 400\">Analisar os processos de Adicional de Incentivo por Capacita\u00e7\u00e3o (AIC) para os servidores t\u00e9cnicos administrativos da UERN.<\/span><\/li>\n<\/ul>\n<hr \/>\n<h3><strong>Servi\u00e7os Prestados<\/strong><\/h3>\n<ul>\n<li><a href=\"https:\/\/portal.uern.br\/progep\/ddpqv\/formacao-continuada\/\">Forma\u00e7\u00e3o Continuada<\/a><\/li>\n<li><a href=\"https:\/\/portal.uern.br\/progep\/ddpqv\/liberacao\/\">Liberta\u00e7\u00e3o para Capacita\u00e7\u00e3o\u00a0<\/a><\/li>\n<li><a href=\"https:\/\/portal.uern.br\/progep\/ddpqv\/adicional-de-acoes-por-capacitacao-aic\/\">Adicional de Incentivo a Capacita\u00e7\u00e3o (AIC)<\/a><\/li>\n<\/ul>\n<hr \/>\n<h3><strong>Contato<\/strong><\/h3>\n<p>\ud83d\udccd Endere\u00e7o: Rua Quintino Bocaiuva, s\/n \u2013 Edif\u00edcio Ep\u00edlogo de Campos<br \/>\n\ud83d\udd52 Hor\u00e1rio: Segunda a sexta, das 7h \u00e0s 16h<br \/>\n\ud83d\udce7 E-mail: <strong><a href=\"mailto:capacitacao.progep@uern.br\">capacitacao.progep@uern.br<\/a><\/strong><\/p>\n<p>&nbsp;<\/p>\n<p>&nbsp;<\/p>\n","protected":false},"excerpt":{"rendered":"<p>Apresenta\u00e7\u00e3o O Setor de Capacita\u00e7\u00e3o e Educa\u00e7\u00e3o Profissional (Secep) \u00e9 respons\u00e1vel em planejar, executar e avaliar a pol\u00edtica de capacita\u00e7\u00e3o e qualifica\u00e7\u00e3o profissional dos servidores da UERN, por meio de um processo cont\u00ednuo de retroalimenta\u00e7\u00e3o, na busca do desenvolvimento pessoal e organizacional com resultados cada vez mais eficientes e eficazes. Atribui\u00e7\u00f5es Promover, de forma continuada, [&hellip;]<\/p>\n","protected":false},"author":6,"featured_media":0,"parent":0,"menu_order":0,"comment_status":"closed","ping_status":"closed","template":"","meta":{"footnotes":""},"class_list":["post-352","page","type-page","status-publish","hentry"],"_links":{"self":[{"href":"https:\/\/portal.uern.br\/progep\/ddpqv\/wp-json\/wp\/v2\/pages\/352","targetHints":{"allow":["GET"]}}],"collection":[{"href":"https:\/\/portal.uern.br\/progep\/ddpqv\/wp-json\/wp\/v2\/pages"}],"about":[{"href":"https:\/\/portal.uern.br\/progep\/ddpqv\/wp-json\/wp\/v2\/types\/page"}],"author":[{"embeddable":true,"href":"https:\/\/portal.uern.br\/progep\/ddpqv\/wp-json\/wp\/v2\/users\/6"}],"replies":[{"embeddable":true,"href":"https:\/\/portal.uern.br\/progep\/ddpqv\/wp-json\/wp\/v2\/comments?post=352"}],"version-history":[{"count":10,"href":"https:\/\/portal.uern.br\/progep\/ddpqv\/wp-json\/wp\/v2\/pages\/352\/revisions"}],"predecessor-version":[{"id":1232,"href":"https:\/\/portal.uern.br\/progep\/ddpqv\/wp-json\/wp\/v2\/pages\/352\/revisions\/1232"}],"wp:attachment":[{"href":"https:\/\/portal.uern.br\/progep\/ddpqv\/wp-json\/wp\/v2\/media?parent=352"}],"curies":[{"name":"wp","href":"https:\/\/api.w.org\/{rel}","templated":true}]}}