{"id":348,"date":"2024-03-07T10:12:12","date_gmt":"2024-03-07T13:12:12","guid":{"rendered":"https:\/\/portal.uern.br\/progep\/ddpqv\/?page_id=348"},"modified":"2025-07-03T11:44:06","modified_gmt":"2025-07-03T14:44:06","slug":"departamento-de-atencao-ao-servidor","status":"publish","type":"page","link":"https:\/\/portal.uern.br\/progep\/ddpqv\/departamento-de-atencao-ao-servidor\/","title":{"rendered":"Departamento de Aten\u00e7\u00e3o ao Servidor"},"content":{"rendered":"<h3><strong>Apresenta\u00e7\u00e3o<\/strong><\/h3>\n<p>O <strong>Departamento de Aten\u00e7\u00e3o ao Servidor (DAS)<\/strong> \u00e9 respons\u00e1vel por coordenar, integrar e articular as a\u00e7\u00f5es e atividades desenvolvidas pelos Setores de Qualidade de Vida (SQV), Acompanhamento e Avalia\u00e7\u00e3o do Servidor (SAVS), Capacita\u00e7\u00e3o e Educa\u00e7\u00e3o Profissional (SCEP), e Aposentados e Pensionistas (SAP), de forma a promover o bem-estar, o desenvolvimento profissional e a valoriza\u00e7\u00e3o dos servidores da UERN, em todas as etapas de sua trajet\u00f3ria funcional.<\/p>\n<h3><strong>Contatos<\/strong><\/h3>\n<p><strong>\ud83d\udd39 Setor de Qualidade de Vida<\/strong><\/p>\n<ul>\n<li>Aux\u00edlio Sa\u00fade<\/li>\n<\/ul>\n<p>\ud83d\udce7 <a href=\"mailto:auxiliosaude@uern.br\">auxiliosaude@uern.br<\/a><\/p>\n<ul>\n<li>Atendimento Psicossocial<\/li>\n<\/ul>\n<p>\ud83d\udce7<a href=\"mailto:acolhimentopsicologico@uern.br\">acolhimentopsicologico@uern.br<\/a><\/p>\n<ul>\n<li>Consult\u00f3rio Odontol\u00f3gico<\/li>\n<\/ul>\n<p>\ud83d\udce7 <a href=\"mailto:consultorioodontologico.progep@uern.br\">consultorioodontologico.progep@uern.br<\/a><\/p>\n<p><strong>\ud83d\udd39 Setor de Capacita\u00e7\u00e3o e Educa\u00e7\u00e3o Profissional<\/strong><\/p>\n<p>\ud83d\udce7 \u00a0<a href=\"mailto:capacitacao.progep@uern.br\">capacitacao.progep@uern.br<\/a><\/p>\n<p><strong>\ud83d\udd39 Setor de Aposentados<\/strong><\/p>\n<ul>\n<li>Programa Ciclos<\/li>\n<\/ul>\n<p>\ud83d\udce7 <a href=\"mailto:ciclos.progep@uern.br\">ciclos.progep@uern.br<\/a><\/p>\n<p><strong>\ud83d\udd39 Setor de Acompanhamento e Avalia\u00e7\u00e3o do Servidor<\/strong><\/p>\n<p>\ud83d\udce7 <a href=\"mailto:avs.progep@uern.br\">savs.progep@uern.br<\/a><\/p>\n<h3><strong>Atendimento Presencial<\/strong><\/h3>\n<p>\ud83d\udccd <strong>Endere\u00e7o<\/strong>: Rua Quintino Bocaiuva, s\/n \u2013 Edif\u00edcio Ep\u00edlogo de Campos<br \/>\n\ud83d\udd52 <strong>Hor\u00e1rio<\/strong>: Segunda a sexta, das 7h \u00e0s 13h<\/p>\n","protected":false},"excerpt":{"rendered":"<p>Apresenta\u00e7\u00e3o O Departamento de Aten\u00e7\u00e3o ao Servidor (DAS) \u00e9 respons\u00e1vel por coordenar, integrar e articular as a\u00e7\u00f5es e atividades desenvolvidas pelos Setores de Qualidade de Vida (SQV), Acompanhamento e Avalia\u00e7\u00e3o do Servidor (SAVS), Capacita\u00e7\u00e3o e Educa\u00e7\u00e3o Profissional (SCEP), e Aposentados e Pensionistas (SAP), de forma a promover o bem-estar, o desenvolvimento profissional e a valoriza\u00e7\u00e3o [&hellip;]<\/p>\n","protected":false},"author":6,"featured_media":0,"parent":0,"menu_order":0,"comment_status":"closed","ping_status":"closed","template":"","meta":{"footnotes":""},"class_list":["post-348","page","type-page","status-publish","hentry"],"_links":{"self":[{"href":"https:\/\/portal.uern.br\/progep\/ddpqv\/wp-json\/wp\/v2\/pages\/348","targetHints":{"allow":["GET"]}}],"collection":[{"href":"https:\/\/portal.uern.br\/progep\/ddpqv\/wp-json\/wp\/v2\/pages"}],"about":[{"href":"https:\/\/portal.uern.br\/progep\/ddpqv\/wp-json\/wp\/v2\/types\/page"}],"author":[{"embeddable":true,"href":"https:\/\/portal.uern.br\/progep\/ddpqv\/wp-json\/wp\/v2\/users\/6"}],"replies":[{"embeddable":true,"href":"https:\/\/portal.uern.br\/progep\/ddpqv\/wp-json\/wp\/v2\/comments?post=348"}],"version-history":[{"count":5,"href":"https:\/\/portal.uern.br\/progep\/ddpqv\/wp-json\/wp\/v2\/pages\/348\/revisions"}],"predecessor-version":[{"id":1039,"href":"https:\/\/portal.uern.br\/progep\/ddpqv\/wp-json\/wp\/v2\/pages\/348\/revisions\/1039"}],"wp:attachment":[{"href":"https:\/\/portal.uern.br\/progep\/ddpqv\/wp-json\/wp\/v2\/media?parent=348"}],"curies":[{"name":"wp","href":"https:\/\/api.w.org\/{rel}","templated":true}]}}