{"id":331,"date":"2024-03-05T08:49:38","date_gmt":"2024-03-05T11:49:38","guid":{"rendered":"https:\/\/portal.uern.br\/progep\/ddpqv\/?page_id=331"},"modified":"2026-04-14T12:22:23","modified_gmt":"2026-04-14T15:22:23","slug":"uern-pela-vida","status":"publish","type":"page","link":"https:\/\/portal.uern.br\/progep\/ddpqv\/uern-pela-vida\/","title":{"rendered":"UERN Pela Vida"},"content":{"rendered":"\t\t<div data-elementor-type=\"wp-page\" data-elementor-id=\"331\" class=\"elementor elementor-331\" data-elementor-post-type=\"page\">\n\t\t\t\t<div class=\"elementor-element elementor-element-5b18d073 e-flex e-con-boxed e-con e-parent\" data-id=\"5b18d073\" data-element_type=\"container\" data-e-type=\"container\">\n\t\t\t\t\t<div class=\"e-con-inner\">\n\t\t\t\t<div class=\"elementor-element elementor-element-5864712d elementor-widget elementor-widget-text-editor\" data-id=\"5864712d\" data-element_type=\"widget\" data-e-type=\"widget\" data-widget_type=\"text-editor.default\">\n\t\t\t\t<div class=\"elementor-widget-container\">\n\t\t\t\t\t\t\t\t\t<h2><strong>Sobre a Campanha<\/strong><\/h2><p>Lan\u00e7ada em mar\u00e7o de 2022, a campanha <strong data-start=\"164\" data-end=\"200\">UERN Pela Vida no Combate \u00e0 Fome<\/strong> \u00e9 uma iniciativa solid\u00e1ria realizada anualmente no per\u00edodo pascoal. Seu objetivo \u00e9 arrecadar alimentos n\u00e3o perec\u00edveis destinados \u00e0 composi\u00e7\u00e3o de cestas b\u00e1sicas, que s\u00e3o distribu\u00eddas a fam\u00edlias em situa\u00e7\u00e3o de vulnerabilidade social e a institui\u00e7\u00f5es filantr\u00f3picas.<\/p><p>A campanha n\u00e3o apenas combate a inseguran\u00e7a alimentar, mas tamb\u00e9m mobiliza a comunidade acad\u00eamica e a sociedade civil em a\u00e7\u00f5es de solidariedade e responsabilidade social. Al\u00e9m disso, est\u00e1 alinhada aos Objetivos de Desenvolvimento Sustent\u00e1vel (ODS) da ONU, em especial ao <strong data-start=\"969\" data-end=\"1016\">ODS 2 (Fome Zero e Agricultura Sustent\u00e1vel)<\/strong>, que busca erradicar a fome e promover a seguran\u00e7a alimentar.<\/p><hr \/><h2><strong>Estat\u00edstica<\/strong><\/h2><p>Desde sua cria\u00e7\u00e3o, observa-se um crescimento significativo tanto no n\u00famero de cestas b\u00e1sicas distribu\u00eddas quanto no n\u00famero de institui\u00e7\u00f5es beneficiadas, evidenciando o fortalecimento e a amplia\u00e7\u00e3o do programa ao longo do tempo.<\/p><p>Tabela 1. <span style=\"font-weight: 400\">Dados quantitativos do Uern Pela Vida no combate desde sua cria\u00e7\u00e3o.<\/span><\/p><table><tbody><tr><td><p><b>Ano<\/b><\/p><\/td><td><p><b>2022<\/b><\/p><\/td><td><p><b>2023<\/b><\/p><\/td><td><p><b>2024<\/b><\/p><\/td><td><p><b>2025<\/b><\/p><\/td><td><p><b>2026<\/b><\/p><\/td><td><p><b>TOTAL<\/b><\/p><\/td><\/tr><tr><td><p><b>n\u00b0 Cestas b\u00e1sicas<\/b><\/p><\/td><td><span style=\"font-weight: 400\">225\u00a0<\/span><\/td><td><p><span style=\"font-weight: 400\">138\u00a0<\/span><\/p><\/td><td><p><span style=\"font-weight: 400\">228<\/span><\/p><\/td><td><p><span style=\"font-weight: 400\"> 238<\/span><\/p><\/td><td><p><span style=\"font-weight: 400\">309<\/span><\/p><\/td><td><p><span style=\"font-weight: 400\">1.138<\/span><\/p><\/td><\/tr><tr><td><p><b>n\u00b0 Institui\u00e7\u00f5es beneficiadas<\/b><\/p><\/td><td><span style=\"font-weight: 400\">14<\/span><\/td><td><p><span style=\"font-weight: 400\">14<\/span><\/p><\/td><td><p><span style=\"font-weight: 400\">18<\/span><\/p><\/td><td><p><span style=\"font-weight: 400\">30<\/span><\/p><\/td><td><p><span style=\"font-weight: 400\">30<\/span><\/p><\/td><td><p><span style=\"font-weight: 400\">106<\/span><\/p><\/td><\/tr><\/tbody><\/table><p>Fonte: DDPQV\/2026.<\/p><hr \/><h2><strong>Galeria<\/strong><\/h2>\t\t\t\t\t\t\t\t<\/div>\n\t\t\t\t<\/div>\n\t\t\t\t<div class=\"elementor-element elementor-element-d6f8fc9 elementor-widget elementor-widget-gallery\" data-id=\"d6f8fc9\" data-element_type=\"widget\" data-e-type=\"widget\" data-settings=\"{&quot;columns&quot;:&quot;3&quot;,&quot;lazyload&quot;:&quot;yes&quot;,&quot;gallery_layout&quot;:&quot;grid&quot;,&quot;columns_tablet&quot;:2,&quot;columns_mobile&quot;:1,&quot;gap&quot;:{&quot;unit&quot;:&quot;px&quot;,&quot;size&quot;:10,&quot;sizes&quot;:[]},&quot;gap_tablet&quot;:{&quot;unit&quot;:&quot;px&quot;,&quot;size&quot;:10,&quot;sizes&quot;:[]},&quot;gap_mobile&quot;:{&quot;unit&quot;:&quot;px&quot;,&quot;size&quot;:10,&quot;sizes&quot;:[]},&quot;link_to&quot;:&quot;file&quot;,&quot;aspect_ratio&quot;:&quot;3:2&quot;,&quot;overlay_background&quot;:&quot;yes&quot;,&quot;content_hover_animation&quot;:&quot;fade-in&quot;}\" data-widget_type=\"gallery.default\">\n\t\t\t\t<div class=\"elementor-widget-container\">\n\t\t\t\t\t\t\t<div class=\"elementor-gallery__container\">\n\t\t\t\t\t\t\t<a class=\"e-gallery-item elementor-gallery-item elementor-animated-content\" href=\"https:\/\/portal.uern.br\/progep\/ddpqv\/wp-content\/uploads\/sites\/3\/2025\/06\/Captura-de-tela-2025-06-09-103251.png\" data-elementor-open-lightbox=\"yes\" data-elementor-lightbox-slideshow=\"d6f8fc9\" data-elementor-lightbox-title=\"Card Uern pela vida 2025\" data-e-action-hash=\"#elementor-action%3Aaction%3Dlightbox%26settings%3DeyJpZCI6ODgxLCJ1cmwiOiJodHRwczpcL1wvcG9ydGFsLnVlcm4uYnJcL3Byb2dlcFwvZGRwcXZcL3dwLWNvbnRlbnRcL3VwbG9hZHNcL3NpdGVzXC8zXC8yMDI1XC8wNlwvQ2FwdHVyYS1kZS10ZWxhLTIwMjUtMDYtMDktMTAzMjUxLnBuZyIsInNsaWRlc2hvdyI6ImQ2ZjhmYzkifQ%3D%3D\">\n\t\t\t\t\t<div class=\"e-gallery-image elementor-gallery-item__image\" data-thumbnail=\"https:\/\/portal.uern.br\/progep\/ddpqv\/wp-content\/uploads\/sites\/3\/2025\/06\/Captura-de-tela-2025-06-09-103251-214x300.png\" data-width=\"214\" data-height=\"300\" aria-label=\"\" role=\"img\" ><\/div>\n\t\t\t\t\t\t\t\t\t\t\t<div class=\"elementor-gallery-item__overlay\"><\/div>\n\t\t\t\t\t\t\t\t\t\t\t\t\t\t<\/a>\n\t\t\t\t\t\t\t<a class=\"e-gallery-item elementor-gallery-item elementor-animated-content\" href=\"https:\/\/portal.uern.br\/progep\/ddpqv\/wp-content\/uploads\/sites\/3\/2025\/08\/1.png\" data-elementor-open-lightbox=\"yes\" data-elementor-lightbox-slideshow=\"d6f8fc9\" data-elementor-lightbox-title=\"Abertura do Uern pela Vida 2025\" data-e-action-hash=\"#elementor-action%3Aaction%3Dlightbox%26settings%3DeyJpZCI6MTI1NSwidXJsIjoiaHR0cHM6XC9cL3BvcnRhbC51ZXJuLmJyXC9wcm9nZXBcL2RkcHF2XC93cC1jb250ZW50XC91cGxvYWRzXC9zaXRlc1wvM1wvMjAyNVwvMDhcLzEucG5nIiwic2xpZGVzaG93IjoiZDZmOGZjOSJ9\">\n\t\t\t\t\t<div class=\"e-gallery-image elementor-gallery-item__image\" data-thumbnail=\"https:\/\/portal.uern.br\/progep\/ddpqv\/wp-content\/uploads\/sites\/3\/2025\/08\/1-300x168.png\" data-width=\"300\" data-height=\"168\" aria-label=\"\" role=\"img\" ><\/div>\n\t\t\t\t\t\t\t\t\t\t\t<div class=\"elementor-gallery-item__overlay\"><\/div>\n\t\t\t\t\t\t\t\t\t\t\t\t\t\t<\/a>\n\t\t\t\t\t\t\t<a class=\"e-gallery-item elementor-gallery-item elementor-animated-content\" href=\"https:\/\/portal.uern.br\/progep\/ddpqv\/wp-content\/uploads\/sites\/3\/2025\/08\/2.png\" data-elementor-open-lightbox=\"yes\" data-elementor-lightbox-slideshow=\"d6f8fc9\" data-elementor-lightbox-title=\"Entrega de Cestas B\u00e1sicas\" data-e-action-hash=\"#elementor-action%3Aaction%3Dlightbox%26settings%3DeyJpZCI6MTI1NiwidXJsIjoiaHR0cHM6XC9cL3BvcnRhbC51ZXJuLmJyXC9wcm9nZXBcL2RkcHF2XC93cC1jb250ZW50XC91cGxvYWRzXC9zaXRlc1wvM1wvMjAyNVwvMDhcLzIucG5nIiwic2xpZGVzaG93IjoiZDZmOGZjOSJ9\">\n\t\t\t\t\t<div class=\"e-gallery-image elementor-gallery-item__image\" data-thumbnail=\"https:\/\/portal.uern.br\/progep\/ddpqv\/wp-content\/uploads\/sites\/3\/2025\/08\/2-300x168.png\" data-width=\"300\" data-height=\"168\" aria-label=\"\" role=\"img\" ><\/div>\n\t\t\t\t\t\t\t\t\t\t\t<div class=\"elementor-gallery-item__overlay\"><\/div>\n\t\t\t\t\t\t\t\t\t\t\t\t\t\t<\/a>\n\t\t\t\t\t\t\t<a class=\"e-gallery-item elementor-gallery-item elementor-animated-content\" href=\"https:\/\/portal.uern.br\/progep\/ddpqv\/wp-content\/uploads\/sites\/3\/2025\/08\/3.png\" data-elementor-open-lightbox=\"yes\" data-elementor-lightbox-slideshow=\"d6f8fc9\" data-elementor-lightbox-title=\"Entrega de Cestas B\u00e1sicas\" data-e-action-hash=\"#elementor-action%3Aaction%3Dlightbox%26settings%3DeyJpZCI6MTI1NywidXJsIjoiaHR0cHM6XC9cL3BvcnRhbC51ZXJuLmJyXC9wcm9nZXBcL2RkcHF2XC93cC1jb250ZW50XC91cGxvYWRzXC9zaXRlc1wvM1wvMjAyNVwvMDhcLzMucG5nIiwic2xpZGVzaG93IjoiZDZmOGZjOSJ9\">\n\t\t\t\t\t<div class=\"e-gallery-image elementor-gallery-item__image\" data-thumbnail=\"https:\/\/portal.uern.br\/progep\/ddpqv\/wp-content\/uploads\/sites\/3\/2025\/08\/3-300x190.png\" data-width=\"300\" data-height=\"190\" aria-label=\"\" role=\"img\" ><\/div>\n\t\t\t\t\t\t\t\t\t\t\t<div class=\"elementor-gallery-item__overlay\"><\/div>\n\t\t\t\t\t\t\t\t\t\t\t\t\t\t<\/a>\n\t\t\t\t\t\t\t<a class=\"e-gallery-item elementor-gallery-item elementor-animated-content\" href=\"https:\/\/portal.uern.br\/progep\/ddpqv\/wp-content\/uploads\/sites\/3\/2025\/08\/4.png\" data-elementor-open-lightbox=\"yes\" data-elementor-lightbox-slideshow=\"d6f8fc9\" data-elementor-lightbox-title=\"Entrega de Cestas B\u00e1sicas no\" data-e-action-hash=\"#elementor-action%3Aaction%3Dlightbox%26settings%3DeyJpZCI6MTI1OCwidXJsIjoiaHR0cHM6XC9cL3BvcnRhbC51ZXJuLmJyXC9wcm9nZXBcL2RkcHF2XC93cC1jb250ZW50XC91cGxvYWRzXC9zaXRlc1wvM1wvMjAyNVwvMDhcLzQucG5nIiwic2xpZGVzaG93IjoiZDZmOGZjOSJ9\">\n\t\t\t\t\t<div class=\"e-gallery-image elementor-gallery-item__image\" data-thumbnail=\"https:\/\/portal.uern.br\/progep\/ddpqv\/wp-content\/uploads\/sites\/3\/2025\/08\/4-300x194.png\" data-width=\"300\" data-height=\"194\" aria-label=\"\" role=\"img\" ><\/div>\n\t\t\t\t\t\t\t\t\t\t\t<div class=\"elementor-gallery-item__overlay\"><\/div>\n\t\t\t\t\t\t\t\t\t\t\t\t\t\t<\/a>\n\t\t\t\t\t\t\t<a class=\"e-gallery-item elementor-gallery-item elementor-animated-content\" href=\"https:\/\/portal.uern.br\/progep\/ddpqv\/wp-content\/uploads\/sites\/3\/2025\/08\/5.png\" data-elementor-open-lightbox=\"yes\" data-elementor-lightbox-slideshow=\"d6f8fc9\" data-elementor-lightbox-title=\"Entrega de Cestas B\u00e1sicas\" data-e-action-hash=\"#elementor-action%3Aaction%3Dlightbox%26settings%3DeyJpZCI6MTI1OSwidXJsIjoiaHR0cHM6XC9cL3BvcnRhbC51ZXJuLmJyXC9wcm9nZXBcL2RkcHF2XC93cC1jb250ZW50XC91cGxvYWRzXC9zaXRlc1wvM1wvMjAyNVwvMDhcLzUucG5nIiwic2xpZGVzaG93IjoiZDZmOGZjOSJ9\">\n\t\t\t\t\t<div class=\"e-gallery-image elementor-gallery-item__image\" data-thumbnail=\"https:\/\/portal.uern.br\/progep\/ddpqv\/wp-content\/uploads\/sites\/3\/2025\/08\/5-300x187.png\" data-width=\"300\" data-height=\"187\" aria-label=\"\" role=\"img\" ><\/div>\n\t\t\t\t\t\t\t\t\t\t\t<div class=\"elementor-gallery-item__overlay\"><\/div>\n\t\t\t\t\t\t\t\t\t\t\t\t\t\t<\/a>\n\t\t\t\t\t<\/div>\n\t\t\t\t\t<\/div>\n\t\t\t\t<\/div>\n\t\t\t\t\t<\/div>\n\t\t\t\t<\/div>\n\t\t\t\t<\/div>\n\t\t","protected":false},"excerpt":{"rendered":"<p>Sobre a Campanha Lan\u00e7ada em mar\u00e7o de 2022, a campanha UERN Pela Vida no Combate \u00e0 Fome \u00e9 uma iniciativa solid\u00e1ria realizada anualmente no per\u00edodo pascoal. Seu objetivo \u00e9 arrecadar alimentos n\u00e3o perec\u00edveis destinados \u00e0 composi\u00e7\u00e3o de cestas b\u00e1sicas, que s\u00e3o distribu\u00eddas a fam\u00edlias em situa\u00e7\u00e3o de vulnerabilidade social e a institui\u00e7\u00f5es filantr\u00f3picas. A campanha [&hellip;]<\/p>\n","protected":false},"author":1,"featured_media":0,"parent":0,"menu_order":0,"comment_status":"closed","ping_status":"closed","template":"","meta":{"footnotes":""},"class_list":["post-331","page","type-page","status-publish","hentry"],"_links":{"self":[{"href":"https:\/\/portal.uern.br\/progep\/ddpqv\/wp-json\/wp\/v2\/pages\/331","targetHints":{"allow":["GET"]}}],"collection":[{"href":"https:\/\/portal.uern.br\/progep\/ddpqv\/wp-json\/wp\/v2\/pages"}],"about":[{"href":"https:\/\/portal.uern.br\/progep\/ddpqv\/wp-json\/wp\/v2\/types\/page"}],"author":[{"embeddable":true,"href":"https:\/\/portal.uern.br\/progep\/ddpqv\/wp-json\/wp\/v2\/users\/1"}],"replies":[{"embeddable":true,"href":"https:\/\/portal.uern.br\/progep\/ddpqv\/wp-json\/wp\/v2\/comments?post=331"}],"version-history":[{"count":19,"href":"https:\/\/portal.uern.br\/progep\/ddpqv\/wp-json\/wp\/v2\/pages\/331\/revisions"}],"predecessor-version":[{"id":1363,"href":"https:\/\/portal.uern.br\/progep\/ddpqv\/wp-json\/wp\/v2\/pages\/331\/revisions\/1363"}],"wp:attachment":[{"href":"https:\/\/portal.uern.br\/progep\/ddpqv\/wp-json\/wp\/v2\/media?parent=331"}],"curies":[{"name":"wp","href":"https:\/\/api.w.org\/{rel}","templated":true}]}}