{"id":329,"date":"2024-03-05T08:48:51","date_gmt":"2024-03-05T11:48:51","guid":{"rendered":"https:\/\/portal.uern.br\/progep\/ddpqv\/?page_id=329"},"modified":"2025-06-24T16:25:53","modified_gmt":"2025-06-24T19:25:53","slug":"meu-melhor-natal","status":"publish","type":"page","link":"https:\/\/portal.uern.br\/progep\/ddpqv\/meu-melhor-natal\/","title":{"rendered":"Meu Melhor Natal"},"content":{"rendered":"\t\t<div data-elementor-type=\"wp-page\" data-elementor-id=\"329\" class=\"elementor elementor-329\" data-elementor-post-type=\"page\">\n\t\t\t\t<div class=\"elementor-element elementor-element-d52d0e5 e-flex e-con-boxed e-con e-parent\" data-id=\"d52d0e5\" data-element_type=\"container\" data-e-type=\"container\">\n\t\t\t\t\t<div class=\"e-con-inner\">\n\t\t\t\t<div class=\"elementor-element elementor-element-7707dd6a elementor-widget elementor-widget-text-editor\" data-id=\"7707dd6a\" data-element_type=\"widget\" data-e-type=\"widget\" data-widget_type=\"text-editor.default\">\n\t\t\t\t<div class=\"elementor-widget-container\">\n\t\t\t\t\t\t\t\t\t<h3>APRESENTA\u00c7\u00c3O<\/h3><p><strong><img decoding=\"async\" class=\"aligncenter\" src=\"https:\/\/www.uern.br\/controledepaginas\/progep-melhornatal\/imagens\/5994mmn.jpg\" alt=\"\" width=\"332\" height=\"109\" \/><\/strong><\/p><p><span lang=\"pt-BR\">A <strong>Campanha\u00a0<\/strong><\/span><strong><span lang=\"pt-BR\">Meu Melhor Natal<\/span><\/strong><span lang=\"pt-BR\">\u00a0\u00e9 uma\u00a0<\/span><span lang=\"pt-BR\">iniciativa\u00a0<\/span><span lang=\"pt-BR\">de responsabilidade social da<\/span><span lang=\"pt-BR\">\u00a0Universidade do Estado do Rio Grande do Norte<\/span><span lang=\"pt-BR\">(<\/span><span lang=\"pt-BR\">UERN<\/span><span lang=\"pt-BR\">)<\/span><span lang=\"pt-BR\">,\u00a0<\/span><span lang=\"pt-BR\">e tem c<\/span><span lang=\"pt-BR\">om<\/span><span lang=\"pt-BR\">o\u00a0<\/span><span lang=\"pt-BR\">objetivo<\/span><strong><span lang=\"pt-BR\">\u00a0arrecada<\/span><span lang=\"pt-BR\">\u00e7\u00e3o\u00a0<\/span><span lang=\"pt-BR\">de\u00a0<\/span><span lang=\"pt-BR\">brinquedos para <\/span><span lang=\"pt-BR\">a <\/span><span lang=\"pt-BR\">distribui<\/span><span lang=\"pt-BR\">\u00e7\u00e3o <\/span><span lang=\"pt-BR\">entre crian\u00e7as<\/span><span lang=\"pt-BR\">\u00a0matriculadas\u00a0<\/span><span lang=\"pt-BR\">e frequentando\u00a0<\/span><span lang=\"pt-BR\">regularmente\u00a0<\/span><span lang=\"pt-BR\">Unidades de Educa\u00e7\u00e3o <\/span><span lang=\"pt-BR\">Infantil <\/span><span lang=\"pt-BR\">(UEIs) <\/span><span lang=\"pt-BR\">p\u00fablica<\/span><span lang=\"pt-BR\">s<\/span><span lang=\"pt-BR\">, <\/span><span lang=\"pt-BR\">estendendo-se a entidades sociais <\/span><span lang=\"pt-BR\">e\u00a0<\/span><span lang=\"pt-BR\">de sa\u00fade, <\/span><span lang=\"pt-BR\">que <\/span><span lang=\"pt-BR\">atendem <\/span><span lang=\"pt-BR\">crian\u00e7as carentes.<\/span><\/strong><\/p><p><span lang=\"pt-BR\">T<\/span><span lang=\"pt-BR\">eve\u00a0<\/span><strong><span lang=\"pt-BR\">in<\/span><span lang=\"pt-BR\">\u00edcio\u00a0<\/span><span lang=\"pt-BR\">no ano de<\/span><\/strong><span lang=\"pt-BR\"><strong>\u00a01998<\/strong>,\u00a0<\/span><span lang=\"pt-BR\">e\u00a0<\/span><span lang=\"pt-BR\">em suas<\/span><span lang=\"pt-BR\"> \u00faltimas edi\u00e7\u00f5es vem trabalhando <\/span>temas educativos que norteiam as doa\u00e7\u00f5es entre os segmentos da universidade (discentes, t\u00e9cnicos e docentes), bem como, sociedade em geral, possibilitando o alcance das metas estabelecidas anualmente.<\/p><hr \/><h3><span lang=\"pt-BR\">ARRECADA\u00c7\u00d5ES<\/span><\/h3><p>As arrecada\u00e7\u00f5es t\u00eam in\u00edcio no m\u00eas de <strong>outubro<\/strong> e ficam sob responsabilidade de uma <strong>comiss\u00e3o<\/strong> composta por t\u00e9cnicos e docentes indicados pela Reitoria, Pr\u00f3-Reitorias, Unidades Acad\u00eamicas, Biblioteca Central e pelos campi da UERN. As doa\u00e7\u00f5es podem ser realizadas nos postos de coleta previamente divulgados no in\u00edcio de cada edi\u00e7\u00e3o da campanha.<\/p><hr \/><h3><span lang=\"pt-BR\">ENTREGAS<\/span><\/h3><p><span lang=\"pt-BR\">As entregas dos brinquedos s\u00e3o realizadas pela mesma Comiss\u00e3o, em calend\u00e1rio pr\u00e9-definido juntamente \u00e0s institui\u00e7\u00f5es beneficiadas. \u00c9 um momento m\u00e1gico, quando levamos para as crian\u00e7as al\u00e9m do presente de natal, mensagens educativas de maneira l\u00fadica e divertida.<\/span><\/p><p><span lang=\"pt-BR\">A<\/span><span lang=\"pt-BR\">l<\/span><span lang=\"pt-BR\">\u00e9m de\u00a0<\/span><span lang=\"pt-BR\">d<\/span><span lang=\"pt-BR\">espertar\u00a0<\/span><span lang=\"pt-BR\">n<\/span><span lang=\"pt-BR\">a sociedade a import\u00e2ncia da educa\u00e7\u00e3o, <\/span><span lang=\"pt-BR\">da\u00a0<\/span><span lang=\"pt-BR\">cultura e <\/span><span lang=\"pt-BR\">do\u00a0<\/span><span lang=\"pt-BR\">lazer\u00a0<\/span><span lang=\"pt-BR\">n<\/span><span lang=\"pt-BR\">o desenvolvimento <\/span><span lang=\"pt-BR\">infantil<\/span><span lang=\"pt-BR\">,\u00a0<\/span><span lang=\"pt-BR\">a campanha <\/span><span lang=\"pt-BR\">ressalta\u00a0<\/span><span lang=\"pt-BR\">o papel das<\/span><span lang=\"pt-BR\">\u00a0profiss\u00f5es\u00a0<\/span><span lang=\"pt-BR\">para o futuro das crian\u00e7as, levando mensage<\/span><span lang=\"pt-BR\">ns<\/span><span lang=\"pt-BR\">\u00a0de incentivo e encorajamento<\/span><span lang=\"pt-BR\">, para que elas se dediquem aos estudos e\u00a0<\/span><span lang=\"pt-BR\">um dia consigam\u00a0<\/span><span lang=\"pt-BR\">se tornar\u00a0<\/span><span lang=\"pt-BR\">tudo\u00a0<\/span><span lang=\"pt-BR\">aquilo que\u00a0<\/span><span lang=\"pt-BR\">sonham.<\/span><span style=\"font-size: 1rem\">\u00a0 \u00a0\u00a0<\/span><\/p><hr \/><h3><span lang=\"pt-BR\">DADOS<\/span><\/h3><h3><img fetchpriority=\"high\" decoding=\"async\" class=\"wp-image-901 alignnone\" src=\"https:\/\/portal.uern.br\/progep\/ddpqv\/wp-content\/uploads\/sites\/3\/2025\/06\/Total-de-criancas-contempladas-por-ano-1.png\" alt=\"\" width=\"402\" height=\"369\" srcset=\"https:\/\/portal.uern.br\/progep\/ddpqv\/wp-content\/uploads\/sites\/3\/2025\/06\/Total-de-criancas-contempladas-por-ano-1.png 716w, https:\/\/portal.uern.br\/progep\/ddpqv\/wp-content\/uploads\/sites\/3\/2025\/06\/Total-de-criancas-contempladas-por-ano-1-300x276.png 300w\" sizes=\"(max-width: 402px) 100vw, 402px\" \/><\/h3><hr \/><h3>COMO PARTICIPAR<\/h3><p>Aos que desejam participar da campanha e fazer sua doa\u00e7\u00e3o, \u00e9 s\u00f3 entrar em contato com a nossa equipe atrav\u00e9s do email: <a href=\"mailto:ddpqv.progep@uern.br\">ddpqv.progep@uern.br<\/a><\/p><hr \/><h3>GALERIA<\/h3>\t\t\t\t\t\t\t\t<\/div>\n\t\t\t\t<\/div>\n\t\t\t\t<div class=\"elementor-element elementor-element-dd0e4b2 elementor-skin-carousel elementor-arrows-yes elementor-pagination-type-bullets elementor-pagination-position-outside elementor-widget elementor-widget-media-carousel\" data-id=\"dd0e4b2\" data-element_type=\"widget\" data-e-type=\"widget\" data-settings=\"{&quot;skin&quot;:&quot;carousel&quot;,&quot;effect&quot;:&quot;slide&quot;,&quot;show_arrows&quot;:&quot;yes&quot;,&quot;pagination&quot;:&quot;bullets&quot;,&quot;speed&quot;:500,&quot;autoplay&quot;:&quot;yes&quot;,&quot;autoplay_speed&quot;:5000,&quot;loop&quot;:&quot;yes&quot;,&quot;pause_on_hover&quot;:&quot;yes&quot;,&quot;pause_on_interaction&quot;:&quot;yes&quot;,&quot;space_between&quot;:{&quot;unit&quot;:&quot;px&quot;,&quot;size&quot;:10,&quot;sizes&quot;:[]},&quot;space_between_tablet&quot;:{&quot;unit&quot;:&quot;px&quot;,&quot;size&quot;:10,&quot;sizes&quot;:[]},&quot;space_between_mobile&quot;:{&quot;unit&quot;:&quot;px&quot;,&quot;size&quot;:10,&quot;sizes&quot;:[]}}\" data-widget_type=\"media-carousel.default\">\n\t\t\t\t<div class=\"elementor-widget-container\">\n\t\t\t\t\t\t\t\t\t<div class=\"elementor-swiper\">\n\t\t\t\t\t<div class=\"elementor-main-swiper swiper\" role=\"region\" aria-roledescription=\"carousel\" aria-label=\"Slides\">\n\t\t\t\t<div class=\"swiper-wrapper\">\n\t\t\t\t\t\t\t\t\t\t\t<div class=\"swiper-slide\" role=\"group\" aria-roledescription=\"slide\">\n\t\t\t\t\t\t\t\t\t<div class=\"elementor-carousel-image\" role=\"img\" aria-label=\"66\" style=\"background-image: url(&#039;https:\/\/portal.uern.br\/progep\/ddpqv\/wp-content\/uploads\/sites\/3\/2025\/06\/66.jpg&#039;)\">\n\n\t\t\t\n\t\t\t\t\t<\/div>\n\t\t\t\t\t\t\t\t<\/div>\n\t\t\t\t\t\t\t\t\t\t\t<div class=\"swiper-slide\" role=\"group\" aria-roledescription=\"slide\">\n\t\t\t\t\t\t\t\t\t<div class=\"elementor-carousel-image\" role=\"img\" aria-label=\"22\" style=\"background-image: url(&#039;https:\/\/portal.uern.br\/progep\/ddpqv\/wp-content\/uploads\/sites\/3\/2025\/06\/22.png&#039;)\">\n\n\t\t\t\n\t\t\t\t\t<\/div>\n\t\t\t\t\t\t\t\t<\/div>\n\t\t\t\t\t\t\t\t\t\t\t<div class=\"swiper-slide\" role=\"group\" aria-roledescription=\"slide\">\n\t\t\t\t\t\t\t\t\t<div class=\"elementor-carousel-image\" role=\"img\" aria-label=\"33\" style=\"background-image: url(&#039;https:\/\/portal.uern.br\/progep\/ddpqv\/wp-content\/uploads\/sites\/3\/2025\/06\/33.png&#039;)\">\n\n\t\t\t\n\t\t\t\t\t<\/div>\n\t\t\t\t\t\t\t\t<\/div>\n\t\t\t\t\t\t\t\t\t\t\t<div class=\"swiper-slide\" role=\"group\" aria-roledescription=\"slide\">\n\t\t\t\t\t\t\t\t\t<div class=\"elementor-carousel-image\" role=\"img\" aria-label=\"66\" style=\"background-image: url(&#039;https:\/\/portal.uern.br\/progep\/ddpqv\/wp-content\/uploads\/sites\/3\/2025\/06\/66.jpg&#039;)\">\n\n\t\t\t\n\t\t\t\t\t<\/div>\n\t\t\t\t\t\t\t\t<\/div>\n\t\t\t\t\t\t\t\t\t\t\t<div class=\"swiper-slide\" role=\"group\" aria-roledescription=\"slide\">\n\t\t\t\t\t\t\t\t\t<div class=\"elementor-carousel-image\" role=\"img\" aria-label=\"44\" style=\"background-image: url(&#039;https:\/\/portal.uern.br\/progep\/ddpqv\/wp-content\/uploads\/sites\/3\/2025\/06\/44.jpg&#039;)\">\n\n\t\t\t\n\t\t\t\t\t<\/div>\n\t\t\t\t\t\t\t\t<\/div>\n\t\t\t\t\t\t\t\t\t\t\t<div class=\"swiper-slide\" role=\"group\" aria-roledescription=\"slide\">\n\t\t\t\t\t\t\t\t\t<div class=\"elementor-carousel-image\" role=\"img\" aria-label=\"55\" style=\"background-image: url(&#039;https:\/\/portal.uern.br\/progep\/ddpqv\/wp-content\/uploads\/sites\/3\/2025\/06\/55.jpg&#039;)\">\n\n\t\t\t\n\t\t\t\t\t<\/div>\n\t\t\t\t\t\t\t\t<\/div>\n\t\t\t\t\t\t\t\t\t\t\t<div class=\"swiper-slide\" role=\"group\" aria-roledescription=\"slide\">\n\t\t\t\t\t\t\t\t\t<div class=\"elementor-carousel-image\" role=\"img\" aria-label=\"11\" style=\"background-image: url(&#039;https:\/\/portal.uern.br\/progep\/ddpqv\/wp-content\/uploads\/sites\/3\/2025\/06\/11.jpg&#039;)\">\n\n\t\t\t\n\t\t\t\t\t<\/div>\n\t\t\t\t\t\t\t\t<\/div>\n\t\t\t\t\t\t\t\t\t<\/div>\n\t\t\t\t\t\t\t\t\t\t\t\t\t\t\t<div class=\"elementor-swiper-button elementor-swiper-button-prev\" role=\"button\" tabindex=\"0\" aria-label=\"Previous\">\n\t\t\t\t\t\t\t<i aria-hidden=\"true\" class=\"eicon-chevron-left\"><\/i>\t\t\t\t\t\t<\/div>\n\t\t\t\t\t\t<div class=\"elementor-swiper-button elementor-swiper-button-next\" role=\"button\" tabindex=\"0\" aria-label=\"Next\">\n\t\t\t\t\t\t\t<i aria-hidden=\"true\" class=\"eicon-chevron-right\"><\/i>\t\t\t\t\t\t<\/div>\n\t\t\t\t\t\t\t\t\t\t\t\t\t\t\t\t<div class=\"swiper-pagination\"><\/div>\n\t\t\t\t\t\t\t\t\t\t\t\t<\/div>\n\t\t\t\t<\/div>\n\t\t\t\t\t\t\t\t<\/div>\n\t\t\t\t<\/div>\n\t\t\t\t\t<\/div>\n\t\t\t\t<\/div>\n\t\t\t\t<\/div>\n\t\t","protected":false},"excerpt":{"rendered":"<p>APRESENTA\u00c7\u00c3O A Campanha\u00a0Meu Melhor Natal\u00a0\u00e9 uma\u00a0iniciativa\u00a0de responsabilidade social da\u00a0Universidade do Estado do Rio Grande do Norte(UERN),\u00a0e tem como\u00a0objetivo\u00a0arrecada\u00e7\u00e3o\u00a0de\u00a0brinquedos para a distribui\u00e7\u00e3o entre crian\u00e7as\u00a0matriculadas\u00a0e frequentando\u00a0regularmente\u00a0Unidades de Educa\u00e7\u00e3o Infantil (UEIs) p\u00fablicas, estendendo-se a entidades sociais e\u00a0de sa\u00fade, que atendem crian\u00e7as carentes. Teve\u00a0in\u00edcio\u00a0no ano de\u00a01998,\u00a0e\u00a0em suas \u00faltimas edi\u00e7\u00f5es vem trabalhando temas educativos que norteiam as doa\u00e7\u00f5es entre os [&hellip;]<\/p>\n","protected":false},"author":1,"featured_media":0,"parent":0,"menu_order":0,"comment_status":"closed","ping_status":"closed","template":"","meta":{"footnotes":""},"class_list":["post-329","page","type-page","status-publish","hentry"],"_links":{"self":[{"href":"https:\/\/portal.uern.br\/progep\/ddpqv\/wp-json\/wp\/v2\/pages\/329","targetHints":{"allow":["GET"]}}],"collection":[{"href":"https:\/\/portal.uern.br\/progep\/ddpqv\/wp-json\/wp\/v2\/pages"}],"about":[{"href":"https:\/\/portal.uern.br\/progep\/ddpqv\/wp-json\/wp\/v2\/types\/page"}],"author":[{"embeddable":true,"href":"https:\/\/portal.uern.br\/progep\/ddpqv\/wp-json\/wp\/v2\/users\/1"}],"replies":[{"embeddable":true,"href":"https:\/\/portal.uern.br\/progep\/ddpqv\/wp-json\/wp\/v2\/comments?post=329"}],"version-history":[{"count":5,"href":"https:\/\/portal.uern.br\/progep\/ddpqv\/wp-json\/wp\/v2\/pages\/329\/revisions"}],"predecessor-version":[{"id":1012,"href":"https:\/\/portal.uern.br\/progep\/ddpqv\/wp-json\/wp\/v2\/pages\/329\/revisions\/1012"}],"wp:attachment":[{"href":"https:\/\/portal.uern.br\/progep\/ddpqv\/wp-json\/wp\/v2\/media?parent=329"}],"curies":[{"name":"wp","href":"https:\/\/api.w.org\/{rel}","templated":true}]}}